{"id":32786,"date":"2016-07-26T10:12:18","date_gmt":"2016-07-26T08:12:18","guid":{"rendered":"https:\/\/www.burg.biz\/?post_type=product&#038;p=32786"},"modified":"2016-11-17T15:35:38","modified_gmt":"2016-11-17T14:35:38","slug":"5800","status":"publish","type":"product","link":"https:\/\/test.burgwaechterservice.de\/fr\/p\/boites-aux-lettres\/5800\/","title":{"rendered":"News 5800"},"content":{"rendered":"<p><img decoding=\"async\" class=\"alignnone wp-image-41812\" src=\"https:\/\/test.burgwaechterservice.de\/fr\/wp-content\/uploads\/sites\/4\/2016\/07\/Zeitungsbox-4900-800-5800-808-820-1800-1890-4900-Piktos-gesamt.jpg\" alt=\"BUW-Icons-BK 4c OK.indd\" width=\"116\" height=\"118\" srcset=\"https:\/\/test.burgwaechterservice.de\/fr\/wp-content\/uploads\/sites\/4\/2016\/07\/Zeitungsbox-4900-800-5800-808-820-1800-1890-4900-Piktos-gesamt.jpg 308w, https:\/\/test.burgwaechterservice.de\/fr\/wp-content\/uploads\/sites\/4\/2016\/07\/Zeitungsbox-4900-800-5800-808-820-1800-1890-4900-Piktos-gesamt-296x300.jpg 296w, https:\/\/test.burgwaechterservice.de\/fr\/wp-content\/uploads\/sites\/4\/2016\/07\/Zeitungsbox-4900-800-5800-808-820-1800-1890-4900-Piktos-gesamt-80x80.jpg 80w\" sizes=\"(max-width: 116px) 100vw, 116px\" \/><\/p>\n<h2>Le porte-journaux ad\u00e9quat pour les bo\u00eetes aux lettres Holiday, Letter et Daily<\/h2>\n<p>Ce mod\u00e8le de BURG-W\u00c4CHTER est fabriqu\u00e9 en acier galvanis\u00e9 sur toute sa surface pour assurer une protection suppl\u00e9mentaire. Vos m\u00e9dias imprim\u00e9s sont ainsi entre de bonnes mains. Le porte-journaux est ouvert des deux c\u00f4t\u00e9s et votre magazine peut \u00eatre ins\u00e9r\u00e9 par la droite ou la gauche.<\/p>\n<p>Et pour le nettoyer, il vous suffit d&#8217;utiliser un chiffon humide et propre comme les bo\u00eetes aux lettres en acier. De cette mani\u00e8re, il vous apportera ses services pendant longtemps.<\/p>\n<p>Les lignes simples et arrondies de ce porte-journaux se marient avec de nombreux mod\u00e8les de bo\u00eete aux lettres de notre gamme. Il accompagne cependant particuli\u00e8rement bien les mod\u00e8les <a href=\"https:\/\/test.burgwaechterservice.de\/fr\/p\/boites-aux-lettres\/holiday-58425\/\">Holiday 5842<\/a>, <a href=\"https:\/\/test.burgwaechterservice.de\/fr\/p\/boites-aux-lettres\/letter-5832\/\">Letter 5832<\/a> et <a href=\"https:\/\/test.burgwaechterservice.de\/fr\/p\/boites-aux-lettres\/daily-5861\/\">Daily 5861<\/a>\u00a0. Les couleurs disponibles s&#8217;harmonisent parfaitement avec les bo\u00eetes aux lettres.<\/p>\n<h3>Le porte-journaux News 5800 de BURG-W\u00c4CHTER<\/h3>\n<ul>\n<li>Forme arrondie<\/li>\n<li>En acier galvanis\u00e9<\/li>\n<li>Utilisable des deux c\u00f4t\u00e9s (sans couvercle lat\u00e9ral)<\/li>\n<li>Convient pour les mod\u00e8les\u00a0: <a href=\"https:\/\/test.burgwaechterservice.de\/fr\/p\/boites-aux-lettres\/holiday-58425\/\">Holiday 5842<\/a>, <a href=\"https:\/\/test.burgwaechterservice.de\/fr\/p\/boites-aux-lettres\/letter-5832\/\">Letter 5832<\/a> et <a href=\"https:\/\/test.burgwaechterservice.de\/fr\/p\/boites-aux-lettres\/daily-5861\/\">Daily 5861<\/a><\/li>\n<li>Disponible en 4 couleurs\u00a0: blanc, argent\u00e9, vert et m\u00e9tal<\/li>\n<li>Dimensions l x \u00d8\u00a0: 400 x 120 mm<\/li>\n<\/ul>\n<table class=\"ausfuehrung\">\n<thead>\n<tr>\n<td>Article<\/td>\n<td>Couleurs<\/td>\n<td>L x \u00d8<\/td>\n<\/tr>\n<tr>\n<td class=\"subdesc\"><\/td>\n<td><\/td>\n<td class=\"subdesc\">mm<\/td>\n<\/tr>\n<\/thead>\n<tbody>\n<tr>\n<td>5800 W<\/td>\n<td>blanc<\/td>\n<td>400 x 120<\/td>\n<\/tr>\n<tr>\n<td>5800 Si<\/td>\n<td>argent<\/td>\n<td>400 x 120<\/td>\n<\/tr>\n<tr>\n<td>5800 GR<\/td>\n<td>vert<\/td>\n<td>400 x 120<\/td>\n<\/tr>\n<tr>\n<td>5800 E<\/td>\n<td>anthracite<\/td>\n<td>400 x 120<\/td>\n<\/tr>\n<\/tbody>\n<\/table>\n","protected":false},"excerpt":{"rendered":"<p>Le porte-journaux ad\u00e9quat pour les bo\u00eetes aux lettres Holiday, Letter et Daily Ce mod\u00e8le de BURG-W\u00c4CHTER est fabriqu\u00e9 en acier galvanis\u00e9 sur toute sa surface pour assurer une protection suppl\u00e9mentaire. Vos m\u00e9dias imprim\u00e9s sont ainsi entre de bonnes mains. Le &hellip; <a class=\"kt-excerpt-readmore\" href=\"https:\/\/test.burgwaechterservice.de\/fr\/p\/boites-aux-lettres\/5800\/\" aria-label=\"News 5800\">Lire la suite<\/a><\/p>\n","protected":false},"featured_media":32791,"comment_status":"closed","ping_status":"closed","template":"","meta":[],"product_cat":[23,43],"product_tag":[],"yoast_head":"<!-- This site is optimized with the Yoast SEO Premium plugin v18.4 (Yoast SEO v19.13) - https:\/\/yoast.com\/wordpress\/plugins\/seo\/ -->\n<title>5800 - Burg-W\u00e4chter<\/title>\n<meta name=\"description\" content=\"Le porte-journaux ad\u00e9quat pour les bo\u00eetes aux lettres Holiday, Letter et Daily Ce mod\u00e8le de BURG-W\u00c4CHTER est fabriqu\u00e9 en acier galvanis\u00e9 sur toute sa\" \/>\n<meta name=\"robots\" content=\"index, follow, max-snippet:-1, max-image-preview:large, max-video-preview:-1\" \/>\n<link rel=\"canonical\" href=\"https:\/\/test.burgwaechterservice.de\/fr\/p\/boites-aux-lettres\/5800\/\" \/>\n<meta property=\"og:locale\" content=\"fr_FR\" \/>\n<meta property=\"og:type\" content=\"article\" \/>\n<meta property=\"og:title\" content=\"News 5800\" \/>\n<meta property=\"og:description\" content=\"Le porte-journaux ad\u00e9quat pour les bo\u00eetes aux lettres Holiday, Letter et Daily Ce mod\u00e8le de BURG-W\u00c4CHTER est fabriqu\u00e9 en acier galvanis\u00e9 sur toute sa\" \/>\n<meta property=\"og:url\" content=\"https:\/\/test.burgwaechterservice.de\/fr\/p\/boites-aux-lettres\/5800\/\" \/>\n<meta property=\"og:site_name\" content=\"Burg-W\u00e4chter France\" \/>\n<meta property=\"article:modified_time\" content=\"2016-11-17T14:35:38+00:00\" \/>\n<meta property=\"og:image\" content=\"https:\/\/test.burgwaechterservice.de\/fr\/wp-content\/uploads\/sites\/4\/2016\/07\/Zeitungsbox_News_5800_W_612309-01.jpg\" \/>\n\t<meta property=\"og:image:width\" content=\"1181\" \/>\n\t<meta property=\"og:image:height\" content=\"1181\" \/>\n\t<meta property=\"og:image:type\" content=\"image\/jpeg\" \/>\n<meta name=\"twitter:card\" content=\"summary_large_image\" \/>\n<meta name=\"twitter:label1\" content=\"Dur\u00e9e de lecture estim\u00e9e\" \/>\n\t<meta name=\"twitter:data1\" content=\"1 minute\" \/>\n<!-- \/ Yoast SEO Premium plugin. -->","yoast_head_json":{"title":"5800 - Burg-W\u00e4chter","description":"Le porte-journaux ad\u00e9quat pour les bo\u00eetes aux lettres Holiday, Letter et Daily Ce mod\u00e8le de BURG-W\u00c4CHTER est fabriqu\u00e9 en acier galvanis\u00e9 sur toute sa","robots":{"index":"index","follow":"follow","max-snippet":"max-snippet:-1","max-image-preview":"max-image-preview:large","max-video-preview":"max-video-preview:-1"},"canonical":"https:\/\/test.burgwaechterservice.de\/fr\/p\/boites-aux-lettres\/5800\/","og_locale":"fr_FR","og_type":"article","og_title":"News 5800","og_description":"Le porte-journaux ad\u00e9quat pour les bo\u00eetes aux lettres Holiday, Letter et Daily Ce mod\u00e8le de BURG-W\u00c4CHTER est fabriqu\u00e9 en acier galvanis\u00e9 sur toute sa","og_url":"https:\/\/test.burgwaechterservice.de\/fr\/p\/boites-aux-lettres\/5800\/","og_site_name":"Burg-W\u00e4chter France","article_modified_time":"2016-11-17T14:35:38+00:00","og_image":[{"width":1181,"height":1181,"url":"https:\/\/test.burgwaechterservice.de\/fr\/wp-content\/uploads\/sites\/4\/2016\/07\/Zeitungsbox_News_5800_W_612309-01.jpg","type":"image\/jpeg"}],"twitter_card":"summary_large_image","twitter_misc":{"Dur\u00e9e de lecture estim\u00e9e":"1 minute"},"schema":{"@context":"https:\/\/schema.org","@graph":[{"@type":"WebPage","@id":"https:\/\/test.burgwaechterservice.de\/fr\/p\/boites-aux-lettres\/5800\/","url":"https:\/\/test.burgwaechterservice.de\/fr\/p\/boites-aux-lettres\/5800\/","name":"5800 - Burg-W\u00e4chter","isPartOf":{"@id":"https:\/\/test.burgwaechterservice.de\/fr\/#website"},"datePublished":"2016-07-26T08:12:18+00:00","dateModified":"2016-11-17T14:35:38+00:00","description":"Le porte-journaux ad\u00e9quat pour les bo\u00eetes aux lettres Holiday, Letter et Daily Ce mod\u00e8le de BURG-W\u00c4CHTER est fabriqu\u00e9 en acier galvanis\u00e9 sur toute sa","breadcrumb":{"@id":"https:\/\/test.burgwaechterservice.de\/fr\/p\/boites-aux-lettres\/5800\/#breadcrumb"},"inLanguage":"fr-FR","potentialAction":[{"@type":"ReadAction","target":["https:\/\/test.burgwaechterservice.de\/fr\/p\/boites-aux-lettres\/5800\/"]}]},{"@type":"BreadcrumbList","@id":"https:\/\/test.burgwaechterservice.de\/fr\/p\/boites-aux-lettres\/5800\/#breadcrumb","itemListElement":[{"@type":"ListItem","position":1,"name":"Accueil","item":"https:\/\/test.burgwaechterservice.de\/fr\/"},{"@type":"ListItem","position":2,"name":"Produits","item":"https:\/\/test.burgwaechterservice.de\/fr\/p\/"},{"@type":"ListItem","position":3,"name":"News 5800"}]},{"@type":"WebSite","@id":"https:\/\/test.burgwaechterservice.de\/fr\/#website","url":"https:\/\/test.burgwaechterservice.de\/fr\/","name":"Burg-W\u00e4chter France","description":"Le choix le plus s\u00fbr!","potentialAction":[{"@type":"SearchAction","target":{"@type":"EntryPoint","urlTemplate":"https:\/\/test.burgwaechterservice.de\/fr\/?s={search_term_string}"},"query-input":"required name=search_term_string"}],"inLanguage":"fr-FR"}]}},"_links":{"self":[{"href":"https:\/\/test.burgwaechterservice.de\/fr\/wp-json\/wp\/v2\/product\/32786"}],"collection":[{"href":"https:\/\/test.burgwaechterservice.de\/fr\/wp-json\/wp\/v2\/product"}],"about":[{"href":"https:\/\/test.burgwaechterservice.de\/fr\/wp-json\/wp\/v2\/types\/product"}],"replies":[{"embeddable":true,"href":"https:\/\/test.burgwaechterservice.de\/fr\/wp-json\/wp\/v2\/comments?post=32786"}],"wp:featuredmedia":[{"embeddable":true,"href":"https:\/\/test.burgwaechterservice.de\/fr\/wp-json\/wp\/v2\/media\/32791"}],"wp:attachment":[{"href":"https:\/\/test.burgwaechterservice.de\/fr\/wp-json\/wp\/v2\/media?parent=32786"}],"wp:term":[{"taxonomy":"product_cat","embeddable":true,"href":"https:\/\/test.burgwaechterservice.de\/fr\/wp-json\/wp\/v2\/product_cat?post=32786"},{"taxonomy":"product_tag","embeddable":true,"href":"https:\/\/test.burgwaechterservice.de\/fr\/wp-json\/wp\/v2\/product_tag?post=32786"}],"curies":[{"name":"wp","href":"https:\/\/api.w.org\/{rel}","templated":true}]}}