{"id":32774,"date":"2016-07-26T09:50:01","date_gmt":"2016-07-26T07:50:01","guid":{"rendered":"https:\/\/www.burg.biz\/?post_type=product&#038;p=32774"},"modified":"2018-07-30T16:47:21","modified_gmt":"2018-07-30T14:47:21","slug":"794","status":"publish","type":"product","link":"https:\/\/test.burgwaechterservice.de\/fr\/p\/boites-aux-lettres\/794\/","title":{"rendered":"794"},"content":{"rendered":"<p><img decoding=\"async\" class=\"alignnone  wp-image-41812\" src=\"https:\/\/test.burgwaechterservice.de\/fr\/wp-content\/uploads\/sites\/4\/2016\/07\/Zeitungsbox-4900-800-5800-808-820-1800-1890-4900-Piktos-gesamt.jpg\" alt=\"BUW-Icons-BK 4c OK.indd\" width=\"116\" height=\"118\" srcset=\"https:\/\/test.burgwaechterservice.de\/fr\/wp-content\/uploads\/sites\/4\/2016\/07\/Zeitungsbox-4900-800-5800-808-820-1800-1890-4900-Piktos-gesamt.jpg 308w, https:\/\/test.burgwaechterservice.de\/fr\/wp-content\/uploads\/sites\/4\/2016\/07\/Zeitungsbox-4900-800-5800-808-820-1800-1890-4900-Piktos-gesamt-296x300.jpg 296w, https:\/\/test.burgwaechterservice.de\/fr\/wp-content\/uploads\/sites\/4\/2016\/07\/Zeitungsbox-4900-800-5800-808-820-1800-1890-4900-Piktos-gesamt-80x80.jpg 80w\" sizes=\"(max-width: 116px) 100vw, 116px\" \/><\/p>\n<p>Clapet adapt\u00e9 pour bo\u00eete aux lettres 795. Clapet profil\u00e9, possibilit\u00e9 d\u00b4installer un nombre facultatif de bo\u00eetes aux lettres l\u2019une sur l\u2019autre.<\/p>\n<table class=\"ausfuehrung\">\n<thead>\n<tr>\n<td>Article<\/td>\n<td>Couleurs<\/td>\n<td>H x L x P<\/td>\n<td>Fente<\/td>\n<\/tr>\n<tr>\n<td class=\"subdesc\"><\/td>\n<td><\/td>\n<td class=\"subdesc\">mm<\/td>\n<td class=\"subdesc\">L x H (mm)<\/td>\n<\/tr>\n<\/thead>\n<tbody>\n<tr>\n<td>794 W<\/td>\n<td>blanc<\/td>\n<td>135 x 305 x 8<\/td>\n<td>35 x 230<\/td>\n<\/tr>\n<tr>\n<td>794 Si<\/td>\n<td>argent<\/td>\n<td>135 x 305 x 8<\/td>\n<td>35 x 230<\/td>\n<\/tr>\n<tr>\n<td>794 BR<\/td>\n<td>brun<\/td>\n<td>135 x 305 x 8<\/td>\n<td>35 x 230<\/td>\n<\/tr>\n<\/tbody>\n<\/table>\n","protected":false},"excerpt":{"rendered":"<p>Clapet adapt\u00e9 pour bo\u00eete aux lettres 795. Clapet profil\u00e9, possibilit\u00e9 d\u00b4installer un nombre facultatif de bo\u00eetes aux lettres l\u2019une sur l\u2019autre. Article Couleurs H x L x P Fente mm L x H (mm) 794 W blanc 135 x 305 &hellip; <a class=\"kt-excerpt-readmore\" href=\"https:\/\/test.burgwaechterservice.de\/fr\/p\/boites-aux-lettres\/794\/\" aria-label=\"794\">Lire la suite<\/a><\/p>\n","protected":false},"featured_media":32771,"comment_status":"closed","ping_status":"closed","template":"","meta":[],"product_cat":[23,24],"product_tag":[],"yoast_head":"<!-- This site is optimized with the Yoast SEO Premium plugin v18.4 (Yoast SEO v19.13) - https:\/\/yoast.com\/wordpress\/plugins\/seo\/ -->\n<title>794 - Burg-W\u00e4chter<\/title>\n<meta name=\"description\" content=\"Clapet adapt\u00e9 pour bo\u00eete aux lettres 795. Clapet profil\u00e9, possibilit\u00e9 d\u00b4installer un nombre facultatif de bo\u00eetes aux lettres l\u2019une sur l\u2019autre. Article\" \/>\n<meta name=\"robots\" content=\"index, follow, max-snippet:-1, max-image-preview:large, max-video-preview:-1\" \/>\n<link rel=\"canonical\" href=\"https:\/\/test.burgwaechterservice.de\/fr\/p\/boites-aux-lettres\/794\/\" \/>\n<meta property=\"og:locale\" content=\"fr_FR\" \/>\n<meta property=\"og:type\" content=\"article\" \/>\n<meta property=\"og:title\" content=\"794\" \/>\n<meta property=\"og:description\" content=\"Clapet adapt\u00e9 pour bo\u00eete aux lettres 795. Clapet profil\u00e9, possibilit\u00e9 d\u00b4installer un nombre facultatif de bo\u00eetes aux lettres l\u2019une sur l\u2019autre. Article\" \/>\n<meta property=\"og:url\" content=\"https:\/\/test.burgwaechterservice.de\/fr\/p\/boites-aux-lettres\/794\/\" \/>\n<meta property=\"og:site_name\" content=\"Burg-W\u00e4chter France\" \/>\n<meta property=\"article:modified_time\" content=\"2018-07-30T14:47:21+00:00\" \/>\n<meta property=\"og:image\" content=\"https:\/\/test.burgwaechterservice.de\/fr\/wp-content\/uploads\/sites\/4\/2016\/07\/Durchwurfbriefkasten_795_324301_mit_Blende_794_W-03.jpg\" \/>\n\t<meta property=\"og:image:width\" content=\"1181\" \/>\n\t<meta property=\"og:image:height\" content=\"1250\" \/>\n\t<meta property=\"og:image:type\" content=\"image\/jpeg\" \/>\n<meta name=\"twitter:card\" content=\"summary_large_image\" \/>\n<!-- \/ Yoast SEO Premium plugin. -->","yoast_head_json":{"title":"794 - Burg-W\u00e4chter","description":"Clapet adapt\u00e9 pour bo\u00eete aux lettres 795. Clapet profil\u00e9, possibilit\u00e9 d\u00b4installer un nombre facultatif de bo\u00eetes aux lettres l\u2019une sur l\u2019autre. Article","robots":{"index":"index","follow":"follow","max-snippet":"max-snippet:-1","max-image-preview":"max-image-preview:large","max-video-preview":"max-video-preview:-1"},"canonical":"https:\/\/test.burgwaechterservice.de\/fr\/p\/boites-aux-lettres\/794\/","og_locale":"fr_FR","og_type":"article","og_title":"794","og_description":"Clapet adapt\u00e9 pour bo\u00eete aux lettres 795. Clapet profil\u00e9, possibilit\u00e9 d\u00b4installer un nombre facultatif de bo\u00eetes aux lettres l\u2019une sur l\u2019autre. Article","og_url":"https:\/\/test.burgwaechterservice.de\/fr\/p\/boites-aux-lettres\/794\/","og_site_name":"Burg-W\u00e4chter France","article_modified_time":"2018-07-30T14:47:21+00:00","og_image":[{"width":1181,"height":1250,"url":"https:\/\/test.burgwaechterservice.de\/fr\/wp-content\/uploads\/sites\/4\/2016\/07\/Durchwurfbriefkasten_795_324301_mit_Blende_794_W-03.jpg","type":"image\/jpeg"}],"twitter_card":"summary_large_image","schema":{"@context":"https:\/\/schema.org","@graph":[{"@type":"WebPage","@id":"https:\/\/test.burgwaechterservice.de\/fr\/p\/boites-aux-lettres\/794\/","url":"https:\/\/test.burgwaechterservice.de\/fr\/p\/boites-aux-lettres\/794\/","name":"794 - Burg-W\u00e4chter","isPartOf":{"@id":"https:\/\/test.burgwaechterservice.de\/fr\/#website"},"datePublished":"2016-07-26T07:50:01+00:00","dateModified":"2018-07-30T14:47:21+00:00","description":"Clapet adapt\u00e9 pour bo\u00eete aux lettres 795. Clapet profil\u00e9, possibilit\u00e9 d\u00b4installer un nombre facultatif de bo\u00eetes aux lettres l\u2019une sur l\u2019autre. Article","breadcrumb":{"@id":"https:\/\/test.burgwaechterservice.de\/fr\/p\/boites-aux-lettres\/794\/#breadcrumb"},"inLanguage":"fr-FR","potentialAction":[{"@type":"ReadAction","target":["https:\/\/test.burgwaechterservice.de\/fr\/p\/boites-aux-lettres\/794\/"]}]},{"@type":"BreadcrumbList","@id":"https:\/\/test.burgwaechterservice.de\/fr\/p\/boites-aux-lettres\/794\/#breadcrumb","itemListElement":[{"@type":"ListItem","position":1,"name":"Accueil","item":"https:\/\/test.burgwaechterservice.de\/fr\/"},{"@type":"ListItem","position":2,"name":"Produits","item":"https:\/\/test.burgwaechterservice.de\/fr\/p\/"},{"@type":"ListItem","position":3,"name":"794"}]},{"@type":"WebSite","@id":"https:\/\/test.burgwaechterservice.de\/fr\/#website","url":"https:\/\/test.burgwaechterservice.de\/fr\/","name":"Burg-W\u00e4chter France","description":"Le choix le plus s\u00fbr!","potentialAction":[{"@type":"SearchAction","target":{"@type":"EntryPoint","urlTemplate":"https:\/\/test.burgwaechterservice.de\/fr\/?s={search_term_string}"},"query-input":"required name=search_term_string"}],"inLanguage":"fr-FR"}]}},"_links":{"self":[{"href":"https:\/\/test.burgwaechterservice.de\/fr\/wp-json\/wp\/v2\/product\/32774"}],"collection":[{"href":"https:\/\/test.burgwaechterservice.de\/fr\/wp-json\/wp\/v2\/product"}],"about":[{"href":"https:\/\/test.burgwaechterservice.de\/fr\/wp-json\/wp\/v2\/types\/product"}],"replies":[{"embeddable":true,"href":"https:\/\/test.burgwaechterservice.de\/fr\/wp-json\/wp\/v2\/comments?post=32774"}],"wp:featuredmedia":[{"embeddable":true,"href":"https:\/\/test.burgwaechterservice.de\/fr\/wp-json\/wp\/v2\/media\/32771"}],"wp:attachment":[{"href":"https:\/\/test.burgwaechterservice.de\/fr\/wp-json\/wp\/v2\/media?parent=32774"}],"wp:term":[{"taxonomy":"product_cat","embeddable":true,"href":"https:\/\/test.burgwaechterservice.de\/fr\/wp-json\/wp\/v2\/product_cat?post=32774"},{"taxonomy":"product_tag","embeddable":true,"href":"https:\/\/test.burgwaechterservice.de\/fr\/wp-json\/wp\/v2\/product_tag?post=32774"}],"curies":[{"name":"wp","href":"https:\/\/api.w.org\/{rel}","templated":true}]}}