{"id":32769,"date":"2016-07-26T09:36:55","date_gmt":"2016-07-26T07:36:55","guid":{"rendered":"https:\/\/www.burg.biz\/?post_type=product&#038;p=32769"},"modified":"2018-07-30T16:47:21","modified_gmt":"2018-07-30T14:47:21","slug":"kasten-795","status":"publish","type":"product","link":"https:\/\/test.burgwaechterservice.de\/fr\/p\/boites-aux-lettres\/kasten-795\/","title":{"rendered":"Bo\u00eetes aux lettres \u00e0 encastrer 795"},"content":{"rendered":"<p><img decoding=\"async\" class=\"alignnone wp-image-41812\" src=\"https:\/\/test.burgwaechterservice.de\/fr\/wp-content\/uploads\/sites\/4\/2016\/07\/Zeitungsbox-4900-800-5800-808-820-1800-1890-4900-Piktos-gesamt.jpg\" alt=\"BUW-Icons-BK 4c OK.indd\" width=\"116\" height=\"118\" srcset=\"https:\/\/test.burgwaechterservice.de\/fr\/wp-content\/uploads\/sites\/4\/2016\/07\/Zeitungsbox-4900-800-5800-808-820-1800-1890-4900-Piktos-gesamt.jpg 308w, https:\/\/test.burgwaechterservice.de\/fr\/wp-content\/uploads\/sites\/4\/2016\/07\/Zeitungsbox-4900-800-5800-808-820-1800-1890-4900-Piktos-gesamt-296x300.jpg 296w, https:\/\/test.burgwaechterservice.de\/fr\/wp-content\/uploads\/sites\/4\/2016\/07\/Zeitungsbox-4900-800-5800-808-820-1800-1890-4900-Piktos-gesamt-80x80.jpg 80w\" sizes=\"(max-width: 116px) 100vw, 116px\" \/><\/p>\n<h2>Recevez votre courrier comme une lettre \u00e0 la poste avec la bo\u00eete aux lettres encastr\u00e9e 795<\/h2>\n<p>Parfaite pour \u00eatre int\u00e9gr\u00e9e dans la ma\u00e7onnerie de votre maison\u00a0: cette bo\u00eete aux lettres encastr\u00e9e <strong>s&#8217;adapte parfaitement \u00e0 l&#8217;\u00e9paisseur du mur<\/strong>. Vous pouvez monter plusieurs unit\u00e9s ensemble, <strong>ce qui en fait une solution r\u00eav\u00e9e pour les immeubles collectifs et les maisons partag\u00e9es.<\/strong><\/p>\n<h3>Profondeur pratique et r\u00e9glable<\/h3>\n<p>Vous pouvez adapter sans probl\u00e8me cette bo\u00eete aux lettres de BURG-W\u00c4CHTER \u00e0 votre mur. La <strong>profondeur est r\u00e9glable entre 315 et 490 mm<\/strong>. Vous pouvez en plus fixer plusieurs bo\u00eetes aux lettres \u00e0 encastrer les unes sur les autres.<\/p>\n<p>L&#8217;armature de ce mod\u00e8le est en <strong>acier galvanis\u00e9<\/strong>. La porte arri\u00e8re pour relever le courrier est peinte dans un blanc discret. Ainsi, cette bo\u00eete aux lettres s\u00e9duit non seulement par son c\u00f4t\u00e9 pratique mais elle est aussi agr\u00e9able \u00e0 regarder.<\/p>\n<p>Vous avez la possibilit\u00e9 de commander s\u00e9par\u00e9ment un passage de courrier correspondant (794) dans diff\u00e9rentes couleurs qui se mariera parfaitement avec la porte blanche.<\/p>\n<h3>La bo\u00eete aux lettres encastr\u00e9e 795 de BURG-W\u00c4CHTER<\/h3>\n<ul>\n<li>\u00c0 int\u00e9grer dans la ma\u00e7onnerie<\/li>\n<li>Fabriqu\u00e9 en acier galvanis\u00e9<\/li>\n<li>Avec porte arri\u00e8re peinte en blanc<\/li>\n<li>R\u00e9glable jusqu&#8217;\u00e0 490 mm de profondeur selon l&#8217;\u00e9paisseur du mur<\/li>\n<li>Passage de courrier correspondant\u00a0: 794<\/li>\n<li>Dimensions L x l x H\u00a0: 130 x 260 x 315 \u2013 490 mm<\/li>\n<\/ul>\n<table class=\"ausfuehrung\">\n<thead>\n<tr>\n<td>Article<\/td>\n<td>Couleurs<\/td>\n<td>H x L x P<\/td>\n<\/tr>\n<tr>\n<td class=\"subdesc\"><\/td>\n<td><\/td>\n<td class=\"subdesc\">mm<\/td>\n<\/tr>\n<\/thead>\n<tbody>\n<tr>\n<td>Kasten 795<\/td>\n<td>blanc \/ galvanised<\/td>\n<td>130\u00a0 x 260 x 315-490<\/td>\n<\/tr>\n<\/tbody>\n<\/table>\n","protected":false},"excerpt":{"rendered":"<p>Recevez votre courrier comme une lettre \u00e0 la poste avec la bo\u00eete aux lettres encastr\u00e9e 795 Parfaite pour \u00eatre int\u00e9gr\u00e9e dans la ma\u00e7onnerie de votre maison\u00a0: cette bo\u00eete aux lettres encastr\u00e9e s&#8217;adapte parfaitement \u00e0 l&#8217;\u00e9paisseur du mur. Vous pouvez monter &hellip; <a class=\"kt-excerpt-readmore\" href=\"https:\/\/test.burgwaechterservice.de\/fr\/p\/boites-aux-lettres\/kasten-795\/\" aria-label=\"Bo\u00eetes aux lettres \u00e0 encastrer 795\">Lire la suite<\/a><\/p>\n","protected":false},"featured_media":32770,"comment_status":"closed","ping_status":"closed","template":"","meta":[],"product_cat":[23,24],"product_tag":[],"yoast_head":"<!-- This site is optimized with the Yoast SEO Premium plugin v18.4 (Yoast SEO v19.13) - https:\/\/yoast.com\/wordpress\/plugins\/seo\/ -->\n<title>Kasten 795 - Burg-W\u00e4chter<\/title>\n<meta name=\"description\" content=\"Recevez votre courrier comme une lettre \u00e0 la poste avec la bo\u00eete aux lettres encastr\u00e9e 795 Parfaite pour \u00eatre int\u00e9gr\u00e9e dans la ma\u00e7onnerie de votre\" \/>\n<meta name=\"robots\" content=\"index, follow, max-snippet:-1, max-image-preview:large, max-video-preview:-1\" \/>\n<link rel=\"canonical\" href=\"https:\/\/test.burgwaechterservice.de\/fr\/p\/boites-aux-lettres\/kasten-795\/\" \/>\n<meta property=\"og:locale\" content=\"fr_FR\" \/>\n<meta property=\"og:type\" content=\"article\" \/>\n<meta property=\"og:title\" content=\"Bo\u00eetes aux lettres \u00e0 encastrer 795\" \/>\n<meta property=\"og:description\" content=\"Recevez votre courrier comme une lettre \u00e0 la poste avec la bo\u00eete aux lettres encastr\u00e9e 795 Parfaite pour \u00eatre int\u00e9gr\u00e9e dans la ma\u00e7onnerie de votre\" \/>\n<meta property=\"og:url\" content=\"https:\/\/test.burgwaechterservice.de\/fr\/p\/boites-aux-lettres\/kasten-795\/\" \/>\n<meta property=\"og:site_name\" content=\"Burg-W\u00e4chter France\" \/>\n<meta property=\"article:modified_time\" content=\"2018-07-30T14:47:21+00:00\" \/>\n<meta property=\"og:image\" content=\"https:\/\/test.burgwaechterservice.de\/fr\/wp-content\/uploads\/sites\/4\/2016\/07\/Durchwurfbriefkasten_795_W_324301-01.jpg\" \/>\n\t<meta property=\"og:image:width\" content=\"1181\" \/>\n\t<meta property=\"og:image:height\" content=\"1181\" \/>\n\t<meta property=\"og:image:type\" content=\"image\/jpeg\" \/>\n<meta name=\"twitter:card\" content=\"summary_large_image\" \/>\n<meta name=\"twitter:label1\" content=\"Dur\u00e9e de lecture estim\u00e9e\" \/>\n\t<meta name=\"twitter:data1\" content=\"1 minute\" \/>\n<!-- \/ Yoast SEO Premium plugin. -->","yoast_head_json":{"title":"Kasten 795 - Burg-W\u00e4chter","description":"Recevez votre courrier comme une lettre \u00e0 la poste avec la bo\u00eete aux lettres encastr\u00e9e 795 Parfaite pour \u00eatre int\u00e9gr\u00e9e dans la ma\u00e7onnerie de votre","robots":{"index":"index","follow":"follow","max-snippet":"max-snippet:-1","max-image-preview":"max-image-preview:large","max-video-preview":"max-video-preview:-1"},"canonical":"https:\/\/test.burgwaechterservice.de\/fr\/p\/boites-aux-lettres\/kasten-795\/","og_locale":"fr_FR","og_type":"article","og_title":"Bo\u00eetes aux lettres \u00e0 encastrer 795","og_description":"Recevez votre courrier comme une lettre \u00e0 la poste avec la bo\u00eete aux lettres encastr\u00e9e 795 Parfaite pour \u00eatre int\u00e9gr\u00e9e dans la ma\u00e7onnerie de votre","og_url":"https:\/\/test.burgwaechterservice.de\/fr\/p\/boites-aux-lettres\/kasten-795\/","og_site_name":"Burg-W\u00e4chter France","article_modified_time":"2018-07-30T14:47:21+00:00","og_image":[{"width":1181,"height":1181,"url":"https:\/\/test.burgwaechterservice.de\/fr\/wp-content\/uploads\/sites\/4\/2016\/07\/Durchwurfbriefkasten_795_W_324301-01.jpg","type":"image\/jpeg"}],"twitter_card":"summary_large_image","twitter_misc":{"Dur\u00e9e de lecture estim\u00e9e":"1 minute"},"schema":{"@context":"https:\/\/schema.org","@graph":[{"@type":"WebPage","@id":"https:\/\/test.burgwaechterservice.de\/fr\/p\/boites-aux-lettres\/kasten-795\/","url":"https:\/\/test.burgwaechterservice.de\/fr\/p\/boites-aux-lettres\/kasten-795\/","name":"Kasten 795 - Burg-W\u00e4chter","isPartOf":{"@id":"https:\/\/test.burgwaechterservice.de\/fr\/#website"},"datePublished":"2016-07-26T07:36:55+00:00","dateModified":"2018-07-30T14:47:21+00:00","description":"Recevez votre courrier comme une lettre \u00e0 la poste avec la bo\u00eete aux lettres encastr\u00e9e 795 Parfaite pour \u00eatre int\u00e9gr\u00e9e dans la ma\u00e7onnerie de votre","breadcrumb":{"@id":"https:\/\/test.burgwaechterservice.de\/fr\/p\/boites-aux-lettres\/kasten-795\/#breadcrumb"},"inLanguage":"fr-FR","potentialAction":[{"@type":"ReadAction","target":["https:\/\/test.burgwaechterservice.de\/fr\/p\/boites-aux-lettres\/kasten-795\/"]}]},{"@type":"BreadcrumbList","@id":"https:\/\/test.burgwaechterservice.de\/fr\/p\/boites-aux-lettres\/kasten-795\/#breadcrumb","itemListElement":[{"@type":"ListItem","position":1,"name":"Accueil","item":"https:\/\/test.burgwaechterservice.de\/fr\/"},{"@type":"ListItem","position":2,"name":"Produits","item":"https:\/\/test.burgwaechterservice.de\/fr\/p\/"},{"@type":"ListItem","position":3,"name":"Bo\u00eetes aux lettres \u00e0 encastrer 795"}]},{"@type":"WebSite","@id":"https:\/\/test.burgwaechterservice.de\/fr\/#website","url":"https:\/\/test.burgwaechterservice.de\/fr\/","name":"Burg-W\u00e4chter France","description":"Le choix le plus s\u00fbr!","potentialAction":[{"@type":"SearchAction","target":{"@type":"EntryPoint","urlTemplate":"https:\/\/test.burgwaechterservice.de\/fr\/?s={search_term_string}"},"query-input":"required name=search_term_string"}],"inLanguage":"fr-FR"}]}},"_links":{"self":[{"href":"https:\/\/test.burgwaechterservice.de\/fr\/wp-json\/wp\/v2\/product\/32769"}],"collection":[{"href":"https:\/\/test.burgwaechterservice.de\/fr\/wp-json\/wp\/v2\/product"}],"about":[{"href":"https:\/\/test.burgwaechterservice.de\/fr\/wp-json\/wp\/v2\/types\/product"}],"replies":[{"embeddable":true,"href":"https:\/\/test.burgwaechterservice.de\/fr\/wp-json\/wp\/v2\/comments?post=32769"}],"wp:featuredmedia":[{"embeddable":true,"href":"https:\/\/test.burgwaechterservice.de\/fr\/wp-json\/wp\/v2\/media\/32770"}],"wp:attachment":[{"href":"https:\/\/test.burgwaechterservice.de\/fr\/wp-json\/wp\/v2\/media?parent=32769"}],"wp:term":[{"taxonomy":"product_cat","embeddable":true,"href":"https:\/\/test.burgwaechterservice.de\/fr\/wp-json\/wp\/v2\/product_cat?post=32769"},{"taxonomy":"product_tag","embeddable":true,"href":"https:\/\/test.burgwaechterservice.de\/fr\/wp-json\/wp\/v2\/product_tag?post=32769"}],"curies":[{"name":"wp","href":"https:\/\/api.w.org\/{rel}","templated":true}]}}