{"id":32760,"date":"2016-07-26T09:26:48","date_gmt":"2016-07-26T07:26:48","guid":{"rendered":"https:\/\/www.burg.biz\/?post_type=product&#038;p=32760"},"modified":"2016-11-17T16:14:08","modified_gmt":"2016-11-17T15:14:08","slug":"clapet-exterieur-porta-1-piece","status":"publish","type":"product","link":"https:\/\/test.burgwaechterservice.de\/fr\/p\/boites-aux-lettres\/clapet-exterieur-porta-1-piece\/","title":{"rendered":"Clapet ext\u00e9rieur Porta, 1 pi\u00e8ce"},"content":{"rendered":"<p><img decoding=\"async\" class=\"alignnone wp-image-41812\" src=\"https:\/\/test.burgwaechterservice.de\/fr\/wp-content\/uploads\/sites\/4\/2016\/07\/Zeitungsbox-4900-800-5800-808-820-1800-1890-4900-Piktos-gesamt.jpg\" alt=\"BUW-Icons-BK 4c OK.indd\" width=\"116\" height=\"118\" srcset=\"https:\/\/test.burgwaechterservice.de\/fr\/wp-content\/uploads\/sites\/4\/2016\/07\/Zeitungsbox-4900-800-5800-808-820-1800-1890-4900-Piktos-gesamt.jpg 308w, https:\/\/test.burgwaechterservice.de\/fr\/wp-content\/uploads\/sites\/4\/2016\/07\/Zeitungsbox-4900-800-5800-808-820-1800-1890-4900-Piktos-gesamt-296x300.jpg 296w, https:\/\/test.burgwaechterservice.de\/fr\/wp-content\/uploads\/sites\/4\/2016\/07\/Zeitungsbox-4900-800-5800-808-820-1800-1890-4900-Piktos-gesamt-80x80.jpg 80w\" sizes=\"(max-width: 116px) 100vw, 116px\" \/><\/p>\n<h2>Le passage de courrier Porta avec cadre en aluminium et clapet en acier galvanis\u00e9<\/h2>\n<p>Le passage de courrier Porta de BURG-W\u00c4CHTER assure une livraison confortable de votre courrier, et ce, directement dans votre logement. Il est disponible en 2 mod\u00e8les et 3 superbes couleurs, si bien qu&#8217;il s&#8217;adapte parfaitement \u00e0 vos besoins.<\/p>\n<h3>Rev\u00eatement poudr\u00e9 de qualit\u00e9<\/h3>\n<p>Le <strong>cadre en aluminium<\/strong> r\u00e9sistant et le <strong>volet de passage du courrier en acier galvanis\u00e9<\/strong> sont trait\u00e9s sur toute leur surface avec un <strong>rev\u00eatement poudr\u00e9 de qualit\u00e9<\/strong>. Ainsi, le passage de courrier ne craint absolument rien et cela lui conf\u00e8re en plus un aspect simple mais esth\u00e9tique. Il est disponible en 3 couleurs \u00e9l\u00e9gantes qui s&#8217;harmonisent avec votre porte\u00a0: blanc, argent\u00e9 et marron.<\/p>\n<h3>Utilisation universelle<\/h3>\n<p>Ce passage de courrier ext\u00e9rieur est universellement utilisable \u00e0 partir d&#8217;une <strong>\u00e9paisseur de porte ou de mur de 20 mm<\/strong>.<br \/>\n2 mod\u00e8les disponibles avec un format de fente diff\u00e9rent\u00a0:<\/p>\n<ul>\n<li>Mod\u00e8le <strong>796<\/strong>:\n<ul>\n<li>dimensions du passage de courrier H x L\u00a0: 35 x 254 mm<\/li>\n<li>L&#8217;ouverture n\u00e9cessaire pour le montage est ici de <strong>50 \u00e0 67,5 mm de hauteur<\/strong> et de <strong>257 \u00e0 268,5 mm de largeur<\/strong><\/li>\n<\/ul>\n<\/li>\n<li>Mod\u00e8le <strong>797<\/strong>:\n<ul>\n<li>dimensions du passage de courrier H x L\u00a0: 35 x 360 mm<\/li>\n<li>Les dimensions n\u00e9cessaires pour l&#8217;ouverture sont ici \u00e9galement de <strong>50 \u00e0 67,5 mm <\/strong>de hauteur et de <strong>365 \u00e0 376,5<\/strong> <strong>mm<\/strong> de largeur<\/li>\n<\/ul>\n<\/li>\n<\/ul>\n<h3>Le mod\u00e8le de passage de courrier ext\u00e9rieur Porta de BURG-W\u00c4CHTER en un coup d&#8217;\u0153il<\/h3>\n<ul>\n<li>Cadre en aluminium<\/li>\n<li>Clapet en acier galvanis\u00e9<\/li>\n<li>Rev\u00eatement poudr\u00e9 de qualit\u00e9<\/li>\n<li>Livr\u00e9 avec mat\u00e9riel de fixation<\/li>\n<li>Utilisation universelle \u00e0 partir de 20 mm d&#8217;\u00e9paisseur de porte\/mur<\/li>\n<li>Disponible en blanc, argent\u00e9 et marron<\/li>\n<li>Dimensions H x l\u00a0:<br \/>\n796 101 x 304 mm<br \/>\n797\u00a0\u00a0\u00a0\u00a0\u00a0\u00a0\u00a0 101 x 412 mm<\/li>\n<\/ul>\n<table class=\"ausfuehrung\">\n<thead>\n<tr>\n<td>Article<\/td>\n<td>Couleurs<\/td>\n<td>H x L<\/td>\n<td>Fente<\/td>\n<\/tr>\n<tr>\n<td class=\"subdesc\"><\/td>\n<td><\/td>\n<td class=\"subdesc\">mm<\/td>\n<td class=\"subdesc\">H x L (mm)<\/td>\n<\/tr>\n<\/thead>\n<tbody>\n<tr>\n<td>796 W<\/td>\n<td>blanc<\/td>\n<td>101 x 304<\/td>\n<td>35 x 254<\/td>\n<\/tr>\n<tr>\n<td>796 Si<\/td>\n<td>argent<\/td>\n<td>101 x 304<\/td>\n<td>35 x 254<\/td>\n<\/tr>\n<tr>\n<td>796 BR<\/td>\n<td>brun<\/td>\n<td>101 x 304<\/td>\n<td>35 x 254<\/td>\n<\/tr>\n<tr>\n<td>797 W<\/td>\n<td>blanc<\/td>\n<td>101 x 412<\/td>\n<td>35 x 360<\/td>\n<\/tr>\n<tr>\n<td>797 Si<\/td>\n<td>argent<\/td>\n<td>101 x 412<\/td>\n<td>35 x 360<\/td>\n<\/tr>\n<tr>\n<td>797 BR<\/td>\n<td>brun<\/td>\n<td>101 x 412<\/td>\n<td>35 x 360<\/td>\n<\/tr>\n<\/tbody>\n<\/table>\n","protected":false},"excerpt":{"rendered":"<p>Le passage de courrier Porta avec cadre en aluminium et clapet en acier galvanis\u00e9 Le passage de courrier Porta de BURG-W\u00c4CHTER assure une livraison confortable de votre courrier, et ce, directement dans votre logement. Il est disponible en 2 mod\u00e8les &hellip; <a class=\"kt-excerpt-readmore\" href=\"https:\/\/test.burgwaechterservice.de\/fr\/p\/boites-aux-lettres\/clapet-exterieur-porta-1-piece\/\" aria-label=\"Clapet ext\u00e9rieur Porta, 1 pi\u00e8ce\">Lire la suite<\/a><\/p>\n","protected":false},"featured_media":32767,"comment_status":"closed","ping_status":"closed","template":"","meta":[],"product_cat":[23,24],"product_tag":[546],"yoast_head":"<!-- This site is optimized with the Yoast SEO Premium plugin v18.4 (Yoast SEO v19.13) - https:\/\/yoast.com\/wordpress\/plugins\/seo\/ -->\n<title>Clapet ext\u00e9rieur Porta, 1 pi\u00e8ce - Burg-W\u00e4chter<\/title>\n<meta name=\"description\" content=\"Le passage de courrier Porta avec cadre en aluminium et clapet en acier galvanis\u00e9 Le passage de courrier Porta de BURG-W\u00c4CHTER assure une livraison\" \/>\n<meta name=\"robots\" content=\"index, follow, max-snippet:-1, max-image-preview:large, max-video-preview:-1\" \/>\n<link rel=\"canonical\" href=\"https:\/\/test.burgwaechterservice.de\/fr\/p\/boites-aux-lettres\/clapet-exterieur-porta-1-piece\/\" \/>\n<meta property=\"og:locale\" content=\"fr_FR\" \/>\n<meta property=\"og:type\" content=\"article\" \/>\n<meta property=\"og:title\" content=\"Clapet ext\u00e9rieur Porta, 1 pi\u00e8ce\" \/>\n<meta property=\"og:description\" content=\"Le passage de courrier Porta avec cadre en aluminium et clapet en acier galvanis\u00e9 Le passage de courrier Porta de BURG-W\u00c4CHTER assure une livraison\" \/>\n<meta property=\"og:url\" content=\"https:\/\/test.burgwaechterservice.de\/fr\/p\/boites-aux-lettres\/clapet-exterieur-porta-1-piece\/\" \/>\n<meta property=\"og:site_name\" content=\"Burg-W\u00e4chter France\" \/>\n<meta property=\"article:modified_time\" content=\"2016-11-17T15:14:08+00:00\" \/>\n<meta property=\"og:image\" content=\"https:\/\/test.burgwaechterservice.de\/fr\/wp-content\/uploads\/sites\/4\/2016\/07\/Einwurfklappe_Porta_796_W_324707-01.jpg\" \/>\n\t<meta property=\"og:image:width\" content=\"2480\" \/>\n\t<meta property=\"og:image:height\" content=\"2134\" \/>\n\t<meta property=\"og:image:type\" content=\"image\/jpeg\" \/>\n<meta name=\"twitter:card\" content=\"summary_large_image\" \/>\n<meta name=\"twitter:label1\" content=\"Dur\u00e9e de lecture estim\u00e9e\" \/>\n\t<meta name=\"twitter:data1\" content=\"2 minutes\" \/>\n<!-- \/ Yoast SEO Premium plugin. -->","yoast_head_json":{"title":"Clapet ext\u00e9rieur Porta, 1 pi\u00e8ce - Burg-W\u00e4chter","description":"Le passage de courrier Porta avec cadre en aluminium et clapet en acier galvanis\u00e9 Le passage de courrier Porta de BURG-W\u00c4CHTER assure une livraison","robots":{"index":"index","follow":"follow","max-snippet":"max-snippet:-1","max-image-preview":"max-image-preview:large","max-video-preview":"max-video-preview:-1"},"canonical":"https:\/\/test.burgwaechterservice.de\/fr\/p\/boites-aux-lettres\/clapet-exterieur-porta-1-piece\/","og_locale":"fr_FR","og_type":"article","og_title":"Clapet ext\u00e9rieur Porta, 1 pi\u00e8ce","og_description":"Le passage de courrier Porta avec cadre en aluminium et clapet en acier galvanis\u00e9 Le passage de courrier Porta de BURG-W\u00c4CHTER assure une livraison","og_url":"https:\/\/test.burgwaechterservice.de\/fr\/p\/boites-aux-lettres\/clapet-exterieur-porta-1-piece\/","og_site_name":"Burg-W\u00e4chter France","article_modified_time":"2016-11-17T15:14:08+00:00","og_image":[{"width":2480,"height":2134,"url":"https:\/\/test.burgwaechterservice.de\/fr\/wp-content\/uploads\/sites\/4\/2016\/07\/Einwurfklappe_Porta_796_W_324707-01.jpg","type":"image\/jpeg"}],"twitter_card":"summary_large_image","twitter_misc":{"Dur\u00e9e de lecture estim\u00e9e":"2 minutes"},"schema":{"@context":"https:\/\/schema.org","@graph":[{"@type":"WebPage","@id":"https:\/\/test.burgwaechterservice.de\/fr\/p\/boites-aux-lettres\/clapet-exterieur-porta-1-piece\/","url":"https:\/\/test.burgwaechterservice.de\/fr\/p\/boites-aux-lettres\/clapet-exterieur-porta-1-piece\/","name":"Clapet ext\u00e9rieur Porta, 1 pi\u00e8ce - Burg-W\u00e4chter","isPartOf":{"@id":"https:\/\/test.burgwaechterservice.de\/fr\/#website"},"datePublished":"2016-07-26T07:26:48+00:00","dateModified":"2016-11-17T15:14:08+00:00","description":"Le passage de courrier Porta avec cadre en aluminium et clapet en acier galvanis\u00e9 Le passage de courrier Porta de BURG-W\u00c4CHTER assure une livraison","breadcrumb":{"@id":"https:\/\/test.burgwaechterservice.de\/fr\/p\/boites-aux-lettres\/clapet-exterieur-porta-1-piece\/#breadcrumb"},"inLanguage":"fr-FR","potentialAction":[{"@type":"ReadAction","target":["https:\/\/test.burgwaechterservice.de\/fr\/p\/boites-aux-lettres\/clapet-exterieur-porta-1-piece\/"]}]},{"@type":"BreadcrumbList","@id":"https:\/\/test.burgwaechterservice.de\/fr\/p\/boites-aux-lettres\/clapet-exterieur-porta-1-piece\/#breadcrumb","itemListElement":[{"@type":"ListItem","position":1,"name":"Accueil","item":"https:\/\/test.burgwaechterservice.de\/fr\/"},{"@type":"ListItem","position":2,"name":"Produits","item":"https:\/\/test.burgwaechterservice.de\/fr\/p\/"},{"@type":"ListItem","position":3,"name":"Clapet ext\u00e9rieur Porta, 1 pi\u00e8ce"}]},{"@type":"WebSite","@id":"https:\/\/test.burgwaechterservice.de\/fr\/#website","url":"https:\/\/test.burgwaechterservice.de\/fr\/","name":"Burg-W\u00e4chter France","description":"Le choix le plus s\u00fbr!","potentialAction":[{"@type":"SearchAction","target":{"@type":"EntryPoint","urlTemplate":"https:\/\/test.burgwaechterservice.de\/fr\/?s={search_term_string}"},"query-input":"required name=search_term_string"}],"inLanguage":"fr-FR"}]}},"_links":{"self":[{"href":"https:\/\/test.burgwaechterservice.de\/fr\/wp-json\/wp\/v2\/product\/32760"}],"collection":[{"href":"https:\/\/test.burgwaechterservice.de\/fr\/wp-json\/wp\/v2\/product"}],"about":[{"href":"https:\/\/test.burgwaechterservice.de\/fr\/wp-json\/wp\/v2\/types\/product"}],"replies":[{"embeddable":true,"href":"https:\/\/test.burgwaechterservice.de\/fr\/wp-json\/wp\/v2\/comments?post=32760"}],"wp:featuredmedia":[{"embeddable":true,"href":"https:\/\/test.burgwaechterservice.de\/fr\/wp-json\/wp\/v2\/media\/32767"}],"wp:attachment":[{"href":"https:\/\/test.burgwaechterservice.de\/fr\/wp-json\/wp\/v2\/media?parent=32760"}],"wp:term":[{"taxonomy":"product_cat","embeddable":true,"href":"https:\/\/test.burgwaechterservice.de\/fr\/wp-json\/wp\/v2\/product_cat?post=32760"},{"taxonomy":"product_tag","embeddable":true,"href":"https:\/\/test.burgwaechterservice.de\/fr\/wp-json\/wp\/v2\/product_tag?post=32760"}],"curies":[{"name":"wp","href":"https:\/\/api.w.org\/{rel}","templated":true}]}}