{"id":32758,"date":"2016-07-26T08:59:07","date_gmt":"2016-07-26T06:59:07","guid":{"rendered":"https:\/\/www.burg.biz\/?post_type=product&#038;p=32758"},"modified":"2019-10-21T14:30:36","modified_gmt":"2019-10-21T12:30:36","slug":"entree-de-courrier-porta-791-ni","status":"publish","type":"product","link":"https:\/\/test.burgwaechterservice.de\/fr\/p\/boites-aux-lettres\/entree-de-courrier-porta-791-ni\/","title":{"rendered":"Entr\u00e9e de courrier Porta 791 Ni"},"content":{"rendered":"<p><img decoding=\"async\" class=\"alignnone wp-image-41804\" src=\"https:\/\/test.burgwaechterservice.de\/fr\/wp-content\/uploads\/sites\/4\/2016\/07\/Porta-Pikto-gesamt-791-Ni.jpg\" alt=\"BUW-Icons-BK 4c OK.indd\" width=\"106\" height=\"118\" \/><\/p>\n<h2>Passage de courrier ext\u00e9rieur Porta 791 Ni<\/h2>\n<p>Vous souhaitez recevoir votre courrier directement dans votre logement\u00a0? Aucun probl\u00e8me\u00a0avec le passage de courrier ext\u00e9rieur Porta en <strong>acier inoxydable<\/strong>.<\/p>\n<p>La<strong> plaque int\u00e9gr\u00e9e <\/strong>permet de marquer facilement et clairement votre nom.<\/p>\n<p>Le mat\u00e9riau en acier inoxydable rend cet \u00e9cran particuli\u00e8rement <strong>durable, insensible et r\u00e9sistant, en particulier aux intemp\u00e9ries.<\/strong> Ainsi, vous pouvez utiliser le passage de courrier Porta pendant tr\u00e8s longtemps. Son ext\u00e9rieur en acier inoxydable lui conf\u00e8re en outre une touche d&#8217;\u00e9l\u00e9gance.<\/p>\n<h3>Montage sur des portes d&#8217;une \u00e9paisseur maximale de 35 mm<\/h3>\n<p>Ce passage de courrier n\u00e9cessite une ouverture d&#8217;une <strong>hauteur comprise en 45 et 55 mm<\/strong> et d&#8217;une <strong>largeur comprise entre 235 et 240 mm<\/strong>. Le <strong>mat\u00e9riel de fixation<\/strong> adapt\u00e9 pour le montage est d\u00e9j\u00e0 compris dans la livraison.<\/p>\n<h3>Le passage de courrier ext\u00e9rieur Porta 791 Ni de BURG-W\u00c4CHTER<\/h3>\n<ul>\n<li>En acier inoxydable<\/li>\n<li>Inoxydable<\/li>\n<li>Convient pour une porte d&#8217;une \u00e9paisseur maximale de 35 mm<\/li>\n<li>Avec plaque pour votre nom<\/li>\n<li>Livr\u00e9 avec mat\u00e9riel de fixation<\/li>\n<li>Dimensions H x L\u00a0: 22 x 226 mm<\/li>\n<li>Dimensions L x l x H\u00a0: 68 x 266 x 9 mm<\/li>\n<li>Ouverture n\u00e9cessaire\u00a0: hauteur 45 &#8211; 55 mm, largeur 235 \u2013 240 mm<\/li>\n<\/ul>\n<p>&nbsp;<\/p>\n<table class=\"ausfuehrung\">\n<thead>\n<tr>\n<td>Article<\/td>\n<td>Mati\u00e8re<\/td>\n<td>H x L x P<\/td>\n<td>Fente<\/td>\n<\/tr>\n<tr>\n<td class=\"subdesc\"><\/td>\n<td><\/td>\n<td class=\"subdesc\">mm<\/td>\n<td class=\"subdesc\">H x L (mm)<\/td>\n<\/tr>\n<\/thead>\n<tbody>\n<tr>\n<td>791 Ni<\/td>\n<td>acier inoxydable<\/td>\n<td>68 x 266 x 9<\/td>\n<td>22 x 226<\/td>\n<\/tr>\n<\/tbody>\n<\/table>\n","protected":false},"excerpt":{"rendered":"<p>Passage de courrier ext\u00e9rieur Porta 791 Ni Vous souhaitez recevoir votre courrier directement dans votre logement\u00a0? Aucun probl\u00e8me\u00a0avec le passage de courrier ext\u00e9rieur Porta en acier inoxydable. La plaque int\u00e9gr\u00e9e permet de marquer facilement et clairement votre nom. Le mat\u00e9riau &hellip; <a class=\"kt-excerpt-readmore\" href=\"https:\/\/test.burgwaechterservice.de\/fr\/p\/boites-aux-lettres\/entree-de-courrier-porta-791-ni\/\" aria-label=\"Entr\u00e9e de courrier Porta 791 Ni\">Lire la suite<\/a><\/p>\n","protected":false},"featured_media":32759,"comment_status":"closed","ping_status":"closed","template":"","meta":[],"product_cat":[23,24],"product_tag":[],"yoast_head":"<!-- This site is optimized with the Yoast SEO Premium plugin v18.4 (Yoast SEO v19.13) - https:\/\/yoast.com\/wordpress\/plugins\/seo\/ -->\n<title>Porta 791 Ni - Burg-W\u00e4chter<\/title>\n<meta name=\"description\" content=\"Porta 791 Ni. Le mat\u00e9riau en acier inoxydable rend cet \u00e9cran particuli\u00e8rement durable, insensible et r\u00e9sistant, en particulier aux intemp\u00e9ries.\" \/>\n<meta name=\"robots\" content=\"index, follow, max-snippet:-1, max-image-preview:large, max-video-preview:-1\" \/>\n<link rel=\"canonical\" href=\"https:\/\/test.burgwaechterservice.de\/fr\/p\/boites-aux-lettres\/entree-de-courrier-porta-791-ni\/\" \/>\n<meta property=\"og:locale\" content=\"fr_FR\" \/>\n<meta property=\"og:type\" content=\"article\" \/>\n<meta property=\"og:title\" content=\"Entr\u00e9e de courrier Porta 791 Ni\" \/>\n<meta property=\"og:description\" content=\"Porta 791 Ni. Le mat\u00e9riau en acier inoxydable rend cet \u00e9cran particuli\u00e8rement durable, insensible et r\u00e9sistant, en particulier aux intemp\u00e9ries.\" \/>\n<meta property=\"og:url\" content=\"https:\/\/test.burgwaechterservice.de\/fr\/p\/boites-aux-lettres\/entree-de-courrier-porta-791-ni\/\" \/>\n<meta property=\"og:site_name\" content=\"Burg-W\u00e4chter France\" \/>\n<meta property=\"article:modified_time\" content=\"2019-10-21T12:30:36+00:00\" \/>\n<meta property=\"og:image\" content=\"https:\/\/test.burgwaechterservice.de\/fr\/wp-content\/uploads\/sites\/4\/2016\/07\/Einwurfklappe_Porta_791_Ni_381106-01.jpg\" \/>\n\t<meta property=\"og:image:width\" content=\"7713\" \/>\n\t<meta property=\"og:image:height\" content=\"5206\" \/>\n\t<meta property=\"og:image:type\" content=\"image\/jpeg\" \/>\n<meta name=\"twitter:card\" content=\"summary_large_image\" \/>\n<meta name=\"twitter:label1\" content=\"Dur\u00e9e de lecture estim\u00e9e\" \/>\n\t<meta name=\"twitter:data1\" content=\"1 minute\" \/>\n<!-- \/ Yoast SEO Premium plugin. -->","yoast_head_json":{"title":"Porta 791 Ni - Burg-W\u00e4chter","description":"Porta 791 Ni. Le mat\u00e9riau en acier inoxydable rend cet \u00e9cran particuli\u00e8rement durable, insensible et r\u00e9sistant, en particulier aux intemp\u00e9ries.","robots":{"index":"index","follow":"follow","max-snippet":"max-snippet:-1","max-image-preview":"max-image-preview:large","max-video-preview":"max-video-preview:-1"},"canonical":"https:\/\/test.burgwaechterservice.de\/fr\/p\/boites-aux-lettres\/entree-de-courrier-porta-791-ni\/","og_locale":"fr_FR","og_type":"article","og_title":"Entr\u00e9e de courrier Porta 791 Ni","og_description":"Porta 791 Ni. Le mat\u00e9riau en acier inoxydable rend cet \u00e9cran particuli\u00e8rement durable, insensible et r\u00e9sistant, en particulier aux intemp\u00e9ries.","og_url":"https:\/\/test.burgwaechterservice.de\/fr\/p\/boites-aux-lettres\/entree-de-courrier-porta-791-ni\/","og_site_name":"Burg-W\u00e4chter France","article_modified_time":"2019-10-21T12:30:36+00:00","og_image":[{"width":7713,"height":5206,"url":"https:\/\/test.burgwaechterservice.de\/fr\/wp-content\/uploads\/sites\/4\/2016\/07\/Einwurfklappe_Porta_791_Ni_381106-01.jpg","type":"image\/jpeg"}],"twitter_card":"summary_large_image","twitter_misc":{"Dur\u00e9e de lecture estim\u00e9e":"1 minute"},"schema":{"@context":"https:\/\/schema.org","@graph":[{"@type":"WebPage","@id":"https:\/\/test.burgwaechterservice.de\/fr\/p\/boites-aux-lettres\/entree-de-courrier-porta-791-ni\/","url":"https:\/\/test.burgwaechterservice.de\/fr\/p\/boites-aux-lettres\/entree-de-courrier-porta-791-ni\/","name":"Porta 791 Ni - Burg-W\u00e4chter","isPartOf":{"@id":"https:\/\/test.burgwaechterservice.de\/fr\/#website"},"datePublished":"2016-07-26T06:59:07+00:00","dateModified":"2019-10-21T12:30:36+00:00","description":"Porta 791 Ni. Le mat\u00e9riau en acier inoxydable rend cet \u00e9cran particuli\u00e8rement durable, insensible et r\u00e9sistant, en particulier aux intemp\u00e9ries.","breadcrumb":{"@id":"https:\/\/test.burgwaechterservice.de\/fr\/p\/boites-aux-lettres\/entree-de-courrier-porta-791-ni\/#breadcrumb"},"inLanguage":"fr-FR","potentialAction":[{"@type":"ReadAction","target":["https:\/\/test.burgwaechterservice.de\/fr\/p\/boites-aux-lettres\/entree-de-courrier-porta-791-ni\/"]}]},{"@type":"BreadcrumbList","@id":"https:\/\/test.burgwaechterservice.de\/fr\/p\/boites-aux-lettres\/entree-de-courrier-porta-791-ni\/#breadcrumb","itemListElement":[{"@type":"ListItem","position":1,"name":"Accueil","item":"https:\/\/test.burgwaechterservice.de\/fr\/"},{"@type":"ListItem","position":2,"name":"Produits","item":"https:\/\/test.burgwaechterservice.de\/fr\/p\/"},{"@type":"ListItem","position":3,"name":"Entr\u00e9e de courrier Porta 791 Ni"}]},{"@type":"WebSite","@id":"https:\/\/test.burgwaechterservice.de\/fr\/#website","url":"https:\/\/test.burgwaechterservice.de\/fr\/","name":"Burg-W\u00e4chter France","description":"Le choix le plus s\u00fbr!","potentialAction":[{"@type":"SearchAction","target":{"@type":"EntryPoint","urlTemplate":"https:\/\/test.burgwaechterservice.de\/fr\/?s={search_term_string}"},"query-input":"required name=search_term_string"}],"inLanguage":"fr-FR"}]}},"_links":{"self":[{"href":"https:\/\/test.burgwaechterservice.de\/fr\/wp-json\/wp\/v2\/product\/32758"}],"collection":[{"href":"https:\/\/test.burgwaechterservice.de\/fr\/wp-json\/wp\/v2\/product"}],"about":[{"href":"https:\/\/test.burgwaechterservice.de\/fr\/wp-json\/wp\/v2\/types\/product"}],"replies":[{"embeddable":true,"href":"https:\/\/test.burgwaechterservice.de\/fr\/wp-json\/wp\/v2\/comments?post=32758"}],"wp:featuredmedia":[{"embeddable":true,"href":"https:\/\/test.burgwaechterservice.de\/fr\/wp-json\/wp\/v2\/media\/32759"}],"wp:attachment":[{"href":"https:\/\/test.burgwaechterservice.de\/fr\/wp-json\/wp\/v2\/media?parent=32758"}],"wp:term":[{"taxonomy":"product_cat","embeddable":true,"href":"https:\/\/test.burgwaechterservice.de\/fr\/wp-json\/wp\/v2\/product_cat?post=32758"},{"taxonomy":"product_tag","embeddable":true,"href":"https:\/\/test.burgwaechterservice.de\/fr\/wp-json\/wp\/v2\/product_tag?post=32758"}],"curies":[{"name":"wp","href":"https:\/\/api.w.org\/{rel}","templated":true}]}}