{"id":32735,"date":"2016-07-25T16:18:50","date_gmt":"2016-07-25T14:18:50","guid":{"rendered":"https:\/\/www.burg.biz\/?post_type=product&#038;p=32735"},"modified":"2019-05-28T10:48:58","modified_gmt":"2019-05-28T08:48:58","slug":"koeln","status":"publish","type":"product","link":"https:\/\/test.burgwaechterservice.de\/fr\/p\/boites-aux-lettres\/koeln\/","title":{"rendered":"K\u00f6ln"},"content":{"rendered":"<p><img decoding=\"async\" class=\"alignnone wp-image-48087\" src=\"https:\/\/test.burgwaechterservice.de\/international\/wp-content\/uploads\/sites\/7\/2016\/06\/Porta-einteilig-795-794-Rondo-Europa-St%C3%A4nder-eBoxx-.jpg\" alt=\"BUW-Icons-BK 4c OK.indd\" width=\"116\" height=\"118\" \/><a href=\"https:\/\/warranty.burg.biz\/bk\/\" target=\"_blank\" rel=\"noopener noreferrer\"><img decoding=\"async\" class=\"alignright wp-image-254979\" src=\"https:\/\/test.burgwaechterservice.de\/fr\/wp-content\/uploads\/sites\/4\/2016\/07\/Siegel_5_Jahre_Garantie_FR_-295x300.jpg\" alt=\"\" width=\"214\" height=\"218\" srcset=\"https:\/\/test.burgwaechterservice.de\/fr\/wp-content\/uploads\/sites\/4\/2016\/07\/Siegel_5_Jahre_Garantie_FR_-295x300.jpg 295w, https:\/\/test.burgwaechterservice.de\/fr\/wp-content\/uploads\/sites\/4\/2016\/07\/Siegel_5_Jahre_Garantie_FR_.jpg 485w\" sizes=\"(max-width: 214px) 100vw, 214px\" \/><br \/>\n<\/a><\/p>\n<h2>La bo\u00eete aux lettres standard et pratique K\u00f6ln avec format de fente au choix<\/h2>\n<p>DIN B5 ou DIN A4\u00a0? \u00c0 vous de choisir.<br \/>\nLes bo\u00eetes aux lettres collectives K\u00f6ln peuvent \u00eatre mont\u00e9es de mani\u00e8re optimale au mur ou en s\u00e9rie gr\u00e2ce \u00e0 leur version avec perforations. Elles marquent aussi des points avec de petits d\u00e9tails visibles.<\/p>\n<h3>Mod\u00e8le pratique et compact<\/h3>\n<p>La petite bo\u00eete aux lettres K\u00f6ln de BURG-W\u00c4CHTER a tout d&#8217;une grande et s\u00e9duit par ses <strong>lignes simples<\/strong>. Sa signature visuelle\u00a0: les <strong>trois fen\u00eatres<\/strong>\u00a0 <strong>\u00e9troites <\/strong>pr\u00e9sentes sur sa porte.<br \/>\nLa bo\u00eete aux lettres en acier <strong>galvanis\u00e9<\/strong> est ainsi beaucoup plus <strong>r\u00e9sistante<\/strong> et solide que sans ce traitement de surface.<br \/>\nNous vous recommandons de la nettoyer r\u00e9guli\u00e8rement avec un chiffon humide et propre. Ainsi, elle reste en bon \u00e9tat pendant longtemps.<\/p>\n<p>Vous pouvez choisir entre <strong>deux formats de fente<\/strong> afin d&#8217;avoir la taille de passage de courrier adapt\u00e9e \u00e0 vos bo\u00eetes aux lettres collectives. Optez entre le format <strong>DIN B5 <\/strong>(871) ou la version un peu plus large <strong>DIN A4 <\/strong>(872).<\/p>\n<p>Le mod\u00e8le K\u00f6ln est disponible en blanc ou marron.<\/p>\n<p>Le mat\u00e9riel de fixation au mur est compris dans la livraison de la bo\u00eete aux lettres K\u00f6ln.<\/p>\n<h3>Mod\u00e8le perfor\u00e9 pour \u00e9quipement collectif<\/h3>\n<p>Le mod\u00e8le K\u00f6ln <strong>avec perforations<\/strong> est con\u00e7u pour \u00eatre utilis\u00e9 dans un <strong>\u00e9quipement collectif<\/strong>.<br \/>\nGr\u00e2ce \u00e0 ses 16 trous, il peut \u00eatre ais\u00e9ment assembl\u00e9 \u00e0 d&#8217;autres bo\u00eetes aux lettres du m\u00eame mod\u00e8le. Les perforations inutilis\u00e9es peuvent \u00eatre colmat\u00e9es \u00e0 l&#8217;aide de bouchons en plastique compris dans la livraison.<br \/>\nVous pouvez \u00e9galement acheter un cadre pour un montage solide sous enduit (prix par m\u00b2 courant) ainsi qu&#8217;un habillage sp\u00e9cial pour les bo\u00eetes aux lettres collectives (\u00e0 partir de 4 unit\u00e9s).<\/p>\n<h3>Le mod\u00e8le K\u00f6ln de BURG-W\u00c4CHTER en un coup d&#8217;\u0153il<\/h3>\n<ul>\n<li>Bo\u00eete aux lettres standard pour montage mural<\/li>\n<li>Mod\u00e8le avec perforations disponible pour \u00e9quipement collectif<\/li>\n<li>Trois fen\u00eatres dans la porte<\/li>\n<li>Avec volet de passage du courrier\n<ul>\n<li>871: Format de fente\u00a0: DIN B5<br \/>\n(L x H\u00a0: 185 x 35 mm)<\/li>\n<li>872: Format de fente\u00a0: DIN A4<br \/>\n(L x H\u00a0: 225 x 35 mm)<\/li>\n<\/ul>\n<\/li>\n<li>Disponible en blanc ou marron<\/li>\n<li>Dimensions L x l x H\u00a0:<br \/>\n871 315 x 215 x 75 mm<br \/>\n872\u00a0\u00a0\u00a0\u00a0\u00a0\u00a0\u00a0 340 x 255 x 85 mm<\/li>\n<li>Mat\u00e9riel de fixation compris dans la livraison<\/li>\n<\/ul>\n<table class=\"ausfuehrung\">\n<thead>\n<tr>\n<td>Article<\/td>\n<td>Couleurs<\/td>\n<td>H x\u00a0L x P<\/td>\n<td>Fente<\/td>\n<\/tr>\n<tr>\n<td class=\"subdesc\"><\/td>\n<td><\/td>\n<td class=\"subdesc\">mm<\/td>\n<td class=\"subdesc\">L\u00a0x H (mm)<\/td>\n<\/tr>\n<\/thead>\n<tbody>\n<tr>\n<td>871 W<\/td>\n<td>blanc<\/td>\n<td>315 x 215 x 75<\/td>\n<td>185 x 35<\/td>\n<\/tr>\n<tr>\n<td>871 BR<\/td>\n<td>brun<\/td>\n<td>315 x 215 x 75<\/td>\n<td>185 x 35<\/td>\n<\/tr>\n<tr>\n<td>872 W<\/td>\n<td>blanc<\/td>\n<td>340 x 255 x 85<\/td>\n<td>225 x 35<\/td>\n<\/tr>\n<tr>\n<td>872 BR<\/td>\n<td>brun<\/td>\n<td>340 x 255 x 85<\/td>\n<td>225 x 35<\/td>\n<\/tr>\n<tr>\n<td>poin\u00e7onn\u00e9e 871 W<\/td>\n<td>blanc<\/td>\n<td>315 x 215 x 75<\/td>\n<td>185 x 35<\/td>\n<\/tr>\n<tr>\n<td>poin\u00e7onn\u00e9e 872 W<\/td>\n<td>blanc<\/td>\n<td>340 x 255 x 85<\/td>\n<td>225 x 35<\/td>\n<\/tr>\n<\/tbody>\n<\/table>\n","protected":false},"excerpt":{"rendered":"<p>La bo\u00eete aux lettres standard et pratique K\u00f6ln avec format de fente au choix DIN B5 ou DIN A4\u00a0? \u00c0 vous de choisir. Les bo\u00eetes aux lettres collectives K\u00f6ln peuvent \u00eatre mont\u00e9es de mani\u00e8re optimale au mur ou en s\u00e9rie &hellip; <a class=\"kt-excerpt-readmore\" href=\"https:\/\/test.burgwaechterservice.de\/fr\/p\/boites-aux-lettres\/koeln\/\" aria-label=\"K\u00f6ln\">Lire la suite<\/a><\/p>\n","protected":false},"featured_media":32740,"comment_status":"closed","ping_status":"closed","template":"","meta":[],"product_cat":[23,46],"product_tag":[],"yoast_head":"<!-- This site is optimized with the Yoast SEO Premium plugin v18.4 (Yoast SEO v19.13) - https:\/\/yoast.com\/wordpress\/plugins\/seo\/ -->\n<title>K\u00f6ln - Burg-W\u00e4chter<\/title>\n<meta name=\"description\" content=\"La bo\u00eete aux lettres standard et pratique K\u00f6ln avec format de fente au choix DIN B5 ou DIN A4\u00a0? \u00c0 vous de choisir. Les bo\u00eetes aux lettres collectives K\u00f6ln\" \/>\n<meta name=\"robots\" content=\"index, follow, max-snippet:-1, max-image-preview:large, max-video-preview:-1\" \/>\n<link rel=\"canonical\" href=\"https:\/\/test.burgwaechterservice.de\/fr\/p\/boites-aux-lettres\/koeln\/\" \/>\n<meta property=\"og:locale\" content=\"fr_FR\" \/>\n<meta property=\"og:type\" content=\"article\" \/>\n<meta property=\"og:title\" content=\"K\u00f6ln\" \/>\n<meta property=\"og:description\" content=\"La bo\u00eete aux lettres standard et pratique K\u00f6ln avec format de fente au choix DIN B5 ou DIN A4\u00a0? \u00c0 vous de choisir. Les bo\u00eetes aux lettres collectives K\u00f6ln\" \/>\n<meta property=\"og:url\" content=\"https:\/\/test.burgwaechterservice.de\/fr\/p\/boites-aux-lettres\/koeln\/\" \/>\n<meta property=\"og:site_name\" content=\"Burg-W\u00e4chter France\" \/>\n<meta property=\"article:modified_time\" content=\"2019-05-28T08:48:58+00:00\" \/>\n<meta property=\"og:image\" content=\"https:\/\/test.burgwaechterservice.de\/fr\/wp-content\/uploads\/sites\/4\/2016\/07\/jyd46rbh.jpg\" \/>\n\t<meta property=\"og:image:width\" content=\"622\" \/>\n\t<meta property=\"og:image:height\" content=\"662\" \/>\n\t<meta property=\"og:image:type\" content=\"image\/jpeg\" \/>\n<meta name=\"twitter:card\" content=\"summary_large_image\" \/>\n<meta name=\"twitter:label1\" content=\"Dur\u00e9e de lecture estim\u00e9e\" \/>\n\t<meta name=\"twitter:data1\" content=\"2 minutes\" \/>\n<!-- \/ Yoast SEO Premium plugin. -->","yoast_head_json":{"title":"K\u00f6ln - Burg-W\u00e4chter","description":"La bo\u00eete aux lettres standard et pratique K\u00f6ln avec format de fente au choix DIN B5 ou DIN A4\u00a0? \u00c0 vous de choisir. Les bo\u00eetes aux lettres collectives K\u00f6ln","robots":{"index":"index","follow":"follow","max-snippet":"max-snippet:-1","max-image-preview":"max-image-preview:large","max-video-preview":"max-video-preview:-1"},"canonical":"https:\/\/test.burgwaechterservice.de\/fr\/p\/boites-aux-lettres\/koeln\/","og_locale":"fr_FR","og_type":"article","og_title":"K\u00f6ln","og_description":"La bo\u00eete aux lettres standard et pratique K\u00f6ln avec format de fente au choix DIN B5 ou DIN A4\u00a0? \u00c0 vous de choisir. Les bo\u00eetes aux lettres collectives K\u00f6ln","og_url":"https:\/\/test.burgwaechterservice.de\/fr\/p\/boites-aux-lettres\/koeln\/","og_site_name":"Burg-W\u00e4chter France","article_modified_time":"2019-05-28T08:48:58+00:00","og_image":[{"width":622,"height":662,"url":"https:\/\/test.burgwaechterservice.de\/fr\/wp-content\/uploads\/sites\/4\/2016\/07\/jyd46rbh.jpg","type":"image\/jpeg"}],"twitter_card":"summary_large_image","twitter_misc":{"Dur\u00e9e de lecture estim\u00e9e":"2 minutes"},"schema":{"@context":"https:\/\/schema.org","@graph":[{"@type":"WebPage","@id":"https:\/\/test.burgwaechterservice.de\/fr\/p\/boites-aux-lettres\/koeln\/","url":"https:\/\/test.burgwaechterservice.de\/fr\/p\/boites-aux-lettres\/koeln\/","name":"K\u00f6ln - Burg-W\u00e4chter","isPartOf":{"@id":"https:\/\/test.burgwaechterservice.de\/fr\/#website"},"datePublished":"2016-07-25T14:18:50+00:00","dateModified":"2019-05-28T08:48:58+00:00","description":"La bo\u00eete aux lettres standard et pratique K\u00f6ln avec format de fente au choix DIN B5 ou DIN A4\u00a0? \u00c0 vous de choisir. Les bo\u00eetes aux lettres collectives K\u00f6ln","breadcrumb":{"@id":"https:\/\/test.burgwaechterservice.de\/fr\/p\/boites-aux-lettres\/koeln\/#breadcrumb"},"inLanguage":"fr-FR","potentialAction":[{"@type":"ReadAction","target":["https:\/\/test.burgwaechterservice.de\/fr\/p\/boites-aux-lettres\/koeln\/"]}]},{"@type":"BreadcrumbList","@id":"https:\/\/test.burgwaechterservice.de\/fr\/p\/boites-aux-lettres\/koeln\/#breadcrumb","itemListElement":[{"@type":"ListItem","position":1,"name":"Accueil","item":"https:\/\/test.burgwaechterservice.de\/fr\/"},{"@type":"ListItem","position":2,"name":"Produits","item":"https:\/\/test.burgwaechterservice.de\/fr\/p\/"},{"@type":"ListItem","position":3,"name":"K\u00f6ln"}]},{"@type":"WebSite","@id":"https:\/\/test.burgwaechterservice.de\/fr\/#website","url":"https:\/\/test.burgwaechterservice.de\/fr\/","name":"Burg-W\u00e4chter France","description":"Le choix le plus s\u00fbr!","potentialAction":[{"@type":"SearchAction","target":{"@type":"EntryPoint","urlTemplate":"https:\/\/test.burgwaechterservice.de\/fr\/?s={search_term_string}"},"query-input":"required name=search_term_string"}],"inLanguage":"fr-FR"}]}},"_links":{"self":[{"href":"https:\/\/test.burgwaechterservice.de\/fr\/wp-json\/wp\/v2\/product\/32735"}],"collection":[{"href":"https:\/\/test.burgwaechterservice.de\/fr\/wp-json\/wp\/v2\/product"}],"about":[{"href":"https:\/\/test.burgwaechterservice.de\/fr\/wp-json\/wp\/v2\/types\/product"}],"replies":[{"embeddable":true,"href":"https:\/\/test.burgwaechterservice.de\/fr\/wp-json\/wp\/v2\/comments?post=32735"}],"wp:featuredmedia":[{"embeddable":true,"href":"https:\/\/test.burgwaechterservice.de\/fr\/wp-json\/wp\/v2\/media\/32740"}],"wp:attachment":[{"href":"https:\/\/test.burgwaechterservice.de\/fr\/wp-json\/wp\/v2\/media?parent=32735"}],"wp:term":[{"taxonomy":"product_cat","embeddable":true,"href":"https:\/\/test.burgwaechterservice.de\/fr\/wp-json\/wp\/v2\/product_cat?post=32735"},{"taxonomy":"product_tag","embeddable":true,"href":"https:\/\/test.burgwaechterservice.de\/fr\/wp-json\/wp\/v2\/product_tag?post=32735"}],"curies":[{"name":"wp","href":"https:\/\/api.w.org\/{rel}","templated":true}]}}