{"id":32731,"date":"2016-07-25T16:07:58","date_gmt":"2016-07-25T14:07:58","guid":{"rendered":"https:\/\/www.burg.biz\/?post_type=product&#038;p=32731"},"modified":"2019-08-15T11:32:19","modified_gmt":"2019-08-15T09:32:19","slug":"leipzig-777","status":"publish","type":"product","link":"https:\/\/test.burgwaechterservice.de\/fr\/p\/boites-aux-lettres\/leipzig-777\/","title":{"rendered":"Leipzig 777"},"content":{"rendered":"<p><img decoding=\"async\" class=\"alignnone wp-image-41813\" src=\"https:\/\/test.burgwaechterservice.de\/fr\/wp-content\/uploads\/sites\/4\/2016\/07\/Amsterdam-Set-Vario-Magdeburg-Potsdam-Leipzig.jpg\" alt=\"BUW-Icons-BK 4c OK.indd\" width=\"327\" height=\"118\" srcset=\"https:\/\/test.burgwaechterservice.de\/fr\/wp-content\/uploads\/sites\/4\/2016\/07\/Amsterdam-Set-Vario-Magdeburg-Potsdam-Leipzig.jpg 884w, https:\/\/test.burgwaechterservice.de\/fr\/wp-content\/uploads\/sites\/4\/2016\/07\/Amsterdam-Set-Vario-Magdeburg-Potsdam-Leipzig-300x108.jpg 300w, https:\/\/test.burgwaechterservice.de\/fr\/wp-content\/uploads\/sites\/4\/2016\/07\/Amsterdam-Set-Vario-Magdeburg-Potsdam-Leipzig-768x277.jpg 768w\" sizes=\"(max-width: 327px) 100vw, 327px\" \/><a href=\"https:\/\/warranty.burg.biz\/bk\/\" target=\"_blank\" rel=\"noopener noreferrer\"><img decoding=\"async\" class=\"alignright wp-image-254979\" src=\"https:\/\/test.burgwaechterservice.de\/fr\/wp-content\/uploads\/sites\/4\/2016\/07\/Siegel_5_Jahre_Garantie_FR_-295x300.jpg\" alt=\"\" width=\"214\" height=\"218\" srcset=\"https:\/\/test.burgwaechterservice.de\/fr\/wp-content\/uploads\/sites\/4\/2016\/07\/Siegel_5_Jahre_Garantie_FR_-295x300.jpg 295w, https:\/\/test.burgwaechterservice.de\/fr\/wp-content\/uploads\/sites\/4\/2016\/07\/Siegel_5_Jahre_Garantie_FR_.jpg 485w\" sizes=\"(max-width: 214px) 100vw, 214px\" \/><br \/>\n<\/a><\/p>\n<h2>Votre courrier peut prendre ses aises dans la bo\u00eete aux lettres Leipzig au format portrait<\/h2>\n<p>Le mod\u00e8le Leipzig au format portrait est fabriqu\u00e9 en acier enti\u00e8rement galvanis\u00e9. Ce mat\u00e9riau est le passage oblig\u00e9 pour un <strong>montage \u00e0 l&#8217;ext\u00e9rieur<\/strong> mais aussi <strong>\u00e0 l&#8217;int\u00e9rieur<\/strong>. Il est disponible aussi avec perforations pour un \u00e9quipement collectif.<\/p>\n<h3>Mod\u00e8le au format portrait<\/h3>\n<p>Les <strong>lignes simples <\/strong>et <strong>droites<\/strong> du mod\u00e8le Leipzig apportent place et protection pour votre courrier et vos journaux. Le passage de courrier au format DIN C4 facilite le travail du facteur et le <strong>syst\u00e8me d&#8217;arr\u00eat int\u00e9gr\u00e9<\/strong> de la porte assure un relev\u00e9 tr\u00e8s confortable des lettres.<br \/>\nCe mod\u00e8le est disponible en trois couleurs : blanc discret, anthracite et marron fonc\u00e9 \u00e9l\u00e9gant.<\/p>\n<p>Ce mod\u00e8le r\u00e9pond \u00e9galement \u00e0 la norme EN 13724 comme de nombreuses autres bo\u00eetes aux lettres.<\/p>\n<p>La Leipzig peut \u00eatre rapidement mont\u00e9e \u00e0 votre mur \u00e0 l&#8217;aide du mat\u00e9riel de fixation compris dans la livraison.<\/p>\n<h3>Mod\u00e8le perfor\u00e9 pour \u00e9quipement collectif<\/h3>\n<p>Le mod\u00e8le Leipzig 777 <strong>avec perforations<\/strong> est con\u00e7u pour un cr\u00e9er un <strong>\u00e9quipement collectif<\/strong>.<br \/>\nGr\u00e2ce \u00e0 ses 8 trous, il peut \u00eatre ais\u00e9ment assembl\u00e9 \u00e0 d&#8217;autres bo\u00eetes aux lettres du m\u00eame mod\u00e8le. Les perforations inutilis\u00e9es peuvent \u00eatre colmat\u00e9es \u00e0 l&#8217;aide de bouchons en plastique compris dans la livraison.<br \/>\nVous pouvez \u00e9galement acheter un cadre pour un montage solide sous enduit (prix par m\u00b2 courant) ainsi qu&#8217;un habillage sp\u00e9cial pour les bo\u00eetes aux lettres collectives (\u00e0 partir de 4 unit\u00e9s). Ce mod\u00e8le est disponible en deux couleurs : blanc et anthracite.<\/p>\n<h3>Acier enti\u00e8rement galvanis\u00e9<\/h3>\n<p>Cette bo\u00eete aux lettres en acier est <strong>galvanis\u00e9e sur toute sa surface<\/strong> ce qui lui permet d&#8217;<strong>affronter les intemp\u00e9ries<\/strong> et d&#8217;<strong>apporter une protection sans faille \u00e0 son contenu<\/strong>.<br \/>\nCette bo\u00eete aux lettres ne demande pas trop d&#8217;entretien\u00a0: il vous suffit de passer r\u00e9guli\u00e8rement un coup de chiffon humide et propre. De cette mani\u00e8re, le mod\u00e8le Leipzig conserve longtemps son aspect simple et \u00e9l\u00e9gant.<\/p>\n<h3>Le mod\u00e8le Leipzig 777 de BURG-W\u00c4CHTER en un coup d&#8217;\u0153il<\/h3>\n<ul>\n<li>Mod\u00e8le au format portrait pour \u00e9quipement collectif de grande envergure<\/li>\n<li>R\u00e9pond \u00e0 la norme EN 13724<\/li>\n<li>Avec passage de courrier \u00e0 l&#8217;avant<\/li>\n<li>Volume spacieux pour votre courrier<\/li>\n<li>Disponible en blanc,\u00a0<span id=\"result_box\" class=\"short_text\" lang=\"fr\">anthracite<\/span> ou marron<\/li>\n<li>Format de fente\u00a0: DIN C4<br \/>\n(L x H : 252 x 30 mm)<\/li>\n<li>Dimensions L x l x H : 397 x 284 x 104 mm<\/li>\n<li>Mat\u00e9riel de fixation compris dans la livraison<\/li>\n<\/ul>\n<p>&nbsp;<\/p>\n<table class=\"ausfuehrung\">\n<thead>\n<tr>\n<td>Article<\/td>\n<td>Couleurs<\/td>\n<td>H x\u00a0L x P<\/td>\n<td>Fente<\/td>\n<\/tr>\n<tr>\n<td class=\"subdesc\"><\/td>\n<td><\/td>\n<td class=\"subdesc\">mm<\/td>\n<td class=\"subdesc\">L\u00a0x H (mm)<\/td>\n<\/tr>\n<\/thead>\n<tbody>\n<tr>\n<td>777 W<\/td>\n<td>blanc<\/td>\n<td>397 x 284 x 104<\/td>\n<td>252 x 30<\/td>\n<\/tr>\n<tr>\n<td>777 BR<\/td>\n<td>marron<\/td>\n<td>397 x 284 x 104<\/td>\n<td>252 x 30<\/td>\n<\/tr>\n<tr>\n<td>777 ANT<\/td>\n<td><span id=\"result_box\" class=\"short_text\" lang=\"en\">anthracite<\/span><\/td>\n<td>397 x 284 x 104<\/td>\n<td>252 x 30<\/td>\n<\/tr>\n<tr>\n<td>poin\u00e7onn\u00e9e 777 W<\/td>\n<td>blanc<\/td>\n<td>397 x 284 x 104<\/td>\n<td>252 x 30<\/td>\n<\/tr>\n<tr>\n<td>poin\u00e7onn\u00e9e 777 ANT<\/td>\n<td><span id=\"result_box\" class=\"short_text\" lang=\"en\">anthracite<\/span><\/td>\n<td>397 x 284 x 104<\/td>\n<td>252 x 30<\/td>\n<\/tr>\n<\/tbody>\n<\/table>\n<p>&nbsp;<\/p>\n","protected":false},"excerpt":{"rendered":"<p>Votre courrier peut prendre ses aises dans la bo\u00eete aux lettres Leipzig au format portrait Le mod\u00e8le Leipzig au format portrait est fabriqu\u00e9 en acier enti\u00e8rement galvanis\u00e9. Ce mat\u00e9riau est le passage oblig\u00e9 pour un montage \u00e0 l&#8217;ext\u00e9rieur mais aussi &hellip; <a class=\"kt-excerpt-readmore\" href=\"https:\/\/test.burgwaechterservice.de\/fr\/p\/boites-aux-lettres\/leipzig-777\/\" aria-label=\"Leipzig 777\">Lire la suite<\/a><\/p>\n","protected":false},"featured_media":203706,"comment_status":"closed","ping_status":"closed","template":"","meta":[],"product_cat":[23,46],"product_tag":[],"yoast_head":"<!-- This site is optimized with the Yoast SEO Premium plugin v18.4 (Yoast SEO v19.13) - https:\/\/yoast.com\/wordpress\/plugins\/seo\/ -->\n<title>Leipzig 777 - Burg-W\u00e4chter<\/title>\n<meta name=\"description\" content=\"Votre courrier peut prendre ses aises dans la bo\u00eete aux lettres Leipzig au format portrait Le mod\u00e8le Leipzig au format portrait est fabriqu\u00e9 en acier\" \/>\n<meta name=\"robots\" content=\"index, follow, max-snippet:-1, max-image-preview:large, max-video-preview:-1\" \/>\n<link rel=\"canonical\" href=\"https:\/\/test.burgwaechterservice.de\/fr\/p\/boites-aux-lettres\/leipzig-777\/\" \/>\n<meta property=\"og:locale\" content=\"fr_FR\" \/>\n<meta property=\"og:type\" content=\"article\" \/>\n<meta property=\"og:title\" content=\"Leipzig 777\" \/>\n<meta property=\"og:description\" content=\"Votre courrier peut prendre ses aises dans la bo\u00eete aux lettres Leipzig au format portrait Le mod\u00e8le Leipzig au format portrait est fabriqu\u00e9 en acier\" \/>\n<meta property=\"og:url\" content=\"https:\/\/test.burgwaechterservice.de\/fr\/p\/boites-aux-lettres\/leipzig-777\/\" \/>\n<meta property=\"og:site_name\" content=\"Burg-W\u00e4chter France\" \/>\n<meta property=\"article:modified_time\" content=\"2019-08-15T09:32:19+00:00\" \/>\n<meta property=\"og:image\" content=\"https:\/\/test.burgwaechterservice.de\/fr\/wp-content\/uploads\/sites\/4\/2018\/11\/Leipzig_777_W.jpg\" \/>\n\t<meta property=\"og:image:width\" content=\"1500\" \/>\n\t<meta property=\"og:image:height\" content=\"1500\" \/>\n\t<meta property=\"og:image:type\" content=\"image\/jpeg\" \/>\n<meta name=\"twitter:card\" content=\"summary_large_image\" \/>\n<meta name=\"twitter:label1\" content=\"Dur\u00e9e de lecture estim\u00e9e\" \/>\n\t<meta name=\"twitter:data1\" content=\"2 minutes\" \/>\n<!-- \/ Yoast SEO Premium plugin. -->","yoast_head_json":{"title":"Leipzig 777 - Burg-W\u00e4chter","description":"Votre courrier peut prendre ses aises dans la bo\u00eete aux lettres Leipzig au format portrait Le mod\u00e8le Leipzig au format portrait est fabriqu\u00e9 en acier","robots":{"index":"index","follow":"follow","max-snippet":"max-snippet:-1","max-image-preview":"max-image-preview:large","max-video-preview":"max-video-preview:-1"},"canonical":"https:\/\/test.burgwaechterservice.de\/fr\/p\/boites-aux-lettres\/leipzig-777\/","og_locale":"fr_FR","og_type":"article","og_title":"Leipzig 777","og_description":"Votre courrier peut prendre ses aises dans la bo\u00eete aux lettres Leipzig au format portrait Le mod\u00e8le Leipzig au format portrait est fabriqu\u00e9 en acier","og_url":"https:\/\/test.burgwaechterservice.de\/fr\/p\/boites-aux-lettres\/leipzig-777\/","og_site_name":"Burg-W\u00e4chter France","article_modified_time":"2019-08-15T09:32:19+00:00","og_image":[{"width":1500,"height":1500,"url":"https:\/\/test.burgwaechterservice.de\/fr\/wp-content\/uploads\/sites\/4\/2018\/11\/Leipzig_777_W.jpg","type":"image\/jpeg"}],"twitter_card":"summary_large_image","twitter_misc":{"Dur\u00e9e de lecture estim\u00e9e":"2 minutes"},"schema":{"@context":"https:\/\/schema.org","@graph":[{"@type":"WebPage","@id":"https:\/\/test.burgwaechterservice.de\/fr\/p\/boites-aux-lettres\/leipzig-777\/","url":"https:\/\/test.burgwaechterservice.de\/fr\/p\/boites-aux-lettres\/leipzig-777\/","name":"Leipzig 777 - Burg-W\u00e4chter","isPartOf":{"@id":"https:\/\/test.burgwaechterservice.de\/fr\/#website"},"datePublished":"2016-07-25T14:07:58+00:00","dateModified":"2019-08-15T09:32:19+00:00","description":"Votre courrier peut prendre ses aises dans la bo\u00eete aux lettres Leipzig au format portrait Le mod\u00e8le Leipzig au format portrait est fabriqu\u00e9 en acier","breadcrumb":{"@id":"https:\/\/test.burgwaechterservice.de\/fr\/p\/boites-aux-lettres\/leipzig-777\/#breadcrumb"},"inLanguage":"fr-FR","potentialAction":[{"@type":"ReadAction","target":["https:\/\/test.burgwaechterservice.de\/fr\/p\/boites-aux-lettres\/leipzig-777\/"]}]},{"@type":"BreadcrumbList","@id":"https:\/\/test.burgwaechterservice.de\/fr\/p\/boites-aux-lettres\/leipzig-777\/#breadcrumb","itemListElement":[{"@type":"ListItem","position":1,"name":"Accueil","item":"https:\/\/test.burgwaechterservice.de\/fr\/"},{"@type":"ListItem","position":2,"name":"Produits","item":"https:\/\/test.burgwaechterservice.de\/fr\/p\/"},{"@type":"ListItem","position":3,"name":"Leipzig 777"}]},{"@type":"WebSite","@id":"https:\/\/test.burgwaechterservice.de\/fr\/#website","url":"https:\/\/test.burgwaechterservice.de\/fr\/","name":"Burg-W\u00e4chter France","description":"Le choix le plus s\u00fbr!","potentialAction":[{"@type":"SearchAction","target":{"@type":"EntryPoint","urlTemplate":"https:\/\/test.burgwaechterservice.de\/fr\/?s={search_term_string}"},"query-input":"required name=search_term_string"}],"inLanguage":"fr-FR"}]}},"_links":{"self":[{"href":"https:\/\/test.burgwaechterservice.de\/fr\/wp-json\/wp\/v2\/product\/32731"}],"collection":[{"href":"https:\/\/test.burgwaechterservice.de\/fr\/wp-json\/wp\/v2\/product"}],"about":[{"href":"https:\/\/test.burgwaechterservice.de\/fr\/wp-json\/wp\/v2\/types\/product"}],"replies":[{"embeddable":true,"href":"https:\/\/test.burgwaechterservice.de\/fr\/wp-json\/wp\/v2\/comments?post=32731"}],"wp:featuredmedia":[{"embeddable":true,"href":"https:\/\/test.burgwaechterservice.de\/fr\/wp-json\/wp\/v2\/media\/203706"}],"wp:attachment":[{"href":"https:\/\/test.burgwaechterservice.de\/fr\/wp-json\/wp\/v2\/media?parent=32731"}],"wp:term":[{"taxonomy":"product_cat","embeddable":true,"href":"https:\/\/test.burgwaechterservice.de\/fr\/wp-json\/wp\/v2\/product_cat?post=32731"},{"taxonomy":"product_tag","embeddable":true,"href":"https:\/\/test.burgwaechterservice.de\/fr\/wp-json\/wp\/v2\/product_tag?post=32731"}],"curies":[{"name":"wp","href":"https:\/\/api.w.org\/{rel}","templated":true}]}}