{"id":32726,"date":"2016-07-25T15:56:41","date_gmt":"2016-07-25T13:56:41","guid":{"rendered":"https:\/\/www.burg.biz\/?post_type=product&#038;p=32726"},"modified":"2019-08-21T11:41:39","modified_gmt":"2019-08-21T09:41:39","slug":"potsdam-877","status":"publish","type":"product","link":"https:\/\/test.burgwaechterservice.de\/fr\/p\/boites-aux-lettres\/potsdam-877\/","title":{"rendered":"Potsdam 877"},"content":{"rendered":"<p><img decoding=\"async\" class=\"alignnone wp-image-41813\" src=\"https:\/\/test.burgwaechterservice.de\/fr\/wp-content\/uploads\/sites\/4\/2016\/07\/Amsterdam-Set-Vario-Magdeburg-Potsdam-Leipzig.jpg\" alt=\"BUW-Icons-BK 4c OK.indd\" width=\"327\" height=\"118\" srcset=\"https:\/\/test.burgwaechterservice.de\/fr\/wp-content\/uploads\/sites\/4\/2016\/07\/Amsterdam-Set-Vario-Magdeburg-Potsdam-Leipzig.jpg 884w, https:\/\/test.burgwaechterservice.de\/fr\/wp-content\/uploads\/sites\/4\/2016\/07\/Amsterdam-Set-Vario-Magdeburg-Potsdam-Leipzig-300x108.jpg 300w, https:\/\/test.burgwaechterservice.de\/fr\/wp-content\/uploads\/sites\/4\/2016\/07\/Amsterdam-Set-Vario-Magdeburg-Potsdam-Leipzig-768x277.jpg 768w\" sizes=\"(max-width: 327px) 100vw, 327px\" \/><a href=\"https:\/\/warranty.burg.biz\/bk\/\" target=\"_blank\" rel=\"noopener noreferrer\"><img decoding=\"async\" class=\"alignright wp-image-254979\" src=\"https:\/\/test.burgwaechterservice.de\/fr\/wp-content\/uploads\/sites\/4\/2016\/07\/Siegel_5_Jahre_Garantie_FR_-295x300.jpg\" alt=\"\" width=\"214\" height=\"218\" srcset=\"https:\/\/test.burgwaechterservice.de\/fr\/wp-content\/uploads\/sites\/4\/2016\/07\/Siegel_5_Jahre_Garantie_FR_-295x300.jpg 295w, https:\/\/test.burgwaechterservice.de\/fr\/wp-content\/uploads\/sites\/4\/2016\/07\/Siegel_5_Jahre_Garantie_FR_.jpg 485w\" sizes=\"(max-width: 214px) 100vw, 214px\" \/><br \/>\n<\/a><\/p>\n<h2>La bo\u00eete aux lettres grand volume Potsdam pour un montage mural<\/h2>\n<p>BURG-W\u00c4CHTER dispose de la solution id\u00e9ale pour un montage au mur pratique \u00e0 l&#8217;int\u00e9rieur ou \u00e0 l&#8217;ext\u00e9rieur\u00a0: le mod\u00e8le Potsdam aux lignes simples est spacieux. Il existe \u00e9galement avec perforations pour un montage en s\u00e9rie.<\/p>\n<h3>Mod\u00e8le spacieux<\/h3>\n<p>Cette bo\u00eete aux lettres au <strong>format paysage<\/strong> offre \u00e9norm\u00e9ment de place pour votre courrier et se laisse monter sans probl\u00e8me au mur. Son contenu est ainsi prot\u00e9g\u00e9 en toute situation des caprices de la m\u00e9t\u00e9o et des influences ext\u00e9rieures.<br \/>\nLe volet de passage du courrier au format DIN C4 facilite le travail du facteur m\u00eame lorsque vous recevez des lettres grand format. Le <strong>syst\u00e8me d&#8217;arr\u00eat int\u00e9gr\u00e9<\/strong> de la porte est particuli\u00e8rement pratique lorsque vous relevez votre courrier\u00a0: ainsi, impossible que vos lettres tombent par terre.<br \/>\nCette bo\u00eete aux lettres grand volume est disponible en blanc, anthracite, argent\u00e9 et marron.<\/p>\n<p>Les caract\u00e9ristiques de cette bo\u00eete aux lettres pour cl\u00f4ture de BURG-W\u00c4CHTER r\u00e9pondent \u00e0 la norme europ\u00e9enne (EN 13724).<\/p>\n<h3>Mod\u00e8le perfor\u00e9 pour \u00e9quipement collectif<\/h3>\n<p>Le mod\u00e8le Potsdam <strong>avec perforations<\/strong> est con\u00e7u pour \u00eatre utilis\u00e9 dans un <strong>\u00e9quipement collectif<\/strong>. Cette bo\u00eete aux lettres est disponible en blanc, anthracite et marron.<br \/>\nGr\u00e2ce \u00e0 ses 16 trous, il peut \u00eatre ais\u00e9ment assembl\u00e9 \u00e0 d&#8217;autres bo\u00eetes aux lettres du m\u00eame mod\u00e8le. Les perforations inutilis\u00e9es peuvent \u00eatre colmat\u00e9es \u00e0 l&#8217;aide de bouchons en plastique compris dans la livraison.<br \/>\nLe mat\u00e9riel de fixation est compris dans la livraison.<\/p>\n<p>Vous pouvez \u00e9galement acheter un cadre pour un montage solide sous enduit (prix par m\u00b2 courant) ainsi qu&#8217;un habillage sp\u00e9cial pour les bo\u00eetes aux lettres collectives (\u00e0 partir de 4 unit\u00e9s).<\/p>\n<h3>Acier galvanis\u00e9 sur toute la surface<\/h3>\n<p>Nous avons <strong>galvanis\u00e9 toute la surface<\/strong> de la bo\u00eete aux lettres pour cl\u00f4ture Potsdam afin qu&#8217;elle soit encore plus r\u00e9sistante face aux caprices de la m\u00e9t\u00e9o et que son contenu soit prot\u00e9g\u00e9 de mani\u00e8re optimale. Et elle est ainsi encore plus facile \u00e0 entretenir.<br \/>\nNous vous recommandons de nettoyer r\u00e9guli\u00e8rement ce mod\u00e8le avec un chiffon humide et propre afin de pouvoir l&#8217;utiliser pendant longtemps.<\/p>\n<h3>Le mod\u00e8le Potsdam 877 pour montage mural<\/h3>\n<ul>\n<li>Mod\u00e8le spacieux<\/li>\n<li>R\u00e9pond \u00e0 la norme EN 13724<\/li>\n<li>Format paysage<\/li>\n<li>Passage de courrier \u00e0 l&#8217;avant<\/li>\n<li>Porte avec syst\u00e8me d&#8217;arr\u00eat<\/li>\n<li>Disponible en blanc, argent\u00e9, anthracite et marron<\/li>\n<li>Format de fente\u00a0: DIN C4<br \/>\n(L x H\u00a0: 333 x 34 mm)<\/li>\n<li>Dimensions L x l x H\u00a0: 322 x 362 x 100 mm<\/li>\n<li>Mat\u00e9riel de fixation compris dans la livraison<\/li>\n<\/ul>\n<table class=\"ausfuehrung\">\n<thead>\n<tr>\n<td>Article<\/td>\n<td>Couleurs<\/td>\n<td>H x\u00a0L x P<\/td>\n<td>Fente<\/td>\n<\/tr>\n<tr>\n<td class=\"subdesc\"><\/td>\n<td><\/td>\n<td class=\"subdesc\">mm<\/td>\n<td class=\"subdesc\">L\u00a0x H (mm)<\/td>\n<\/tr>\n<\/thead>\n<tbody>\n<tr>\n<td>877 W<\/td>\n<td>blanc<\/td>\n<td>322 x 362 x 100<\/td>\n<td>333 x 34<\/td>\n<\/tr>\n<tr>\n<td>877 Si<\/td>\n<td>argent<\/td>\n<td>322 x 362 x 100<\/td>\n<td>333 x 34<\/td>\n<\/tr>\n<tr>\n<td>877 ANT<\/td>\n<td>anthracite<\/td>\n<td>322 x 362 x 100<\/td>\n<td>333 x 34<\/td>\n<\/tr>\n<tr>\n<td>877 BR<\/td>\n<td>brun<\/td>\n<td>322 x 362 x 100<\/td>\n<td>333 x 34<\/td>\n<\/tr>\n<tr>\n<td>poin\u00e7onn\u00e9e 877 W<\/td>\n<td>blanc<\/td>\n<td>322 x 362 x 100<\/td>\n<td>333 x 34<\/td>\n<\/tr>\n<tr>\n<td>poin\u00e7onn\u00e9e 877 ANT<\/td>\n<td>anthracite<\/td>\n<td>322 x 362 x 100<\/td>\n<td>333 x 34<\/td>\n<\/tr>\n<tr>\n<td>poin\u00e7onn\u00e9e 877 Si<\/td>\n<td>argent<\/td>\n<td>322 x 362 x 100<\/td>\n<td>333 x 34<\/td>\n<\/tr>\n<\/tbody>\n<\/table>\n","protected":false},"excerpt":{"rendered":"<p>La bo\u00eete aux lettres grand volume Potsdam pour un montage mural BURG-W\u00c4CHTER dispose de la solution id\u00e9ale pour un montage au mur pratique \u00e0 l&#8217;int\u00e9rieur ou \u00e0 l&#8217;ext\u00e9rieur\u00a0: le mod\u00e8le Potsdam aux lignes simples est spacieux. Il existe \u00e9galement avec &hellip; <a class=\"kt-excerpt-readmore\" href=\"https:\/\/test.burgwaechterservice.de\/fr\/p\/boites-aux-lettres\/potsdam-877\/\" aria-label=\"Potsdam 877\">Lire la suite<\/a><\/p>\n","protected":false},"featured_media":32730,"comment_status":"closed","ping_status":"closed","template":"","meta":[],"product_cat":[23,46],"product_tag":[],"yoast_head":"<!-- This site is optimized with the Yoast SEO Premium plugin v18.4 (Yoast SEO v19.13) - https:\/\/yoast.com\/wordpress\/plugins\/seo\/ -->\n<title>Bo\u00eete aux lettres Potsdam 877 - Burg-W\u00e4chter<\/title>\n<meta name=\"description\" content=\"BURG-W\u00c4CHTER Potsdam 877. La bo\u00eete aux lettres grand volume Potsdam pour un montage mural. Mod\u00e8le perfor\u00e9 pour \u00e9quipement collectif\" \/>\n<meta name=\"robots\" content=\"index, follow, max-snippet:-1, max-image-preview:large, max-video-preview:-1\" \/>\n<link rel=\"canonical\" href=\"https:\/\/test.burgwaechterservice.de\/fr\/p\/boites-aux-lettres\/potsdam-877\/\" \/>\n<meta property=\"og:locale\" content=\"fr_FR\" \/>\n<meta property=\"og:type\" content=\"article\" \/>\n<meta property=\"og:title\" content=\"Potsdam 877\" \/>\n<meta property=\"og:description\" content=\"BURG-W\u00c4CHTER Potsdam 877. La bo\u00eete aux lettres grand volume Potsdam pour un montage mural. Mod\u00e8le perfor\u00e9 pour \u00e9quipement collectif\" \/>\n<meta property=\"og:url\" content=\"https:\/\/test.burgwaechterservice.de\/fr\/p\/boites-aux-lettres\/potsdam-877\/\" \/>\n<meta property=\"og:site_name\" content=\"Burg-W\u00e4chter France\" \/>\n<meta property=\"article:modified_time\" content=\"2019-08-21T09:41:39+00:00\" \/>\n<meta property=\"og:image\" content=\"https:\/\/test.burgwaechterservice.de\/fr\/wp-content\/uploads\/sites\/4\/2016\/07\/Briefkasten_Potsdam_877_Si_077504-01.jpg\" \/>\n\t<meta property=\"og:image:width\" content=\"1000\" \/>\n\t<meta property=\"og:image:height\" content=\"1000\" \/>\n\t<meta property=\"og:image:type\" content=\"image\/jpeg\" \/>\n<meta name=\"twitter:card\" content=\"summary_large_image\" \/>\n<meta name=\"twitter:label1\" content=\"Dur\u00e9e de lecture estim\u00e9e\" \/>\n\t<meta name=\"twitter:data1\" content=\"2 minutes\" \/>\n<!-- \/ Yoast SEO Premium plugin. -->","yoast_head_json":{"title":"Bo\u00eete aux lettres Potsdam 877 - Burg-W\u00e4chter","description":"BURG-W\u00c4CHTER Potsdam 877. La bo\u00eete aux lettres grand volume Potsdam pour un montage mural. Mod\u00e8le perfor\u00e9 pour \u00e9quipement collectif","robots":{"index":"index","follow":"follow","max-snippet":"max-snippet:-1","max-image-preview":"max-image-preview:large","max-video-preview":"max-video-preview:-1"},"canonical":"https:\/\/test.burgwaechterservice.de\/fr\/p\/boites-aux-lettres\/potsdam-877\/","og_locale":"fr_FR","og_type":"article","og_title":"Potsdam 877","og_description":"BURG-W\u00c4CHTER Potsdam 877. La bo\u00eete aux lettres grand volume Potsdam pour un montage mural. Mod\u00e8le perfor\u00e9 pour \u00e9quipement collectif","og_url":"https:\/\/test.burgwaechterservice.de\/fr\/p\/boites-aux-lettres\/potsdam-877\/","og_site_name":"Burg-W\u00e4chter France","article_modified_time":"2019-08-21T09:41:39+00:00","og_image":[{"width":1000,"height":1000,"url":"https:\/\/test.burgwaechterservice.de\/fr\/wp-content\/uploads\/sites\/4\/2016\/07\/Briefkasten_Potsdam_877_Si_077504-01.jpg","type":"image\/jpeg"}],"twitter_card":"summary_large_image","twitter_misc":{"Dur\u00e9e de lecture estim\u00e9e":"2 minutes"},"schema":{"@context":"https:\/\/schema.org","@graph":[{"@type":"WebPage","@id":"https:\/\/test.burgwaechterservice.de\/fr\/p\/boites-aux-lettres\/potsdam-877\/","url":"https:\/\/test.burgwaechterservice.de\/fr\/p\/boites-aux-lettres\/potsdam-877\/","name":"Bo\u00eete aux lettres Potsdam 877 - Burg-W\u00e4chter","isPartOf":{"@id":"https:\/\/test.burgwaechterservice.de\/fr\/#website"},"datePublished":"2016-07-25T13:56:41+00:00","dateModified":"2019-08-21T09:41:39+00:00","description":"BURG-W\u00c4CHTER Potsdam 877. La bo\u00eete aux lettres grand volume Potsdam pour un montage mural. Mod\u00e8le perfor\u00e9 pour \u00e9quipement collectif","breadcrumb":{"@id":"https:\/\/test.burgwaechterservice.de\/fr\/p\/boites-aux-lettres\/potsdam-877\/#breadcrumb"},"inLanguage":"fr-FR","potentialAction":[{"@type":"ReadAction","target":["https:\/\/test.burgwaechterservice.de\/fr\/p\/boites-aux-lettres\/potsdam-877\/"]}]},{"@type":"BreadcrumbList","@id":"https:\/\/test.burgwaechterservice.de\/fr\/p\/boites-aux-lettres\/potsdam-877\/#breadcrumb","itemListElement":[{"@type":"ListItem","position":1,"name":"Accueil","item":"https:\/\/test.burgwaechterservice.de\/fr\/"},{"@type":"ListItem","position":2,"name":"Produits","item":"https:\/\/test.burgwaechterservice.de\/fr\/p\/"},{"@type":"ListItem","position":3,"name":"Potsdam 877"}]},{"@type":"WebSite","@id":"https:\/\/test.burgwaechterservice.de\/fr\/#website","url":"https:\/\/test.burgwaechterservice.de\/fr\/","name":"Burg-W\u00e4chter France","description":"Le choix le plus s\u00fbr!","potentialAction":[{"@type":"SearchAction","target":{"@type":"EntryPoint","urlTemplate":"https:\/\/test.burgwaechterservice.de\/fr\/?s={search_term_string}"},"query-input":"required name=search_term_string"}],"inLanguage":"fr-FR"}]}},"_links":{"self":[{"href":"https:\/\/test.burgwaechterservice.de\/fr\/wp-json\/wp\/v2\/product\/32726"}],"collection":[{"href":"https:\/\/test.burgwaechterservice.de\/fr\/wp-json\/wp\/v2\/product"}],"about":[{"href":"https:\/\/test.burgwaechterservice.de\/fr\/wp-json\/wp\/v2\/types\/product"}],"replies":[{"embeddable":true,"href":"https:\/\/test.burgwaechterservice.de\/fr\/wp-json\/wp\/v2\/comments?post=32726"}],"wp:featuredmedia":[{"embeddable":true,"href":"https:\/\/test.burgwaechterservice.de\/fr\/wp-json\/wp\/v2\/media\/32730"}],"wp:attachment":[{"href":"https:\/\/test.burgwaechterservice.de\/fr\/wp-json\/wp\/v2\/media?parent=32726"}],"wp:term":[{"taxonomy":"product_cat","embeddable":true,"href":"https:\/\/test.burgwaechterservice.de\/fr\/wp-json\/wp\/v2\/product_cat?post=32726"},{"taxonomy":"product_tag","embeddable":true,"href":"https:\/\/test.burgwaechterservice.de\/fr\/wp-json\/wp\/v2\/product_tag?post=32726"}],"curies":[{"name":"wp","href":"https:\/\/api.w.org\/{rel}","templated":true}]}}