{"id":32720,"date":"2016-07-25T15:42:10","date_gmt":"2016-07-25T13:42:10","guid":{"rendered":"https:\/\/www.burg.biz\/?post_type=product&#038;p=32720"},"modified":"2019-05-28T10:51:38","modified_gmt":"2019-05-28T08:51:38","slug":"leipzig-778","status":"publish","type":"product","link":"https:\/\/test.burgwaechterservice.de\/fr\/p\/boites-aux-lettres\/leipzig-778\/","title":{"rendered":"Leipzig 778"},"content":{"rendered":"<p><img decoding=\"async\" class=\"alignnone wp-image-41817\" src=\"https:\/\/test.burgwaechterservice.de\/fr\/wp-content\/uploads\/sites\/4\/2016\/07\/Bremen-Bayreuth-Modena-857-Esprit-Classico-Vivo.jpg\" alt=\"BUW-Icons-BK 4c OK.indd\" width=\"333\" height=\"118\" srcset=\"https:\/\/test.burgwaechterservice.de\/fr\/wp-content\/uploads\/sites\/4\/2016\/07\/Bremen-Bayreuth-Modena-857-Esprit-Classico-Vivo.jpg 899w, https:\/\/test.burgwaechterservice.de\/fr\/wp-content\/uploads\/sites\/4\/2016\/07\/Bremen-Bayreuth-Modena-857-Esprit-Classico-Vivo-300x106.jpg 300w, https:\/\/test.burgwaechterservice.de\/fr\/wp-content\/uploads\/sites\/4\/2016\/07\/Bremen-Bayreuth-Modena-857-Esprit-Classico-Vivo-768x273.jpg 768w\" sizes=\"(max-width: 333px) 100vw, 333px\" \/><a href=\"https:\/\/warranty.burg.biz\/bk\/\" target=\"_blank\" rel=\"noopener noreferrer\"><img decoding=\"async\" class=\"alignright wp-image-254979\" src=\"https:\/\/test.burgwaechterservice.de\/fr\/wp-content\/uploads\/sites\/4\/2016\/07\/Siegel_5_Jahre_Garantie_FR_-295x300.jpg\" alt=\"\" width=\"214\" height=\"218\" srcset=\"https:\/\/test.burgwaechterservice.de\/fr\/wp-content\/uploads\/sites\/4\/2016\/07\/Siegel_5_Jahre_Garantie_FR_-295x300.jpg 295w, https:\/\/test.burgwaechterservice.de\/fr\/wp-content\/uploads\/sites\/4\/2016\/07\/Siegel_5_Jahre_Garantie_FR_.jpg 485w\" sizes=\"(max-width: 214px) 100vw, 214px\" \/><br \/>\n<\/a><\/p>\n<h2>Pour un montage pratique sur votre cl\u00f4ture\u00a0: la bo\u00eete aux lettres Leipzig au format portrait<\/h2>\n<p>Allez \u00e0 la rencontre de votre facteur\u00a0: avec une bo\u00eete aux lettres pour cl\u00f4ture de BURG-W\u00c4CHTER<\/p>\n<p>Le mod\u00e8le Leipzig au format portrait est fabriqu\u00e9 en acier enti\u00e8rement galvanis\u00e9. Ce mat\u00e9riau est le passage oblig\u00e9 pour un <strong>montage \u00e0 l&#8217;ext\u00e9rieur<\/strong>.<\/p>\n<h3>Mod\u00e8le au format portrait<\/h3>\n<p>Les <strong>lignes simples <\/strong>et <strong>droites<\/strong> du mod\u00e8le Leipzig apportent place et protection pour votre courrier et vos journaux. Le <strong>clapet s&#8217;ouvrant vers l&#8217;arri\u00e8re<\/strong> et le passage de courrier au format DIN C4 facilitent le travail du facteur et le <strong>syst\u00e8me d&#8217;arr\u00eat int\u00e9gr\u00e9<\/strong> de la porte assure un relev\u00e9 tr\u00e8s confortable des lettres.<br \/>\nCe mod\u00e8le est disponible en deux couleurs\u00a0: blanc discret et marron fonc\u00e9 \u00e9l\u00e9gant.<\/p>\n<p>Ce mod\u00e8le r\u00e9pond \u00e9galement \u00e0 la norme EN 13724 comme de nombreuses autres bo\u00eetes aux lettres.<\/p>\n<h3>Acier enti\u00e8rement galvanis\u00e9<\/h3>\n<p>Cette bo\u00eete aux lettres en acier est <strong>galvanis\u00e9e sur toute sa surface<\/strong> ce qui lui permet d&#8217;<strong>affronter les intemp\u00e9ries<\/strong> et d&#8217;<strong>apporter une protection sans faille \u00e0 son contenu<\/strong>.<br \/>\nCette bo\u00eete aux lettres pour cl\u00f4ture ne demande pas trop d&#8217;entretien\u00a0: il vous suffit de passer r\u00e9guli\u00e8rement un coup de chiffon humide et propre. De cette mani\u00e8re, le mod\u00e8le Leipzig conserve longtemps son aspect simple et \u00e9l\u00e9gant.<\/p>\n<h3>Montage<\/h3>\n<p><strong>Info\u00a0:<\/strong> Toutes les bo\u00eetes aux lettres pour cl\u00f4ture conviennent \u00e9galement pour un montage encastr\u00e9 \u00e0 l&#8217;int\u00e9rieur d&#8217;une porte d&#8217;entr\u00e9e. Le volet int\u00e9rieur de passage du courrier se laisse d\u00e9monter ais\u00e9ment.<\/p>\n<h3>Le mod\u00e8le Leipzig 778 pour montage sur cl\u00f4ture<\/h3>\n<ul>\n<li>En acier galvanis\u00e9<\/li>\n<li>R\u00e9pond \u00e0 la norme EN 13724<\/li>\n<li>Grand volume<\/li>\n<li>Format portrait<\/li>\n<li>Avec volet de passage du courrier ouvrant vers l&#8217;int\u00e9rieur<\/li>\n<li>Disponible en blanc ou marron<\/li>\n<li>Format de fente\u00a0: DIN C4<br \/>\n(L x H : 250 x 35 mm)<\/li>\n<li>Dimensions L x l x H : 398 x 285 x 105 mm<\/li>\n<\/ul>\n<table class=\"ausfuehrung\">\n<thead>\n<tr>\n<td>Article<\/td>\n<td>Couleurs<\/td>\n<td>H x\u00a0L x P<\/td>\n<td>Fente<\/td>\n<\/tr>\n<tr>\n<td class=\"subdesc\"><\/td>\n<td><\/td>\n<td class=\"subdesc\">mm<\/td>\n<td class=\"subdesc\">L\u00a0x H (mm)<\/td>\n<\/tr>\n<\/thead>\n<tbody>\n<tr>\n<td>778 W<\/td>\n<td>blanc<\/td>\n<td>398 x 285 x 105<\/td>\n<td>250 x 35<\/td>\n<\/tr>\n<tr>\n<td>778 BR<\/td>\n<td>brun<\/td>\n<td>398 x 285 x 105<\/td>\n<td>250 x 35<\/td>\n<\/tr>\n<\/tbody>\n<\/table>\n<p>&nbsp;<\/p>\n","protected":false},"excerpt":{"rendered":"<p>Pour un montage pratique sur votre cl\u00f4ture\u00a0: la bo\u00eete aux lettres Leipzig au format portrait Allez \u00e0 la rencontre de votre facteur\u00a0: avec une bo\u00eete aux lettres pour cl\u00f4ture de BURG-W\u00c4CHTER Le mod\u00e8le Leipzig au format portrait est fabriqu\u00e9 en &hellip; <a class=\"kt-excerpt-readmore\" href=\"https:\/\/test.burgwaechterservice.de\/fr\/p\/boites-aux-lettres\/leipzig-778\/\" aria-label=\"Leipzig 778\">Lire la suite<\/a><\/p>\n","protected":false},"featured_media":32723,"comment_status":"closed","ping_status":"closed","template":"","meta":[],"product_cat":[23,42],"product_tag":[],"yoast_head":"<!-- This site is optimized with the Yoast SEO Premium plugin v18.4 (Yoast SEO v19.13) - https:\/\/yoast.com\/wordpress\/plugins\/seo\/ -->\n<title>Leipzig 778 - Burg-W\u00e4chter<\/title>\n<meta name=\"description\" content=\"Pour un montage pratique sur votre cl\u00f4ture\u00a0: la bo\u00eete aux lettres Leipzig au format portrait Allez \u00e0 la rencontre de votre facteur\u00a0: avec une bo\u00eete aux\" \/>\n<meta name=\"robots\" content=\"index, follow, max-snippet:-1, max-image-preview:large, max-video-preview:-1\" \/>\n<link rel=\"canonical\" href=\"https:\/\/test.burgwaechterservice.de\/fr\/p\/boites-aux-lettres\/leipzig-778\/\" \/>\n<meta property=\"og:locale\" content=\"fr_FR\" \/>\n<meta property=\"og:type\" content=\"article\" \/>\n<meta property=\"og:title\" content=\"Leipzig 778\" \/>\n<meta property=\"og:description\" content=\"Pour un montage pratique sur votre cl\u00f4ture\u00a0: la bo\u00eete aux lettres Leipzig au format portrait Allez \u00e0 la rencontre de votre facteur\u00a0: avec une bo\u00eete aux\" \/>\n<meta property=\"og:url\" content=\"https:\/\/test.burgwaechterservice.de\/fr\/p\/boites-aux-lettres\/leipzig-778\/\" \/>\n<meta property=\"og:site_name\" content=\"Burg-W\u00e4chter France\" \/>\n<meta property=\"article:modified_time\" content=\"2019-05-28T08:51:38+00:00\" \/>\n<meta property=\"og:image\" content=\"https:\/\/test.burgwaechterservice.de\/fr\/wp-content\/uploads\/sites\/4\/2016\/07\/Briefkasten_Leipzig_778_BR_289204-01.jpg\" \/>\n\t<meta property=\"og:image:width\" content=\"1000\" \/>\n\t<meta property=\"og:image:height\" content=\"1000\" \/>\n\t<meta property=\"og:image:type\" content=\"image\/jpeg\" \/>\n<meta name=\"twitter:card\" content=\"summary_large_image\" \/>\n<meta name=\"twitter:label1\" content=\"Dur\u00e9e de lecture estim\u00e9e\" \/>\n\t<meta name=\"twitter:data1\" content=\"2 minutes\" \/>\n<!-- \/ Yoast SEO Premium plugin. -->","yoast_head_json":{"title":"Leipzig 778 - Burg-W\u00e4chter","description":"Pour un montage pratique sur votre cl\u00f4ture\u00a0: la bo\u00eete aux lettres Leipzig au format portrait Allez \u00e0 la rencontre de votre facteur\u00a0: avec une bo\u00eete aux","robots":{"index":"index","follow":"follow","max-snippet":"max-snippet:-1","max-image-preview":"max-image-preview:large","max-video-preview":"max-video-preview:-1"},"canonical":"https:\/\/test.burgwaechterservice.de\/fr\/p\/boites-aux-lettres\/leipzig-778\/","og_locale":"fr_FR","og_type":"article","og_title":"Leipzig 778","og_description":"Pour un montage pratique sur votre cl\u00f4ture\u00a0: la bo\u00eete aux lettres Leipzig au format portrait Allez \u00e0 la rencontre de votre facteur\u00a0: avec une bo\u00eete aux","og_url":"https:\/\/test.burgwaechterservice.de\/fr\/p\/boites-aux-lettres\/leipzig-778\/","og_site_name":"Burg-W\u00e4chter France","article_modified_time":"2019-05-28T08:51:38+00:00","og_image":[{"width":1000,"height":1000,"url":"https:\/\/test.burgwaechterservice.de\/fr\/wp-content\/uploads\/sites\/4\/2016\/07\/Briefkasten_Leipzig_778_BR_289204-01.jpg","type":"image\/jpeg"}],"twitter_card":"summary_large_image","twitter_misc":{"Dur\u00e9e de lecture estim\u00e9e":"2 minutes"},"schema":{"@context":"https:\/\/schema.org","@graph":[{"@type":"WebPage","@id":"https:\/\/test.burgwaechterservice.de\/fr\/p\/boites-aux-lettres\/leipzig-778\/","url":"https:\/\/test.burgwaechterservice.de\/fr\/p\/boites-aux-lettres\/leipzig-778\/","name":"Leipzig 778 - Burg-W\u00e4chter","isPartOf":{"@id":"https:\/\/test.burgwaechterservice.de\/fr\/#website"},"datePublished":"2016-07-25T13:42:10+00:00","dateModified":"2019-05-28T08:51:38+00:00","description":"Pour un montage pratique sur votre cl\u00f4ture\u00a0: la bo\u00eete aux lettres Leipzig au format portrait Allez \u00e0 la rencontre de votre facteur\u00a0: avec une bo\u00eete aux","breadcrumb":{"@id":"https:\/\/test.burgwaechterservice.de\/fr\/p\/boites-aux-lettres\/leipzig-778\/#breadcrumb"},"inLanguage":"fr-FR","potentialAction":[{"@type":"ReadAction","target":["https:\/\/test.burgwaechterservice.de\/fr\/p\/boites-aux-lettres\/leipzig-778\/"]}]},{"@type":"BreadcrumbList","@id":"https:\/\/test.burgwaechterservice.de\/fr\/p\/boites-aux-lettres\/leipzig-778\/#breadcrumb","itemListElement":[{"@type":"ListItem","position":1,"name":"Accueil","item":"https:\/\/test.burgwaechterservice.de\/fr\/"},{"@type":"ListItem","position":2,"name":"Produits","item":"https:\/\/test.burgwaechterservice.de\/fr\/p\/"},{"@type":"ListItem","position":3,"name":"Leipzig 778"}]},{"@type":"WebSite","@id":"https:\/\/test.burgwaechterservice.de\/fr\/#website","url":"https:\/\/test.burgwaechterservice.de\/fr\/","name":"Burg-W\u00e4chter France","description":"Le choix le plus s\u00fbr!","potentialAction":[{"@type":"SearchAction","target":{"@type":"EntryPoint","urlTemplate":"https:\/\/test.burgwaechterservice.de\/fr\/?s={search_term_string}"},"query-input":"required name=search_term_string"}],"inLanguage":"fr-FR"}]}},"_links":{"self":[{"href":"https:\/\/test.burgwaechterservice.de\/fr\/wp-json\/wp\/v2\/product\/32720"}],"collection":[{"href":"https:\/\/test.burgwaechterservice.de\/fr\/wp-json\/wp\/v2\/product"}],"about":[{"href":"https:\/\/test.burgwaechterservice.de\/fr\/wp-json\/wp\/v2\/types\/product"}],"replies":[{"embeddable":true,"href":"https:\/\/test.burgwaechterservice.de\/fr\/wp-json\/wp\/v2\/comments?post=32720"}],"wp:featuredmedia":[{"embeddable":true,"href":"https:\/\/test.burgwaechterservice.de\/fr\/wp-json\/wp\/v2\/media\/32723"}],"wp:attachment":[{"href":"https:\/\/test.burgwaechterservice.de\/fr\/wp-json\/wp\/v2\/media?parent=32720"}],"wp:term":[{"taxonomy":"product_cat","embeddable":true,"href":"https:\/\/test.burgwaechterservice.de\/fr\/wp-json\/wp\/v2\/product_cat?post=32720"},{"taxonomy":"product_tag","embeddable":true,"href":"https:\/\/test.burgwaechterservice.de\/fr\/wp-json\/wp\/v2\/product_tag?post=32720"}],"curies":[{"name":"wp","href":"https:\/\/api.w.org\/{rel}","templated":true}]}}