{"id":32710,"date":"2016-07-25T15:11:49","date_gmt":"2016-07-25T13:11:49","guid":{"rendered":"https:\/\/www.burg.biz\/?post_type=product&#038;p=32710"},"modified":"2017-05-17T08:31:07","modified_gmt":"2017-05-17T06:31:07","slug":"daily-5861","status":"publish","type":"product","link":"https:\/\/test.burgwaechterservice.de\/fr\/p\/boites-aux-lettres\/daily-5861\/","title":{"rendered":"Daily 5861"},"content":{"rendered":"<p><img decoding=\"async\" class=\"alignnone wp-image-41812\" src=\"https:\/\/test.burgwaechterservice.de\/fr\/wp-content\/uploads\/sites\/4\/2016\/07\/Zeitungsbox-4900-800-5800-808-820-1800-1890-4900-Piktos-gesamt.jpg\" alt=\"BUW-Icons-BK 4c OK.indd\" width=\"116\" height=\"118\" srcset=\"https:\/\/test.burgwaechterservice.de\/fr\/wp-content\/uploads\/sites\/4\/2016\/07\/Zeitungsbox-4900-800-5800-808-820-1800-1890-4900-Piktos-gesamt.jpg 308w, https:\/\/test.burgwaechterservice.de\/fr\/wp-content\/uploads\/sites\/4\/2016\/07\/Zeitungsbox-4900-800-5800-808-820-1800-1890-4900-Piktos-gesamt-296x300.jpg 296w, https:\/\/test.burgwaechterservice.de\/fr\/wp-content\/uploads\/sites\/4\/2016\/07\/Zeitungsbox-4900-800-5800-808-820-1800-1890-4900-Piktos-gesamt-80x80.jpg 80w\" sizes=\"(max-width: 116px) 100vw, 116px\" \/><\/p>\n<h2>La bo\u00eete aux lettres compacte et \u00e9conomique Daily avec finition granuleuse<\/h2>\n<p>Le joli vernis granuleux et la structure compacte du mod\u00e8le Daily le rendent unique en son genre.<\/p>\n<h3>L&#8217;\u00e9l\u00e9gance simple en acier galvanis\u00e9<\/h3>\n<p>La petite Daily au <strong>format portrait pratique<\/strong> vous permet d&#8217;avoir votre courrier \u00e0 un endroit s\u00fbr. Son <strong>couvercle basculant<\/strong> emp\u00eache en toute situation que l&#8217;humidit\u00e9 ne p\u00e9n\u00e8tre.<br \/>\nVeuillez noter ici que la fente est au format DIN B5.<\/p>\n<p>La bo\u00eete aux lettres en acier est <strong>galvanis\u00e9e sur toute sa surface<\/strong> afin de prot\u00e9ger vos lettres des intemp\u00e9ries. Le vernis sp\u00e9cial granuleux assure \u00e9galement une protection suppl\u00e9mentaire et une finition s\u00e9duisante.<\/p>\n<p>Ce mod\u00e8le est disponible en vert, fer, blanc ou argent\u00e9.<\/p>\n<h3>Montage conseill\u00e9 de la bo\u00eete aux lettres<\/h3>\n<p>BURG-W\u00c4CHTER recommande de <u>ne pas<\/u> exposer votre bo\u00eete aux lettres directement et de mani\u00e8re permanente aux intemp\u00e9ries afin qu&#8217;elle reste le plus longtemps possible dans un \u00e9tat id\u00e9al. Montez ou placez-la de pr\u00e9f\u00e9rence avec le mat\u00e9riel de fixation livr\u00e9 avec elle \u00e0 un <strong>endroit prot\u00e9g\u00e9 des intemp\u00e9ries<\/strong>.<\/p>\n<h3>Les propri\u00e9t\u00e9s du mod\u00e8le Daily 5861 en bref<\/h3>\n<ul>\n<li>Mod\u00e8le \u00e9conomique<\/li>\n<li>Bo\u00eete aux lettres compacte d&#8217;ext\u00e9rieur avec couvercle pench\u00e9 pour prot\u00e9ger de la pluie<\/li>\n<li>Acier\u00a0: galvanis\u00e9 et avec vernis granuleux<\/li>\n<li>Disponible en vert, fer, blanc ou argent\u00e9<\/li>\n<li>Format de fente\u00a0: DIN B5<br \/>\n(L x H\u00a0: 190 x 30 mm)<\/li>\n<li>Dimensions L x l x H\u00a0: 305 x 225 x 75 mm<\/li>\n<li>Mat\u00e9riel de fixation compris dans la livraison<\/li>\n<\/ul>\n<p>&nbsp;<\/p>\n<table class=\"ausfuehrung\">\n<thead>\n<tr>\n<td>Article<\/td>\n<td>Couleurs<\/td>\n<td>H x L x P<\/td>\n<td>Fente<\/td>\n<\/tr>\n<tr>\n<td class=\"subdesc\"><\/td>\n<td><\/td>\n<td class=\"subdesc\">mm<\/td>\n<td class=\"subdesc\">L x H (mm)<\/td>\n<\/tr>\n<\/thead>\n<tbody>\n<tr>\n<td>Daily 5861 GR<\/td>\n<td>vert<\/td>\n<td>305 x 225 x 75<\/td>\n<td>190 x 30<\/td>\n<\/tr>\n<tr>\n<td>Daily 5861 E<\/td>\n<td>anthracite<\/td>\n<td>305 x 225 x 75<\/td>\n<td>190 x 30<\/td>\n<\/tr>\n<tr>\n<td>Daily 5861 W<\/td>\n<td>blanc<\/td>\n<td>305 x 225 x 75<\/td>\n<td>190 x 30<\/td>\n<\/tr>\n<tr>\n<td>Daily 5861 Si<\/td>\n<td>argent<\/td>\n<td>305 x 225 x 75<\/td>\n<td>190 x 30<\/td>\n<\/tr>\n<\/tbody>\n<\/table>\n","protected":false},"excerpt":{"rendered":"<p>La bo\u00eete aux lettres compacte et \u00e9conomique Daily avec finition granuleuse Le joli vernis granuleux et la structure compacte du mod\u00e8le Daily le rendent unique en son genre. L&#8217;\u00e9l\u00e9gance simple en acier galvanis\u00e9 La petite Daily au format portrait pratique &hellip; <a class=\"kt-excerpt-readmore\" href=\"https:\/\/test.burgwaechterservice.de\/fr\/p\/boites-aux-lettres\/daily-5861\/\" aria-label=\"Daily 5861\">Lire la suite<\/a><\/p>\n","protected":false},"featured_media":32715,"comment_status":"closed","ping_status":"closed","template":"","meta":[],"product_cat":[23,33],"product_tag":[],"yoast_head":"<!-- This site is optimized with the Yoast SEO Premium plugin v18.4 (Yoast SEO v19.13) - https:\/\/yoast.com\/wordpress\/plugins\/seo\/ -->\n<title>Daily 5861 - Burg-W\u00e4chter<\/title>\n<meta name=\"description\" content=\"La bo\u00eete aux lettres compacte et \u00e9conomique Daily avec finition granuleuse Le joli vernis granuleux et la structure compacte du mod\u00e8le Daily le rendent\" \/>\n<meta name=\"robots\" content=\"index, follow, max-snippet:-1, max-image-preview:large, max-video-preview:-1\" \/>\n<link rel=\"canonical\" href=\"https:\/\/test.burgwaechterservice.de\/fr\/p\/boites-aux-lettres\/daily-5861\/\" \/>\n<meta property=\"og:locale\" content=\"fr_FR\" \/>\n<meta property=\"og:type\" content=\"article\" \/>\n<meta property=\"og:title\" content=\"Daily 5861\" \/>\n<meta property=\"og:description\" content=\"La bo\u00eete aux lettres compacte et \u00e9conomique Daily avec finition granuleuse Le joli vernis granuleux et la structure compacte du mod\u00e8le Daily le rendent\" \/>\n<meta property=\"og:url\" content=\"https:\/\/test.burgwaechterservice.de\/fr\/p\/boites-aux-lettres\/daily-5861\/\" \/>\n<meta property=\"og:site_name\" content=\"Burg-W\u00e4chter France\" \/>\n<meta property=\"article:modified_time\" content=\"2017-05-17T06:31:07+00:00\" \/>\n<meta property=\"og:image\" content=\"https:\/\/test.burgwaechterservice.de\/fr\/wp-content\/uploads\/sites\/4\/2016\/07\/Briefkasten_Daily_5861_E_610404-01.jpg\" \/>\n\t<meta property=\"og:image:width\" content=\"1181\" \/>\n\t<meta property=\"og:image:height\" content=\"1181\" \/>\n\t<meta property=\"og:image:type\" content=\"image\/jpeg\" \/>\n<meta name=\"twitter:card\" content=\"summary_large_image\" \/>\n<meta name=\"twitter:label1\" content=\"Dur\u00e9e de lecture estim\u00e9e\" \/>\n\t<meta name=\"twitter:data1\" content=\"1 minute\" \/>\n<!-- \/ Yoast SEO Premium plugin. -->","yoast_head_json":{"title":"Daily 5861 - Burg-W\u00e4chter","description":"La bo\u00eete aux lettres compacte et \u00e9conomique Daily avec finition granuleuse Le joli vernis granuleux et la structure compacte du mod\u00e8le Daily le rendent","robots":{"index":"index","follow":"follow","max-snippet":"max-snippet:-1","max-image-preview":"max-image-preview:large","max-video-preview":"max-video-preview:-1"},"canonical":"https:\/\/test.burgwaechterservice.de\/fr\/p\/boites-aux-lettres\/daily-5861\/","og_locale":"fr_FR","og_type":"article","og_title":"Daily 5861","og_description":"La bo\u00eete aux lettres compacte et \u00e9conomique Daily avec finition granuleuse Le joli vernis granuleux et la structure compacte du mod\u00e8le Daily le rendent","og_url":"https:\/\/test.burgwaechterservice.de\/fr\/p\/boites-aux-lettres\/daily-5861\/","og_site_name":"Burg-W\u00e4chter France","article_modified_time":"2017-05-17T06:31:07+00:00","og_image":[{"width":1181,"height":1181,"url":"https:\/\/test.burgwaechterservice.de\/fr\/wp-content\/uploads\/sites\/4\/2016\/07\/Briefkasten_Daily_5861_E_610404-01.jpg","type":"image\/jpeg"}],"twitter_card":"summary_large_image","twitter_misc":{"Dur\u00e9e de lecture estim\u00e9e":"1 minute"},"schema":{"@context":"https:\/\/schema.org","@graph":[{"@type":"WebPage","@id":"https:\/\/test.burgwaechterservice.de\/fr\/p\/boites-aux-lettres\/daily-5861\/","url":"https:\/\/test.burgwaechterservice.de\/fr\/p\/boites-aux-lettres\/daily-5861\/","name":"Daily 5861 - Burg-W\u00e4chter","isPartOf":{"@id":"https:\/\/test.burgwaechterservice.de\/fr\/#website"},"datePublished":"2016-07-25T13:11:49+00:00","dateModified":"2017-05-17T06:31:07+00:00","description":"La bo\u00eete aux lettres compacte et \u00e9conomique Daily avec finition granuleuse Le joli vernis granuleux et la structure compacte du mod\u00e8le Daily le rendent","breadcrumb":{"@id":"https:\/\/test.burgwaechterservice.de\/fr\/p\/boites-aux-lettres\/daily-5861\/#breadcrumb"},"inLanguage":"fr-FR","potentialAction":[{"@type":"ReadAction","target":["https:\/\/test.burgwaechterservice.de\/fr\/p\/boites-aux-lettres\/daily-5861\/"]}]},{"@type":"BreadcrumbList","@id":"https:\/\/test.burgwaechterservice.de\/fr\/p\/boites-aux-lettres\/daily-5861\/#breadcrumb","itemListElement":[{"@type":"ListItem","position":1,"name":"Accueil","item":"https:\/\/test.burgwaechterservice.de\/fr\/"},{"@type":"ListItem","position":2,"name":"Produits","item":"https:\/\/test.burgwaechterservice.de\/fr\/p\/"},{"@type":"ListItem","position":3,"name":"Daily 5861"}]},{"@type":"WebSite","@id":"https:\/\/test.burgwaechterservice.de\/fr\/#website","url":"https:\/\/test.burgwaechterservice.de\/fr\/","name":"Burg-W\u00e4chter France","description":"Le choix le plus s\u00fbr!","potentialAction":[{"@type":"SearchAction","target":{"@type":"EntryPoint","urlTemplate":"https:\/\/test.burgwaechterservice.de\/fr\/?s={search_term_string}"},"query-input":"required name=search_term_string"}],"inLanguage":"fr-FR"}]}},"_links":{"self":[{"href":"https:\/\/test.burgwaechterservice.de\/fr\/wp-json\/wp\/v2\/product\/32710"}],"collection":[{"href":"https:\/\/test.burgwaechterservice.de\/fr\/wp-json\/wp\/v2\/product"}],"about":[{"href":"https:\/\/test.burgwaechterservice.de\/fr\/wp-json\/wp\/v2\/types\/product"}],"replies":[{"embeddable":true,"href":"https:\/\/test.burgwaechterservice.de\/fr\/wp-json\/wp\/v2\/comments?post=32710"}],"wp:featuredmedia":[{"embeddable":true,"href":"https:\/\/test.burgwaechterservice.de\/fr\/wp-json\/wp\/v2\/media\/32715"}],"wp:attachment":[{"href":"https:\/\/test.burgwaechterservice.de\/fr\/wp-json\/wp\/v2\/media?parent=32710"}],"wp:term":[{"taxonomy":"product_cat","embeddable":true,"href":"https:\/\/test.burgwaechterservice.de\/fr\/wp-json\/wp\/v2\/product_cat?post=32710"},{"taxonomy":"product_tag","embeddable":true,"href":"https:\/\/test.burgwaechterservice.de\/fr\/wp-json\/wp\/v2\/product_tag?post=32710"}],"curies":[{"name":"wp","href":"https:\/\/api.w.org\/{rel}","templated":true}]}}