{"id":32704,"date":"2016-07-25T15:02:58","date_gmt":"2016-07-25T13:02:58","guid":{"rendered":"https:\/\/www.burg.biz\/?post_type=product&#038;p=32704"},"modified":"2021-04-06T10:43:08","modified_gmt":"2021-04-06T08:43:08","slug":"letter-5832","status":"publish","type":"product","link":"https:\/\/test.burgwaechterservice.de\/fr\/p\/boites-aux-lettres\/letter-5832\/","title":{"rendered":"Letter 5832"},"content":{"rendered":"<p><img decoding=\"async\" class=\"alignnone wp-image-41812\" src=\"https:\/\/test.burgwaechterservice.de\/fr\/wp-content\/uploads\/sites\/4\/2016\/07\/Zeitungsbox-4900-800-5800-808-820-1800-1890-4900-Piktos-gesamt.jpg\" alt=\"BUW-Icons-BK 4c OK.indd\" width=\"116\" height=\"118\" srcset=\"https:\/\/test.burgwaechterservice.de\/fr\/wp-content\/uploads\/sites\/4\/2016\/07\/Zeitungsbox-4900-800-5800-808-820-1800-1890-4900-Piktos-gesamt.jpg 308w, https:\/\/test.burgwaechterservice.de\/fr\/wp-content\/uploads\/sites\/4\/2016\/07\/Zeitungsbox-4900-800-5800-808-820-1800-1890-4900-Piktos-gesamt-296x300.jpg 296w, https:\/\/test.burgwaechterservice.de\/fr\/wp-content\/uploads\/sites\/4\/2016\/07\/Zeitungsbox-4900-800-5800-808-820-1800-1890-4900-Piktos-gesamt-80x80.jpg 80w\" sizes=\"(max-width: 116px) 100vw, 116px\" \/><\/p>\n<h2>Letter\u00a0: la bo\u00eete aux lettres d&#8217;ext\u00e9rieur \u00e9pur\u00e9e avec vernis structur\u00e9<\/h2>\n<p>La bo\u00eete aux lettres d&#8217;ext\u00e9rieur \u00e9pur\u00e9e Letter de BURG-W\u00c4CHTER pr\u00e9sente un <strong>vernis structur\u00e9 <\/strong>particuli\u00e8rement esth\u00e9tique disponible en 4 couleurs diff\u00e9rentes qui attirent tous les regards.<\/p>\n<p>Ce mod\u00e8le marque aussi des points gr\u00e2ce \u00e0 certains d\u00e9tails pratiques\u00a0:<br \/>\nle passage de courrier au <strong>format DIN C4<\/strong> permet de livrer des enveloppes dans diff\u00e9rents formats et le <strong>toit rabattable de protection contre la pluie<\/strong> pr\u00e9serve parfaitement son contenu en toute situation.<\/p>\n<h3>Acier galvanis\u00e9 et vernis structur\u00e9<\/h3>\n<p>Le corps en acier de la bo\u00eete aux lettres est <strong>galvanis\u00e9 sur toute sa surface<\/strong> et est par cons\u00e9quent tr\u00e8s bien prot\u00e9g\u00e9 des influences ext\u00e9rieures. Le <strong>vernis structur\u00e9 <\/strong>apporte un fini agr\u00e9able \u00e0 l&#8217;\u0153il. Vous pouvez choisir la couleur pr\u00e9f\u00e9r\u00e9e pour votre mod\u00e8le parmi le vert, fer, blanc ou argent\u00e9.<br \/>\nConseil d&#8217;entretien\u00a0: nettoyez r\u00e9guli\u00e8rement votre bo\u00eete aux lettres avec un tissu humide et propre afin qu&#8217;elle conserve son aspect \u00e9pur\u00e9.<\/p>\n<h3>Conseil de montage<\/h3>\n<p>BURG-W\u00c4CHTER conseille de monter votre bo\u00eete aux lettres \u00e0 un endroit prot\u00e9g\u00e9. Elle <u>ne<\/u> devrait <u>jamais<\/u> \u00eatre expos\u00e9e directement et constamment aux intemp\u00e9ries. M\u00eame si elle prot\u00e8ge tr\u00e8s bien son contenu des caprices de la m\u00e9t\u00e9o, vous conservez ainsi votre Letter plus longtemps dans un \u00e9tat optimal.<br \/>\nSi vous souhaitez placer votre bo\u00eete aux lettres \u00e0 un endroit particulier, nous proposons aussi des pieds adapt\u00e9s.<\/p>\n<p><a href=\"https:\/\/test.burgwaechterservice.de\/fr\/c\/boites-aux-lettres\/boites-aux-lettres-en-batterie-individuelles-sur-pieds-et-poteaux\/\">Trouvez ici le pied adapt\u00e9 \u00e0 votre bo\u00eete aux lettres<\/a>.<\/p>\n<h3>La bo\u00eete aux lettres en acier Letter 5832 en un coup d&#8217;\u0153il<\/h3>\n<ul>\n<li>Bo\u00eete aux lettres d&#8217;ext\u00e9rieur \u00e9pur\u00e9e<\/li>\n<li>Passage du courrier plac\u00e9 sous le toit rabattable de protection contre la pluie<\/li>\n<li>Acier galvanis\u00e9 et vernis structur\u00e9<\/li>\n<li>Disponible en vert, fer, blanc ou argent\u00e9<\/li>\n<li>Format de fente\u00a0: DIN C4<br \/>\n(L x H\u00a0: 230 x 32 mm)<\/li>\n<li>Dimensions L x l x H\u00a0: 370 x 270 x 92 mm<\/li>\n<\/ul>\n<p>&nbsp;<\/p>\n<table class=\"ausfuehrung\">\n<thead>\n<tr>\n<td>Article<\/td>\n<td>Couleurs<\/td>\n<td>H x L x P<\/td>\n<td>Fente<\/td>\n<\/tr>\n<tr>\n<td class=\"subdesc\"><\/td>\n<td><\/td>\n<td class=\"subdesc\">mm<\/td>\n<td class=\"subdesc\">L x H (mm)<\/td>\n<\/tr>\n<\/thead>\n<tbody>\n<tr>\n<td>5832 GR<\/td>\n<td>vert<\/td>\n<td>370 x 270 x 92<\/td>\n<td>230 x 32<\/td>\n<\/tr>\n<tr>\n<td>5832 E<\/td>\n<td>anthracite<\/td>\n<td>370 x 270 x 92<\/td>\n<td>230 x 32<\/td>\n<\/tr>\n<tr>\n<td>5832 W<\/td>\n<td>blanc<\/td>\n<td>370 x 270 x 92<\/td>\n<td>230 x 32<\/td>\n<\/tr>\n<tr>\n<td>5832 Si<\/td>\n<td>argent<\/td>\n<td>370 x 270 x 92<\/td>\n<td>230 x 32<\/td>\n<\/tr>\n<\/tbody>\n<\/table>\n","protected":false},"excerpt":{"rendered":"<p>Letter\u00a0: la bo\u00eete aux lettres d&#8217;ext\u00e9rieur \u00e9pur\u00e9e avec vernis structur\u00e9 La bo\u00eete aux lettres d&#8217;ext\u00e9rieur \u00e9pur\u00e9e Letter de BURG-W\u00c4CHTER pr\u00e9sente un vernis structur\u00e9 particuli\u00e8rement esth\u00e9tique disponible en 4 couleurs diff\u00e9rentes qui attirent tous les regards. Ce mod\u00e8le marque aussi des &hellip; <a class=\"kt-excerpt-readmore\" href=\"https:\/\/test.burgwaechterservice.de\/fr\/p\/boites-aux-lettres\/letter-5832\/\" aria-label=\"Letter 5832\">Lire la suite<\/a><\/p>\n","protected":false},"featured_media":32709,"comment_status":"closed","ping_status":"closed","template":"","meta":[],"product_cat":[23,33],"product_tag":[],"yoast_head":"<!-- This site is optimized with the Yoast SEO Premium plugin v18.4 (Yoast SEO v19.13) - https:\/\/yoast.com\/wordpress\/plugins\/seo\/ -->\n<title>Letter 5832 - Burg-W\u00e4chter<\/title>\n<meta name=\"description\" content=\"Letter\u00a0: la bo\u00eete aux lettres d&#039;ext\u00e9rieur \u00e9pur\u00e9e avec vernis structur\u00e9 La bo\u00eete aux lettres d&#039;ext\u00e9rieur \u00e9pur\u00e9e Letter de BURG-W\u00c4CHTER pr\u00e9sente un vernis\" \/>\n<meta name=\"robots\" content=\"index, follow, max-snippet:-1, max-image-preview:large, max-video-preview:-1\" \/>\n<link rel=\"canonical\" href=\"https:\/\/test.burgwaechterservice.de\/fr\/p\/boites-aux-lettres\/letter-5832\/\" \/>\n<meta property=\"og:locale\" content=\"fr_FR\" \/>\n<meta property=\"og:type\" content=\"article\" \/>\n<meta property=\"og:title\" content=\"Letter 5832\" \/>\n<meta property=\"og:description\" content=\"Letter\u00a0: la bo\u00eete aux lettres d&#039;ext\u00e9rieur \u00e9pur\u00e9e avec vernis structur\u00e9 La bo\u00eete aux lettres d&#039;ext\u00e9rieur \u00e9pur\u00e9e Letter de BURG-W\u00c4CHTER pr\u00e9sente un vernis\" \/>\n<meta property=\"og:url\" content=\"https:\/\/test.burgwaechterservice.de\/fr\/p\/boites-aux-lettres\/letter-5832\/\" \/>\n<meta property=\"og:site_name\" content=\"Burg-W\u00e4chter France\" \/>\n<meta property=\"article:modified_time\" content=\"2021-04-06T08:43:08+00:00\" \/>\n<meta property=\"og:image\" content=\"https:\/\/test.burgwaechterservice.de\/fr\/wp-content\/uploads\/sites\/4\/2016\/07\/Briefkasten_Letter_5832_W_610909-01.jpg\" \/>\n\t<meta property=\"og:image:width\" content=\"1494\" \/>\n\t<meta property=\"og:image:height\" content=\"1494\" \/>\n\t<meta property=\"og:image:type\" content=\"image\/jpeg\" \/>\n<meta name=\"twitter:card\" content=\"summary_large_image\" \/>\n<meta name=\"twitter:label1\" content=\"Dur\u00e9e de lecture estim\u00e9e\" \/>\n\t<meta name=\"twitter:data1\" content=\"2 minutes\" \/>\n<!-- \/ Yoast SEO Premium plugin. -->","yoast_head_json":{"title":"Letter 5832 - Burg-W\u00e4chter","description":"Letter\u00a0: la bo\u00eete aux lettres d'ext\u00e9rieur \u00e9pur\u00e9e avec vernis structur\u00e9 La bo\u00eete aux lettres d'ext\u00e9rieur \u00e9pur\u00e9e Letter de BURG-W\u00c4CHTER pr\u00e9sente un vernis","robots":{"index":"index","follow":"follow","max-snippet":"max-snippet:-1","max-image-preview":"max-image-preview:large","max-video-preview":"max-video-preview:-1"},"canonical":"https:\/\/test.burgwaechterservice.de\/fr\/p\/boites-aux-lettres\/letter-5832\/","og_locale":"fr_FR","og_type":"article","og_title":"Letter 5832","og_description":"Letter\u00a0: la bo\u00eete aux lettres d'ext\u00e9rieur \u00e9pur\u00e9e avec vernis structur\u00e9 La bo\u00eete aux lettres d'ext\u00e9rieur \u00e9pur\u00e9e Letter de BURG-W\u00c4CHTER pr\u00e9sente un vernis","og_url":"https:\/\/test.burgwaechterservice.de\/fr\/p\/boites-aux-lettres\/letter-5832\/","og_site_name":"Burg-W\u00e4chter France","article_modified_time":"2021-04-06T08:43:08+00:00","og_image":[{"width":1494,"height":1494,"url":"https:\/\/test.burgwaechterservice.de\/fr\/wp-content\/uploads\/sites\/4\/2016\/07\/Briefkasten_Letter_5832_W_610909-01.jpg","type":"image\/jpeg"}],"twitter_card":"summary_large_image","twitter_misc":{"Dur\u00e9e de lecture estim\u00e9e":"2 minutes"},"schema":{"@context":"https:\/\/schema.org","@graph":[{"@type":"WebPage","@id":"https:\/\/test.burgwaechterservice.de\/fr\/p\/boites-aux-lettres\/letter-5832\/","url":"https:\/\/test.burgwaechterservice.de\/fr\/p\/boites-aux-lettres\/letter-5832\/","name":"Letter 5832 - Burg-W\u00e4chter","isPartOf":{"@id":"https:\/\/test.burgwaechterservice.de\/fr\/#website"},"datePublished":"2016-07-25T13:02:58+00:00","dateModified":"2021-04-06T08:43:08+00:00","description":"Letter\u00a0: la bo\u00eete aux lettres d'ext\u00e9rieur \u00e9pur\u00e9e avec vernis structur\u00e9 La bo\u00eete aux lettres d'ext\u00e9rieur \u00e9pur\u00e9e Letter de BURG-W\u00c4CHTER pr\u00e9sente un vernis","breadcrumb":{"@id":"https:\/\/test.burgwaechterservice.de\/fr\/p\/boites-aux-lettres\/letter-5832\/#breadcrumb"},"inLanguage":"fr-FR","potentialAction":[{"@type":"ReadAction","target":["https:\/\/test.burgwaechterservice.de\/fr\/p\/boites-aux-lettres\/letter-5832\/"]}]},{"@type":"BreadcrumbList","@id":"https:\/\/test.burgwaechterservice.de\/fr\/p\/boites-aux-lettres\/letter-5832\/#breadcrumb","itemListElement":[{"@type":"ListItem","position":1,"name":"Accueil","item":"https:\/\/test.burgwaechterservice.de\/fr\/"},{"@type":"ListItem","position":2,"name":"Produits","item":"https:\/\/test.burgwaechterservice.de\/fr\/p\/"},{"@type":"ListItem","position":3,"name":"Letter 5832"}]},{"@type":"WebSite","@id":"https:\/\/test.burgwaechterservice.de\/fr\/#website","url":"https:\/\/test.burgwaechterservice.de\/fr\/","name":"Burg-W\u00e4chter France","description":"Le choix le plus s\u00fbr!","potentialAction":[{"@type":"SearchAction","target":{"@type":"EntryPoint","urlTemplate":"https:\/\/test.burgwaechterservice.de\/fr\/?s={search_term_string}"},"query-input":"required name=search_term_string"}],"inLanguage":"fr-FR"}]}},"_links":{"self":[{"href":"https:\/\/test.burgwaechterservice.de\/fr\/wp-json\/wp\/v2\/product\/32704"}],"collection":[{"href":"https:\/\/test.burgwaechterservice.de\/fr\/wp-json\/wp\/v2\/product"}],"about":[{"href":"https:\/\/test.burgwaechterservice.de\/fr\/wp-json\/wp\/v2\/types\/product"}],"replies":[{"embeddable":true,"href":"https:\/\/test.burgwaechterservice.de\/fr\/wp-json\/wp\/v2\/comments?post=32704"}],"wp:featuredmedia":[{"embeddable":true,"href":"https:\/\/test.burgwaechterservice.de\/fr\/wp-json\/wp\/v2\/media\/32709"}],"wp:attachment":[{"href":"https:\/\/test.burgwaechterservice.de\/fr\/wp-json\/wp\/v2\/media?parent=32704"}],"wp:term":[{"taxonomy":"product_cat","embeddable":true,"href":"https:\/\/test.burgwaechterservice.de\/fr\/wp-json\/wp\/v2\/product_cat?post=32704"},{"taxonomy":"product_tag","embeddable":true,"href":"https:\/\/test.burgwaechterservice.de\/fr\/wp-json\/wp\/v2\/product_tag?post=32704"}],"curies":[{"name":"wp","href":"https:\/\/api.w.org\/{rel}","templated":true}]}}