{"id":32699,"date":"2016-07-25T14:51:33","date_gmt":"2016-07-25T12:51:33","guid":{"rendered":"https:\/\/www.burg.biz\/?post_type=product&#038;p=32699"},"modified":"2019-12-16T13:33:59","modified_gmt":"2019-12-16T12:33:59","slug":"magdeburg","status":"publish","type":"product","link":"https:\/\/test.burgwaechterservice.de\/fr\/p\/boites-aux-lettres\/magdeburg\/","title":{"rendered":"Magdeburg"},"content":{"rendered":"<p><img decoding=\"async\" class=\"alignnone wp-image-41817\" src=\"https:\/\/test.burgwaechterservice.de\/fr\/wp-content\/uploads\/sites\/4\/2016\/07\/Bremen-Bayreuth-Modena-857-Esprit-Classico-Vivo.jpg\" alt=\"BUW-Icons-BK 4c OK.indd\" width=\"333\" height=\"118\" srcset=\"https:\/\/test.burgwaechterservice.de\/fr\/wp-content\/uploads\/sites\/4\/2016\/07\/Bremen-Bayreuth-Modena-857-Esprit-Classico-Vivo.jpg 899w, https:\/\/test.burgwaechterservice.de\/fr\/wp-content\/uploads\/sites\/4\/2016\/07\/Bremen-Bayreuth-Modena-857-Esprit-Classico-Vivo-300x106.jpg 300w, https:\/\/test.burgwaechterservice.de\/fr\/wp-content\/uploads\/sites\/4\/2016\/07\/Bremen-Bayreuth-Modena-857-Esprit-Classico-Vivo-768x273.jpg 768w\" sizes=\"(max-width: 333px) 100vw, 333px\" \/><a href=\"https:\/\/warranty.burg.biz\/bk\/\" target=\"_blank\" rel=\"noopener noreferrer\"><img decoding=\"async\" class=\"alignright wp-image-254979\" src=\"https:\/\/test.burgwaechterservice.de\/fr\/wp-content\/uploads\/sites\/4\/2016\/07\/Siegel_5_Jahre_Garantie_FR_-295x300.jpg\" alt=\"\" width=\"214\" height=\"218\" srcset=\"https:\/\/test.burgwaechterservice.de\/fr\/wp-content\/uploads\/sites\/4\/2016\/07\/Siegel_5_Jahre_Garantie_FR_-295x300.jpg 295w, https:\/\/test.burgwaechterservice.de\/fr\/wp-content\/uploads\/sites\/4\/2016\/07\/Siegel_5_Jahre_Garantie_FR_.jpg 485w\" sizes=\"(max-width: 214px) 100vw, 214px\" \/><br \/>\n<\/a><\/p>\n<h2>Mod\u00e8le simple de bo\u00eete aux lettres Magdeburg au format portrait<\/h2>\n<p>La bo\u00eete aux lettres en acier Magdeburg de BURG-W\u00c4CHTER pr\u00e9sente des <strong>lignes \u00e9pur\u00e9es et \u00e9l\u00e9gantes<\/strong> et s&#8217;int\u00e8gre ainsi au style de chaque fa\u00e7ade de maison. Elle dispose \u00e9galement de d\u00e9tails pratiques assurant un grand confort d&#8217;utilisation.<\/p>\n<h3>L&#8217;\u00e9l\u00e9gance simple en acier galvanis\u00e9<\/h3>\n<p>Le mod\u00e8le Magdeburg au <strong>format portrait pratique<\/strong> vous permet de conserver votre courrier en toute s\u00e9curit\u00e9. Son <strong>couvercle basculant<\/strong> emp\u00eache en toute situation que l&#8217;humidit\u00e9 ne p\u00e9n\u00e8tre et le <strong>syst\u00e8me d&#8217;arr\u00eat int\u00e9gr\u00e9<\/strong> de la porte facilite le relev\u00e9 s\u00fbr du courrier. Son passage de courrier au format DIN C4 permet de recevoir des lettres en grand format en toute s\u00e9curit\u00e9 et sans les endommager.<\/p>\n<p>La bo\u00eete aux lettres en acier est <strong>galvanis\u00e9e sur toute sa surface<\/strong> afin de prot\u00e9ger vos lettres des intemp\u00e9ries.<\/p>\n<p>Ce mod\u00e8le est disponible en blanc discret ou en noir \u00e9l\u00e9gant.<\/p>\n<p>Il r\u00e9pond \u00e9galement \u00e0 la norme europ\u00e9enne <strong>EN 13724<\/strong>.<\/p>\n<h3>Montage conseill\u00e9 de la bo\u00eete aux lettres<\/h3>\n<p>BURG-W\u00c4CHTER recommande de <u>ne pas<\/u> exposer votre bo\u00eete aux lettres directement et de mani\u00e8re permanente aux intemp\u00e9ries afin qu&#8217;elle reste le plus longtemps possible dans un \u00e9tat id\u00e9al. Montez ou placez-la de pr\u00e9f\u00e9rence avec le mat\u00e9riel de fixation livr\u00e9 avec elle \u00e0 un <strong>endroit prot\u00e9g\u00e9 des intemp\u00e9ries<\/strong>.<br \/>\nLe pied de bo\u00eete aux lettres correspondant vous permet de placer le mod\u00e8le Magdeburg l\u00e0 o\u00f9 vous le souhaitez.<br \/>\n<a href=\"https:\/\/test.burgwaechterservice.de\/fr\/c\/boites-aux-lettres\/boites-aux-lettres-en-batterie-individuelles-sur-pieds-et-poteaux\/\">D\u00e9couvrez ici nos pieds de bo\u00eete aux lettres<\/a>.<\/p>\n<h3>Les propri\u00e9t\u00e9s de la bo\u00eete aux lettres Magdeburg<\/h3>\n<ul>\n<li>Mod\u00e8le simple au format portrait<\/li>\n<li>R\u00e9pond \u00e0 la norme EN 13724<\/li>\n<li>Porte avec syst\u00e8me d&#8217;arr\u00eat<\/li>\n<li>Avec couvercle basculant et passage du courrier par le haut<\/li>\n<li>Disponible en noir ou blanc<\/li>\n<li>Format de fente\u00a0: DIN C4<br \/>\n(L x H : 254 x 30 mm)<\/li>\n<li>Dimensions L x l x H : 398 x 300 x 115 mm<\/li>\n<li>Mat\u00e9riel de fixation compris dans la livraison<\/li>\n<\/ul>\n<table class=\"ausfuehrung\">\n<thead>\n<tr>\n<td>Article<\/td>\n<td>Couleurs<\/td>\n<td>H x\u00a0L x P<\/td>\n<td>Fente<\/td>\n<\/tr>\n<tr>\n<td class=\"subdesc\"><\/td>\n<td><\/td>\n<td class=\"subdesc\">mm<\/td>\n<td class=\"subdesc\">L\u00a0x H (mm)<\/td>\n<\/tr>\n<\/thead>\n<tbody>\n<tr>\n<td>767 W<\/td>\n<td>blanc<\/td>\n<td>398 x 300 x 115<\/td>\n<td>250 x 30<\/td>\n<\/tr>\n<tr>\n<td>767 S<\/td>\n<td>noir<\/td>\n<td>398 x 300 x 115<\/td>\n<td>250 x 30<\/td>\n<\/tr>\n<\/tbody>\n<\/table>\n","protected":false},"excerpt":{"rendered":"<p>Mod\u00e8le simple de bo\u00eete aux lettres Magdeburg au format portrait La bo\u00eete aux lettres en acier Magdeburg de BURG-W\u00c4CHTER pr\u00e9sente des lignes \u00e9pur\u00e9es et \u00e9l\u00e9gantes et s&#8217;int\u00e8gre ainsi au style de chaque fa\u00e7ade de maison. Elle dispose \u00e9galement de d\u00e9tails &hellip; <a class=\"kt-excerpt-readmore\" href=\"https:\/\/test.burgwaechterservice.de\/fr\/p\/boites-aux-lettres\/magdeburg\/\" aria-label=\"Magdeburg\">Lire la suite<\/a><\/p>\n","protected":false},"featured_media":32702,"comment_status":"closed","ping_status":"closed","template":"","meta":[],"product_cat":[23,33],"product_tag":[],"yoast_head":"<!-- This site is optimized with the Yoast SEO Premium plugin v18.4 (Yoast SEO v19.13) - https:\/\/yoast.com\/wordpress\/plugins\/seo\/ -->\n<title>Bo\u00eete aux lettres Magdeburg - Burg-W\u00e4chter<\/title>\n<meta name=\"description\" content=\"Le mod\u00e8le Magdeburg au format portrait pratique vous permet de conserver votre courrier en toute s\u00e9curit\u00e9.\" \/>\n<meta name=\"robots\" content=\"index, follow, max-snippet:-1, max-image-preview:large, max-video-preview:-1\" \/>\n<link rel=\"canonical\" href=\"https:\/\/test.burgwaechterservice.de\/fr\/p\/boites-aux-lettres\/magdeburg\/\" \/>\n<meta property=\"og:locale\" content=\"fr_FR\" \/>\n<meta property=\"og:type\" content=\"article\" \/>\n<meta property=\"og:title\" content=\"Magdeburg\" \/>\n<meta property=\"og:description\" content=\"Le mod\u00e8le Magdeburg au format portrait pratique vous permet de conserver votre courrier en toute s\u00e9curit\u00e9.\" \/>\n<meta property=\"og:url\" content=\"https:\/\/test.burgwaechterservice.de\/fr\/p\/boites-aux-lettres\/magdeburg\/\" \/>\n<meta property=\"og:site_name\" content=\"Burg-W\u00e4chter France\" \/>\n<meta property=\"article:modified_time\" content=\"2019-12-16T12:33:59+00:00\" \/>\n<meta property=\"og:image\" content=\"https:\/\/test.burgwaechterservice.de\/fr\/wp-content\/uploads\/sites\/4\/2016\/07\/Briefkasten_Magdeburg_767_W_289600-01.jpg\" \/>\n\t<meta property=\"og:image:width\" content=\"1000\" \/>\n\t<meta property=\"og:image:height\" content=\"1000\" \/>\n\t<meta property=\"og:image:type\" content=\"image\/jpeg\" \/>\n<meta name=\"twitter:card\" content=\"summary_large_image\" \/>\n<meta name=\"twitter:label1\" content=\"Dur\u00e9e de lecture estim\u00e9e\" \/>\n\t<meta name=\"twitter:data1\" content=\"2 minutes\" \/>\n<!-- \/ Yoast SEO Premium plugin. -->","yoast_head_json":{"title":"Bo\u00eete aux lettres Magdeburg - Burg-W\u00e4chter","description":"Le mod\u00e8le Magdeburg au format portrait pratique vous permet de conserver votre courrier en toute s\u00e9curit\u00e9.","robots":{"index":"index","follow":"follow","max-snippet":"max-snippet:-1","max-image-preview":"max-image-preview:large","max-video-preview":"max-video-preview:-1"},"canonical":"https:\/\/test.burgwaechterservice.de\/fr\/p\/boites-aux-lettres\/magdeburg\/","og_locale":"fr_FR","og_type":"article","og_title":"Magdeburg","og_description":"Le mod\u00e8le Magdeburg au format portrait pratique vous permet de conserver votre courrier en toute s\u00e9curit\u00e9.","og_url":"https:\/\/test.burgwaechterservice.de\/fr\/p\/boites-aux-lettres\/magdeburg\/","og_site_name":"Burg-W\u00e4chter France","article_modified_time":"2019-12-16T12:33:59+00:00","og_image":[{"width":1000,"height":1000,"url":"https:\/\/test.burgwaechterservice.de\/fr\/wp-content\/uploads\/sites\/4\/2016\/07\/Briefkasten_Magdeburg_767_W_289600-01.jpg","type":"image\/jpeg"}],"twitter_card":"summary_large_image","twitter_misc":{"Dur\u00e9e de lecture estim\u00e9e":"2 minutes"},"schema":{"@context":"https:\/\/schema.org","@graph":[{"@type":"WebPage","@id":"https:\/\/test.burgwaechterservice.de\/fr\/p\/boites-aux-lettres\/magdeburg\/","url":"https:\/\/test.burgwaechterservice.de\/fr\/p\/boites-aux-lettres\/magdeburg\/","name":"Bo\u00eete aux lettres Magdeburg - Burg-W\u00e4chter","isPartOf":{"@id":"https:\/\/test.burgwaechterservice.de\/fr\/#website"},"datePublished":"2016-07-25T12:51:33+00:00","dateModified":"2019-12-16T12:33:59+00:00","description":"Le mod\u00e8le Magdeburg au format portrait pratique vous permet de conserver votre courrier en toute s\u00e9curit\u00e9.","breadcrumb":{"@id":"https:\/\/test.burgwaechterservice.de\/fr\/p\/boites-aux-lettres\/magdeburg\/#breadcrumb"},"inLanguage":"fr-FR","potentialAction":[{"@type":"ReadAction","target":["https:\/\/test.burgwaechterservice.de\/fr\/p\/boites-aux-lettres\/magdeburg\/"]}]},{"@type":"BreadcrumbList","@id":"https:\/\/test.burgwaechterservice.de\/fr\/p\/boites-aux-lettres\/magdeburg\/#breadcrumb","itemListElement":[{"@type":"ListItem","position":1,"name":"Accueil","item":"https:\/\/test.burgwaechterservice.de\/fr\/"},{"@type":"ListItem","position":2,"name":"Produits","item":"https:\/\/test.burgwaechterservice.de\/fr\/p\/"},{"@type":"ListItem","position":3,"name":"Magdeburg"}]},{"@type":"WebSite","@id":"https:\/\/test.burgwaechterservice.de\/fr\/#website","url":"https:\/\/test.burgwaechterservice.de\/fr\/","name":"Burg-W\u00e4chter France","description":"Le choix le plus s\u00fbr!","potentialAction":[{"@type":"SearchAction","target":{"@type":"EntryPoint","urlTemplate":"https:\/\/test.burgwaechterservice.de\/fr\/?s={search_term_string}"},"query-input":"required name=search_term_string"}],"inLanguage":"fr-FR"}]}},"_links":{"self":[{"href":"https:\/\/test.burgwaechterservice.de\/fr\/wp-json\/wp\/v2\/product\/32699"}],"collection":[{"href":"https:\/\/test.burgwaechterservice.de\/fr\/wp-json\/wp\/v2\/product"}],"about":[{"href":"https:\/\/test.burgwaechterservice.de\/fr\/wp-json\/wp\/v2\/types\/product"}],"replies":[{"embeddable":true,"href":"https:\/\/test.burgwaechterservice.de\/fr\/wp-json\/wp\/v2\/comments?post=32699"}],"wp:featuredmedia":[{"embeddable":true,"href":"https:\/\/test.burgwaechterservice.de\/fr\/wp-json\/wp\/v2\/media\/32702"}],"wp:attachment":[{"href":"https:\/\/test.burgwaechterservice.de\/fr\/wp-json\/wp\/v2\/media?parent=32699"}],"wp:term":[{"taxonomy":"product_cat","embeddable":true,"href":"https:\/\/test.burgwaechterservice.de\/fr\/wp-json\/wp\/v2\/product_cat?post=32699"},{"taxonomy":"product_tag","embeddable":true,"href":"https:\/\/test.burgwaechterservice.de\/fr\/wp-json\/wp\/v2\/product_tag?post=32699"}],"curies":[{"name":"wp","href":"https:\/\/api.w.org\/{rel}","templated":true}]}}