{"id":32683,"date":"2016-07-25T14:34:03","date_gmt":"2016-07-25T12:34:03","guid":{"rendered":"https:\/\/www.burg.biz\/?post_type=product&#038;p=32683"},"modified":"2019-08-13T10:19:23","modified_gmt":"2019-08-13T08:19:23","slug":"amsterdam","status":"publish","type":"product","link":"https:\/\/test.burgwaechterservice.de\/fr\/p\/boites-aux-lettres\/amsterdam\/","title":{"rendered":"Amsterdam"},"content":{"rendered":"<p><img decoding=\"async\" class=\"alignnone wp-image-41817\" src=\"https:\/\/test.burgwaechterservice.de\/fr\/wp-content\/uploads\/sites\/4\/2016\/07\/Bremen-Bayreuth-Modena-857-Esprit-Classico-Vivo.jpg\" alt=\"BUW-Icons-BK 4c OK.indd\" width=\"333\" height=\"118\" srcset=\"https:\/\/test.burgwaechterservice.de\/fr\/wp-content\/uploads\/sites\/4\/2016\/07\/Bremen-Bayreuth-Modena-857-Esprit-Classico-Vivo.jpg 899w, https:\/\/test.burgwaechterservice.de\/fr\/wp-content\/uploads\/sites\/4\/2016\/07\/Bremen-Bayreuth-Modena-857-Esprit-Classico-Vivo-300x106.jpg 300w, https:\/\/test.burgwaechterservice.de\/fr\/wp-content\/uploads\/sites\/4\/2016\/07\/Bremen-Bayreuth-Modena-857-Esprit-Classico-Vivo-768x273.jpg 768w\" sizes=\"(max-width: 333px) 100vw, 333px\" \/><a href=\"https:\/\/warranty.burg.biz\/bk\/\" target=\"_blank\" rel=\"noopener noreferrer\"><img decoding=\"async\" class=\"alignright wp-image-254979\" src=\"https:\/\/test.burgwaechterservice.de\/fr\/wp-content\/uploads\/sites\/4\/2016\/07\/Siegel_5_Jahre_Garantie_FR_-295x300.jpg\" alt=\"\" width=\"214\" height=\"218\" srcset=\"https:\/\/test.burgwaechterservice.de\/fr\/wp-content\/uploads\/sites\/4\/2016\/07\/Siegel_5_Jahre_Garantie_FR_-295x300.jpg 295w, https:\/\/test.burgwaechterservice.de\/fr\/wp-content\/uploads\/sites\/4\/2016\/07\/Siegel_5_Jahre_Garantie_FR_.jpg 485w\" sizes=\"(max-width: 214px) 100vw, 214px\" \/><br \/>\n<\/a><\/p>\n<h2>Amsterdam: Lignes minimalistes au format paysage<\/h2>\n<p>La bo\u00eete aux lettres Amsterdam de BURG-W\u00c4CHTER s\u00e9duit par l&#8217;<strong>\u00e9l\u00e9gante simplicit\u00e9<\/strong> de ses lignes droites et par ses nombreux c\u00f4t\u00e9s pratiques. Elle est disponible dans quatre couleurs diff\u00e9rentes.<\/p>\n<h3>Des lignes minimalistes en acier galvanis\u00e9<\/h3>\n<p>Le <strong>format paysage<\/strong> et la fente au format DIN C4 permettent de recevoir facilement beaucoup de courrier. Son <strong>couvercle basculant <\/strong>prot\u00e8ge parfaitement les lettres des caprices de la m\u00e9t\u00e9o.<br \/>\nLe <strong>syst\u00e8me d&#8217;arr\u00eat int\u00e9gr\u00e9<\/strong> emp\u00eache que votre courrier ne tombe quand vous ouvrez la porte.<br \/>\nLa bo\u00eete aux lettres en acier est <strong>enti\u00e8rement galvanis\u00e9e<\/strong> ce qui la prot\u00e8ge tout comme votre courrier.<\/p>\n<p>Le mod\u00e8le \u00e9pur\u00e9 Amsterdam est disponible en cinque superbes couleurs : blanc, argent\u00e9, marron,<span id=\"result_box\" class=\"short_text\" lang=\"en\">anthracite <\/span>et noir.<\/p>\n<p>Si vous avez besoin d&#8217;un porte-journaux ind\u00e9pendant pour recevoir votre journal ou votre magazine&#8230; BURG-W\u00c4CHTER propose \u00e9galement un large choix de porte-journaux. Vous pouvez commander en plus un mod\u00e8le adapt\u00e9 ou universel. <a href=\"https:\/\/test.burgwaechterservice.de\/fr\/c\/boites-aux-lettres\/portes-journaux\/\">D\u00e9couvrez ici nos porte-journaux<\/a>.\u00a0 Ou optez pour l&#8217;offre combin\u00e9e Vario compos\u00e9e de l&#8217;Amsterdam et du porte-journaux Vario 820 d\u00e9j\u00e0 mont\u00e9. <a href=\"https:\/\/test.burgwaechterservice.de\/fr\/p\/boites-aux-lettres\/set-vario\/\">Voir l&#8217;offre combin\u00e9e Vario<\/a>.<\/p>\n<p>Ce mod\u00e8le r\u00e9pond \u00e0 la <strong>norme europ\u00e9enne (EN) 13724<\/strong>.<\/p>\n<h3>Le montage<\/h3>\n<p>BURG-W\u00c4CHTER recommande de <u>ne pas<\/u> exposer votre bo\u00eete aux lettres directement et de mani\u00e8re permanente aux intemp\u00e9ries afin qu&#8217;elle reste le plus longtemps possible dans un \u00e9tat id\u00e9al. Montez ou placez-la de pr\u00e9f\u00e9rence avec le mat\u00e9riel de fixation livr\u00e9 avec elle \u00e0 un <strong>endroit prot\u00e9g\u00e9 des intemp\u00e9ries<\/strong>.<br \/>\nLe pied de bo\u00eete aux lettres correspondant vous permet de placer le mod\u00e8le Amsterdam l\u00e0 o\u00f9 vous le souhaitez.<br \/>\n<a href=\"https:\/\/test.burgwaechterservice.de\/fr\/c\/boites-aux-lettres\/boites-aux-lettres-en-batterie-individuelles-sur-pieds-et-poteaux\/\">D\u00e9couvrez ici nos pieds de bo\u00eete aux lettres<\/a>.<\/p>\n<h3>La bo\u00eete aux lettres Amsterdam de BURG-W\u00c4CHTER<\/h3>\n<ul>\n<li>Lignes \u00e9pur\u00e9es<\/li>\n<li>R\u00e9pond \u00e0 la norme EN 13724<\/li>\n<li>Format paysage<\/li>\n<li>Porte avec syst\u00e8me d&#8217;arr\u00eat<\/li>\n<li>Avec couvercle basculant et passage du courrier par le haut<\/li>\n<li>Disponible en blanc, argent\u00e9, <span id=\"result_box\" class=\"short_text\" lang=\"fr\">anthracite<\/span>, marron et noir<\/li>\n<li>Format de fente\u00a0: DIN C4<br \/>\n(L x H\u00a0: 332 x 31 mm)<\/li>\n<li>Dimensions L x l x H\u00a0: 320 x 377 x 115 mm<\/li>\n<li>Mat\u00e9riel de fixation compris dans la livraison<\/li>\n<\/ul>\n<table class=\"ausfuehrung\">\n<thead>\n<tr>\n<td>Article<\/td>\n<td>Couleurs<\/td>\n<td>H x L x P<\/td>\n<td>Fente<\/td>\n<\/tr>\n<tr>\n<td class=\"subdesc\"><\/td>\n<td><\/td>\n<td class=\"subdesc\">mm<\/td>\n<td class=\"subdesc\">L x H (mm)<\/td>\n<\/tr>\n<\/thead>\n<tbody>\n<tr>\n<td>867 W<\/td>\n<td>blanc<\/td>\n<td>320 x 377 x 115<\/td>\n<td>332 x 31<\/td>\n<\/tr>\n<tr>\n<td>867 Si<\/td>\n<td>argent<\/td>\n<td>320 x 377 x 115<\/td>\n<td>332 x 31<\/td>\n<\/tr>\n<tr>\n<td>867 BR<\/td>\n<td>brun<\/td>\n<td>320 x 377 x 115<\/td>\n<td>332 x 31<\/td>\n<\/tr>\n<tr>\n<td>867 S<\/td>\n<td>noir<\/td>\n<td>320 x 377 x 115<\/td>\n<td>332 x 31<\/td>\n<\/tr>\n<tr>\n<td>867 ANT<\/td>\n<td><span id=\"result_box\" class=\"short_text\" lang=\"fr\">anthracite<\/span><\/td>\n<td>320 x 377 x 115<\/td>\n<td>332 x 31<\/td>\n<\/tr>\n<tr>\n<td>poin\u00e7onn\u00e9e 867 W<\/td>\n<td>blanc<\/td>\n<td>320 x 377 x 115<\/td>\n<td>332 x 31<\/td>\n<\/tr>\n<tr>\n<td>poin\u00e7onn\u00e9e\u00a0867 Si<\/td>\n<td>argent<\/td>\n<td>320 x 377 x 115<\/td>\n<td>332 x 31<\/td>\n<\/tr>\n<\/tbody>\n<\/table>\n","protected":false},"excerpt":{"rendered":"<p>Amsterdam: Lignes minimalistes au format paysage La bo\u00eete aux lettres Amsterdam de BURG-W\u00c4CHTER s\u00e9duit par l&#8217;\u00e9l\u00e9gante simplicit\u00e9 de ses lignes droites et par ses nombreux c\u00f4t\u00e9s pratiques. Elle est disponible dans quatre couleurs diff\u00e9rentes. Des lignes minimalistes en acier galvanis\u00e9 &hellip; <a class=\"kt-excerpt-readmore\" href=\"https:\/\/test.burgwaechterservice.de\/fr\/p\/boites-aux-lettres\/amsterdam\/\" aria-label=\"Amsterdam\">Lire la suite<\/a><\/p>\n","protected":false},"featured_media":33041,"comment_status":"closed","ping_status":"closed","template":"","meta":[],"product_cat":[23,33],"product_tag":[],"yoast_head":"<!-- This site is optimized with the Yoast SEO Premium plugin v18.4 (Yoast SEO v19.13) - https:\/\/yoast.com\/wordpress\/plugins\/seo\/ -->\n<title>Amsterdam - Burg-W\u00e4chter<\/title>\n<meta name=\"description\" content=\"Amsterdam: Lignes minimalistes au format paysage La bo\u00eete aux lettres Amsterdam de BURG-W\u00c4CHTER s\u00e9duit par l&#039;\u00e9l\u00e9gante simplicit\u00e9 de ses lignes droites et\" \/>\n<meta name=\"robots\" content=\"index, follow, max-snippet:-1, max-image-preview:large, max-video-preview:-1\" \/>\n<link rel=\"canonical\" href=\"https:\/\/test.burgwaechterservice.de\/fr\/p\/boites-aux-lettres\/amsterdam\/\" \/>\n<meta property=\"og:locale\" content=\"fr_FR\" \/>\n<meta property=\"og:type\" content=\"article\" \/>\n<meta property=\"og:title\" content=\"Amsterdam\" \/>\n<meta property=\"og:description\" content=\"Amsterdam: Lignes minimalistes au format paysage La bo\u00eete aux lettres Amsterdam de BURG-W\u00c4CHTER s\u00e9duit par l&#039;\u00e9l\u00e9gante simplicit\u00e9 de ses lignes droites et\" \/>\n<meta property=\"og:url\" content=\"https:\/\/test.burgwaechterservice.de\/fr\/p\/boites-aux-lettres\/amsterdam\/\" \/>\n<meta property=\"og:site_name\" content=\"Burg-W\u00e4chter France\" \/>\n<meta property=\"article:modified_time\" content=\"2019-08-13T08:19:23+00:00\" \/>\n<meta property=\"og:image\" content=\"https:\/\/test.burgwaechterservice.de\/fr\/wp-content\/uploads\/sites\/4\/2016\/07\/Briefkasten_Amsterdam_867_S_202401-01-1.jpg\" \/>\n\t<meta property=\"og:image:width\" content=\"4724\" \/>\n\t<meta property=\"og:image:height\" content=\"4724\" \/>\n\t<meta property=\"og:image:type\" content=\"image\/jpeg\" \/>\n<meta name=\"twitter:card\" content=\"summary_large_image\" \/>\n<meta name=\"twitter:label1\" content=\"Dur\u00e9e de lecture estim\u00e9e\" \/>\n\t<meta name=\"twitter:data1\" content=\"2 minutes\" \/>\n<!-- \/ Yoast SEO Premium plugin. -->","yoast_head_json":{"title":"Amsterdam - Burg-W\u00e4chter","description":"Amsterdam: Lignes minimalistes au format paysage La bo\u00eete aux lettres Amsterdam de BURG-W\u00c4CHTER s\u00e9duit par l'\u00e9l\u00e9gante simplicit\u00e9 de ses lignes droites et","robots":{"index":"index","follow":"follow","max-snippet":"max-snippet:-1","max-image-preview":"max-image-preview:large","max-video-preview":"max-video-preview:-1"},"canonical":"https:\/\/test.burgwaechterservice.de\/fr\/p\/boites-aux-lettres\/amsterdam\/","og_locale":"fr_FR","og_type":"article","og_title":"Amsterdam","og_description":"Amsterdam: Lignes minimalistes au format paysage La bo\u00eete aux lettres Amsterdam de BURG-W\u00c4CHTER s\u00e9duit par l'\u00e9l\u00e9gante simplicit\u00e9 de ses lignes droites et","og_url":"https:\/\/test.burgwaechterservice.de\/fr\/p\/boites-aux-lettres\/amsterdam\/","og_site_name":"Burg-W\u00e4chter France","article_modified_time":"2019-08-13T08:19:23+00:00","og_image":[{"width":4724,"height":4724,"url":"https:\/\/test.burgwaechterservice.de\/fr\/wp-content\/uploads\/sites\/4\/2016\/07\/Briefkasten_Amsterdam_867_S_202401-01-1.jpg","type":"image\/jpeg"}],"twitter_card":"summary_large_image","twitter_misc":{"Dur\u00e9e de lecture estim\u00e9e":"2 minutes"},"schema":{"@context":"https:\/\/schema.org","@graph":[{"@type":"WebPage","@id":"https:\/\/test.burgwaechterservice.de\/fr\/p\/boites-aux-lettres\/amsterdam\/","url":"https:\/\/test.burgwaechterservice.de\/fr\/p\/boites-aux-lettres\/amsterdam\/","name":"Amsterdam - Burg-W\u00e4chter","isPartOf":{"@id":"https:\/\/test.burgwaechterservice.de\/fr\/#website"},"datePublished":"2016-07-25T12:34:03+00:00","dateModified":"2019-08-13T08:19:23+00:00","description":"Amsterdam: Lignes minimalistes au format paysage La bo\u00eete aux lettres Amsterdam de BURG-W\u00c4CHTER s\u00e9duit par l'\u00e9l\u00e9gante simplicit\u00e9 de ses lignes droites et","breadcrumb":{"@id":"https:\/\/test.burgwaechterservice.de\/fr\/p\/boites-aux-lettres\/amsterdam\/#breadcrumb"},"inLanguage":"fr-FR","potentialAction":[{"@type":"ReadAction","target":["https:\/\/test.burgwaechterservice.de\/fr\/p\/boites-aux-lettres\/amsterdam\/"]}]},{"@type":"BreadcrumbList","@id":"https:\/\/test.burgwaechterservice.de\/fr\/p\/boites-aux-lettres\/amsterdam\/#breadcrumb","itemListElement":[{"@type":"ListItem","position":1,"name":"Accueil","item":"https:\/\/test.burgwaechterservice.de\/fr\/"},{"@type":"ListItem","position":2,"name":"Produits","item":"https:\/\/test.burgwaechterservice.de\/fr\/p\/"},{"@type":"ListItem","position":3,"name":"Amsterdam"}]},{"@type":"WebSite","@id":"https:\/\/test.burgwaechterservice.de\/fr\/#website","url":"https:\/\/test.burgwaechterservice.de\/fr\/","name":"Burg-W\u00e4chter France","description":"Le choix le plus s\u00fbr!","potentialAction":[{"@type":"SearchAction","target":{"@type":"EntryPoint","urlTemplate":"https:\/\/test.burgwaechterservice.de\/fr\/?s={search_term_string}"},"query-input":"required name=search_term_string"}],"inLanguage":"fr-FR"}]}},"_links":{"self":[{"href":"https:\/\/test.burgwaechterservice.de\/fr\/wp-json\/wp\/v2\/product\/32683"}],"collection":[{"href":"https:\/\/test.burgwaechterservice.de\/fr\/wp-json\/wp\/v2\/product"}],"about":[{"href":"https:\/\/test.burgwaechterservice.de\/fr\/wp-json\/wp\/v2\/types\/product"}],"replies":[{"embeddable":true,"href":"https:\/\/test.burgwaechterservice.de\/fr\/wp-json\/wp\/v2\/comments?post=32683"}],"wp:featuredmedia":[{"embeddable":true,"href":"https:\/\/test.burgwaechterservice.de\/fr\/wp-json\/wp\/v2\/media\/33041"}],"wp:attachment":[{"href":"https:\/\/test.burgwaechterservice.de\/fr\/wp-json\/wp\/v2\/media?parent=32683"}],"wp:term":[{"taxonomy":"product_cat","embeddable":true,"href":"https:\/\/test.burgwaechterservice.de\/fr\/wp-json\/wp\/v2\/product_cat?post=32683"},{"taxonomy":"product_tag","embeddable":true,"href":"https:\/\/test.burgwaechterservice.de\/fr\/wp-json\/wp\/v2\/product_tag?post=32683"}],"curies":[{"name":"wp","href":"https:\/\/api.w.org\/{rel}","templated":true}]}}