{"id":32642,"date":"2016-07-25T13:28:49","date_gmt":"2016-07-25T11:28:49","guid":{"rendered":"https:\/\/www.burg.biz\/?post_type=product&#038;p=32642"},"modified":"2019-05-28T11:02:21","modified_gmt":"2019-05-28T09:02:21","slug":"olymp-set","status":"publish","type":"product","link":"https:\/\/test.burgwaechterservice.de\/fr\/p\/boites-aux-lettres\/olymp-set\/","title":{"rendered":"Olymp-Set"},"content":{"rendered":"<p><img decoding=\"async\" class=\"alignnone wp-image-164060\" src=\"https:\/\/test.burgwaechterservice.de\/fr\/wp-content\/uploads\/sites\/4\/2016\/07\/Comfort-913-und-Set-Olymp-und-Set-Futura-und-Set-Milano-1.jpg\" alt=\"\" width=\"420\" height=\"118\" srcset=\"https:\/\/test.burgwaechterservice.de\/fr\/wp-content\/uploads\/sites\/4\/2016\/07\/Comfort-913-und-Set-Olymp-und-Set-Futura-und-Set-Milano-1.jpg 1135w, https:\/\/test.burgwaechterservice.de\/fr\/wp-content\/uploads\/sites\/4\/2016\/07\/Comfort-913-und-Set-Olymp-und-Set-Futura-und-Set-Milano-1-300x84.jpg 300w, https:\/\/test.burgwaechterservice.de\/fr\/wp-content\/uploads\/sites\/4\/2016\/07\/Comfort-913-und-Set-Olymp-und-Set-Futura-und-Set-Milano-1-768x216.jpg 768w, https:\/\/test.burgwaechterservice.de\/fr\/wp-content\/uploads\/sites\/4\/2016\/07\/Comfort-913-und-Set-Olymp-und-Set-Futura-und-Set-Milano-1-1024x288.jpg 1024w, https:\/\/test.burgwaechterservice.de\/fr\/wp-content\/uploads\/sites\/4\/2016\/07\/Comfort-913-und-Set-Olymp-und-Set-Futura-und-Set-Milano-1-600x169.jpg 600w\" sizes=\"(max-width: 420px) 100vw, 420px\" \/><a href=\"https:\/\/warranty.burg.biz\/bk\/\" target=\"_blank\" rel=\"noopener noreferrer\"><img decoding=\"async\" class=\"alignright wp-image-254979\" src=\"https:\/\/test.burgwaechterservice.de\/fr\/wp-content\/uploads\/sites\/4\/2016\/07\/Siegel_5_Jahre_Garantie_FR_-295x300.jpg\" alt=\"\" width=\"214\" height=\"218\" srcset=\"https:\/\/test.burgwaechterservice.de\/fr\/wp-content\/uploads\/sites\/4\/2016\/07\/Siegel_5_Jahre_Garantie_FR_-295x300.jpg 295w, https:\/\/test.burgwaechterservice.de\/fr\/wp-content\/uploads\/sites\/4\/2016\/07\/Siegel_5_Jahre_Garantie_FR_.jpg 485w\" sizes=\"(max-width: 214px) 100vw, 214px\" \/><br \/>\n<\/a><\/p>\n<h2>Le mod\u00e8le grand volume Olymp avec son cachet particulier et son espace suppl\u00e9mentaire avec porte-journaux int\u00e9gr\u00e9<\/h2>\n<p>La bo\u00eete aux lettres Olymp de BURG-W\u00c4CHTER offre <strong>\u00e9norm\u00e9ment de place <\/strong>\u00e0 votre courrier gr\u00e2ce \u00e0 sa profondeur de confort et son porte-journaux int\u00e9gr\u00e9 et la prot\u00e8ge \u00e9galement de l&#8217;humidit\u00e9.<\/p>\n<h3>D\u00e9tails particuliers et pratiques<\/h3>\n<p>La <strong>profondeur de confort<\/strong> cr\u00e9e de la place pour recevoir des montagnes de courrier et de journaux. Gr\u00e2ce au bo\u00eetier r\u00e9sistant aux intemp\u00e9ries et au toit en PVC, le contenu est toujours tr\u00e8s bien prot\u00e9g\u00e9 des caprices de la m\u00e9t\u00e9o.<br \/>\nSa porte dispose d&#8217;un <strong>syst\u00e8me d&#8217;arr\u00eat incorpor\u00e9 <\/strong>pour un relev\u00e9 simple et s\u00fbr de vos lettres.<br \/>\nEt ce n&#8217;est pas tout, la fente au format DIN C4 facilite le travail du facteur.<br \/>\nCette bo\u00eete aux lettres en acier est disponible en blanc discret ou en argent\u00e9 \u00e9l\u00e9gant.<\/p>\n<p>L&#8217;offre combin\u00e9e Olymp poss\u00e8de un <strong>porte-journaux<\/strong> ouvert des deux c\u00f4t\u00e9s fix\u00e9s sous la bo\u00eete aux lettres en elle-m\u00eame afin de recevoir et de conserver vos journaux, magazines et revues de mani\u00e8re organis\u00e9e et en toute s\u00e9curit\u00e9.<\/p>\n<h3>Par\u00e9e pour r\u00e9sister \u00e0 toute m\u00e9t\u00e9o<\/h3>\n<p>Le bo\u00eetier de ce mod\u00e8le est <strong>galvanis\u00e9 sur toute sa surface<\/strong> <strong>et r\u00e9siste aux intemp\u00e9ries <\/strong>pour prot\u00e9ger en toute situation l&#8217;acier, mais aussi son contenu des influences de la m\u00e9t\u00e9o. Le grand <strong>toit rabattable de protection contre la pluie<\/strong> est fabriqu\u00e9 dans du <strong>PVC de qualit\u00e9<\/strong>. Il est par cons\u00e9quent <strong>r\u00e9sistant <\/strong>et <strong>facile d&#8217;entretien<\/strong>.<br \/>\nPour le nettoyage, il vous suffit d&#8217;utiliser r\u00e9guli\u00e8rement un chiffon humide et propre.<\/p>\n<h3>Le montage<\/h3>\n<p>BURG-W\u00c4CHTER recommande de ne pas exposer votre bo\u00eete aux lettres directement et de mani\u00e8re permanente aux intemp\u00e9ries afin qu&#8217;elle reste le plus longtemps possible dans un \u00e9tat id\u00e9al. Montez ou placez-la de pr\u00e9f\u00e9rence \u00e0 un <strong>endroit prot\u00e9g\u00e9 des intemp\u00e9ries<\/strong>.<br \/>\nLe pied de bo\u00eete aux lettres correspondant vous permet de placer le mod\u00e8le Olymp l\u00e0 o\u00f9 vous le souhaitez.<br \/>\n<a href=\"https:\/\/test.burgwaechterservice.de\/fr\/c\/boites-aux-lettres\/boites-aux-lettres-en-batterie-individuelles-sur-pieds-et-poteaux\/\">D\u00e9couvrez ici nos pieds de bo\u00eete aux lettres<\/a>.<\/p>\n<h3>La bo\u00eete aux lettres en acier Olymp de BURG-W\u00c4CHTER<\/h3>\n<ul>\n<li>Bo\u00eete aux lettres grand volume avec un cachet particulier<\/li>\n<li>Offre combin\u00e9e avec porte-journaux int\u00e9gr\u00e9, ouvert des deux c\u00f4t\u00e9s<\/li>\n<li>R\u00e9pond \u00e0 la norme EN 13724<\/li>\n<li>Bo\u00eetier et porte galvanis\u00e9s et avec traitement de surface de qualit\u00e9 pour prot\u00e9ger des intemp\u00e9ries<\/li>\n<li>Grand toit basculant en PVC pour prot\u00e9ger de la pluie<\/li>\n<li>Avec syst\u00e8me d&#8217;arr\u00eat pour un relev\u00e9 simple et s\u00fbr du courrier<\/li>\n<li>Disponible en blanc et en argent\u00e9<\/li>\n<li>Format de fente\u00a0: DIN C4<br \/>\n(L x H\u00a0: 332 x 32 mm)<\/li>\n<li>Dimensions L x l x H\u00a0: 445 x 389 x 193 mm<\/li>\n<\/ul>\n<table class=\"ausfuehrung\">\n<thead>\n<tr>\n<td>Article<\/td>\n<td>Couleurs<\/td>\n<td>H x L x P<\/td>\n<td>Fente<\/td>\n<\/tr>\n<tr>\n<td class=\"subdesc\"><\/td>\n<td><\/td>\n<td class=\"subdesc\">mm<\/td>\n<td class=\"subdesc\">L x H (mm)<\/td>\n<\/tr>\n<\/thead>\n<tbody>\n<tr>\n<td>91600 W<\/td>\n<td>blanc<\/td>\n<td>445 x 389 x 193<\/td>\n<td>332 x 32<\/td>\n<\/tr>\n<tr>\n<td>91600 Si<\/td>\n<td>argent<\/td>\n<td>445 x 389 x 193<\/td>\n<td>332 x 32<\/td>\n<\/tr>\n<\/tbody>\n<\/table>\n","protected":false},"excerpt":{"rendered":"<p>Le mod\u00e8le grand volume Olymp avec son cachet particulier et son espace suppl\u00e9mentaire avec porte-journaux int\u00e9gr\u00e9 La bo\u00eete aux lettres Olymp de BURG-W\u00c4CHTER offre \u00e9norm\u00e9ment de place \u00e0 votre courrier gr\u00e2ce \u00e0 sa profondeur de confort et son porte-journaux int\u00e9gr\u00e9 &hellip; <a class=\"kt-excerpt-readmore\" href=\"https:\/\/test.burgwaechterservice.de\/fr\/p\/boites-aux-lettres\/olymp-set\/\" aria-label=\"Olymp-Set\">Lire la suite<\/a><\/p>\n","protected":false},"featured_media":32646,"comment_status":"closed","ping_status":"closed","template":"","meta":[],"product_cat":[23,33],"product_tag":[],"yoast_head":"<!-- This site is optimized with the Yoast SEO Premium plugin v18.4 (Yoast SEO v19.13) - https:\/\/yoast.com\/wordpress\/plugins\/seo\/ -->\n<title>Olymp-Set - Burg-W\u00e4chter<\/title>\n<meta name=\"description\" content=\"Le mod\u00e8le grand volume Olymp avec son cachet particulier et son espace suppl\u00e9mentaire avec porte-journaux int\u00e9gr\u00e9 La bo\u00eete aux lettres Olymp de\" \/>\n<meta name=\"robots\" content=\"index, follow, max-snippet:-1, max-image-preview:large, max-video-preview:-1\" \/>\n<link rel=\"canonical\" href=\"https:\/\/test.burgwaechterservice.de\/fr\/p\/boites-aux-lettres\/olymp-set\/\" \/>\n<meta property=\"og:locale\" content=\"fr_FR\" \/>\n<meta property=\"og:type\" content=\"article\" \/>\n<meta property=\"og:title\" content=\"Olymp-Set\" \/>\n<meta property=\"og:description\" content=\"Le mod\u00e8le grand volume Olymp avec son cachet particulier et son espace suppl\u00e9mentaire avec porte-journaux int\u00e9gr\u00e9 La bo\u00eete aux lettres Olymp de\" \/>\n<meta property=\"og:url\" content=\"https:\/\/test.burgwaechterservice.de\/fr\/p\/boites-aux-lettres\/olymp-set\/\" \/>\n<meta property=\"og:site_name\" content=\"Burg-W\u00e4chter France\" \/>\n<meta property=\"article:modified_time\" content=\"2019-05-28T09:02:21+00:00\" \/>\n<meta property=\"og:image\" content=\"https:\/\/test.burgwaechterservice.de\/fr\/wp-content\/uploads\/sites\/4\/2016\/07\/Briefkasten_Olymp_Set_91600_W_326206-01.jpg\" \/>\n\t<meta property=\"og:image:width\" content=\"1000\" \/>\n\t<meta property=\"og:image:height\" content=\"1000\" \/>\n\t<meta property=\"og:image:type\" content=\"image\/jpeg\" \/>\n<meta name=\"twitter:card\" content=\"summary_large_image\" \/>\n<meta name=\"twitter:label1\" content=\"Dur\u00e9e de lecture estim\u00e9e\" \/>\n\t<meta name=\"twitter:data1\" content=\"3 minutes\" \/>\n<!-- \/ Yoast SEO Premium plugin. -->","yoast_head_json":{"title":"Olymp-Set - Burg-W\u00e4chter","description":"Le mod\u00e8le grand volume Olymp avec son cachet particulier et son espace suppl\u00e9mentaire avec porte-journaux int\u00e9gr\u00e9 La bo\u00eete aux lettres Olymp de","robots":{"index":"index","follow":"follow","max-snippet":"max-snippet:-1","max-image-preview":"max-image-preview:large","max-video-preview":"max-video-preview:-1"},"canonical":"https:\/\/test.burgwaechterservice.de\/fr\/p\/boites-aux-lettres\/olymp-set\/","og_locale":"fr_FR","og_type":"article","og_title":"Olymp-Set","og_description":"Le mod\u00e8le grand volume Olymp avec son cachet particulier et son espace suppl\u00e9mentaire avec porte-journaux int\u00e9gr\u00e9 La bo\u00eete aux lettres Olymp de","og_url":"https:\/\/test.burgwaechterservice.de\/fr\/p\/boites-aux-lettres\/olymp-set\/","og_site_name":"Burg-W\u00e4chter France","article_modified_time":"2019-05-28T09:02:21+00:00","og_image":[{"width":1000,"height":1000,"url":"https:\/\/test.burgwaechterservice.de\/fr\/wp-content\/uploads\/sites\/4\/2016\/07\/Briefkasten_Olymp_Set_91600_W_326206-01.jpg","type":"image\/jpeg"}],"twitter_card":"summary_large_image","twitter_misc":{"Dur\u00e9e de lecture estim\u00e9e":"3 minutes"},"schema":{"@context":"https:\/\/schema.org","@graph":[{"@type":"WebPage","@id":"https:\/\/test.burgwaechterservice.de\/fr\/p\/boites-aux-lettres\/olymp-set\/","url":"https:\/\/test.burgwaechterservice.de\/fr\/p\/boites-aux-lettres\/olymp-set\/","name":"Olymp-Set - Burg-W\u00e4chter","isPartOf":{"@id":"https:\/\/test.burgwaechterservice.de\/fr\/#website"},"datePublished":"2016-07-25T11:28:49+00:00","dateModified":"2019-05-28T09:02:21+00:00","description":"Le mod\u00e8le grand volume Olymp avec son cachet particulier et son espace suppl\u00e9mentaire avec porte-journaux int\u00e9gr\u00e9 La bo\u00eete aux lettres Olymp de","breadcrumb":{"@id":"https:\/\/test.burgwaechterservice.de\/fr\/p\/boites-aux-lettres\/olymp-set\/#breadcrumb"},"inLanguage":"fr-FR","potentialAction":[{"@type":"ReadAction","target":["https:\/\/test.burgwaechterservice.de\/fr\/p\/boites-aux-lettres\/olymp-set\/"]}]},{"@type":"BreadcrumbList","@id":"https:\/\/test.burgwaechterservice.de\/fr\/p\/boites-aux-lettres\/olymp-set\/#breadcrumb","itemListElement":[{"@type":"ListItem","position":1,"name":"Accueil","item":"https:\/\/test.burgwaechterservice.de\/fr\/"},{"@type":"ListItem","position":2,"name":"Produits","item":"https:\/\/test.burgwaechterservice.de\/fr\/p\/"},{"@type":"ListItem","position":3,"name":"Olymp-Set"}]},{"@type":"WebSite","@id":"https:\/\/test.burgwaechterservice.de\/fr\/#website","url":"https:\/\/test.burgwaechterservice.de\/fr\/","name":"Burg-W\u00e4chter France","description":"Le choix le plus s\u00fbr!","potentialAction":[{"@type":"SearchAction","target":{"@type":"EntryPoint","urlTemplate":"https:\/\/test.burgwaechterservice.de\/fr\/?s={search_term_string}"},"query-input":"required name=search_term_string"}],"inLanguage":"fr-FR"}]}},"_links":{"self":[{"href":"https:\/\/test.burgwaechterservice.de\/fr\/wp-json\/wp\/v2\/product\/32642"}],"collection":[{"href":"https:\/\/test.burgwaechterservice.de\/fr\/wp-json\/wp\/v2\/product"}],"about":[{"href":"https:\/\/test.burgwaechterservice.de\/fr\/wp-json\/wp\/v2\/types\/product"}],"replies":[{"embeddable":true,"href":"https:\/\/test.burgwaechterservice.de\/fr\/wp-json\/wp\/v2\/comments?post=32642"}],"wp:featuredmedia":[{"embeddable":true,"href":"https:\/\/test.burgwaechterservice.de\/fr\/wp-json\/wp\/v2\/media\/32646"}],"wp:attachment":[{"href":"https:\/\/test.burgwaechterservice.de\/fr\/wp-json\/wp\/v2\/media?parent=32642"}],"wp:term":[{"taxonomy":"product_cat","embeddable":true,"href":"https:\/\/test.burgwaechterservice.de\/fr\/wp-json\/wp\/v2\/product_cat?post=32642"},{"taxonomy":"product_tag","embeddable":true,"href":"https:\/\/test.burgwaechterservice.de\/fr\/wp-json\/wp\/v2\/product_tag?post=32642"}],"curies":[{"name":"wp","href":"https:\/\/api.w.org\/{rel}","templated":true}]}}