{"id":32637,"date":"2016-07-25T12:07:42","date_gmt":"2016-07-25T10:07:42","guid":{"rendered":"https:\/\/www.burg.biz\/?post_type=product&#038;p=32637"},"modified":"2019-05-28T10:45:00","modified_gmt":"2019-05-28T08:45:00","slug":"comfort-set-91300","status":"publish","type":"product","link":"https:\/\/test.burgwaechterservice.de\/fr\/p\/boites-aux-lettres\/comfort-set-91300\/","title":{"rendered":"Comfort-Set 91300"},"content":{"rendered":"<p><img decoding=\"async\" class=\"alignnone wp-image-164060\" src=\"https:\/\/test.burgwaechterservice.de\/fr\/wp-content\/uploads\/sites\/4\/2016\/07\/Comfort-913-und-Set-Olymp-und-Set-Futura-und-Set-Milano-1.jpg\" alt=\"\" width=\"420\" height=\"118\" srcset=\"https:\/\/test.burgwaechterservice.de\/fr\/wp-content\/uploads\/sites\/4\/2016\/07\/Comfort-913-und-Set-Olymp-und-Set-Futura-und-Set-Milano-1.jpg 1135w, https:\/\/test.burgwaechterservice.de\/fr\/wp-content\/uploads\/sites\/4\/2016\/07\/Comfort-913-und-Set-Olymp-und-Set-Futura-und-Set-Milano-1-300x84.jpg 300w, https:\/\/test.burgwaechterservice.de\/fr\/wp-content\/uploads\/sites\/4\/2016\/07\/Comfort-913-und-Set-Olymp-und-Set-Futura-und-Set-Milano-1-768x216.jpg 768w, https:\/\/test.burgwaechterservice.de\/fr\/wp-content\/uploads\/sites\/4\/2016\/07\/Comfort-913-und-Set-Olymp-und-Set-Futura-und-Set-Milano-1-1024x288.jpg 1024w, https:\/\/test.burgwaechterservice.de\/fr\/wp-content\/uploads\/sites\/4\/2016\/07\/Comfort-913-und-Set-Olymp-und-Set-Futura-und-Set-Milano-1-600x169.jpg 600w\" sizes=\"(max-width: 420px) 100vw, 420px\" \/><a href=\"https:\/\/warranty.burg.biz\/bk\/\" target=\"_blank\" rel=\"noopener noreferrer\"><img decoding=\"async\" class=\"alignright wp-image-254979\" src=\"https:\/\/test.burgwaechterservice.de\/fr\/wp-content\/uploads\/sites\/4\/2016\/07\/Siegel_5_Jahre_Garantie_FR_-295x300.jpg\" alt=\"\" width=\"214\" height=\"218\" srcset=\"https:\/\/test.burgwaechterservice.de\/fr\/wp-content\/uploads\/sites\/4\/2016\/07\/Siegel_5_Jahre_Garantie_FR_-295x300.jpg 295w, https:\/\/test.burgwaechterservice.de\/fr\/wp-content\/uploads\/sites\/4\/2016\/07\/Siegel_5_Jahre_Garantie_FR_.jpg 485w\" sizes=\"(max-width: 214px) 100vw, 214px\" \/><br \/>\n<\/a><\/p>\n<h2>Offre combin\u00e9e Comfort 91300\u00a0: La bo\u00eete aux lettres en acier avec confort sup\u00e9rieur et porte-journaux int\u00e9gr\u00e9<\/h2>\n<p>Avec elle, vous en avez plus pour votre argent\u00a0: <strong>un plus grand volume<\/strong> pour plus de courrier et des d\u00e9tails pratiques pour <strong>encore plus de confort<\/strong>. Les lignes simples apportent la touche fonctionnelle finale de la bo\u00eete aux lettres en acier Comfort.<\/p>\n<p>Elle r\u00e9pond en outre \u00e0 la norme europ\u00e9enne EN 13724.<\/p>\n<h3>Fonctionnalit\u00e9 alli\u00e9e \u00e0 des lignes discr\u00e8tes<\/h3>\n<p>Le mod\u00e8le \u00e9pur\u00e9 Comfort est disponible en <strong>trois couleurs diff\u00e9rentes<\/strong>\u00a0: choisissez entre un blanc discret, un argent\u00e9 \u00e9l\u00e9gant ou un noir \u00e9l\u00e9gant.<\/p>\n<p>Ce mod\u00e8le est extr\u00eamement spacieux et offre donc <strong>beaucoup de place pour votre courrier<\/strong>, vos journaux et autres envois.<br \/>\nSon <strong>couvercle basculant<\/strong> fonctionnel prot\u00e8ge id\u00e9alement le passage des lettres mais aussi son contenu de l&#8217;humidit\u00e9.<br \/>\nLa fente est au format DIN C4, ce qui permet aussi de recevoir des enveloppes grand format.<\/p>\n<p>Avec <strong>porte-journaux int\u00e9gr\u00e9 et ouvert des deux c\u00f4t\u00e9s<\/strong>\u00a0: soyez ainsi certain que vos abonnements arrivent chez vous sans une \u00e9gratignure.<\/p>\n<h3>Armature en acier galvanis\u00e9<\/h3>\n<p>Cette bo\u00eete aux lettres en acier de BURG-W\u00c4CHTER est <strong>galvanis\u00e9e et trait\u00e9e sur toute sa surface<\/strong>, afin qu&#8217;elle conserve son \u00e9tat d&#8217;origine pendant longtemps. Son entretien est extr\u00eamement simple\u00a0: il vous suffit de nettoyer r\u00e9guli\u00e8rement votre bo\u00eete aux lettres Comfort avec un tissu humide et propre.<\/p>\n<h3>Montage conseill\u00e9<\/h3>\n<p>M\u00eame si notre mod\u00e8le Kopenhagen est galvanis\u00e9 sur toute sa surface, nous conseillons n\u00e9anmoins de ne pas l&#8217;exposer directement et de mani\u00e8re permanente aux intemp\u00e9ries. Fixez-le <strong>\u00e0 l&#8217;abri du vent et des caprices de la m\u00e9t\u00e9o <\/strong>\u00e0 l&#8217;aide du mat\u00e9riel de fixation compris dans la livraison afin qu&#8217;il vous serve fid\u00e8lement pendant longtemps.<br \/>\nUne autre solution consiste \u00e0 placer votre bo\u00eete aux lettres en acier \u00e0 l&#8217;endroit que vous voulez gr\u00e2ce \u00e0 un pied adapt\u00e9.<\/p>\n<p><a href=\"https:\/\/test.burgwaechterservice.de\/fr\/c\/boites-aux-lettres\/boites-aux-lettres-en-batterie-individuelles-sur-pieds-et-poteaux\/\">D\u00e9couvrez ici le pied de bo\u00eete aux lettres adapt\u00e9 \u00e0 votre mod\u00e8le Comfort 91300<\/a>.<\/p>\n<h3>L&#8217;offre combin\u00e9e Comfort 91300 en bref<\/h3>\n<ul>\n<li>Plus de profondeur pour plus de confort<\/li>\n<li>Porte-journaux int\u00e9gr\u00e9 dans l&#8217;offre combin\u00e9e<\/li>\n<li>Davantage d&#8217;espace sans surco\u00fbt<\/li>\n<li>R\u00e9pond \u00e0 la norme EN 13724<\/li>\n<li>Porte avec syst\u00e8me d&#8217;arr\u00eat<\/li>\n<li>Relev\u00e9 simple et s\u00fbr du courrier<\/li>\n<li>Disponible en trois couleurs\u00a0: blanc, argent\u00e9 et noir<\/li>\n<li>Format de fente\u00a0: DIN C4<br \/>\n(L x H\u00a0: 332 x 32 mm)<\/li>\n<li>Dimensions L x l x H\u00a0: 440 x 380 x 148 mm<\/li>\n<li>Mat\u00e9riel de fixation compris dans la livraison<\/li>\n<\/ul>\n<table class=\"ausfuehrung\">\n<thead>\n<tr>\n<td>Article<\/td>\n<td>Couleurs<\/td>\n<td>H x L x P<\/td>\n<td>Fente<\/td>\n<\/tr>\n<tr>\n<td class=\"subdesc\"><\/td>\n<td><\/td>\n<td class=\"subdesc\">mm<\/td>\n<td class=\"subdesc\">L x H (mm)<\/td>\n<\/tr>\n<\/thead>\n<tbody>\n<tr>\n<td>91300 W<\/td>\n<td>blanc<\/td>\n<td>440 x 380 x 148<\/td>\n<td>332 x 32<\/td>\n<\/tr>\n<tr>\n<td>91300 Si<\/td>\n<td>argent<\/td>\n<td>440 x 380 x 148<\/td>\n<td>332 x 32<\/td>\n<\/tr>\n<tr>\n<td>91300 S<\/td>\n<td>noir<\/td>\n<td>440 x 380 x 148<\/td>\n<td>332 x 32<\/td>\n<\/tr>\n<\/tbody>\n<\/table>\n","protected":false},"excerpt":{"rendered":"<p>Offre combin\u00e9e Comfort 91300\u00a0: La bo\u00eete aux lettres en acier avec confort sup\u00e9rieur et porte-journaux int\u00e9gr\u00e9 Avec elle, vous en avez plus pour votre argent\u00a0: un plus grand volume pour plus de courrier et des d\u00e9tails pratiques pour encore plus &hellip; <a class=\"kt-excerpt-readmore\" href=\"https:\/\/test.burgwaechterservice.de\/fr\/p\/boites-aux-lettres\/comfort-set-91300\/\" aria-label=\"Comfort-Set 91300\">Lire la suite<\/a><\/p>\n","protected":false},"featured_media":32641,"comment_status":"closed","ping_status":"closed","template":"","meta":[],"product_cat":[23,33],"product_tag":[],"yoast_head":"<!-- This site is optimized with the Yoast SEO Premium plugin v18.4 (Yoast SEO v19.13) - https:\/\/yoast.com\/wordpress\/plugins\/seo\/ -->\n<title>Comfort-Set 91300 - Burg-W\u00e4chter<\/title>\n<meta name=\"description\" content=\"Offre combin\u00e9e Comfort 91300\u00a0: La bo\u00eete aux lettres en acier avec confort sup\u00e9rieur et porte-journaux int\u00e9gr\u00e9 Avec elle, vous en avez plus pour votre\" \/>\n<meta name=\"robots\" content=\"index, follow, max-snippet:-1, max-image-preview:large, max-video-preview:-1\" \/>\n<link rel=\"canonical\" href=\"https:\/\/test.burgwaechterservice.de\/fr\/p\/boites-aux-lettres\/comfort-set-91300\/\" \/>\n<meta property=\"og:locale\" content=\"fr_FR\" \/>\n<meta property=\"og:type\" content=\"article\" \/>\n<meta property=\"og:title\" content=\"Comfort-Set 91300\" \/>\n<meta property=\"og:description\" content=\"Offre combin\u00e9e Comfort 91300\u00a0: La bo\u00eete aux lettres en acier avec confort sup\u00e9rieur et porte-journaux int\u00e9gr\u00e9 Avec elle, vous en avez plus pour votre\" \/>\n<meta property=\"og:url\" content=\"https:\/\/test.burgwaechterservice.de\/fr\/p\/boites-aux-lettres\/comfort-set-91300\/\" \/>\n<meta property=\"og:site_name\" content=\"Burg-W\u00e4chter France\" \/>\n<meta property=\"article:modified_time\" content=\"2019-05-28T08:45:00+00:00\" \/>\n<meta property=\"og:image\" content=\"https:\/\/test.burgwaechterservice.de\/fr\/wp-content\/uploads\/sites\/4\/2016\/07\/Briefkasten_Comfort_Set_91300_Si_326602-01.jpg\" \/>\n\t<meta property=\"og:image:width\" content=\"1500\" \/>\n\t<meta property=\"og:image:height\" content=\"1500\" \/>\n\t<meta property=\"og:image:type\" content=\"image\/jpeg\" \/>\n<meta name=\"twitter:card\" content=\"summary_large_image\" \/>\n<meta name=\"twitter:label1\" content=\"Dur\u00e9e de lecture estim\u00e9e\" \/>\n\t<meta name=\"twitter:data1\" content=\"2 minutes\" \/>\n<!-- \/ Yoast SEO Premium plugin. -->","yoast_head_json":{"title":"Comfort-Set 91300 - Burg-W\u00e4chter","description":"Offre combin\u00e9e Comfort 91300\u00a0: La bo\u00eete aux lettres en acier avec confort sup\u00e9rieur et porte-journaux int\u00e9gr\u00e9 Avec elle, vous en avez plus pour votre","robots":{"index":"index","follow":"follow","max-snippet":"max-snippet:-1","max-image-preview":"max-image-preview:large","max-video-preview":"max-video-preview:-1"},"canonical":"https:\/\/test.burgwaechterservice.de\/fr\/p\/boites-aux-lettres\/comfort-set-91300\/","og_locale":"fr_FR","og_type":"article","og_title":"Comfort-Set 91300","og_description":"Offre combin\u00e9e Comfort 91300\u00a0: La bo\u00eete aux lettres en acier avec confort sup\u00e9rieur et porte-journaux int\u00e9gr\u00e9 Avec elle, vous en avez plus pour votre","og_url":"https:\/\/test.burgwaechterservice.de\/fr\/p\/boites-aux-lettres\/comfort-set-91300\/","og_site_name":"Burg-W\u00e4chter France","article_modified_time":"2019-05-28T08:45:00+00:00","og_image":[{"width":1500,"height":1500,"url":"https:\/\/test.burgwaechterservice.de\/fr\/wp-content\/uploads\/sites\/4\/2016\/07\/Briefkasten_Comfort_Set_91300_Si_326602-01.jpg","type":"image\/jpeg"}],"twitter_card":"summary_large_image","twitter_misc":{"Dur\u00e9e de lecture estim\u00e9e":"2 minutes"},"schema":{"@context":"https:\/\/schema.org","@graph":[{"@type":"WebPage","@id":"https:\/\/test.burgwaechterservice.de\/fr\/p\/boites-aux-lettres\/comfort-set-91300\/","url":"https:\/\/test.burgwaechterservice.de\/fr\/p\/boites-aux-lettres\/comfort-set-91300\/","name":"Comfort-Set 91300 - Burg-W\u00e4chter","isPartOf":{"@id":"https:\/\/test.burgwaechterservice.de\/fr\/#website"},"datePublished":"2016-07-25T10:07:42+00:00","dateModified":"2019-05-28T08:45:00+00:00","description":"Offre combin\u00e9e Comfort 91300\u00a0: La bo\u00eete aux lettres en acier avec confort sup\u00e9rieur et porte-journaux int\u00e9gr\u00e9 Avec elle, vous en avez plus pour votre","breadcrumb":{"@id":"https:\/\/test.burgwaechterservice.de\/fr\/p\/boites-aux-lettres\/comfort-set-91300\/#breadcrumb"},"inLanguage":"fr-FR","potentialAction":[{"@type":"ReadAction","target":["https:\/\/test.burgwaechterservice.de\/fr\/p\/boites-aux-lettres\/comfort-set-91300\/"]}]},{"@type":"BreadcrumbList","@id":"https:\/\/test.burgwaechterservice.de\/fr\/p\/boites-aux-lettres\/comfort-set-91300\/#breadcrumb","itemListElement":[{"@type":"ListItem","position":1,"name":"Accueil","item":"https:\/\/test.burgwaechterservice.de\/fr\/"},{"@type":"ListItem","position":2,"name":"Produits","item":"https:\/\/test.burgwaechterservice.de\/fr\/p\/"},{"@type":"ListItem","position":3,"name":"Comfort-Set 91300"}]},{"@type":"WebSite","@id":"https:\/\/test.burgwaechterservice.de\/fr\/#website","url":"https:\/\/test.burgwaechterservice.de\/fr\/","name":"Burg-W\u00e4chter France","description":"Le choix le plus s\u00fbr!","potentialAction":[{"@type":"SearchAction","target":{"@type":"EntryPoint","urlTemplate":"https:\/\/test.burgwaechterservice.de\/fr\/?s={search_term_string}"},"query-input":"required name=search_term_string"}],"inLanguage":"fr-FR"}]}},"_links":{"self":[{"href":"https:\/\/test.burgwaechterservice.de\/fr\/wp-json\/wp\/v2\/product\/32637"}],"collection":[{"href":"https:\/\/test.burgwaechterservice.de\/fr\/wp-json\/wp\/v2\/product"}],"about":[{"href":"https:\/\/test.burgwaechterservice.de\/fr\/wp-json\/wp\/v2\/types\/product"}],"replies":[{"embeddable":true,"href":"https:\/\/test.burgwaechterservice.de\/fr\/wp-json\/wp\/v2\/comments?post=32637"}],"wp:featuredmedia":[{"embeddable":true,"href":"https:\/\/test.burgwaechterservice.de\/fr\/wp-json\/wp\/v2\/media\/32641"}],"wp:attachment":[{"href":"https:\/\/test.burgwaechterservice.de\/fr\/wp-json\/wp\/v2\/media?parent=32637"}],"wp:term":[{"taxonomy":"product_cat","embeddable":true,"href":"https:\/\/test.burgwaechterservice.de\/fr\/wp-json\/wp\/v2\/product_cat?post=32637"},{"taxonomy":"product_tag","embeddable":true,"href":"https:\/\/test.burgwaechterservice.de\/fr\/wp-json\/wp\/v2\/product_tag?post=32637"}],"curies":[{"name":"wp","href":"https:\/\/api.w.org\/{rel}","templated":true}]}}