{"id":32633,"date":"2016-07-25T11:54:24","date_gmt":"2016-07-25T09:54:24","guid":{"rendered":"https:\/\/www.burg.biz\/?post_type=product&#038;p=32633"},"modified":"2018-06-21T08:54:57","modified_gmt":"2018-06-21T06:54:57","slug":"futura","status":"publish","type":"product","link":"https:\/\/test.burgwaechterservice.de\/fr\/p\/boites-aux-lettres\/futura\/","title":{"rendered":"Futura"},"content":{"rendered":"<p><img decoding=\"async\" class=\"alignnone wp-image-164060\" src=\"https:\/\/test.burgwaechterservice.de\/fr\/wp-content\/uploads\/sites\/4\/2016\/07\/Comfort-913-und-Set-Olymp-und-Set-Futura-und-Set-Milano-1.jpg\" alt=\"\" width=\"420\" height=\"118\" srcset=\"https:\/\/test.burgwaechterservice.de\/fr\/wp-content\/uploads\/sites\/4\/2016\/07\/Comfort-913-und-Set-Olymp-und-Set-Futura-und-Set-Milano-1.jpg 1135w, https:\/\/test.burgwaechterservice.de\/fr\/wp-content\/uploads\/sites\/4\/2016\/07\/Comfort-913-und-Set-Olymp-und-Set-Futura-und-Set-Milano-1-300x84.jpg 300w, https:\/\/test.burgwaechterservice.de\/fr\/wp-content\/uploads\/sites\/4\/2016\/07\/Comfort-913-und-Set-Olymp-und-Set-Futura-und-Set-Milano-1-768x216.jpg 768w, https:\/\/test.burgwaechterservice.de\/fr\/wp-content\/uploads\/sites\/4\/2016\/07\/Comfort-913-und-Set-Olymp-und-Set-Futura-und-Set-Milano-1-1024x288.jpg 1024w, https:\/\/test.burgwaechterservice.de\/fr\/wp-content\/uploads\/sites\/4\/2016\/07\/Comfort-913-und-Set-Olymp-und-Set-Futura-und-Set-Milano-1-600x169.jpg 600w\" sizes=\"(max-width: 420px) 100vw, 420px\" \/><\/p>\n<h2>Votre courrier \u00e0 l&#8217;abri des intemp\u00e9ries dans la bo\u00eete aux lettres grand volume Futura<\/h2>\n<p>Con\u00e7ue pour conserver votre courrier <strong>en toute s\u00e9curit\u00e9<\/strong> et <strong>confortablement<\/strong> et pour le prot\u00e9ger efficacement contre les intemp\u00e9ries. La touche finale est apport\u00e9e par des d\u00e9tails pratiques et esth\u00e9tiques suppl\u00e9mentaires.<\/p>\n<h3>Des d\u00e9tails pratiques et jolis<\/h3>\n<p>La bo\u00eete aux lettres en acier Futura de BURG-W\u00c4CHTER marque des points gr\u00e2ce \u00e0 ses nombreux d\u00e9tails bien pens\u00e9s. La <strong>profondeur extr\u00eame <\/strong>de ce mod\u00e8le est \u00e0 ne pas manquer\u00a0: elle est suffisamment spacieuse pour recevoir votre courrier, votre journal et autres envois. La construction haut de gamme <strong>prot\u00e8ge<\/strong> son contenu <strong>des intemp\u00e9ries<\/strong>.<br \/>\nUn <strong>syst\u00e8me d&#8217;arr\u00eat <\/strong>de la porte facilite le relev\u00e9 du courrier et emp\u00eache que votre courrier ne tombe par terre quand vous ouvrez la bo\u00eete.<br \/>\nLa fente du mod\u00e8le Futura est au format DIN C4. Elle convient par cons\u00e9quent \u00e9galement pour recevoir des enveloppes grand format.<\/p>\n<p>Disponible en blanc ou argent\u00e9.<\/p>\n<p>Si vous souhaitez recevoir votre quotidien s\u00e9par\u00e9ment, le mod\u00e8le Futura existe \u00e9galement dans une offre combin\u00e9e avec porte-journaux d\u00e9j\u00e0 mont\u00e9. <a href=\"https:\/\/test.burgwaechterservice.de\/fr\/p\/boites-aux-lettres\/futura-set\/\">D\u00e9couvrez ici l&#8217;offre combin\u00e9e Futura<\/a>.<\/p>\n<p>Les caract\u00e9ristiques de cette bo\u00eete aux lettres en acier r\u00e9pondent \u00e0 la norme europ\u00e9enne EN 13724.<\/p>\n<h3>Protection compl\u00e8te contre les intemp\u00e9ries<\/h3>\n<p>Le bo\u00eetier du mod\u00e8le Futura est r\u00e9alis\u00e9 enti\u00e8rement en acier. Il est <strong>galvanis\u00e9 sur toute sa surface, ne craint aucune m\u00e9t\u00e9o<\/strong> et poss\u00e8de un <strong>traitement de surface de qualit\u00e9<\/strong>. Son <strong>toit basculant en PVC facile d&#8217;entretien<\/strong> est encore plus r\u00e9sistant.<br \/>\nEt pour nettoyer le mod\u00e8le Futura\u00a0: il suffit de passer r\u00e9guli\u00e8rement un coup de chiffon humide et propre. Ainsi, il reste fonctionnel et beau pendant longtemps.<\/p>\n<h3>Conseil de montage<\/h3>\n<p>BURG-W\u00c4CHTER conseille de monter votre bo\u00eete aux lettres \u00e0 un <strong>endroit prot\u00e9g\u00e9 des intemp\u00e9ries <\/strong>\u00e0 l&#8217;aide du mat\u00e9riel de fixation compris dans la livraison. Elle <u>ne<\/u> devrait <u>jamais<\/u> \u00eatre expos\u00e9e directement et constamment aux intemp\u00e9ries. M\u00eame si elle prot\u00e8ge tr\u00e8s bien son contenu des caprices de la m\u00e9t\u00e9o, votre Futura conserve encore plus longtemps son \u00e9tat optimal.<br \/>\nSi vous souhaitez placer votre bo\u00eete aux lettres \u00e0 un endroit particulier, nous proposons aussi des pieds adapt\u00e9s.<\/p>\n<p><a href=\"https:\/\/test.burgwaechterservice.de\/fr\/c\/boites-aux-lettres\/boites-aux-lettres-en-batterie-individuelles-sur-pieds-et-poteaux\/\">Trouvez ici le pied adapt\u00e9 \u00e0 votre bo\u00eete aux lettres<\/a>.<\/p>\n<h3>Les propri\u00e9t\u00e9s du mod\u00e8le Futura en bref<\/h3>\n<ul>\n<li>Bo\u00eete aux lettres avec large volume gr\u00e2ce \u00e0 la profondeur de confort et de nombreux d\u00e9tails pratiques<\/li>\n<li>Bo\u00eetier et porte galvanis\u00e9s et avec traitement de surface de qualit\u00e9 pour prot\u00e9ger des intemp\u00e9ries<\/li>\n<li>Grand toit basculant en PVC pour prot\u00e9ger de la pluie<\/li>\n<li>R\u00e9pond \u00e0 la norme EN 13724<\/li>\n<li>Avec syst\u00e8me d&#8217;arr\u00eat pour un relev\u00e9 simple et s\u00fbr du courrier<\/li>\n<li>Disponible en blanc et en argent\u00e9<\/li>\n<li>Format de fente\u00a0: DIN C4<br \/>\n(L x H\u00a0: 332 x 32 mm)<\/li>\n<li>Dimensions L x l x H\u00a0: 340 x 389 x 188 mm<\/li>\n<li>Mat\u00e9riel de fixation compris dans la livraison<\/li>\n<\/ul>\n<table class=\"ausfuehrung\">\n<thead>\n<tr>\n<td>Article<\/td>\n<td>Couleurs<\/td>\n<td>H x L x P<\/td>\n<td>Fente<\/td>\n<\/tr>\n<tr>\n<td class=\"subdesc\"><\/td>\n<td><\/td>\n<td class=\"subdesc\">mm<\/td>\n<td class=\"subdesc\">L x H (mm)<\/td>\n<\/tr>\n<\/thead>\n<tbody>\n<tr>\n<td>926 W<\/td>\n<td>blanc<\/td>\n<td>340 x 389 x 188<\/td>\n<td>332 x 32<\/td>\n<\/tr>\n<tr>\n<td>926 Si<\/td>\n<td>argent<\/td>\n<td>340 x 389 x 188<\/td>\n<td>332 x 32<\/td>\n<\/tr>\n<\/tbody>\n<\/table>\n","protected":false},"excerpt":{"rendered":"<p>Votre courrier \u00e0 l&#8217;abri des intemp\u00e9ries dans la bo\u00eete aux lettres grand volume Futura Con\u00e7ue pour conserver votre courrier en toute s\u00e9curit\u00e9 et confortablement et pour le prot\u00e9ger efficacement contre les intemp\u00e9ries. La touche finale est apport\u00e9e par des d\u00e9tails &hellip; <a class=\"kt-excerpt-readmore\" href=\"https:\/\/test.burgwaechterservice.de\/fr\/p\/boites-aux-lettres\/futura\/\" aria-label=\"Futura\">Lire la suite<\/a><\/p>\n","protected":false},"featured_media":32636,"comment_status":"closed","ping_status":"closed","template":"","meta":[],"product_cat":[23,33],"product_tag":[],"yoast_head":"<!-- This site is optimized with the Yoast SEO Premium plugin v18.4 (Yoast SEO v19.13) - https:\/\/yoast.com\/wordpress\/plugins\/seo\/ -->\n<title>Futura - Burg-W\u00e4chter<\/title>\n<meta name=\"description\" content=\"Votre courrier \u00e0 l&#039;abri des intemp\u00e9ries dans la bo\u00eete aux lettres grand volume Futura Con\u00e7ue pour conserver votre courrier en toute s\u00e9curit\u00e9 et\" \/>\n<meta name=\"robots\" content=\"index, follow, max-snippet:-1, max-image-preview:large, max-video-preview:-1\" \/>\n<link rel=\"canonical\" href=\"https:\/\/test.burgwaechterservice.de\/fr\/p\/boites-aux-lettres\/futura\/\" \/>\n<meta property=\"og:locale\" content=\"fr_FR\" \/>\n<meta property=\"og:type\" content=\"article\" \/>\n<meta property=\"og:title\" content=\"Futura\" \/>\n<meta property=\"og:description\" content=\"Votre courrier \u00e0 l&#039;abri des intemp\u00e9ries dans la bo\u00eete aux lettres grand volume Futura Con\u00e7ue pour conserver votre courrier en toute s\u00e9curit\u00e9 et\" \/>\n<meta property=\"og:url\" content=\"https:\/\/test.burgwaechterservice.de\/fr\/p\/boites-aux-lettres\/futura\/\" \/>\n<meta property=\"og:site_name\" content=\"Burg-W\u00e4chter France\" \/>\n<meta property=\"article:modified_time\" content=\"2018-06-21T06:54:57+00:00\" \/>\n<meta property=\"og:image\" content=\"https:\/\/test.burgwaechterservice.de\/fr\/wp-content\/uploads\/sites\/4\/2016\/07\/Briefkasten_Futura_926_W_009208-01.jpg\" \/>\n\t<meta property=\"og:image:width\" content=\"1000\" \/>\n\t<meta property=\"og:image:height\" content=\"1000\" \/>\n\t<meta property=\"og:image:type\" content=\"image\/jpeg\" \/>\n<meta name=\"twitter:card\" content=\"summary_large_image\" \/>\n<meta name=\"twitter:label1\" content=\"Dur\u00e9e de lecture estim\u00e9e\" \/>\n\t<meta name=\"twitter:data1\" content=\"3 minutes\" \/>\n<!-- \/ Yoast SEO Premium plugin. -->","yoast_head_json":{"title":"Futura - Burg-W\u00e4chter","description":"Votre courrier \u00e0 l'abri des intemp\u00e9ries dans la bo\u00eete aux lettres grand volume Futura Con\u00e7ue pour conserver votre courrier en toute s\u00e9curit\u00e9 et","robots":{"index":"index","follow":"follow","max-snippet":"max-snippet:-1","max-image-preview":"max-image-preview:large","max-video-preview":"max-video-preview:-1"},"canonical":"https:\/\/test.burgwaechterservice.de\/fr\/p\/boites-aux-lettres\/futura\/","og_locale":"fr_FR","og_type":"article","og_title":"Futura","og_description":"Votre courrier \u00e0 l'abri des intemp\u00e9ries dans la bo\u00eete aux lettres grand volume Futura Con\u00e7ue pour conserver votre courrier en toute s\u00e9curit\u00e9 et","og_url":"https:\/\/test.burgwaechterservice.de\/fr\/p\/boites-aux-lettres\/futura\/","og_site_name":"Burg-W\u00e4chter France","article_modified_time":"2018-06-21T06:54:57+00:00","og_image":[{"width":1000,"height":1000,"url":"https:\/\/test.burgwaechterservice.de\/fr\/wp-content\/uploads\/sites\/4\/2016\/07\/Briefkasten_Futura_926_W_009208-01.jpg","type":"image\/jpeg"}],"twitter_card":"summary_large_image","twitter_misc":{"Dur\u00e9e de lecture estim\u00e9e":"3 minutes"},"schema":{"@context":"https:\/\/schema.org","@graph":[{"@type":"WebPage","@id":"https:\/\/test.burgwaechterservice.de\/fr\/p\/boites-aux-lettres\/futura\/","url":"https:\/\/test.burgwaechterservice.de\/fr\/p\/boites-aux-lettres\/futura\/","name":"Futura - Burg-W\u00e4chter","isPartOf":{"@id":"https:\/\/test.burgwaechterservice.de\/fr\/#website"},"datePublished":"2016-07-25T09:54:24+00:00","dateModified":"2018-06-21T06:54:57+00:00","description":"Votre courrier \u00e0 l'abri des intemp\u00e9ries dans la bo\u00eete aux lettres grand volume Futura Con\u00e7ue pour conserver votre courrier en toute s\u00e9curit\u00e9 et","breadcrumb":{"@id":"https:\/\/test.burgwaechterservice.de\/fr\/p\/boites-aux-lettres\/futura\/#breadcrumb"},"inLanguage":"fr-FR","potentialAction":[{"@type":"ReadAction","target":["https:\/\/test.burgwaechterservice.de\/fr\/p\/boites-aux-lettres\/futura\/"]}]},{"@type":"BreadcrumbList","@id":"https:\/\/test.burgwaechterservice.de\/fr\/p\/boites-aux-lettres\/futura\/#breadcrumb","itemListElement":[{"@type":"ListItem","position":1,"name":"Accueil","item":"https:\/\/test.burgwaechterservice.de\/fr\/"},{"@type":"ListItem","position":2,"name":"Produits","item":"https:\/\/test.burgwaechterservice.de\/fr\/p\/"},{"@type":"ListItem","position":3,"name":"Futura"}]},{"@type":"WebSite","@id":"https:\/\/test.burgwaechterservice.de\/fr\/#website","url":"https:\/\/test.burgwaechterservice.de\/fr\/","name":"Burg-W\u00e4chter France","description":"Le choix le plus s\u00fbr!","potentialAction":[{"@type":"SearchAction","target":{"@type":"EntryPoint","urlTemplate":"https:\/\/test.burgwaechterservice.de\/fr\/?s={search_term_string}"},"query-input":"required name=search_term_string"}],"inLanguage":"fr-FR"}]}},"_links":{"self":[{"href":"https:\/\/test.burgwaechterservice.de\/fr\/wp-json\/wp\/v2\/product\/32633"}],"collection":[{"href":"https:\/\/test.burgwaechterservice.de\/fr\/wp-json\/wp\/v2\/product"}],"about":[{"href":"https:\/\/test.burgwaechterservice.de\/fr\/wp-json\/wp\/v2\/types\/product"}],"replies":[{"embeddable":true,"href":"https:\/\/test.burgwaechterservice.de\/fr\/wp-json\/wp\/v2\/comments?post=32633"}],"wp:featuredmedia":[{"embeddable":true,"href":"https:\/\/test.burgwaechterservice.de\/fr\/wp-json\/wp\/v2\/media\/32636"}],"wp:attachment":[{"href":"https:\/\/test.burgwaechterservice.de\/fr\/wp-json\/wp\/v2\/media?parent=32633"}],"wp:term":[{"taxonomy":"product_cat","embeddable":true,"href":"https:\/\/test.burgwaechterservice.de\/fr\/wp-json\/wp\/v2\/product_cat?post=32633"},{"taxonomy":"product_tag","embeddable":true,"href":"https:\/\/test.burgwaechterservice.de\/fr\/wp-json\/wp\/v2\/product_tag?post=32633"}],"curies":[{"name":"wp","href":"https:\/\/api.w.org\/{rel}","templated":true}]}}