{"id":32618,"date":"2016-07-25T11:35:37","date_gmt":"2016-07-25T09:35:37","guid":{"rendered":"https:\/\/www.burg.biz\/?post_type=product&#038;p=32618"},"modified":"2017-03-22T13:43:39","modified_gmt":"2017-03-22T12:43:39","slug":"holiday-58425","status":"publish","type":"product","link":"https:\/\/test.burgwaechterservice.de\/fr\/p\/boites-aux-lettres\/holiday-58425\/","title":{"rendered":"Holiday 5842"},"content":{"rendered":"<p style=\"text-align: justify;\"><img decoding=\"async\" class=\"alignnone wp-image-41812\" src=\"https:\/\/test.burgwaechterservice.de\/fr\/wp-content\/uploads\/sites\/4\/2016\/07\/Zeitungsbox-4900-800-5800-808-820-1800-1890-4900-Piktos-gesamt.jpg\" alt=\"BUW-Icons-BK 4c OK.indd\" width=\"116\" height=\"118\" srcset=\"https:\/\/test.burgwaechterservice.de\/fr\/wp-content\/uploads\/sites\/4\/2016\/07\/Zeitungsbox-4900-800-5800-808-820-1800-1890-4900-Piktos-gesamt.jpg 308w, https:\/\/test.burgwaechterservice.de\/fr\/wp-content\/uploads\/sites\/4\/2016\/07\/Zeitungsbox-4900-800-5800-808-820-1800-1890-4900-Piktos-gesamt-296x300.jpg 296w, https:\/\/test.burgwaechterservice.de\/fr\/wp-content\/uploads\/sites\/4\/2016\/07\/Zeitungsbox-4900-800-5800-808-820-1800-1890-4900-Piktos-gesamt-80x80.jpg 80w\" sizes=\"(max-width: 116px) 100vw, 116px\" \/><\/p>\n<h2>La bo\u00eete aux lettres d&#8217;ext\u00e9rieur compacte Holiday en acier galvanis\u00e9<\/h2>\n<p><strong>Petite mais tout d&#8217;une grande\u00a0:<\/strong> le mod\u00e8le compact Holiday en acier galvanis\u00e9 marque des points gr\u00e2ce \u00e0 ses lignes \u00e9l\u00e9gantes. Il est en outre disponible en quatre couleurs diff\u00e9rentes.<\/p>\n<h3>Design en acier galvanis\u00e9<\/h3>\n<p>Ses dimensions restreintes trouvent leur place sur presque toutes les fa\u00e7ades et apportent un abri pour votre poste. Le toit \u00e9l\u00e9gant fait de l&#8217;Holiday un v\u00e9ritable plaisir pour les yeux.<br \/>\nChoisissez parmi une de nos <strong>quatre superbes couleurs<\/strong>\u00a0: que diriez-vous d&#8217;un vert agr\u00e9able, d&#8217;un blanc discret ou d&#8217;un vernis \u00e9l\u00e9gant argent\u00e9 ou couleur fer\u00a0? \u00c0 vous de d\u00e9cider.<\/p>\n<p>Afin d&#8217;\u00e9viter que votre journal ne soit ab\u00eem\u00e9 ou pli\u00e9 lorsqu&#8217;il arrive chez vous, BURG-W\u00c4CHTER propose des porte-journaux adapt\u00e9s et universels que vous pouvez monter sur votre Holiday.<br \/>\n<a href=\"https:\/\/test.burgwaechterservice.de\/fr\/c\/boites-aux-lettres\/portes-journaux\/\">D\u00e9couvrir ici nos porte-journaux<\/a>.<\/p>\n<p>Votre courrier est en s\u00e9curit\u00e9 dans la bo\u00eete aux lettres. Son acier est <strong>galvanis\u00e9 sur toute la surface<\/strong> et donc prot\u00e9g\u00e9. Nous vous recommandons de nettoyer r\u00e9guli\u00e8rement votre Holiday avec un chiffon humide et propre afin qu&#8217;elle puisse remplir son r\u00f4le le plus longtemps possible.<\/p>\n<p>Veuillez noter que le passage de courrier est au format DIN B5.<\/p>\n<h3>Montage conseill\u00e9 de la bo\u00eete aux lettres<\/h3>\n<p>BURG-W\u00c4CHTER conseille n\u00e9anmoins de <u>ne pas<\/u> exposer votre bo\u00eete aux lettres directement et en permanence aux intemp\u00e9ries. Nous recommandons de la monter \u00e0 un <strong>endroit prot\u00e9g\u00e9 des intemp\u00e9ries<\/strong> \u00e0 l&#8217;aide du mat\u00e9riel de fixation compris dans la livraison afin qu&#8217;elle atteigne une dur\u00e9e de vie optimale.<br \/>\nSi vous souhaitez placer votre bo\u00eete aux lettres Holiday \u00e0 un endroit particulier, BURG-W\u00c4CHTER propose des pieds universels de bo\u00eete aux lettres.<br \/>\n<a href=\"https:\/\/test.burgwaechterservice.de\/fr\/c\/boites-aux-lettres\/boites-aux-lettres-en-batterie-individuelles-sur-pieds-et-poteaux\/\">D\u00e9couvrir ici nos pieds de bo\u00eete aux lettres<\/a>.<\/p>\n<h3>Le mod\u00e8le Holiday 5842 de BURG-W\u00c4CHTER<\/h3>\n<ul>\n<li>Bo\u00eete aux lettres compacte d&#8217;ext\u00e9rieur<\/li>\n<li>Mod\u00e8le populaire<\/li>\n<li>Toit \u00e9l\u00e9gant<\/li>\n<li>Fabriqu\u00e9 en acier galvanis\u00e9<\/li>\n<li>Disponible en vert, fer, blanc ou argent\u00e9<\/li>\n<li>Format de fente\u00a0: DIN B5<br \/>\n(L x H\u00a0: 262 x 38 mm)<\/li>\n<li>Dimensions L x l x H\u00a0: 357 x 390 x 135 mm<\/li>\n<li>Mat\u00e9riel de fixation compris dans la livraison<\/li>\n<\/ul>\n<p>&nbsp;<\/p>\n<table class=\"ausfuehrung\">\n<thead>\n<tr>\n<td>Article<\/td>\n<td>Couleurs<\/td>\n<td>H x L x P<\/td>\n<td>Fente<\/td>\n<\/tr>\n<tr>\n<td class=\"subdesc\"><\/td>\n<td><\/td>\n<td class=\"subdesc\">mm<\/td>\n<td class=\"subdesc\">L x H (mm)<\/td>\n<\/tr>\n<\/thead>\n<tbody>\n<tr>\n<td>5842 GR<\/td>\n<td>vert<\/td>\n<td>357 x 390 x 135<\/td>\n<td>262 x 38<\/td>\n<\/tr>\n<tr>\n<td>5842 E<\/td>\n<td>anthracite<\/td>\n<td>357 x 390 x 135<\/td>\n<td>262 x 38<\/td>\n<\/tr>\n<tr>\n<td>5842 W<\/td>\n<td>blanc<\/td>\n<td>357 x 390 x 135<\/td>\n<td>262 x 38<\/td>\n<\/tr>\n<tr>\n<td>5842 Si<\/td>\n<td>argent<\/td>\n<td>357 x 390 x 135<\/td>\n<td>262 x 38<\/td>\n<\/tr>\n<\/tbody>\n<\/table>\n","protected":false},"excerpt":{"rendered":"<p>La bo\u00eete aux lettres d&#8217;ext\u00e9rieur compacte Holiday en acier galvanis\u00e9 Petite mais tout d&#8217;une grande\u00a0: le mod\u00e8le compact Holiday en acier galvanis\u00e9 marque des points gr\u00e2ce \u00e0 ses lignes \u00e9l\u00e9gantes. Il est en outre disponible en quatre couleurs diff\u00e9rentes. Design &hellip; <a class=\"kt-excerpt-readmore\" href=\"https:\/\/test.burgwaechterservice.de\/fr\/p\/boites-aux-lettres\/holiday-58425\/\" aria-label=\"Holiday 5842\">Lire la suite<\/a><\/p>\n","protected":false},"featured_media":32623,"comment_status":"closed","ping_status":"closed","template":"","meta":[],"product_cat":[23,33],"product_tag":[],"yoast_head":"<!-- This site is optimized with the Yoast SEO Premium plugin v18.4 (Yoast SEO v19.13) - https:\/\/yoast.com\/wordpress\/plugins\/seo\/ -->\n<title>Holiday 58425 - Burg-W\u00e4chter<\/title>\n<meta name=\"description\" content=\"La bo\u00eete aux lettres d&#039;ext\u00e9rieur compacte Holiday en acier galvanis\u00e9 Petite mais tout d&#039;une grande\u00a0: le mod\u00e8le compact Holiday en acier galvanis\u00e9 marque\" \/>\n<meta name=\"robots\" content=\"index, follow, max-snippet:-1, max-image-preview:large, max-video-preview:-1\" \/>\n<link rel=\"canonical\" href=\"https:\/\/test.burgwaechterservice.de\/fr\/p\/boites-aux-lettres\/holiday-58425\/\" \/>\n<meta property=\"og:locale\" content=\"fr_FR\" \/>\n<meta property=\"og:type\" content=\"article\" \/>\n<meta property=\"og:title\" content=\"Holiday 5842\" \/>\n<meta property=\"og:description\" content=\"La bo\u00eete aux lettres d&#039;ext\u00e9rieur compacte Holiday en acier galvanis\u00e9 Petite mais tout d&#039;une grande\u00a0: le mod\u00e8le compact Holiday en acier galvanis\u00e9 marque\" \/>\n<meta property=\"og:url\" content=\"https:\/\/test.burgwaechterservice.de\/fr\/p\/boites-aux-lettres\/holiday-58425\/\" \/>\n<meta property=\"og:site_name\" content=\"Burg-W\u00e4chter France\" \/>\n<meta property=\"article:modified_time\" content=\"2017-03-22T12:43:39+00:00\" \/>\n<meta property=\"og:image\" content=\"https:\/\/test.burgwaechterservice.de\/fr\/wp-content\/uploads\/sites\/4\/2016\/07\/Briefkasten_Holiday_5842_Si_612002-01.jpg\" \/>\n\t<meta property=\"og:image:width\" content=\"1181\" \/>\n\t<meta property=\"og:image:height\" content=\"1181\" \/>\n\t<meta property=\"og:image:type\" content=\"image\/jpeg\" \/>\n<meta name=\"twitter:card\" content=\"summary_large_image\" \/>\n<meta name=\"twitter:label1\" content=\"Dur\u00e9e de lecture estim\u00e9e\" \/>\n\t<meta name=\"twitter:data1\" content=\"2 minutes\" \/>\n<!-- \/ Yoast SEO Premium plugin. -->","yoast_head_json":{"title":"Holiday 58425 - Burg-W\u00e4chter","description":"La bo\u00eete aux lettres d'ext\u00e9rieur compacte Holiday en acier galvanis\u00e9 Petite mais tout d'une grande\u00a0: le mod\u00e8le compact Holiday en acier galvanis\u00e9 marque","robots":{"index":"index","follow":"follow","max-snippet":"max-snippet:-1","max-image-preview":"max-image-preview:large","max-video-preview":"max-video-preview:-1"},"canonical":"https:\/\/test.burgwaechterservice.de\/fr\/p\/boites-aux-lettres\/holiday-58425\/","og_locale":"fr_FR","og_type":"article","og_title":"Holiday 5842","og_description":"La bo\u00eete aux lettres d'ext\u00e9rieur compacte Holiday en acier galvanis\u00e9 Petite mais tout d'une grande\u00a0: le mod\u00e8le compact Holiday en acier galvanis\u00e9 marque","og_url":"https:\/\/test.burgwaechterservice.de\/fr\/p\/boites-aux-lettres\/holiday-58425\/","og_site_name":"Burg-W\u00e4chter France","article_modified_time":"2017-03-22T12:43:39+00:00","og_image":[{"width":1181,"height":1181,"url":"https:\/\/test.burgwaechterservice.de\/fr\/wp-content\/uploads\/sites\/4\/2016\/07\/Briefkasten_Holiday_5842_Si_612002-01.jpg","type":"image\/jpeg"}],"twitter_card":"summary_large_image","twitter_misc":{"Dur\u00e9e de lecture estim\u00e9e":"2 minutes"},"schema":{"@context":"https:\/\/schema.org","@graph":[{"@type":"WebPage","@id":"https:\/\/test.burgwaechterservice.de\/fr\/p\/boites-aux-lettres\/holiday-58425\/","url":"https:\/\/test.burgwaechterservice.de\/fr\/p\/boites-aux-lettres\/holiday-58425\/","name":"Holiday 58425 - Burg-W\u00e4chter","isPartOf":{"@id":"https:\/\/test.burgwaechterservice.de\/fr\/#website"},"datePublished":"2016-07-25T09:35:37+00:00","dateModified":"2017-03-22T12:43:39+00:00","description":"La bo\u00eete aux lettres d'ext\u00e9rieur compacte Holiday en acier galvanis\u00e9 Petite mais tout d'une grande\u00a0: le mod\u00e8le compact Holiday en acier galvanis\u00e9 marque","breadcrumb":{"@id":"https:\/\/test.burgwaechterservice.de\/fr\/p\/boites-aux-lettres\/holiday-58425\/#breadcrumb"},"inLanguage":"fr-FR","potentialAction":[{"@type":"ReadAction","target":["https:\/\/test.burgwaechterservice.de\/fr\/p\/boites-aux-lettres\/holiday-58425\/"]}]},{"@type":"BreadcrumbList","@id":"https:\/\/test.burgwaechterservice.de\/fr\/p\/boites-aux-lettres\/holiday-58425\/#breadcrumb","itemListElement":[{"@type":"ListItem","position":1,"name":"Accueil","item":"https:\/\/test.burgwaechterservice.de\/fr\/"},{"@type":"ListItem","position":2,"name":"Produits","item":"https:\/\/test.burgwaechterservice.de\/fr\/p\/"},{"@type":"ListItem","position":3,"name":"Holiday 5842"}]},{"@type":"WebSite","@id":"https:\/\/test.burgwaechterservice.de\/fr\/#website","url":"https:\/\/test.burgwaechterservice.de\/fr\/","name":"Burg-W\u00e4chter France","description":"Le choix le plus s\u00fbr!","potentialAction":[{"@type":"SearchAction","target":{"@type":"EntryPoint","urlTemplate":"https:\/\/test.burgwaechterservice.de\/fr\/?s={search_term_string}"},"query-input":"required name=search_term_string"}],"inLanguage":"fr-FR"}]}},"_links":{"self":[{"href":"https:\/\/test.burgwaechterservice.de\/fr\/wp-json\/wp\/v2\/product\/32618"}],"collection":[{"href":"https:\/\/test.burgwaechterservice.de\/fr\/wp-json\/wp\/v2\/product"}],"about":[{"href":"https:\/\/test.burgwaechterservice.de\/fr\/wp-json\/wp\/v2\/types\/product"}],"replies":[{"embeddable":true,"href":"https:\/\/test.burgwaechterservice.de\/fr\/wp-json\/wp\/v2\/comments?post=32618"}],"wp:featuredmedia":[{"embeddable":true,"href":"https:\/\/test.burgwaechterservice.de\/fr\/wp-json\/wp\/v2\/media\/32623"}],"wp:attachment":[{"href":"https:\/\/test.burgwaechterservice.de\/fr\/wp-json\/wp\/v2\/media?parent=32618"}],"wp:term":[{"taxonomy":"product_cat","embeddable":true,"href":"https:\/\/test.burgwaechterservice.de\/fr\/wp-json\/wp\/v2\/product_cat?post=32618"},{"taxonomy":"product_tag","embeddable":true,"href":"https:\/\/test.burgwaechterservice.de\/fr\/wp-json\/wp\/v2\/product_tag?post=32618"}],"curies":[{"name":"wp","href":"https:\/\/api.w.org\/{rel}","templated":true}]}}