{"id":32607,"date":"2016-07-25T10:52:21","date_gmt":"2016-07-25T08:52:21","guid":{"rendered":"https:\/\/www.burg.biz\/?post_type=product&#038;p=32607"},"modified":"2019-05-28T10:49:45","modified_gmt":"2019-05-28T08:49:45","slug":"kopenhagen","status":"publish","type":"product","link":"https:\/\/test.burgwaechterservice.de\/fr\/p\/boites-aux-lettres\/kopenhagen\/","title":{"rendered":"Kopenhagen"},"content":{"rendered":"<p><img decoding=\"async\" class=\"alignnone wp-image-164062\" src=\"https:\/\/test.burgwaechterservice.de\/fr\/wp-content\/uploads\/sites\/4\/2016\/07\/Sylt-Kopenhagen-1.jpg\" alt=\"\" width=\"328\" height=\"118\" srcset=\"https:\/\/test.burgwaechterservice.de\/fr\/wp-content\/uploads\/sites\/4\/2016\/07\/Sylt-Kopenhagen-1.jpg 880w, https:\/\/test.burgwaechterservice.de\/fr\/wp-content\/uploads\/sites\/4\/2016\/07\/Sylt-Kopenhagen-1-300x108.jpg 300w, https:\/\/test.burgwaechterservice.de\/fr\/wp-content\/uploads\/sites\/4\/2016\/07\/Sylt-Kopenhagen-1-768x277.jpg 768w, https:\/\/test.burgwaechterservice.de\/fr\/wp-content\/uploads\/sites\/4\/2016\/07\/Sylt-Kopenhagen-1-600x216.jpg 600w\" sizes=\"(max-width: 328px) 100vw, 328px\" \/><a href=\"https:\/\/warranty.burg.biz\/bk\/\" target=\"_blank\" rel=\"noopener noreferrer\"><img decoding=\"async\" class=\"alignright wp-image-254979\" src=\"https:\/\/test.burgwaechterservice.de\/fr\/wp-content\/uploads\/sites\/4\/2016\/07\/Siegel_5_Jahre_Garantie_FR_-295x300.jpg\" alt=\"\" width=\"214\" height=\"218\" srcset=\"https:\/\/test.burgwaechterservice.de\/fr\/wp-content\/uploads\/sites\/4\/2016\/07\/Siegel_5_Jahre_Garantie_FR_-295x300.jpg 295w, https:\/\/test.burgwaechterservice.de\/fr\/wp-content\/uploads\/sites\/4\/2016\/07\/Siegel_5_Jahre_Garantie_FR_.jpg 485w\" sizes=\"(max-width: 214px) 100vw, 214px\" \/><br \/>\n<\/a><\/p>\n<h2>La bo\u00eete aux lettres d\u00e9corative grand volume Kopenhagen<\/h2>\n<p>Cette bo\u00eete aux lettres en acier est non seulement belle mais votre courrier, vos journaux et vos magazines <strong>peuvent s&#8217;y amonceler sans probl\u00e8me<\/strong>. Les <strong>lignes intemporelles<\/strong> du mod\u00e8le Kopenhagen ornent discr\u00e8tement l&#8217;entr\u00e9e de votre maison.<\/p>\n<h3>Bo\u00eete aux lettres \u00e0 structure classique<\/h3>\n<p>Le mod\u00e8le intemporel Kopenhagen s\u00e9duit avec ses <strong>trois couleurs au choix<\/strong>\u00a0: pr\u00e9f\u00e9rez-vous un blanc simple, un vert vif ou une \u00e9l\u00e9gante patine en m\u00e9tal vieilli\u00a0? Chacun y trouve son bonheur.<br \/>\nSon point fort\u00a0: son <strong>volume int\u00e9rieur extr\u00eamement important<\/strong>. Ainsi, votre courrier et vos journaux peuvent y prendre leurs aises.<\/p>\n<p>La bo\u00eete aux lettres en acier Kopenhagen r\u00e9pond \u00e0 la norme europ\u00e9enne EN 13724.<\/p>\n<p>Si jamais vous souhaitez recevoir s\u00e9par\u00e9ment vos journaux, magazines et autres m\u00e9dias imprim\u00e9s, BURG-W\u00c4CHTER propose aussi une large gamme de porte-journaux ind\u00e9pendants.<br \/>\n<a href=\"https:\/\/test.burgwaechterservice.de\/fr\/c\/boites-aux-lettres\/portes-journaux\/\">Trouvez ici un porte-journaux adapt\u00e9<\/a>.<\/p>\n<h3>L&#8217;acier galvanis\u00e9 au service de la protection du contenu<\/h3>\n<p>Gr\u00e2ce \u00e0 sa <strong>surface enti\u00e8rement galvanis\u00e9e<\/strong>, la bo\u00eete aux lettres en acier prot\u00e8ge efficacement votre courrier. Les diff\u00e9rents vernis apportent la touche finale au rendu du m\u00e9tal.<br \/>\nPour son entretien, nous recommandons simplement de nettoyer r\u00e9guli\u00e8rement la bo\u00eete aux lettres avec un chiffon humide et propre. Ainsi le mod\u00e8le Kopenhagen continue d&#8217;\u00eatre un plaisir pour les yeux.<\/p>\n<h3>Conseil de montage<\/h3>\n<p>M\u00eame si notre mod\u00e8le Comfort 913 est galvanis\u00e9 sur toute sa surface, nous conseillons n\u00e9anmoins de <u>ne pas<\/u> l&#8217;exposer directement et de mani\u00e8re permanente aux intemp\u00e9ries. Fixez-le <strong>\u00e0 l&#8217;abri du vent et des caprices de la m\u00e9t\u00e9o <\/strong>\u00e0 l&#8217;aide du mat\u00e9riel de fixation compris dans la livraison afin qu&#8217;il vous serve fid\u00e8lement pendant longtemps.<br \/>\nUne autre solution consiste \u00e0 placer votre bo\u00eete aux lettres en acier \u00e0 l&#8217;endroit que vous voulez gr\u00e2ce \u00e0 un pied adapt\u00e9.<\/p>\n<p><a href=\"https:\/\/test.burgwaechterservice.de\/fr\/c\/boites-aux-lettres\/boites-aux-lettres-en-batterie-individuelles-sur-pieds-et-poteaux\/\">D\u00e9couvrez ici le pied de bo\u00eete aux lettres adapt\u00e9 pour votre mod\u00e8le Kopenhagen<\/a>.<\/p>\n<h3>Les caract\u00e9ristiques du mod\u00e8le Kopenhagen en un coup d&#8217;\u0153il<\/h3>\n<ul>\n<li>Bo\u00eete aux lettres d\u00e9corative classique et \u00e9l\u00e9gante<\/li>\n<li>Vaste volume<\/li>\n<li>R\u00e9pond \u00e0 la norme EN 13724<\/li>\n<li>Acier galvanis\u00e9 sur toute la surface<\/li>\n<li>Profondeur de confort<\/li>\n<li>Disponible en blanc, vert et m\u00e9tal vieilli<\/li>\n<li>Format de fente\u00a0: DIN C4<br \/>\n(L x H\u00a0: 330 x 35 mm)<\/li>\n<li>Dimensions L x l x H\u00a0: 345 x 410 x 205 mm<\/li>\n<li>Mat\u00e9riel de fixation compris dans la livraison<\/li>\n<\/ul>\n<table class=\"ausfuehrung\">\n<thead>\n<tr>\n<td>Article<\/td>\n<td>Couleurs<\/td>\n<td>H x L x P<\/td>\n<td>Fente<\/td>\n<\/tr>\n<tr>\n<td class=\"subdesc\"><\/td>\n<td><\/td>\n<td class=\"subdesc\">mm<\/td>\n<td class=\"subdesc\">L x H (mm)<\/td>\n<\/tr>\n<\/thead>\n<tbody>\n<tr>\n<td>882 W<\/td>\n<td>blanc<\/td>\n<td>345 x 410 x 205<\/td>\n<td>330 x 35<\/td>\n<\/tr>\n<tr>\n<td>882 GR<\/td>\n<td>vert<\/td>\n<td>345 x 410 x 205<\/td>\n<td>330 x 35<\/td>\n<\/tr>\n<tr>\n<td>882 E<\/td>\n<td>anthracite<\/td>\n<td>345 x 410 x 205<\/td>\n<td>330 x 35<\/td>\n<\/tr>\n<\/tbody>\n<\/table>\n","protected":false},"excerpt":{"rendered":"<p>La bo\u00eete aux lettres d\u00e9corative grand volume Kopenhagen Cette bo\u00eete aux lettres en acier est non seulement belle mais votre courrier, vos journaux et vos magazines peuvent s&#8217;y amonceler sans probl\u00e8me. Les lignes intemporelles du mod\u00e8le Kopenhagen ornent discr\u00e8tement l&#8217;entr\u00e9e &hellip; <a class=\"kt-excerpt-readmore\" href=\"https:\/\/test.burgwaechterservice.de\/fr\/p\/boites-aux-lettres\/kopenhagen\/\" aria-label=\"Kopenhagen\">Lire la suite<\/a><\/p>\n","protected":false},"featured_media":32611,"comment_status":"closed","ping_status":"closed","template":"","meta":[],"product_cat":[23,33],"product_tag":[],"yoast_head":"<!-- This site is optimized with the Yoast SEO Premium plugin v18.4 (Yoast SEO v19.13) - https:\/\/yoast.com\/wordpress\/plugins\/seo\/ -->\n<title>Kopenhagen - Burg-W\u00e4chter<\/title>\n<meta name=\"description\" content=\"La bo\u00eete aux lettres d\u00e9corative grand volume Kopenhagen Cette bo\u00eete aux lettres en acier est non seulement belle mais votre courrier, vos journaux et vos\" \/>\n<meta name=\"robots\" content=\"index, follow, max-snippet:-1, max-image-preview:large, max-video-preview:-1\" \/>\n<link rel=\"canonical\" href=\"https:\/\/test.burgwaechterservice.de\/fr\/p\/boites-aux-lettres\/kopenhagen\/\" \/>\n<meta property=\"og:locale\" content=\"fr_FR\" \/>\n<meta property=\"og:type\" content=\"article\" \/>\n<meta property=\"og:title\" content=\"Kopenhagen\" \/>\n<meta property=\"og:description\" content=\"La bo\u00eete aux lettres d\u00e9corative grand volume Kopenhagen Cette bo\u00eete aux lettres en acier est non seulement belle mais votre courrier, vos journaux et vos\" \/>\n<meta property=\"og:url\" content=\"https:\/\/test.burgwaechterservice.de\/fr\/p\/boites-aux-lettres\/kopenhagen\/\" \/>\n<meta property=\"og:site_name\" content=\"Burg-W\u00e4chter France\" \/>\n<meta property=\"article:modified_time\" content=\"2019-05-28T08:49:45+00:00\" \/>\n<meta property=\"og:image\" content=\"https:\/\/test.burgwaechterservice.de\/fr\/wp-content\/uploads\/sites\/4\/2016\/07\/Briefkasten_Kopenhagen_882_GR_127100-01.jpg\" \/>\n\t<meta property=\"og:image:width\" content=\"1000\" \/>\n\t<meta property=\"og:image:height\" content=\"1000\" \/>\n\t<meta property=\"og:image:type\" content=\"image\/jpeg\" \/>\n<meta name=\"twitter:card\" content=\"summary_large_image\" \/>\n<meta name=\"twitter:label1\" content=\"Dur\u00e9e de lecture estim\u00e9e\" \/>\n\t<meta name=\"twitter:data1\" content=\"2 minutes\" \/>\n<!-- \/ Yoast SEO Premium plugin. -->","yoast_head_json":{"title":"Kopenhagen - Burg-W\u00e4chter","description":"La bo\u00eete aux lettres d\u00e9corative grand volume Kopenhagen Cette bo\u00eete aux lettres en acier est non seulement belle mais votre courrier, vos journaux et vos","robots":{"index":"index","follow":"follow","max-snippet":"max-snippet:-1","max-image-preview":"max-image-preview:large","max-video-preview":"max-video-preview:-1"},"canonical":"https:\/\/test.burgwaechterservice.de\/fr\/p\/boites-aux-lettres\/kopenhagen\/","og_locale":"fr_FR","og_type":"article","og_title":"Kopenhagen","og_description":"La bo\u00eete aux lettres d\u00e9corative grand volume Kopenhagen Cette bo\u00eete aux lettres en acier est non seulement belle mais votre courrier, vos journaux et vos","og_url":"https:\/\/test.burgwaechterservice.de\/fr\/p\/boites-aux-lettres\/kopenhagen\/","og_site_name":"Burg-W\u00e4chter France","article_modified_time":"2019-05-28T08:49:45+00:00","og_image":[{"width":1000,"height":1000,"url":"https:\/\/test.burgwaechterservice.de\/fr\/wp-content\/uploads\/sites\/4\/2016\/07\/Briefkasten_Kopenhagen_882_GR_127100-01.jpg","type":"image\/jpeg"}],"twitter_card":"summary_large_image","twitter_misc":{"Dur\u00e9e de lecture estim\u00e9e":"2 minutes"},"schema":{"@context":"https:\/\/schema.org","@graph":[{"@type":"WebPage","@id":"https:\/\/test.burgwaechterservice.de\/fr\/p\/boites-aux-lettres\/kopenhagen\/","url":"https:\/\/test.burgwaechterservice.de\/fr\/p\/boites-aux-lettres\/kopenhagen\/","name":"Kopenhagen - Burg-W\u00e4chter","isPartOf":{"@id":"https:\/\/test.burgwaechterservice.de\/fr\/#website"},"datePublished":"2016-07-25T08:52:21+00:00","dateModified":"2019-05-28T08:49:45+00:00","description":"La bo\u00eete aux lettres d\u00e9corative grand volume Kopenhagen Cette bo\u00eete aux lettres en acier est non seulement belle mais votre courrier, vos journaux et vos","breadcrumb":{"@id":"https:\/\/test.burgwaechterservice.de\/fr\/p\/boites-aux-lettres\/kopenhagen\/#breadcrumb"},"inLanguage":"fr-FR","potentialAction":[{"@type":"ReadAction","target":["https:\/\/test.burgwaechterservice.de\/fr\/p\/boites-aux-lettres\/kopenhagen\/"]}]},{"@type":"BreadcrumbList","@id":"https:\/\/test.burgwaechterservice.de\/fr\/p\/boites-aux-lettres\/kopenhagen\/#breadcrumb","itemListElement":[{"@type":"ListItem","position":1,"name":"Accueil","item":"https:\/\/test.burgwaechterservice.de\/fr\/"},{"@type":"ListItem","position":2,"name":"Produits","item":"https:\/\/test.burgwaechterservice.de\/fr\/p\/"},{"@type":"ListItem","position":3,"name":"Kopenhagen"}]},{"@type":"WebSite","@id":"https:\/\/test.burgwaechterservice.de\/fr\/#website","url":"https:\/\/test.burgwaechterservice.de\/fr\/","name":"Burg-W\u00e4chter France","description":"Le choix le plus s\u00fbr!","potentialAction":[{"@type":"SearchAction","target":{"@type":"EntryPoint","urlTemplate":"https:\/\/test.burgwaechterservice.de\/fr\/?s={search_term_string}"},"query-input":"required name=search_term_string"}],"inLanguage":"fr-FR"}]}},"_links":{"self":[{"href":"https:\/\/test.burgwaechterservice.de\/fr\/wp-json\/wp\/v2\/product\/32607"}],"collection":[{"href":"https:\/\/test.burgwaechterservice.de\/fr\/wp-json\/wp\/v2\/product"}],"about":[{"href":"https:\/\/test.burgwaechterservice.de\/fr\/wp-json\/wp\/v2\/types\/product"}],"replies":[{"embeddable":true,"href":"https:\/\/test.burgwaechterservice.de\/fr\/wp-json\/wp\/v2\/comments?post=32607"}],"wp:featuredmedia":[{"embeddable":true,"href":"https:\/\/test.burgwaechterservice.de\/fr\/wp-json\/wp\/v2\/media\/32611"}],"wp:attachment":[{"href":"https:\/\/test.burgwaechterservice.de\/fr\/wp-json\/wp\/v2\/media?parent=32607"}],"wp:term":[{"taxonomy":"product_cat","embeddable":true,"href":"https:\/\/test.burgwaechterservice.de\/fr\/wp-json\/wp\/v2\/product_cat?post=32607"},{"taxonomy":"product_tag","embeddable":true,"href":"https:\/\/test.burgwaechterservice.de\/fr\/wp-json\/wp\/v2\/product_tag?post=32607"}],"curies":[{"name":"wp","href":"https:\/\/api.w.org\/{rel}","templated":true}]}}