{"id":32600,"date":"2016-07-25T10:43:38","date_gmt":"2016-07-25T08:43:38","guid":{"rendered":"https:\/\/www.burg.biz\/?post_type=product&#038;p=32600"},"modified":"2018-06-21T08:52:48","modified_gmt":"2018-06-21T06:52:48","slug":"sylt","status":"publish","type":"product","link":"https:\/\/test.burgwaechterservice.de\/fr\/p\/boites-aux-lettres\/sylt\/","title":{"rendered":"Sylt"},"content":{"rendered":"<p><img decoding=\"async\" class=\"alignnone  wp-image-164062\" src=\"https:\/\/test.burgwaechterservice.de\/fr\/wp-content\/uploads\/sites\/4\/2016\/07\/Sylt-Kopenhagen-1.jpg\" alt=\"\" width=\"328\" height=\"118\" srcset=\"https:\/\/test.burgwaechterservice.de\/fr\/wp-content\/uploads\/sites\/4\/2016\/07\/Sylt-Kopenhagen-1.jpg 880w, https:\/\/test.burgwaechterservice.de\/fr\/wp-content\/uploads\/sites\/4\/2016\/07\/Sylt-Kopenhagen-1-300x108.jpg 300w, https:\/\/test.burgwaechterservice.de\/fr\/wp-content\/uploads\/sites\/4\/2016\/07\/Sylt-Kopenhagen-1-768x277.jpg 768w, https:\/\/test.burgwaechterservice.de\/fr\/wp-content\/uploads\/sites\/4\/2016\/07\/Sylt-Kopenhagen-1-600x216.jpg 600w\" sizes=\"(max-width: 328px) 100vw, 328px\" \/><\/p>\n<h2>Le classique\u00a0: La bo\u00eete aux lettres d\u00e9corative Sylt, avec son grand volume, en acier galvanis\u00e9<\/h2>\n<p>Pour tous ceux qui appr\u00e9cient un design classique\u00a0: La bo\u00eete aux lettres <strong>d\u00e9corative<\/strong> Sylt en acier galvanis\u00e9 de BURG-W\u00c4CHTER sait convaincre avec ses <strong>lignes<\/strong> \u00e9l\u00e9gantes et intemporelles, sa moulure en forme de cor postal d\u00e9corative sur le devant et ses ornements discrets.<\/p>\n<h3>Forme intemporelle pour un grand volume<\/h3>\n<p>La bo\u00eete aux lettres en acier galvanis\u00e9 associe esth\u00e9tique des formes et fonctionnalit\u00e9\u00a0: Le design classique r\u00e9pond \u00e0 toutes les attentes. La construction pratique avec <strong>profondeur de confort<\/strong> permet en plus un stockage prot\u00e9g\u00e9 et un pr\u00e9l\u00e8vement plus facile. Dans son ensemble, la bo\u00eete aux lettres offre plus de volume qu&#8217;il n&#8217;en faut \u00e0 votre courrier et vos journaux.<br \/>\nLa bo\u00eete aux lettres Sylt est en plus \u00e9quip\u00e9e d&#8217;un<strong> syst\u00e8me d&#8217;arr\u00eat de porte.<\/strong><br \/>\nLe format DIN C4 de la fente assure une insertion toute aussi ais\u00e9e.<\/p>\n<p>Cette bo\u00eete aux lettres r\u00e9pond \u00e9galement \u00e0 la norme europ\u00e9enne (EN) 13724.<\/p>\n<h3>Acier galvanis\u00e9\u00a0\u2013\u00a0rev\u00eatement optimal<\/h3>\n<p>La bo\u00eete aux lettres en acier poss\u00e8de un <strong>rev\u00eatement laqu\u00e9 et galvanis\u00e9 de haute qualit\u00e9.<\/strong> La bo\u00eete aux lettres Sylt est ainsi r\u00e9sistante et prot\u00e9g\u00e9e de tout facteur d&#8217;influence externe.<br \/>\nLe mod\u00e8le Sylt est disponible en blanc (orn\u00e9 de dorures), cuivre m\u00e9tallique et gris m\u00e9tallique.<br \/>\nPetit conseil pour une dur\u00e9e de vie plus longue\u00a0: Nettoyez la bo\u00eete aux lettres Sylt r\u00e9guli\u00e8rement avec un chiffon humide et propre.<\/p>\n<h3>Recommandations lors du montage<\/h3>\n<p>BURG-W\u00c4CHTER vous conseille de fixer la bo\u00eete aux lettres \u00e0 un <strong>endroit prot\u00e9g\u00e9 des intemp\u00e9ries <\/strong>\u00e0 l&#8217;aide du mat\u00e9riel de fixation compris dans la livraison. Bien qu&#8217;elle ne craigne aucune m\u00e9t\u00e9o, en faisant cela, elle restera ainsi encore plus longtemps dans un \u00e9tat optimal.<br \/>\nSi vous souhaitez placer votre bo\u00eete aux lettres Sylt \u00e0 un endroit particulier, nous proposons aussi des pieds adapt\u00e9s.<\/p>\n<p><a href=\"https:\/\/test.burgwaechterservice.de\/fr\/c\/boites-aux-lettres\/boites-aux-lettres-en-batterie-individuelles-sur-pieds-et-poteaux\/\">D\u00e9couvrir ici nos pieds de bo\u00eete aux lettres<\/a>.<\/p>\n<h3>Le mod\u00e8le sylt de BURG-W\u00c4CHTER en bref<\/h3>\n<ul>\n<li>Design classique<\/li>\n<li>Bo\u00eete aux lettres d\u00e9corative avec un grand volume<\/li>\n<li>Avec moulure en forme de cor postal<\/li>\n<li>Disponible en blanc (orn\u00e9 de dorures), cuivre m\u00e9tallique et gris m\u00e9tallique<\/li>\n<li>R\u00e9pond \u00e0 la norme europ\u00e9enne EN 13724<\/li>\n<li>Profondeur de confort<\/li>\n<li>Format de fente\u00a0DIN C4<br \/>\n(L x H\u00a0: 330 x 35 mm)<\/li>\n<li>Dimensions L x l x H\u00a0: 345 x 410 x 205 mm<\/li>\n<li>Livraison standard comprenant le mat\u00e9riel de montage<\/li>\n<\/ul>\n<table class=\"ausfuehrung\">\n<thead>\n<tr>\n<td>Article<\/td>\n<td>Couleurs<\/td>\n<td>H x L x P<\/td>\n<td>Fente<\/td>\n<\/tr>\n<tr>\n<td class=\"subdesc\"><\/td>\n<td><\/td>\n<td class=\"subdesc\">mm<\/td>\n<td class=\"subdesc\">L x H (mm)<\/td>\n<\/tr>\n<\/thead>\n<tbody>\n<tr>\n<td>1883 W<\/td>\n<td>blanc<\/td>\n<td>345 x 410 x 205<\/td>\n<td>330 x 35<\/td>\n<\/tr>\n<tr>\n<td>1883 K<\/td>\n<td>&nbsp;<\/p>\n<p>cuivre m\u00e9tallique<\/td>\n<td>345 x 410 x 205<\/td>\n<td>330 x 35<\/td>\n<\/tr>\n<tr>\n<td>1883 E<\/td>\n<td>anthracite<\/td>\n<td>345 x 410 x 205<\/td>\n<td>330 x 35<\/td>\n<\/tr>\n<\/tbody>\n<\/table>\n","protected":false},"excerpt":{"rendered":"<p>Le classique\u00a0: La bo\u00eete aux lettres d\u00e9corative Sylt, avec son grand volume, en acier galvanis\u00e9 Pour tous ceux qui appr\u00e9cient un design classique\u00a0: La bo\u00eete aux lettres d\u00e9corative Sylt en acier galvanis\u00e9 de BURG-W\u00c4CHTER sait convaincre avec ses lignes \u00e9l\u00e9gantes &hellip; <a class=\"kt-excerpt-readmore\" href=\"https:\/\/test.burgwaechterservice.de\/fr\/p\/boites-aux-lettres\/sylt\/\" aria-label=\"Sylt\">Lire la suite<\/a><\/p>\n","protected":false},"featured_media":32604,"comment_status":"closed","ping_status":"closed","template":"","meta":[],"product_cat":[23,33],"product_tag":[],"yoast_head":"<!-- This site is optimized with the Yoast SEO Premium plugin v18.4 (Yoast SEO v19.13) - https:\/\/yoast.com\/wordpress\/plugins\/seo\/ -->\n<title>Sylt - Burg-W\u00e4chter<\/title>\n<meta name=\"description\" content=\"Le classique\u00a0: La bo\u00eete aux lettres d\u00e9corative Sylt, avec son grand volume, en acier galvanis\u00e9 Pour tous ceux qui appr\u00e9cient un design classique\u00a0: La\" \/>\n<meta name=\"robots\" content=\"index, follow, max-snippet:-1, max-image-preview:large, max-video-preview:-1\" \/>\n<link rel=\"canonical\" href=\"https:\/\/test.burgwaechterservice.de\/fr\/p\/boites-aux-lettres\/sylt\/\" \/>\n<meta property=\"og:locale\" content=\"fr_FR\" \/>\n<meta property=\"og:type\" content=\"article\" \/>\n<meta property=\"og:title\" content=\"Sylt\" \/>\n<meta property=\"og:description\" content=\"Le classique\u00a0: La bo\u00eete aux lettres d\u00e9corative Sylt, avec son grand volume, en acier galvanis\u00e9 Pour tous ceux qui appr\u00e9cient un design classique\u00a0: La\" \/>\n<meta property=\"og:url\" content=\"https:\/\/test.burgwaechterservice.de\/fr\/p\/boites-aux-lettres\/sylt\/\" \/>\n<meta property=\"og:site_name\" content=\"Burg-W\u00e4chter France\" \/>\n<meta property=\"article:modified_time\" content=\"2018-06-21T06:52:48+00:00\" \/>\n<meta property=\"og:image\" content=\"https:\/\/test.burgwaechterservice.de\/fr\/wp-content\/uploads\/sites\/4\/2016\/07\/Briefkasten_Sylt_1883_W_128107-01.jpg\" \/>\n\t<meta property=\"og:image:width\" content=\"1000\" \/>\n\t<meta property=\"og:image:height\" content=\"1000\" \/>\n\t<meta property=\"og:image:type\" content=\"image\/jpeg\" \/>\n<meta name=\"twitter:card\" content=\"summary_large_image\" \/>\n<meta name=\"twitter:label1\" content=\"Dur\u00e9e de lecture estim\u00e9e\" \/>\n\t<meta name=\"twitter:data1\" content=\"2 minutes\" \/>\n<!-- \/ Yoast SEO Premium plugin. -->","yoast_head_json":{"title":"Sylt - Burg-W\u00e4chter","description":"Le classique\u00a0: La bo\u00eete aux lettres d\u00e9corative Sylt, avec son grand volume, en acier galvanis\u00e9 Pour tous ceux qui appr\u00e9cient un design classique\u00a0: La","robots":{"index":"index","follow":"follow","max-snippet":"max-snippet:-1","max-image-preview":"max-image-preview:large","max-video-preview":"max-video-preview:-1"},"canonical":"https:\/\/test.burgwaechterservice.de\/fr\/p\/boites-aux-lettres\/sylt\/","og_locale":"fr_FR","og_type":"article","og_title":"Sylt","og_description":"Le classique\u00a0: La bo\u00eete aux lettres d\u00e9corative Sylt, avec son grand volume, en acier galvanis\u00e9 Pour tous ceux qui appr\u00e9cient un design classique\u00a0: La","og_url":"https:\/\/test.burgwaechterservice.de\/fr\/p\/boites-aux-lettres\/sylt\/","og_site_name":"Burg-W\u00e4chter France","article_modified_time":"2018-06-21T06:52:48+00:00","og_image":[{"width":1000,"height":1000,"url":"https:\/\/test.burgwaechterservice.de\/fr\/wp-content\/uploads\/sites\/4\/2016\/07\/Briefkasten_Sylt_1883_W_128107-01.jpg","type":"image\/jpeg"}],"twitter_card":"summary_large_image","twitter_misc":{"Dur\u00e9e de lecture estim\u00e9e":"2 minutes"},"schema":{"@context":"https:\/\/schema.org","@graph":[{"@type":"WebPage","@id":"https:\/\/test.burgwaechterservice.de\/fr\/p\/boites-aux-lettres\/sylt\/","url":"https:\/\/test.burgwaechterservice.de\/fr\/p\/boites-aux-lettres\/sylt\/","name":"Sylt - Burg-W\u00e4chter","isPartOf":{"@id":"https:\/\/test.burgwaechterservice.de\/fr\/#website"},"datePublished":"2016-07-25T08:43:38+00:00","dateModified":"2018-06-21T06:52:48+00:00","description":"Le classique\u00a0: La bo\u00eete aux lettres d\u00e9corative Sylt, avec son grand volume, en acier galvanis\u00e9 Pour tous ceux qui appr\u00e9cient un design classique\u00a0: La","breadcrumb":{"@id":"https:\/\/test.burgwaechterservice.de\/fr\/p\/boites-aux-lettres\/sylt\/#breadcrumb"},"inLanguage":"fr-FR","potentialAction":[{"@type":"ReadAction","target":["https:\/\/test.burgwaechterservice.de\/fr\/p\/boites-aux-lettres\/sylt\/"]}]},{"@type":"BreadcrumbList","@id":"https:\/\/test.burgwaechterservice.de\/fr\/p\/boites-aux-lettres\/sylt\/#breadcrumb","itemListElement":[{"@type":"ListItem","position":1,"name":"Accueil","item":"https:\/\/test.burgwaechterservice.de\/fr\/"},{"@type":"ListItem","position":2,"name":"Produits","item":"https:\/\/test.burgwaechterservice.de\/fr\/p\/"},{"@type":"ListItem","position":3,"name":"Sylt"}]},{"@type":"WebSite","@id":"https:\/\/test.burgwaechterservice.de\/fr\/#website","url":"https:\/\/test.burgwaechterservice.de\/fr\/","name":"Burg-W\u00e4chter France","description":"Le choix le plus s\u00fbr!","potentialAction":[{"@type":"SearchAction","target":{"@type":"EntryPoint","urlTemplate":"https:\/\/test.burgwaechterservice.de\/fr\/?s={search_term_string}"},"query-input":"required name=search_term_string"}],"inLanguage":"fr-FR"}]}},"_links":{"self":[{"href":"https:\/\/test.burgwaechterservice.de\/fr\/wp-json\/wp\/v2\/product\/32600"}],"collection":[{"href":"https:\/\/test.burgwaechterservice.de\/fr\/wp-json\/wp\/v2\/product"}],"about":[{"href":"https:\/\/test.burgwaechterservice.de\/fr\/wp-json\/wp\/v2\/types\/product"}],"replies":[{"embeddable":true,"href":"https:\/\/test.burgwaechterservice.de\/fr\/wp-json\/wp\/v2\/comments?post=32600"}],"wp:featuredmedia":[{"embeddable":true,"href":"https:\/\/test.burgwaechterservice.de\/fr\/wp-json\/wp\/v2\/media\/32604"}],"wp:attachment":[{"href":"https:\/\/test.burgwaechterservice.de\/fr\/wp-json\/wp\/v2\/media?parent=32600"}],"wp:term":[{"taxonomy":"product_cat","embeddable":true,"href":"https:\/\/test.burgwaechterservice.de\/fr\/wp-json\/wp\/v2\/product_cat?post=32600"},{"taxonomy":"product_tag","embeddable":true,"href":"https:\/\/test.burgwaechterservice.de\/fr\/wp-json\/wp\/v2\/product_tag?post=32600"}],"curies":[{"name":"wp","href":"https:\/\/api.w.org\/{rel}","templated":true}]}}