{"id":32594,"date":"2016-07-25T10:33:10","date_gmt":"2016-07-25T08:33:10","guid":{"rendered":"https:\/\/www.burg.biz\/?post_type=product&#038;p=32594"},"modified":"2021-06-10T11:33:51","modified_gmt":"2021-06-10T09:33:51","slug":"modena-857","status":"publish","type":"product","link":"https:\/\/test.burgwaechterservice.de\/fr\/p\/boites-aux-lettres\/modena-857\/","title":{"rendered":"Modena 857"},"content":{"rendered":"<p><img decoding=\"async\" class=\"alignnone wp-image-41817\" src=\"https:\/\/test.burgwaechterservice.de\/fr\/wp-content\/uploads\/sites\/4\/2016\/07\/Bremen-Bayreuth-Modena-857-Esprit-Classico-Vivo.jpg\" alt=\"BUW-Icons-BK 4c OK.indd\" width=\"333\" height=\"118\" srcset=\"https:\/\/test.burgwaechterservice.de\/fr\/wp-content\/uploads\/sites\/4\/2016\/07\/Bremen-Bayreuth-Modena-857-Esprit-Classico-Vivo.jpg 899w, https:\/\/test.burgwaechterservice.de\/fr\/wp-content\/uploads\/sites\/4\/2016\/07\/Bremen-Bayreuth-Modena-857-Esprit-Classico-Vivo-300x106.jpg 300w, https:\/\/test.burgwaechterservice.de\/fr\/wp-content\/uploads\/sites\/4\/2016\/07\/Bremen-Bayreuth-Modena-857-Esprit-Classico-Vivo-768x273.jpg 768w\" sizes=\"(max-width: 333px) 100vw, 333px\" \/><\/p>\n<h2>La bo\u00eete aux lettres d&#8217;ext\u00e9rieur pratique Modena aux lignes simples et \u00e9l\u00e9gantes<\/h2>\n<p>Les <strong>formes galb\u00e9es<\/strong> du mod\u00e8le Modena avec les <strong>d\u00e9corations agr\u00e9ables au toucher<\/strong> de sa fa\u00e7ade en acier galvanis\u00e9 en font un plaisir des yeux unique. Son utilisation est encore plus confortable gr\u00e2ce \u00e0 des raffinements suppl\u00e9mentaires.<\/p>\n<h3>Ext\u00e9rieur s\u00e9duisant<\/h3>\n<p>Son design bomb\u00e9 s\u00e9duit par des d\u00e9tails agr\u00e9ables au toucher et par sa face avant en acier de qualit\u00e9. Mais le mod\u00e8le Modena marque aussi des points par son caract\u00e8re fonctionnel\u00a0: le <strong>syst\u00e8me d&#8217;arr\u00eat int\u00e9gr\u00e9 en s\u00e9rie<\/strong> de la porte facilite le relev\u00e9 du courrier. La livraison est \u00e9galement ais\u00e9e gr\u00e2ce au format DIN C4 de la fente.<br \/>\nLa mod\u00e8le Modena en acier est disponible dans des couleurs discr\u00e8tes et \u00e9l\u00e9gantes\u00a0: blanc, argent\u00e9 et anthracite.<br \/>\nCe mod\u00e8le r\u00e9pond \u00e9galement \u00e0 la norme <strong>EN 13724<\/strong> comme la quasi-totalit\u00e9 de nos bo\u00eetes aux lettres en acier.<\/p>\n<h3>Des lignes \u00e9l\u00e9gantes en acier galvanis\u00e9<\/h3>\n<p>L&#8217;acier de la bo\u00eete aux lettres Modena est <strong>galvanis\u00e9 sur toute sa surface<\/strong> pour une protection totale et efficace de votre courrier contre l&#8217;humidit\u00e9.<br \/>\nEt son entretien est extr\u00eamement simple et confortable\u00a0: il vous suffit d&#8217;utiliser un chiffon humide et propre pour la nettoyer.<\/p>\n<h3>Montage de la bo\u00eete aux lettres<\/h3>\n<p>M\u00eame si notre mod\u00e8le Modena r\u00e9siste bien aux diff\u00e9rentes m\u00e9t\u00e9os, nous conseillons n\u00e9anmoins de <u>ne pas<\/u> l&#8217;exposer directement et de mani\u00e8re permanente aux intemp\u00e9ries. Fixez-le <strong>\u00e0 l&#8217;abri du vent et des caprices de la m\u00e9t\u00e9o <\/strong>\u00e0 l&#8217;aide du mat\u00e9riel de fixation compris dans la livraison afin qu&#8217;il vous serve fid\u00e8lement pendant longtemps.<br \/>\nUne autre solution consiste \u00e0 placer votre bo\u00eete aux lettres en acier \u00e0 l&#8217;endroit que vous voulez gr\u00e2ce \u00e0 un pied adapt\u00e9.<\/p>\n<p><a href=\"https:\/\/test.burgwaechterservice.de\/fr\/c\/boites-aux-lettres\/boites-aux-lettres-en-batterie-individuelles-sur-pieds-et-poteaux\/\">D\u00e9couvrez ici le pied de bo\u00eete aux lettres adapt\u00e9 \u00e0 votre mod\u00e8le Modena<\/a>.<\/p>\n<h3>Toutes les caract\u00e9ristiques du mod\u00e8le Modena en bref<\/h3>\n<ul>\n<li>Mod\u00e8le \u00e9l\u00e9gant et simple de bo\u00eete aux lettres d&#8217;ext\u00e9rieur<\/li>\n<li>Disponible en blanc, argent\u00e9 ou anthracite<\/li>\n<li>R\u00e9pond \u00e0 la norme EN 13724<\/li>\n<li>En acier galvanis\u00e9<\/li>\n<li>D\u00e9tail suppl\u00e9mentaire pratique\u00a0: le syst\u00e8me d&#8217;arr\u00eat \u00e9vite que votre courrier ne tombe lorsque vous ouvrez la porte<\/li>\n<li>Format de fente\u00a0: DIN C4<br \/>\n(L x H\u00a0: 325 x 33 mm)<\/li>\n<li>Dimensions L x l x H\u00a0: 335 x 360 x 127 mm<\/li>\n<li>Mat\u00e9riel de fixation compris dans la livraison<\/li>\n<\/ul>\n<table class=\"ausfuehrung\">\n<thead>\n<tr>\n<td>Article<\/td>\n<td>Couleurs<\/td>\n<td>H x L x P<\/td>\n<td>Fente<\/td>\n<\/tr>\n<tr>\n<td class=\"subdesc\"><\/td>\n<td><\/td>\n<td class=\"subdesc\">mm<\/td>\n<td class=\"subdesc\">L x H (mm)<\/td>\n<\/tr>\n<\/thead>\n<tbody>\n<tr>\n<td>857 W<\/td>\n<td>blanc<\/td>\n<td>335 x 360 x 127<\/td>\n<td>325 x 33<\/td>\n<\/tr>\n<tr>\n<td>857 Si<\/td>\n<td>argent<\/td>\n<td>335 x 360 x 127<\/td>\n<td>325 x 33<\/td>\n<\/tr>\n<tr>\n<td>857 ANT<\/td>\n<td>anthracite<\/td>\n<td>335 x 360 x 127<\/td>\n<td>325 x 33<\/td>\n<\/tr>\n<\/tbody>\n<\/table>\n","protected":false},"excerpt":{"rendered":"<p>La bo\u00eete aux lettres d&#8217;ext\u00e9rieur pratique Modena aux lignes simples et \u00e9l\u00e9gantes Les formes galb\u00e9es du mod\u00e8le Modena avec les d\u00e9corations agr\u00e9ables au toucher de sa fa\u00e7ade en acier galvanis\u00e9 en font un plaisir des yeux unique. Son utilisation est &hellip; <a class=\"kt-excerpt-readmore\" href=\"https:\/\/test.burgwaechterservice.de\/fr\/p\/boites-aux-lettres\/modena-857\/\" aria-label=\"Modena 857\">Lire la suite<\/a><\/p>\n","protected":false},"featured_media":32598,"comment_status":"closed","ping_status":"closed","template":"","meta":[],"product_cat":[23,33],"product_tag":[],"yoast_head":"<!-- This site is optimized with the Yoast SEO Premium plugin v18.4 (Yoast SEO v19.13) - https:\/\/yoast.com\/wordpress\/plugins\/seo\/ -->\n<title>Modena 857 Ni - Burg-W\u00e4chter<\/title>\n<meta name=\"description\" content=\"La bo\u00eete aux lettres d&#039;ext\u00e9rieur pratique Modena aux lignes simples et \u00e9l\u00e9gantes Les formes galb\u00e9es du mod\u00e8le Modena avec les d\u00e9corations agr\u00e9ables au\" \/>\n<meta name=\"robots\" content=\"index, follow, max-snippet:-1, max-image-preview:large, max-video-preview:-1\" \/>\n<link rel=\"canonical\" href=\"https:\/\/test.burgwaechterservice.de\/fr\/p\/boites-aux-lettres\/modena-857\/\" \/>\n<meta property=\"og:locale\" content=\"fr_FR\" \/>\n<meta property=\"og:type\" content=\"article\" \/>\n<meta property=\"og:title\" content=\"Modena 857\" \/>\n<meta property=\"og:description\" content=\"La bo\u00eete aux lettres d&#039;ext\u00e9rieur pratique Modena aux lignes simples et \u00e9l\u00e9gantes Les formes galb\u00e9es du mod\u00e8le Modena avec les d\u00e9corations agr\u00e9ables au\" \/>\n<meta property=\"og:url\" content=\"https:\/\/test.burgwaechterservice.de\/fr\/p\/boites-aux-lettres\/modena-857\/\" \/>\n<meta property=\"og:site_name\" content=\"Burg-W\u00e4chter France\" \/>\n<meta property=\"article:modified_time\" content=\"2021-06-10T09:33:51+00:00\" \/>\n<meta property=\"og:image\" content=\"https:\/\/test.burgwaechterservice.de\/fr\/wp-content\/uploads\/sites\/4\/2016\/07\/Briefkasten_Modena_857_W_017203-01.jpg\" \/>\n\t<meta property=\"og:image:width\" content=\"1772\" \/>\n\t<meta property=\"og:image:height\" content=\"1772\" \/>\n\t<meta property=\"og:image:type\" content=\"image\/jpeg\" \/>\n<meta name=\"twitter:card\" content=\"summary_large_image\" \/>\n<meta name=\"twitter:label1\" content=\"Dur\u00e9e de lecture estim\u00e9e\" \/>\n\t<meta name=\"twitter:data1\" content=\"3 minutes\" \/>\n<!-- \/ Yoast SEO Premium plugin. -->","yoast_head_json":{"title":"Modena 857 Ni - Burg-W\u00e4chter","description":"La bo\u00eete aux lettres d'ext\u00e9rieur pratique Modena aux lignes simples et \u00e9l\u00e9gantes Les formes galb\u00e9es du mod\u00e8le Modena avec les d\u00e9corations agr\u00e9ables au","robots":{"index":"index","follow":"follow","max-snippet":"max-snippet:-1","max-image-preview":"max-image-preview:large","max-video-preview":"max-video-preview:-1"},"canonical":"https:\/\/test.burgwaechterservice.de\/fr\/p\/boites-aux-lettres\/modena-857\/","og_locale":"fr_FR","og_type":"article","og_title":"Modena 857","og_description":"La bo\u00eete aux lettres d'ext\u00e9rieur pratique Modena aux lignes simples et \u00e9l\u00e9gantes Les formes galb\u00e9es du mod\u00e8le Modena avec les d\u00e9corations agr\u00e9ables au","og_url":"https:\/\/test.burgwaechterservice.de\/fr\/p\/boites-aux-lettres\/modena-857\/","og_site_name":"Burg-W\u00e4chter France","article_modified_time":"2021-06-10T09:33:51+00:00","og_image":[{"width":1772,"height":1772,"url":"https:\/\/test.burgwaechterservice.de\/fr\/wp-content\/uploads\/sites\/4\/2016\/07\/Briefkasten_Modena_857_W_017203-01.jpg","type":"image\/jpeg"}],"twitter_card":"summary_large_image","twitter_misc":{"Dur\u00e9e de lecture estim\u00e9e":"3 minutes"},"schema":{"@context":"https:\/\/schema.org","@graph":[{"@type":"WebPage","@id":"https:\/\/test.burgwaechterservice.de\/fr\/p\/boites-aux-lettres\/modena-857\/","url":"https:\/\/test.burgwaechterservice.de\/fr\/p\/boites-aux-lettres\/modena-857\/","name":"Modena 857 Ni - Burg-W\u00e4chter","isPartOf":{"@id":"https:\/\/test.burgwaechterservice.de\/fr\/#website"},"datePublished":"2016-07-25T08:33:10+00:00","dateModified":"2021-06-10T09:33:51+00:00","description":"La bo\u00eete aux lettres d'ext\u00e9rieur pratique Modena aux lignes simples et \u00e9l\u00e9gantes Les formes galb\u00e9es du mod\u00e8le Modena avec les d\u00e9corations agr\u00e9ables au","breadcrumb":{"@id":"https:\/\/test.burgwaechterservice.de\/fr\/p\/boites-aux-lettres\/modena-857\/#breadcrumb"},"inLanguage":"fr-FR","potentialAction":[{"@type":"ReadAction","target":["https:\/\/test.burgwaechterservice.de\/fr\/p\/boites-aux-lettres\/modena-857\/"]}]},{"@type":"BreadcrumbList","@id":"https:\/\/test.burgwaechterservice.de\/fr\/p\/boites-aux-lettres\/modena-857\/#breadcrumb","itemListElement":[{"@type":"ListItem","position":1,"name":"Accueil","item":"https:\/\/test.burgwaechterservice.de\/fr\/"},{"@type":"ListItem","position":2,"name":"Produits","item":"https:\/\/test.burgwaechterservice.de\/fr\/p\/"},{"@type":"ListItem","position":3,"name":"Modena 857"}]},{"@type":"WebSite","@id":"https:\/\/test.burgwaechterservice.de\/fr\/#website","url":"https:\/\/test.burgwaechterservice.de\/fr\/","name":"Burg-W\u00e4chter France","description":"Le choix le plus s\u00fbr!","potentialAction":[{"@type":"SearchAction","target":{"@type":"EntryPoint","urlTemplate":"https:\/\/test.burgwaechterservice.de\/fr\/?s={search_term_string}"},"query-input":"required name=search_term_string"}],"inLanguage":"fr-FR"}]}},"_links":{"self":[{"href":"https:\/\/test.burgwaechterservice.de\/fr\/wp-json\/wp\/v2\/product\/32594"}],"collection":[{"href":"https:\/\/test.burgwaechterservice.de\/fr\/wp-json\/wp\/v2\/product"}],"about":[{"href":"https:\/\/test.burgwaechterservice.de\/fr\/wp-json\/wp\/v2\/types\/product"}],"replies":[{"embeddable":true,"href":"https:\/\/test.burgwaechterservice.de\/fr\/wp-json\/wp\/v2\/comments?post=32594"}],"wp:featuredmedia":[{"embeddable":true,"href":"https:\/\/test.burgwaechterservice.de\/fr\/wp-json\/wp\/v2\/media\/32598"}],"wp:attachment":[{"href":"https:\/\/test.burgwaechterservice.de\/fr\/wp-json\/wp\/v2\/media?parent=32594"}],"wp:term":[{"taxonomy":"product_cat","embeddable":true,"href":"https:\/\/test.burgwaechterservice.de\/fr\/wp-json\/wp\/v2\/product_cat?post=32594"},{"taxonomy":"product_tag","embeddable":true,"href":"https:\/\/test.burgwaechterservice.de\/fr\/wp-json\/wp\/v2\/product_tag?post=32594"}],"curies":[{"name":"wp","href":"https:\/\/api.w.org\/{rel}","templated":true}]}}