{"id":32590,"date":"2016-07-25T10:33:05","date_gmt":"2016-07-25T08:33:05","guid":{"rendered":"https:\/\/www.burg.biz\/?post_type=product&#038;p=32590"},"modified":"2018-06-21T08:51:39","modified_gmt":"2018-06-21T06:51:39","slug":"verona-2","status":"publish","type":"product","link":"https:\/\/test.burgwaechterservice.de\/fr\/p\/boites-aux-lettres\/verona-2\/","title":{"rendered":"Verona"},"content":{"rendered":"<p><img decoding=\"async\" class=\"alignnone  wp-image-164057\" src=\"https:\/\/test.burgwaechterservice.de\/fr\/wp-content\/uploads\/sites\/4\/2016\/07\/Piano-Pearl-Kiel-Malm\u00f6-Verona-1.jpg\" alt=\"\" width=\"329\" height=\"118\" srcset=\"https:\/\/test.burgwaechterservice.de\/fr\/wp-content\/uploads\/sites\/4\/2016\/07\/Piano-Pearl-Kiel-Malm\u00f6-Verona-1.jpg 890w, https:\/\/test.burgwaechterservice.de\/fr\/wp-content\/uploads\/sites\/4\/2016\/07\/Piano-Pearl-Kiel-Malm\u00f6-Verona-1-300x108.jpg 300w, https:\/\/test.burgwaechterservice.de\/fr\/wp-content\/uploads\/sites\/4\/2016\/07\/Piano-Pearl-Kiel-Malm\u00f6-Verona-1-768x275.jpg 768w, https:\/\/test.burgwaechterservice.de\/fr\/wp-content\/uploads\/sites\/4\/2016\/07\/Piano-Pearl-Kiel-Malm\u00f6-Verona-1-600x215.jpg 600w\" sizes=\"(max-width: 329px) 100vw, 329px\" \/><\/p>\n<h2>Le mod\u00e8le phare de BURG-W\u00c4CHTER\u00a0: La bo\u00eete aux lettres de luxe en acier Verona<\/h2>\n<p>Faites le choix du mod\u00e8le de luxe Verona. Cette bo\u00eete aux lettres repr\u00e9sente le mariage harmonieux id\u00e9al du <strong>design<\/strong> <strong>\u00e9l\u00e9gant<\/strong> et de la <strong>fonctionnalit\u00e9<\/strong>. D\u00e9couvrez notre mod\u00e8le phare et d\u00e9corez l&#8217;entr\u00e9e de votre maison avec la belle Verona en acier galvanis\u00e9.<\/p>\n<p>Cette bo\u00eete aux lettres BURG-W\u00c4CHTER de qualit\u00e9 r\u00e9pond \u00e9galement \u00e0 la norme europ\u00e9enne (EN) 13724.<\/p>\n<h3>Design \u00e9l\u00e9gant et travaill\u00e9<\/h3>\n<p>Sous la surface galb\u00e9e de la Verona se cache un d\u00e9tail particulier\u00a0: Un <strong>compartiment pratique, destin\u00e9 aux journaux<\/strong> et parfaitement int\u00e9gr\u00e9 au design, pour recevoir s\u00e9par\u00e9ment les m\u00e9dias imprim\u00e9s.<br \/>\n<strong>Le syst\u00e8me d&#8217;arr\u00eat de porte int\u00e9gr\u00e9 <\/strong>et la fente au format DIN C4 rendent l&#8217;insertion aussi bien que la lev\u00e9e de votre courrier tr\u00e8s ais\u00e9e et facile.<\/p>\n<h3>En acier galvanis\u00e9<\/h3>\n<p>Le mat\u00e9riau en acier int\u00e9gralement galvanis\u00e9 non seulement conf\u00e8re \u00e0 la bo\u00eete aux lettres Verona une apparence \u00e9l\u00e9gante, mais il la rend \u00e9galement particuli\u00e8rement <strong>r\u00e9sistante et facile d&#8217;entretien.<\/strong><br \/>\nConcernant le nettoyage, BURG-W\u00c4CHTER recommande d&#8217;utiliser r\u00e9guli\u00e8rement un simple un chiffon humide et propre.<\/p>\n<h3>Montage de la bo\u00eete aux lettres<\/h3>\n<p>M\u00eame si notre mod\u00e8le Verona est galvanis\u00e9 sur toute sa surface, nous conseillons n\u00e9anmoins de <u>ne pas<\/u> l&#8217;exposer directement et de mani\u00e8re permanente aux intemp\u00e9ries. Fixez-la <strong>\u00e0 l&#8217;abri du vent et des caprices de la m\u00e9t\u00e9o <\/strong>\u00e0 l&#8217;aide du mat\u00e9riel de fixation compris dans la livraison afin qu&#8217;il vous serve fid\u00e8lement pendant longtemps.<br \/>\nUne autre solution consiste \u00e0 placer votre bo\u00eete aux lettres en acier o\u00f9 vous voulez gr\u00e2ce \u00e0 un pied adapt\u00e9.<\/p>\n<p><a href=\"https:\/\/test.burgwaechterservice.de\/fr\/c\/boites-aux-lettres\/boites-aux-lettres-en-batterie-individuelles-sur-pieds-et-poteaux\/\">D\u00e9couvrez ici le pied de bo\u00eete aux lettres adapt\u00e9 \u00e0 votre mod\u00e8le Verona<\/a>.<\/p>\n<h3>Toutes les caract\u00e9ristiques en bref<\/h3>\n<ul>\n<li>Le mod\u00e8le phare de BURG-W\u00c4CHTER<\/li>\n<li>Bo\u00eete aux lettres design en acier galvanis\u00e9<\/li>\n<li>Se d\u00e9cline en anthracite ou en blanc discret<\/li>\n<li>R\u00e9pond \u00e0 la norme EN 13724<\/li>\n<li>Forme arrondie<\/li>\n<li>Avec compartiment pour journaux int\u00e9gr\u00e9<\/li>\n<li>Avec syst\u00e8me d&#8217;arr\u00eat de porte<\/li>\n<li>Format de fente\u00a0DIN C4<br \/>\n(L x H\u00a0: 335 x 30 mm)<\/li>\n<li>Dimensions L x l x H\u00a0: 354 x 404 x 150 mm<\/li>\n<li>Mat\u00e9riel de montage inclus<\/li>\n<\/ul>\n<table class=\"ausfuehrung\">\n<thead>\n<tr>\n<td>Article<\/td>\n<td>Couleurs<\/td>\n<td>H x L x P<\/td>\n<td>Fente<\/td>\n<\/tr>\n<tr>\n<td class=\"subdesc\"><\/td>\n<td><\/td>\n<td class=\"subdesc\">mm<\/td>\n<td class=\"subdesc\">L x H (mm)<\/td>\n<\/tr>\n<\/thead>\n<tbody>\n<tr>\n<td>844 W<\/td>\n<td>blanc<\/td>\n<td>354 x 404 x 150<\/td>\n<td>335 x 30<\/td>\n<\/tr>\n<tr>\n<td>844 ANT<\/td>\n<td>anthracite<\/td>\n<td>354 x 404 x 150<\/td>\n<td>335 x 30<\/td>\n<\/tr>\n<\/tbody>\n<\/table>\n","protected":false},"excerpt":{"rendered":"<p>Le mod\u00e8le phare de BURG-W\u00c4CHTER\u00a0: La bo\u00eete aux lettres de luxe en acier Verona Faites le choix du mod\u00e8le de luxe Verona. Cette bo\u00eete aux lettres repr\u00e9sente le mariage harmonieux id\u00e9al du design \u00e9l\u00e9gant et de la fonctionnalit\u00e9. D\u00e9couvrez notre &hellip; <a class=\"kt-excerpt-readmore\" href=\"https:\/\/test.burgwaechterservice.de\/fr\/p\/boites-aux-lettres\/verona-2\/\" aria-label=\"Verona\">Lire la suite<\/a><\/p>\n","protected":false},"featured_media":32593,"comment_status":"closed","ping_status":"closed","template":"","meta":[],"product_cat":[23,33],"product_tag":[],"yoast_head":"<!-- This site is optimized with the Yoast SEO Premium plugin v18.4 (Yoast SEO v19.13) - https:\/\/yoast.com\/wordpress\/plugins\/seo\/ -->\n<title>Verona - Burg-W\u00e4chter<\/title>\n<meta name=\"description\" content=\"Le mod\u00e8le phare de BURG-W\u00c4CHTER\u00a0: La bo\u00eete aux lettres de luxe en acier Verona Faites le choix du mod\u00e8le de luxe Verona. Cette bo\u00eete aux lettres\" \/>\n<meta name=\"robots\" content=\"index, follow, max-snippet:-1, max-image-preview:large, max-video-preview:-1\" \/>\n<link rel=\"canonical\" href=\"https:\/\/test.burgwaechterservice.de\/fr\/p\/boites-aux-lettres\/verona-2\/\" \/>\n<meta property=\"og:locale\" content=\"fr_FR\" \/>\n<meta property=\"og:type\" content=\"article\" \/>\n<meta property=\"og:title\" content=\"Verona\" \/>\n<meta property=\"og:description\" content=\"Le mod\u00e8le phare de BURG-W\u00c4CHTER\u00a0: La bo\u00eete aux lettres de luxe en acier Verona Faites le choix du mod\u00e8le de luxe Verona. Cette bo\u00eete aux lettres\" \/>\n<meta property=\"og:url\" content=\"https:\/\/test.burgwaechterservice.de\/fr\/p\/boites-aux-lettres\/verona-2\/\" \/>\n<meta property=\"og:site_name\" content=\"Burg-W\u00e4chter France\" \/>\n<meta property=\"article:modified_time\" content=\"2018-06-21T06:51:39+00:00\" \/>\n<meta property=\"og:image\" content=\"https:\/\/test.burgwaechterservice.de\/fr\/wp-content\/uploads\/sites\/4\/2016\/07\/Briefkasten_Verona_844_ANT_343401-01.jpg\" \/>\n\t<meta property=\"og:image:width\" content=\"1000\" \/>\n\t<meta property=\"og:image:height\" content=\"1000\" \/>\n\t<meta property=\"og:image:type\" content=\"image\/jpeg\" \/>\n<meta name=\"twitter:card\" content=\"summary_large_image\" \/>\n<meta name=\"twitter:label1\" content=\"Dur\u00e9e de lecture estim\u00e9e\" \/>\n\t<meta name=\"twitter:data1\" content=\"2 minutes\" \/>\n<!-- \/ Yoast SEO Premium plugin. -->","yoast_head_json":{"title":"Verona - Burg-W\u00e4chter","description":"Le mod\u00e8le phare de BURG-W\u00c4CHTER\u00a0: La bo\u00eete aux lettres de luxe en acier Verona Faites le choix du mod\u00e8le de luxe Verona. Cette bo\u00eete aux lettres","robots":{"index":"index","follow":"follow","max-snippet":"max-snippet:-1","max-image-preview":"max-image-preview:large","max-video-preview":"max-video-preview:-1"},"canonical":"https:\/\/test.burgwaechterservice.de\/fr\/p\/boites-aux-lettres\/verona-2\/","og_locale":"fr_FR","og_type":"article","og_title":"Verona","og_description":"Le mod\u00e8le phare de BURG-W\u00c4CHTER\u00a0: La bo\u00eete aux lettres de luxe en acier Verona Faites le choix du mod\u00e8le de luxe Verona. Cette bo\u00eete aux lettres","og_url":"https:\/\/test.burgwaechterservice.de\/fr\/p\/boites-aux-lettres\/verona-2\/","og_site_name":"Burg-W\u00e4chter France","article_modified_time":"2018-06-21T06:51:39+00:00","og_image":[{"width":1000,"height":1000,"url":"https:\/\/test.burgwaechterservice.de\/fr\/wp-content\/uploads\/sites\/4\/2016\/07\/Briefkasten_Verona_844_ANT_343401-01.jpg","type":"image\/jpeg"}],"twitter_card":"summary_large_image","twitter_misc":{"Dur\u00e9e de lecture estim\u00e9e":"2 minutes"},"schema":{"@context":"https:\/\/schema.org","@graph":[{"@type":"WebPage","@id":"https:\/\/test.burgwaechterservice.de\/fr\/p\/boites-aux-lettres\/verona-2\/","url":"https:\/\/test.burgwaechterservice.de\/fr\/p\/boites-aux-lettres\/verona-2\/","name":"Verona - Burg-W\u00e4chter","isPartOf":{"@id":"https:\/\/test.burgwaechterservice.de\/fr\/#website"},"datePublished":"2016-07-25T08:33:05+00:00","dateModified":"2018-06-21T06:51:39+00:00","description":"Le mod\u00e8le phare de BURG-W\u00c4CHTER\u00a0: La bo\u00eete aux lettres de luxe en acier Verona Faites le choix du mod\u00e8le de luxe Verona. Cette bo\u00eete aux lettres","breadcrumb":{"@id":"https:\/\/test.burgwaechterservice.de\/fr\/p\/boites-aux-lettres\/verona-2\/#breadcrumb"},"inLanguage":"fr-FR","potentialAction":[{"@type":"ReadAction","target":["https:\/\/test.burgwaechterservice.de\/fr\/p\/boites-aux-lettres\/verona-2\/"]}]},{"@type":"BreadcrumbList","@id":"https:\/\/test.burgwaechterservice.de\/fr\/p\/boites-aux-lettres\/verona-2\/#breadcrumb","itemListElement":[{"@type":"ListItem","position":1,"name":"Accueil","item":"https:\/\/test.burgwaechterservice.de\/fr\/"},{"@type":"ListItem","position":2,"name":"Produits","item":"https:\/\/test.burgwaechterservice.de\/fr\/p\/"},{"@type":"ListItem","position":3,"name":"Verona"}]},{"@type":"WebSite","@id":"https:\/\/test.burgwaechterservice.de\/fr\/#website","url":"https:\/\/test.burgwaechterservice.de\/fr\/","name":"Burg-W\u00e4chter France","description":"Le choix le plus s\u00fbr!","potentialAction":[{"@type":"SearchAction","target":{"@type":"EntryPoint","urlTemplate":"https:\/\/test.burgwaechterservice.de\/fr\/?s={search_term_string}"},"query-input":"required name=search_term_string"}],"inLanguage":"fr-FR"}]}},"_links":{"self":[{"href":"https:\/\/test.burgwaechterservice.de\/fr\/wp-json\/wp\/v2\/product\/32590"}],"collection":[{"href":"https:\/\/test.burgwaechterservice.de\/fr\/wp-json\/wp\/v2\/product"}],"about":[{"href":"https:\/\/test.burgwaechterservice.de\/fr\/wp-json\/wp\/v2\/types\/product"}],"replies":[{"embeddable":true,"href":"https:\/\/test.burgwaechterservice.de\/fr\/wp-json\/wp\/v2\/comments?post=32590"}],"wp:featuredmedia":[{"embeddable":true,"href":"https:\/\/test.burgwaechterservice.de\/fr\/wp-json\/wp\/v2\/media\/32593"}],"wp:attachment":[{"href":"https:\/\/test.burgwaechterservice.de\/fr\/wp-json\/wp\/v2\/media?parent=32590"}],"wp:term":[{"taxonomy":"product_cat","embeddable":true,"href":"https:\/\/test.burgwaechterservice.de\/fr\/wp-json\/wp\/v2\/product_cat?post=32590"},{"taxonomy":"product_tag","embeddable":true,"href":"https:\/\/test.burgwaechterservice.de\/fr\/wp-json\/wp\/v2\/product_tag?post=32590"}],"curies":[{"name":"wp","href":"https:\/\/api.w.org\/{rel}","templated":true}]}}