{"id":32554,"date":"2016-07-25T09:11:23","date_gmt":"2016-07-25T07:11:23","guid":{"rendered":"https:\/\/www.burg.biz\/?post_type=product&#038;p=32554"},"modified":"2018-06-21T08:50:45","modified_gmt":"2018-06-21T06:50:45","slug":"milano-2","status":"publish","type":"product","link":"https:\/\/test.burgwaechterservice.de\/fr\/p\/boites-aux-lettres\/milano-2\/","title":{"rendered":"Milano"},"content":{"rendered":"<p><img decoding=\"async\" class=\"alignnone  wp-image-164060\" src=\"https:\/\/test.burgwaechterservice.de\/fr\/wp-content\/uploads\/sites\/4\/2016\/07\/Comfort-913-und-Set-Olymp-und-Set-Futura-und-Set-Milano-1.jpg\" alt=\"\" width=\"420\" height=\"118\" srcset=\"https:\/\/test.burgwaechterservice.de\/fr\/wp-content\/uploads\/sites\/4\/2016\/07\/Comfort-913-und-Set-Olymp-und-Set-Futura-und-Set-Milano-1.jpg 1135w, https:\/\/test.burgwaechterservice.de\/fr\/wp-content\/uploads\/sites\/4\/2016\/07\/Comfort-913-und-Set-Olymp-und-Set-Futura-und-Set-Milano-1-300x84.jpg 300w, https:\/\/test.burgwaechterservice.de\/fr\/wp-content\/uploads\/sites\/4\/2016\/07\/Comfort-913-und-Set-Olymp-und-Set-Futura-und-Set-Milano-1-768x216.jpg 768w, https:\/\/test.burgwaechterservice.de\/fr\/wp-content\/uploads\/sites\/4\/2016\/07\/Comfort-913-und-Set-Olymp-und-Set-Futura-und-Set-Milano-1-1024x288.jpg 1024w, https:\/\/test.burgwaechterservice.de\/fr\/wp-content\/uploads\/sites\/4\/2016\/07\/Comfort-913-und-Set-Olymp-und-Set-Futura-und-Set-Milano-1-600x169.jpg 600w\" sizes=\"(max-width: 420px) 100vw, 420px\" \/><\/p>\n<h2>Faites une pierre deux coups avec la bo\u00eete aux lettres en acier luxueuse Milano<\/h2>\n<p>La bo\u00eete aux lettres innovante en acier Milano <strong>h\u00e9berge deux compartiments<\/strong> sous un toit basculant. Votre courrier est ainsi non seulement <strong>prot\u00e9g\u00e9 de mani\u00e8re optimale des intemp\u00e9ries<\/strong> mais vos journaux et vos magazines sont ici bien gard\u00e9s.<\/p>\n<h3>La profondeur de confort pour plus d&#8217;espace pour votre courrier<\/h3>\n<p>Cette bo\u00eete aux lettres en acier se d\u00e9marque par ses deux compartiments qui garantissent que votre courrier sera bien gard\u00e9. La <strong>profondeur de confort<\/strong> est suffisamment spacieuse pour accueillir vos lettres, journaux et autres envois.<\/p>\n<p>Ses autres avantages comme un <strong>syst\u00e8me d&#8217;arr\u00eat<\/strong> de la porte et la fente au format DIN C4 augmentent le confort de livraison et de relev\u00e9. La bo\u00eete aux lettres en acier Milano r\u00e9pond \u00e0 la norme europ\u00e9enne <strong>EN 13724<\/strong>.<\/p>\n<h3>Design en acier galvanis\u00e9<\/h3>\n<p>L&#8217;acier du mod\u00e8le Milano est <strong>galvanis\u00e9 sur toute la surface<\/strong> et <strong>recouvert d&#8217;un vernis de qualit\u00e9<\/strong> afin que votre courrier soit parfaitement prot\u00e9g\u00e9 de l&#8217;humidit\u00e9.<\/p>\n<p><strong>Conseil d&#8217;entretien\u00a0:<\/strong> nettoyez r\u00e9guli\u00e8rement votre bo\u00eete aux lettres BURG-W\u00c4CHTER avec un tissu humide et propre.<\/p>\n<h3>Conseil de montage<\/h3>\n<p>BURG-W\u00c4CHTER conseille de monter votre bo\u00eete aux lettres \u00e0 un <strong>endroit prot\u00e9g\u00e9 des intemp\u00e9ries <\/strong>\u00e0 l&#8217;aide du mat\u00e9riel de fixation compris dans la livraison. Elle ne devrait jamais \u00eatre expos\u00e9e directement et constamment aux intemp\u00e9ries. M\u00eame si elle prot\u00e8ge tr\u00e8s bien son contenu des caprices de la m\u00e9t\u00e9o, votre Milano conserve encore plus longtemps son \u00e9tat optimal.<br \/>\nSi vous souhaitez placer votre bo\u00eete aux lettres \u00e0 un endroit particulier, nous proposons aussi des pieds adapt\u00e9s.<\/p>\n<p><a href=\"https:\/\/test.burgwaechterservice.de\/fr\/c\/boites-aux-lettres\/boites-aux-lettres-en-batterie-individuelles-sur-pieds-et-poteaux\/\">Trouvez ici le pied adapt\u00e9 \u00e0 votre bo\u00eete aux lettres<\/a>.<\/p>\n<h3>La bo\u00eete aux lettres en acier inoxydable Milano en un coup d&#8217;\u0153il\u00a0:<\/h3>\n<ul>\n<li>Acier\u00a0: galvanis\u00e9 sur toute leur surface et recouvert d&#8217;un vernis de protection de qualit\u00e9<\/li>\n<li>R\u00e9pond \u00e0 la norme EN 13724<\/li>\n<li>Avec passage de courrier rabattable<\/li>\n<li>Avec compartiments s\u00e9par\u00e9s pour le courrier et les journaux<\/li>\n<li>Plus de profondeur pour plus de confort<\/li>\n<li>Porte avec syst\u00e8me d&#8217;arr\u00eat<\/li>\n<li>Excellente protection du courrier et des journaux<\/li>\n<li>Format de fente\u00a0: DIN C4<br \/>\n(L x H\u00a0: 267 x 30 mm)<\/li>\n<li>Dimensions L x l x H\u00a0: 488 x 352 x 182 mm<\/li>\n<li>Mat\u00e9riel de fixation compris dans la livraison<\/li>\n<\/ul>\n<p>&nbsp;<\/p>\n<table class=\"ausfuehrung\">\n<thead>\n<tr>\n<td>Article<\/td>\n<td>Couleurs<\/td>\n<td>H x L x P<\/td>\n<td>Fente<\/td>\n<\/tr>\n<tr>\n<td class=\"subdesc\"><\/td>\n<td><\/td>\n<td class=\"subdesc\">mm<\/td>\n<td class=\"subdesc\">L x H (mm)<\/td>\n<\/tr>\n<\/thead>\n<tbody>\n<tr>\n<td>843 W<\/td>\n<td>blanc<\/td>\n<td>488 x 352 x 182<\/td>\n<td>267 x 30<\/td>\n<\/tr>\n<\/tbody>\n<\/table>\n","protected":false},"excerpt":{"rendered":"<p>Faites une pierre deux coups avec la bo\u00eete aux lettres en acier luxueuse Milano La bo\u00eete aux lettres innovante en acier Milano h\u00e9berge deux compartiments sous un toit basculant. Votre courrier est ainsi non seulement prot\u00e9g\u00e9 de mani\u00e8re optimale des &hellip; <a class=\"kt-excerpt-readmore\" href=\"https:\/\/test.burgwaechterservice.de\/fr\/p\/boites-aux-lettres\/milano-2\/\" aria-label=\"Milano\">Lire la suite<\/a><\/p>\n","protected":false},"featured_media":32556,"comment_status":"closed","ping_status":"closed","template":"","meta":[],"product_cat":[23,33],"product_tag":[],"yoast_head":"<!-- This site is optimized with the Yoast SEO Premium plugin v18.4 (Yoast SEO v19.13) - https:\/\/yoast.com\/wordpress\/plugins\/seo\/ -->\n<title>Milano - Burg-W\u00e4chter<\/title>\n<meta name=\"description\" content=\"Faites une pierre deux coups avec la bo\u00eete aux lettres en acier luxueuse Milano La bo\u00eete aux lettres innovante en acier Milano h\u00e9berge deux compartiments\" \/>\n<meta name=\"robots\" content=\"index, follow, max-snippet:-1, max-image-preview:large, max-video-preview:-1\" \/>\n<link rel=\"canonical\" href=\"https:\/\/test.burgwaechterservice.de\/fr\/p\/boites-aux-lettres\/milano-2\/\" \/>\n<meta property=\"og:locale\" content=\"fr_FR\" \/>\n<meta property=\"og:type\" content=\"article\" \/>\n<meta property=\"og:title\" content=\"Milano\" \/>\n<meta property=\"og:description\" content=\"Faites une pierre deux coups avec la bo\u00eete aux lettres en acier luxueuse Milano La bo\u00eete aux lettres innovante en acier Milano h\u00e9berge deux compartiments\" \/>\n<meta property=\"og:url\" content=\"https:\/\/test.burgwaechterservice.de\/fr\/p\/boites-aux-lettres\/milano-2\/\" \/>\n<meta property=\"og:site_name\" content=\"Burg-W\u00e4chter France\" \/>\n<meta property=\"article:modified_time\" content=\"2018-06-21T06:50:45+00:00\" \/>\n<meta property=\"og:image\" content=\"https:\/\/test.burgwaechterservice.de\/fr\/wp-content\/uploads\/sites\/4\/2016\/07\/Briefkasten_Milano_843_W_324004-01.jpg\" \/>\n\t<meta property=\"og:image:width\" content=\"1000\" \/>\n\t<meta property=\"og:image:height\" content=\"1000\" \/>\n\t<meta property=\"og:image:type\" content=\"image\/jpeg\" \/>\n<meta name=\"twitter:card\" content=\"summary_large_image\" \/>\n<meta name=\"twitter:label1\" content=\"Dur\u00e9e de lecture estim\u00e9e\" \/>\n\t<meta name=\"twitter:data1\" content=\"2 minutes\" \/>\n<!-- \/ Yoast SEO Premium plugin. -->","yoast_head_json":{"title":"Milano - Burg-W\u00e4chter","description":"Faites une pierre deux coups avec la bo\u00eete aux lettres en acier luxueuse Milano La bo\u00eete aux lettres innovante en acier Milano h\u00e9berge deux compartiments","robots":{"index":"index","follow":"follow","max-snippet":"max-snippet:-1","max-image-preview":"max-image-preview:large","max-video-preview":"max-video-preview:-1"},"canonical":"https:\/\/test.burgwaechterservice.de\/fr\/p\/boites-aux-lettres\/milano-2\/","og_locale":"fr_FR","og_type":"article","og_title":"Milano","og_description":"Faites une pierre deux coups avec la bo\u00eete aux lettres en acier luxueuse Milano La bo\u00eete aux lettres innovante en acier Milano h\u00e9berge deux compartiments","og_url":"https:\/\/test.burgwaechterservice.de\/fr\/p\/boites-aux-lettres\/milano-2\/","og_site_name":"Burg-W\u00e4chter France","article_modified_time":"2018-06-21T06:50:45+00:00","og_image":[{"width":1000,"height":1000,"url":"https:\/\/test.burgwaechterservice.de\/fr\/wp-content\/uploads\/sites\/4\/2016\/07\/Briefkasten_Milano_843_W_324004-01.jpg","type":"image\/jpeg"}],"twitter_card":"summary_large_image","twitter_misc":{"Dur\u00e9e de lecture estim\u00e9e":"2 minutes"},"schema":{"@context":"https:\/\/schema.org","@graph":[{"@type":"WebPage","@id":"https:\/\/test.burgwaechterservice.de\/fr\/p\/boites-aux-lettres\/milano-2\/","url":"https:\/\/test.burgwaechterservice.de\/fr\/p\/boites-aux-lettres\/milano-2\/","name":"Milano - Burg-W\u00e4chter","isPartOf":{"@id":"https:\/\/test.burgwaechterservice.de\/fr\/#website"},"datePublished":"2016-07-25T07:11:23+00:00","dateModified":"2018-06-21T06:50:45+00:00","description":"Faites une pierre deux coups avec la bo\u00eete aux lettres en acier luxueuse Milano La bo\u00eete aux lettres innovante en acier Milano h\u00e9berge deux compartiments","breadcrumb":{"@id":"https:\/\/test.burgwaechterservice.de\/fr\/p\/boites-aux-lettres\/milano-2\/#breadcrumb"},"inLanguage":"fr-FR","potentialAction":[{"@type":"ReadAction","target":["https:\/\/test.burgwaechterservice.de\/fr\/p\/boites-aux-lettres\/milano-2\/"]}]},{"@type":"BreadcrumbList","@id":"https:\/\/test.burgwaechterservice.de\/fr\/p\/boites-aux-lettres\/milano-2\/#breadcrumb","itemListElement":[{"@type":"ListItem","position":1,"name":"Accueil","item":"https:\/\/test.burgwaechterservice.de\/fr\/"},{"@type":"ListItem","position":2,"name":"Produits","item":"https:\/\/test.burgwaechterservice.de\/fr\/p\/"},{"@type":"ListItem","position":3,"name":"Milano"}]},{"@type":"WebSite","@id":"https:\/\/test.burgwaechterservice.de\/fr\/#website","url":"https:\/\/test.burgwaechterservice.de\/fr\/","name":"Burg-W\u00e4chter France","description":"Le choix le plus s\u00fbr!","potentialAction":[{"@type":"SearchAction","target":{"@type":"EntryPoint","urlTemplate":"https:\/\/test.burgwaechterservice.de\/fr\/?s={search_term_string}"},"query-input":"required name=search_term_string"}],"inLanguage":"fr-FR"}]}},"_links":{"self":[{"href":"https:\/\/test.burgwaechterservice.de\/fr\/wp-json\/wp\/v2\/product\/32554"}],"collection":[{"href":"https:\/\/test.burgwaechterservice.de\/fr\/wp-json\/wp\/v2\/product"}],"about":[{"href":"https:\/\/test.burgwaechterservice.de\/fr\/wp-json\/wp\/v2\/types\/product"}],"replies":[{"embeddable":true,"href":"https:\/\/test.burgwaechterservice.de\/fr\/wp-json\/wp\/v2\/comments?post=32554"}],"wp:featuredmedia":[{"embeddable":true,"href":"https:\/\/test.burgwaechterservice.de\/fr\/wp-json\/wp\/v2\/media\/32556"}],"wp:attachment":[{"href":"https:\/\/test.burgwaechterservice.de\/fr\/wp-json\/wp\/v2\/media?parent=32554"}],"wp:term":[{"taxonomy":"product_cat","embeddable":true,"href":"https:\/\/test.burgwaechterservice.de\/fr\/wp-json\/wp\/v2\/product_cat?post=32554"},{"taxonomy":"product_tag","embeddable":true,"href":"https:\/\/test.burgwaechterservice.de\/fr\/wp-json\/wp\/v2\/product_tag?post=32554"}],"curies":[{"name":"wp","href":"https:\/\/api.w.org\/{rel}","templated":true}]}}