{"id":32541,"date":"2016-07-25T09:01:57","date_gmt":"2016-07-25T07:01:57","guid":{"rendered":"https:\/\/www.burg.biz\/?post_type=product&#038;p=32541"},"modified":"2019-05-28T11:00:24","modified_gmt":"2019-05-28T09:00:24","slug":"nordic-680780","status":"publish","type":"product","link":"https:\/\/test.burgwaechterservice.de\/fr\/p\/boites-aux-lettres\/nordic-680780\/","title":{"rendered":"Nordic 680\/780"},"content":{"rendered":"<p><img decoding=\"async\" class=\"alignnone wp-image-41829\" src=\"https:\/\/test.burgwaechterservice.de\/fr\/wp-content\/uploads\/sites\/4\/2016\/07\/Nordic-Stahl-und-Jumbo.jpg\" alt=\"BUW-Icons-BK 4c OK.indd\" width=\"416\" height=\"118\" srcset=\"https:\/\/test.burgwaechterservice.de\/fr\/wp-content\/uploads\/sites\/4\/2016\/07\/Nordic-Stahl-und-Jumbo.jpg 1125w, https:\/\/test.burgwaechterservice.de\/fr\/wp-content\/uploads\/sites\/4\/2016\/07\/Nordic-Stahl-und-Jumbo-300x85.jpg 300w, https:\/\/test.burgwaechterservice.de\/fr\/wp-content\/uploads\/sites\/4\/2016\/07\/Nordic-Stahl-und-Jumbo-768x218.jpg 768w, https:\/\/test.burgwaechterservice.de\/fr\/wp-content\/uploads\/sites\/4\/2016\/07\/Nordic-Stahl-und-Jumbo-1024x290.jpg 1024w\" sizes=\"(max-width: 416px) 100vw, 416px\" \/><a href=\"https:\/\/warranty.burg.biz\/bk\/\" target=\"_blank\" rel=\"noopener noreferrer\"><img decoding=\"async\" class=\"alignright wp-image-254979\" src=\"https:\/\/test.burgwaechterservice.de\/fr\/wp-content\/uploads\/sites\/4\/2016\/07\/Siegel_5_Jahre_Garantie_FR_-295x300.jpg\" alt=\"\" width=\"214\" height=\"218\" srcset=\"https:\/\/test.burgwaechterservice.de\/fr\/wp-content\/uploads\/sites\/4\/2016\/07\/Siegel_5_Jahre_Garantie_FR_-295x300.jpg 295w, https:\/\/test.burgwaechterservice.de\/fr\/wp-content\/uploads\/sites\/4\/2016\/07\/Siegel_5_Jahre_Garantie_FR_.jpg 485w\" sizes=\"(max-width: 214px) 100vw, 214px\" \/><br \/>\n<\/a><\/p>\n<h2>NORDIC: La bo\u00eete aux lettres classique de BURG-W\u00c4CHTER avec grand volume en plus pour votre courrier<\/h2>\n<p>La forme \u00e9l\u00e9gante du mod\u00e8le Nordic et son <strong>volume incroyablement vaste<\/strong> offrant suffisamment de place pour des montagnes de courrier ne laisse aucun d\u00e9sir insatisfait. Vous disposez d&#8217;une plus grande latitude encore pour choisir un emplacement pour votre bo\u00eete aux lettres Nordic gr\u00e2ce \u00e0 un <strong>arceau en acier inoxydable adapt\u00e9<\/strong>.<\/p>\n<h3>Un peu, beaucoup, passionn\u00e9ment, \u00e0 la folie\u00a0?<\/h3>\n<p>La bo\u00eete aux lettres en acier Nordic existe en <strong>deux tailles <\/strong>selon si vous recevez beaucoup ou \u00e9norm\u00e9ment de courrier. Ses lignes inhabituelles mais simples et la <strong>profondeur de confort<\/strong> facilitent \u00e9norm\u00e9ment le relev\u00e9 du courrier. Le <strong>syst\u00e8me d&#8217;arr\u00eat<\/strong> de la porte et la fente au format DIN C4 font de l&#8217;utilisation du mod\u00e8le Nordic un jeu d&#8217;enfant.<br \/>\nSon <strong>cylindre de qualit\u00e9<\/strong> apporte la s\u00e9curit\u00e9 n\u00e9cessaire.<\/p>\n<p>Le mod\u00e8le Nordic r\u00e9pond \u00e0 la norme europ\u00e9enne <strong>EN 13724<\/strong>.<\/p>\n<h3>Fabriqu\u00e9e en acier de qualit\u00e9<\/h3>\n<p>Cette bo\u00eete aux lettres grand volume est r\u00e9alis\u00e9e enti\u00e8rement en acier. Ce dernier est <strong>compl\u00e8tement<\/strong> <strong>galvanis\u00e9 <\/strong>et poss\u00e8de un <strong>traitement de surface de qualit\u00e9<\/strong>.<br \/>\nLe mod\u00e8le Nordic est disponible en blanc, noir et vert.<\/p>\n<p>Il vous suffit d&#8217;utiliser r\u00e9guli\u00e8rement un chiffon humide et propre pour assurer son entretien.<\/p>\n<h3>Le montage<\/h3>\n<p>BURG-W\u00c4CHTER recommande de <u>ne pas<\/u> exposer votre bo\u00eete aux lettres directement et de mani\u00e8re permanente aux intemp\u00e9ries afin qu&#8217;elle reste le plus longtemps possible dans un \u00e9tat id\u00e9al. Montez ou placez-la de pr\u00e9f\u00e9rence avec le mat\u00e9riel de fixation livr\u00e9 avec elle \u00e0 un <strong>endroit prot\u00e9g\u00e9 des intemp\u00e9ries<\/strong>.<br \/>\nL&#8217;arceau en acier inoxydable adapt\u00e9 vous permet de placer le mod\u00e8le Nordic l\u00e0 o\u00f9 vous le souhaitez.<br \/>\n<a href=\"https:\/\/test.burgwaechterservice.de\/fr\/p\/boites-aux-lettres\/support-nordic\/\">D\u00e9couvrir ici l&#8217;arceau Nordic<\/a>.<\/p>\n<h3>Le mod\u00e8le classique Nordic 680\/780 en bref<\/h3>\n<ul>\n<li>Bo\u00eete aux lettres grand volume disponible en deux tailles<\/li>\n<li>Acier galvanis\u00e9 sur toute la surface et recouvert d&#8217;un vernis de protection de qualit\u00e9<\/li>\n<li>R\u00e9pond \u00e0 la norme EN 13724<\/li>\n<li>Avec cylindre<\/li>\n<li>Profondeur de confort<\/li>\n<li>\u00c9norm\u00e9ment de place pour votre courrier et vos journaux<\/li>\n<li>Disponible en blanc, noir et vert<\/li>\n<li>Arceau de support de bo\u00eete aux lettres disponible s\u00e9par\u00e9ment<\/li>\n<li>Porte avec syst\u00e8me d&#8217;arr\u00eat de s\u00e9rie<\/li>\n<li>Format de fente\u00a0: DIN C4<br \/>\n(L x H\u00a0:<br \/>\nNordic 680 242 x 33 mm<br \/>\nNordic 780\u00a0\u00a0\u00a0\u00a0\u00a0\u00a0\u00a0\u00a0\u00a0 327 x 44 mm)<\/li>\n<li>Dimensions L x l x H<br \/>\nNordic 680 475 x 300 x 222 mm<br \/>\nNordic 780\u00a0\u00a0\u00a0\u00a0\u00a0\u00a0\u00a0\u00a0\u00a0 560 x 380 x 222 mm<\/li>\n<li>Mat\u00e9riel de fixation compris dans la livraison<\/li>\n<\/ul>\n<p>&nbsp;<\/p>\n<table class=\"ausfuehrung\">\n<thead>\n<tr>\n<td>Article<\/td>\n<td>Couleurs<\/td>\n<td>H x L x P<\/td>\n<td>Fente<\/td>\n<\/tr>\n<tr>\n<td class=\"subdesc\"><\/td>\n<td><\/td>\n<td class=\"subdesc\">mm<\/td>\n<td class=\"subdesc\">L x H (mm)<\/td>\n<\/tr>\n<\/thead>\n<tbody>\n<tr>\n<td>Nordic 680 W<\/td>\n<td>blanc<\/td>\n<td>475 x 300 x 222<\/td>\n<td>242 x 33<\/td>\n<\/tr>\n<tr>\n<td>Nordic 680 S<\/td>\n<td>noir<\/td>\n<td>475 x 300 x 222<\/td>\n<td>242 x 33<\/td>\n<\/tr>\n<tr>\n<td>Nordic 680 GR<\/td>\n<td>vert<\/td>\n<td>475 x 300 x 222<\/td>\n<td>242 x 33<\/td>\n<\/tr>\n<tr>\n<td>Nordic 780 W<\/td>\n<td>blanc<\/td>\n<td>560 x 380 x 222<\/td>\n<td>327 x 44<\/td>\n<\/tr>\n<tr>\n<td>Nordic 780 S<\/td>\n<td>noir<\/td>\n<td>560 x 380 x 222<\/td>\n<td>327 x 44<\/td>\n<\/tr>\n<tr>\n<td>Nordic 780 GR<\/td>\n<td>vert<\/td>\n<td>560 x 380 x 222<\/td>\n<td>327 x 44<\/td>\n<\/tr>\n<\/tbody>\n<\/table>\n","protected":false},"excerpt":{"rendered":"<p>NORDIC: La bo\u00eete aux lettres classique de BURG-W\u00c4CHTER avec grand volume en plus pour votre courrier La forme \u00e9l\u00e9gante du mod\u00e8le Nordic et son volume incroyablement vaste offrant suffisamment de place pour des montagnes de courrier ne laisse aucun d\u00e9sir &hellip; <a class=\"kt-excerpt-readmore\" href=\"https:\/\/test.burgwaechterservice.de\/fr\/p\/boites-aux-lettres\/nordic-680780\/\" aria-label=\"Nordic 680\/780\">Lire la suite<\/a><\/p>\n","protected":false},"featured_media":32550,"comment_status":"closed","ping_status":"closed","template":"","meta":[],"product_cat":[23,33],"product_tag":[],"yoast_head":"<!-- This site is optimized with the Yoast SEO Premium plugin v18.4 (Yoast SEO v19.13) - https:\/\/yoast.com\/wordpress\/plugins\/seo\/ -->\n<title>Nordic 680\/780 - Burg-W\u00e4chter<\/title>\n<meta name=\"description\" content=\"NORDIC: La bo\u00eete aux lettres classique de BURG-W\u00c4CHTER avec grand volume en plus pour votre courrier La forme \u00e9l\u00e9gante du mod\u00e8le Nordic et son volume\" \/>\n<meta name=\"robots\" content=\"index, follow, max-snippet:-1, max-image-preview:large, max-video-preview:-1\" \/>\n<link rel=\"canonical\" href=\"https:\/\/test.burgwaechterservice.de\/fr\/p\/boites-aux-lettres\/nordic-680780\/\" \/>\n<meta property=\"og:locale\" content=\"fr_FR\" \/>\n<meta property=\"og:type\" content=\"article\" \/>\n<meta property=\"og:title\" content=\"Nordic 680\/780\" \/>\n<meta property=\"og:description\" content=\"NORDIC: La bo\u00eete aux lettres classique de BURG-W\u00c4CHTER avec grand volume en plus pour votre courrier La forme \u00e9l\u00e9gante du mod\u00e8le Nordic et son volume\" \/>\n<meta property=\"og:url\" content=\"https:\/\/test.burgwaechterservice.de\/fr\/p\/boites-aux-lettres\/nordic-680780\/\" \/>\n<meta property=\"og:site_name\" content=\"Burg-W\u00e4chter France\" \/>\n<meta property=\"article:modified_time\" content=\"2019-05-28T09:00:24+00:00\" \/>\n<meta property=\"og:image\" content=\"https:\/\/test.burgwaechterservice.de\/fr\/wp-content\/uploads\/sites\/4\/2016\/07\/Briefkasten_Nordic_780_W_368008-01.jpg\" \/>\n\t<meta property=\"og:image:width\" content=\"3074\" \/>\n\t<meta property=\"og:image:height\" content=\"3074\" \/>\n\t<meta property=\"og:image:type\" content=\"image\/jpeg\" \/>\n<meta name=\"twitter:card\" content=\"summary_large_image\" \/>\n<meta name=\"twitter:label1\" content=\"Dur\u00e9e de lecture estim\u00e9e\" \/>\n\t<meta name=\"twitter:data1\" content=\"2 minutes\" \/>\n<!-- \/ Yoast SEO Premium plugin. -->","yoast_head_json":{"title":"Nordic 680\/780 - Burg-W\u00e4chter","description":"NORDIC: La bo\u00eete aux lettres classique de BURG-W\u00c4CHTER avec grand volume en plus pour votre courrier La forme \u00e9l\u00e9gante du mod\u00e8le Nordic et son volume","robots":{"index":"index","follow":"follow","max-snippet":"max-snippet:-1","max-image-preview":"max-image-preview:large","max-video-preview":"max-video-preview:-1"},"canonical":"https:\/\/test.burgwaechterservice.de\/fr\/p\/boites-aux-lettres\/nordic-680780\/","og_locale":"fr_FR","og_type":"article","og_title":"Nordic 680\/780","og_description":"NORDIC: La bo\u00eete aux lettres classique de BURG-W\u00c4CHTER avec grand volume en plus pour votre courrier La forme \u00e9l\u00e9gante du mod\u00e8le Nordic et son volume","og_url":"https:\/\/test.burgwaechterservice.de\/fr\/p\/boites-aux-lettres\/nordic-680780\/","og_site_name":"Burg-W\u00e4chter France","article_modified_time":"2019-05-28T09:00:24+00:00","og_image":[{"width":3074,"height":3074,"url":"https:\/\/test.burgwaechterservice.de\/fr\/wp-content\/uploads\/sites\/4\/2016\/07\/Briefkasten_Nordic_780_W_368008-01.jpg","type":"image\/jpeg"}],"twitter_card":"summary_large_image","twitter_misc":{"Dur\u00e9e de lecture estim\u00e9e":"2 minutes"},"schema":{"@context":"https:\/\/schema.org","@graph":[{"@type":"WebPage","@id":"https:\/\/test.burgwaechterservice.de\/fr\/p\/boites-aux-lettres\/nordic-680780\/","url":"https:\/\/test.burgwaechterservice.de\/fr\/p\/boites-aux-lettres\/nordic-680780\/","name":"Nordic 680\/780 - Burg-W\u00e4chter","isPartOf":{"@id":"https:\/\/test.burgwaechterservice.de\/fr\/#website"},"datePublished":"2016-07-25T07:01:57+00:00","dateModified":"2019-05-28T09:00:24+00:00","description":"NORDIC: La bo\u00eete aux lettres classique de BURG-W\u00c4CHTER avec grand volume en plus pour votre courrier La forme \u00e9l\u00e9gante du mod\u00e8le Nordic et son volume","breadcrumb":{"@id":"https:\/\/test.burgwaechterservice.de\/fr\/p\/boites-aux-lettres\/nordic-680780\/#breadcrumb"},"inLanguage":"fr-FR","potentialAction":[{"@type":"ReadAction","target":["https:\/\/test.burgwaechterservice.de\/fr\/p\/boites-aux-lettres\/nordic-680780\/"]}]},{"@type":"BreadcrumbList","@id":"https:\/\/test.burgwaechterservice.de\/fr\/p\/boites-aux-lettres\/nordic-680780\/#breadcrumb","itemListElement":[{"@type":"ListItem","position":1,"name":"Accueil","item":"https:\/\/test.burgwaechterservice.de\/fr\/"},{"@type":"ListItem","position":2,"name":"Produits","item":"https:\/\/test.burgwaechterservice.de\/fr\/p\/"},{"@type":"ListItem","position":3,"name":"Nordic 680\/780"}]},{"@type":"WebSite","@id":"https:\/\/test.burgwaechterservice.de\/fr\/#website","url":"https:\/\/test.burgwaechterservice.de\/fr\/","name":"Burg-W\u00e4chter France","description":"Le choix le plus s\u00fbr!","potentialAction":[{"@type":"SearchAction","target":{"@type":"EntryPoint","urlTemplate":"https:\/\/test.burgwaechterservice.de\/fr\/?s={search_term_string}"},"query-input":"required name=search_term_string"}],"inLanguage":"fr-FR"}]}},"_links":{"self":[{"href":"https:\/\/test.burgwaechterservice.de\/fr\/wp-json\/wp\/v2\/product\/32541"}],"collection":[{"href":"https:\/\/test.burgwaechterservice.de\/fr\/wp-json\/wp\/v2\/product"}],"about":[{"href":"https:\/\/test.burgwaechterservice.de\/fr\/wp-json\/wp\/v2\/types\/product"}],"replies":[{"embeddable":true,"href":"https:\/\/test.burgwaechterservice.de\/fr\/wp-json\/wp\/v2\/comments?post=32541"}],"wp:featuredmedia":[{"embeddable":true,"href":"https:\/\/test.burgwaechterservice.de\/fr\/wp-json\/wp\/v2\/media\/32550"}],"wp:attachment":[{"href":"https:\/\/test.burgwaechterservice.de\/fr\/wp-json\/wp\/v2\/media?parent=32541"}],"wp:term":[{"taxonomy":"product_cat","embeddable":true,"href":"https:\/\/test.burgwaechterservice.de\/fr\/wp-json\/wp\/v2\/product_cat?post=32541"},{"taxonomy":"product_tag","embeddable":true,"href":"https:\/\/test.burgwaechterservice.de\/fr\/wp-json\/wp\/v2\/product_tag?post=32541"}],"curies":[{"name":"wp","href":"https:\/\/api.w.org\/{rel}","templated":true}]}}