{"id":32537,"date":"2016-07-25T08:38:10","date_gmt":"2016-07-25T06:38:10","guid":{"rendered":"https:\/\/www.burg.biz\/?post_type=product&#038;p=32537"},"modified":"2018-02-14T12:23:02","modified_gmt":"2018-02-14T11:23:02","slug":"capri-813","status":"publish","type":"product","link":"https:\/\/test.burgwaechterservice.de\/fr\/p\/boites-aux-lettres\/capri-813\/","title":{"rendered":"Capri 813"},"content":{"rendered":"<h2>NOUVEAU\u00a0: la bo\u00eete aux lettres compacte Capri en acier aux lignes modernes et pratiques<\/h2>\n<p>La bo\u00eete aux lettres en acier Capri remplit les m\u00eames exigences en mati\u00e8re de design que les mod\u00e8les Toscana et Riviera dont elle s&#8217;inspire. Elle se d\u00e9marque n\u00e9anmoins par sa <strong>taille compacte et pratique.<\/strong><\/p>\n<p>Si vous d\u00e9sirez ce design mais pr\u00e9f\u00e9rez un plus grand volume, vous trouvez ici les bo\u00eetes aux lettres <a href=\"https:\/\/test.burgwaechterservice.de\/fr\/p\/boites-aux-lettres\/toscana-856\/\">Toscana<\/a> \u00a0et <a href=\"https:\/\/test.burgwaechterservice.de\/fr\/p\/boites-aux-lettres\/riviera-835\/\">Riviera<\/a>.<\/p>\n<h3>Lignes compactes<\/h3>\n<p>La taille restreinte permet un montage optimal sur presque toutes les fa\u00e7ades de maison, l\u00e0 o\u00f9 l&#8217;espace disponible est restreint. Vous ne devez n\u00e9anmoins faire aucun compromis en termes d&#8217;esth\u00e9tique gr\u00e2ce \u00e0 sa <strong>forme restreinte<\/strong>. Le <strong>design \u00e9troit<\/strong> de ce mod\u00e8le est particuli\u00e8rement bien mis en valeur.<br \/>\nSon <strong>couvercle basculant pratique<\/strong> s&#8217;ins\u00e8re id\u00e9alement \u00e0 la forme et prot\u00e8ge \u00e9galement son contenu de l&#8217;humidit\u00e9.<\/p>\n<p>Le petit mod\u00e8le Capri est disponible en <strong>blanc<\/strong> et <strong>anthracite<\/strong>.<\/p>\n<p>Veuillez noter que le passage du courrier de ce mod\u00e8le est au <strong>format DIN B5<\/strong> et que, par cons\u00e9quent, livrer certains formats d&#8217;enveloppes peut s&#8217;av\u00e9rer difficile.<\/p>\n<p>La construction du Capri est <strong>prot\u00e9g\u00e9e enti\u00e8rement par son acier galvanis\u00e9 <\/strong>et elle est pourvue d&#8217;un <strong>vernis haut de gamme<\/strong>, afin qu&#8217;il puisse mettre en valeur le mur de votre maison pendant longtemps.<\/p>\n<p>Conseil d&#8217;entretien\u00a0: nettoyez r\u00e9guli\u00e8rement votre bo\u00eete aux lettres avec un tissu humide et propre.<\/p>\n<h3>Montage conseill\u00e9 de la bo\u00eete aux lettres<\/h3>\n<p>BURG-W\u00c4CHTER conseille n\u00e9anmoins de <u>ne pas<\/u> exposer votre bo\u00eete aux lettres directement et en permanence aux intemp\u00e9ries. Nous recommandons de la monter \u00e0 un <strong>endroit prot\u00e9g\u00e9 des intemp\u00e9ries<\/strong> afin qu&#8217;elle atteigne une dur\u00e9e de vie optimale.<\/p>\n<h3>Les caract\u00e9ristiques du nouveau mod\u00e8le Capri 813<\/h3>\n<ul>\n<li>Lignes compactes et modernes<\/li>\n<li>Disponible en blanc et anthracite<\/li>\n<li>Bo\u00eete aux lettres en acier, enti\u00e8rement galvanis\u00e9e, traitement de surface de qualit\u00e9<\/li>\n<li>Avec couvercle basculant<\/li>\n<li>Format de fente\u00a0: DIN B5<br \/>\n(L x H\u00a0: 170 x 30 mm)<\/li>\n<li>Dimensions L x l x H\u00a0: 308 x 215 x 80 mm<\/li>\n<li>Mat\u00e9riel de fixation compris dans la livraison<\/li>\n<\/ul>\n<table class=\"ausfuehrung\">\n<thead>\n<tr>\n<td>Article<\/td>\n<td>Couleurs<\/td>\n<td>H x L x P<\/td>\n<td>Fente<\/td>\n<\/tr>\n<tr>\n<td class=\"subdesc\"><\/td>\n<td><\/td>\n<td class=\"subdesc\">mm<\/td>\n<td class=\"subdesc\">L x H (mm)<\/td>\n<\/tr>\n<\/thead>\n<tbody>\n<tr>\n<td>813 W<\/td>\n<td>blanc<\/td>\n<td>308 x 215 x 80<\/td>\n<td>170 x 30<\/td>\n<\/tr>\n<tr>\n<td>813 ANT<\/td>\n<td>anthracite<\/td>\n<td>308 x 215 x 80<\/td>\n<td>170 x 30<\/td>\n<\/tr>\n<\/tbody>\n<\/table>\n","protected":false},"excerpt":{"rendered":"<p>NOUVEAU\u00a0: la bo\u00eete aux lettres compacte Capri en acier aux lignes modernes et pratiques La bo\u00eete aux lettres en acier Capri remplit les m\u00eames exigences en mati\u00e8re de design que les mod\u00e8les Toscana et Riviera dont elle s&#8217;inspire. Elle se &hellip; <a class=\"kt-excerpt-readmore\" href=\"https:\/\/test.burgwaechterservice.de\/fr\/p\/boites-aux-lettres\/capri-813\/\" aria-label=\"Capri 813\">Lire la suite<\/a><\/p>\n","protected":false},"featured_media":32535,"comment_status":"closed","ping_status":"closed","template":"","meta":[],"product_cat":[23,33],"product_tag":[],"yoast_head":"<!-- This site is optimized with the Yoast SEO Premium plugin v18.4 (Yoast SEO v19.13) - https:\/\/yoast.com\/wordpress\/plugins\/seo\/ -->\n<title>Capri 813 - Burg-W\u00e4chter<\/title>\n<meta name=\"description\" content=\"NOUVEAU\u00a0: la bo\u00eete aux lettres compacte Capri en acier aux lignes modernes et pratiques La bo\u00eete aux lettres en acier Capri remplit les m\u00eames exigences en\" \/>\n<meta name=\"robots\" content=\"index, follow, max-snippet:-1, max-image-preview:large, max-video-preview:-1\" \/>\n<link rel=\"canonical\" href=\"https:\/\/test.burgwaechterservice.de\/fr\/p\/boites-aux-lettres\/capri-813\/\" \/>\n<meta property=\"og:locale\" content=\"fr_FR\" \/>\n<meta property=\"og:type\" content=\"article\" \/>\n<meta property=\"og:title\" content=\"Capri 813\" \/>\n<meta property=\"og:description\" content=\"NOUVEAU\u00a0: la bo\u00eete aux lettres compacte Capri en acier aux lignes modernes et pratiques La bo\u00eete aux lettres en acier Capri remplit les m\u00eames exigences en\" \/>\n<meta property=\"og:url\" content=\"https:\/\/test.burgwaechterservice.de\/fr\/p\/boites-aux-lettres\/capri-813\/\" \/>\n<meta property=\"og:site_name\" content=\"Burg-W\u00e4chter France\" \/>\n<meta property=\"article:modified_time\" content=\"2018-02-14T11:23:02+00:00\" \/>\n<meta property=\"og:image\" content=\"https:\/\/test.burgwaechterservice.de\/fr\/wp-content\/uploads\/sites\/4\/2016\/07\/Briefkasten_Capri_813_W_387009-01.jpg\" \/>\n\t<meta property=\"og:image:width\" content=\"2109\" \/>\n\t<meta property=\"og:image:height\" content=\"2110\" \/>\n\t<meta property=\"og:image:type\" content=\"image\/jpeg\" \/>\n<meta name=\"twitter:card\" content=\"summary_large_image\" \/>\n<meta name=\"twitter:label1\" content=\"Dur\u00e9e de lecture estim\u00e9e\" \/>\n\t<meta name=\"twitter:data1\" content=\"2 minutes\" \/>\n<!-- \/ Yoast SEO Premium plugin. -->","yoast_head_json":{"title":"Capri 813 - Burg-W\u00e4chter","description":"NOUVEAU\u00a0: la bo\u00eete aux lettres compacte Capri en acier aux lignes modernes et pratiques La bo\u00eete aux lettres en acier Capri remplit les m\u00eames exigences en","robots":{"index":"index","follow":"follow","max-snippet":"max-snippet:-1","max-image-preview":"max-image-preview:large","max-video-preview":"max-video-preview:-1"},"canonical":"https:\/\/test.burgwaechterservice.de\/fr\/p\/boites-aux-lettres\/capri-813\/","og_locale":"fr_FR","og_type":"article","og_title":"Capri 813","og_description":"NOUVEAU\u00a0: la bo\u00eete aux lettres compacte Capri en acier aux lignes modernes et pratiques La bo\u00eete aux lettres en acier Capri remplit les m\u00eames exigences en","og_url":"https:\/\/test.burgwaechterservice.de\/fr\/p\/boites-aux-lettres\/capri-813\/","og_site_name":"Burg-W\u00e4chter France","article_modified_time":"2018-02-14T11:23:02+00:00","og_image":[{"width":2109,"height":2110,"url":"https:\/\/test.burgwaechterservice.de\/fr\/wp-content\/uploads\/sites\/4\/2016\/07\/Briefkasten_Capri_813_W_387009-01.jpg","type":"image\/jpeg"}],"twitter_card":"summary_large_image","twitter_misc":{"Dur\u00e9e de lecture estim\u00e9e":"2 minutes"},"schema":{"@context":"https:\/\/schema.org","@graph":[{"@type":"WebPage","@id":"https:\/\/test.burgwaechterservice.de\/fr\/p\/boites-aux-lettres\/capri-813\/","url":"https:\/\/test.burgwaechterservice.de\/fr\/p\/boites-aux-lettres\/capri-813\/","name":"Capri 813 - Burg-W\u00e4chter","isPartOf":{"@id":"https:\/\/test.burgwaechterservice.de\/fr\/#website"},"datePublished":"2016-07-25T06:38:10+00:00","dateModified":"2018-02-14T11:23:02+00:00","description":"NOUVEAU\u00a0: la bo\u00eete aux lettres compacte Capri en acier aux lignes modernes et pratiques La bo\u00eete aux lettres en acier Capri remplit les m\u00eames exigences en","breadcrumb":{"@id":"https:\/\/test.burgwaechterservice.de\/fr\/p\/boites-aux-lettres\/capri-813\/#breadcrumb"},"inLanguage":"fr-FR","potentialAction":[{"@type":"ReadAction","target":["https:\/\/test.burgwaechterservice.de\/fr\/p\/boites-aux-lettres\/capri-813\/"]}]},{"@type":"BreadcrumbList","@id":"https:\/\/test.burgwaechterservice.de\/fr\/p\/boites-aux-lettres\/capri-813\/#breadcrumb","itemListElement":[{"@type":"ListItem","position":1,"name":"Accueil","item":"https:\/\/test.burgwaechterservice.de\/fr\/"},{"@type":"ListItem","position":2,"name":"Produits","item":"https:\/\/test.burgwaechterservice.de\/fr\/p\/"},{"@type":"ListItem","position":3,"name":"Capri 813"}]},{"@type":"WebSite","@id":"https:\/\/test.burgwaechterservice.de\/fr\/#website","url":"https:\/\/test.burgwaechterservice.de\/fr\/","name":"Burg-W\u00e4chter France","description":"Le choix le plus s\u00fbr!","potentialAction":[{"@type":"SearchAction","target":{"@type":"EntryPoint","urlTemplate":"https:\/\/test.burgwaechterservice.de\/fr\/?s={search_term_string}"},"query-input":"required name=search_term_string"}],"inLanguage":"fr-FR"}]}},"_links":{"self":[{"href":"https:\/\/test.burgwaechterservice.de\/fr\/wp-json\/wp\/v2\/product\/32537"}],"collection":[{"href":"https:\/\/test.burgwaechterservice.de\/fr\/wp-json\/wp\/v2\/product"}],"about":[{"href":"https:\/\/test.burgwaechterservice.de\/fr\/wp-json\/wp\/v2\/types\/product"}],"replies":[{"embeddable":true,"href":"https:\/\/test.burgwaechterservice.de\/fr\/wp-json\/wp\/v2\/comments?post=32537"}],"wp:featuredmedia":[{"embeddable":true,"href":"https:\/\/test.burgwaechterservice.de\/fr\/wp-json\/wp\/v2\/media\/32535"}],"wp:attachment":[{"href":"https:\/\/test.burgwaechterservice.de\/fr\/wp-json\/wp\/v2\/media?parent=32537"}],"wp:term":[{"taxonomy":"product_cat","embeddable":true,"href":"https:\/\/test.burgwaechterservice.de\/fr\/wp-json\/wp\/v2\/product_cat?post=32537"},{"taxonomy":"product_tag","embeddable":true,"href":"https:\/\/test.burgwaechterservice.de\/fr\/wp-json\/wp\/v2\/product_tag?post=32537"}],"curies":[{"name":"wp","href":"https:\/\/api.w.org\/{rel}","templated":true}]}}