{"id":32531,"date":"2016-07-25T08:32:01","date_gmt":"2016-07-25T06:32:01","guid":{"rendered":"https:\/\/www.burg.biz\/?post_type=product&#038;p=32531"},"modified":"2016-11-17T16:20:50","modified_gmt":"2016-11-17T15:20:50","slug":"riviera-835","status":"publish","type":"product","link":"https:\/\/test.burgwaechterservice.de\/fr\/p\/boites-aux-lettres\/riviera-835\/","title":{"rendered":"Riviera 835"},"content":{"rendered":"<p><img decoding=\"async\" class=\"alignnone wp-image-41807\" src=\"https:\/\/test.burgwaechterservice.de\/fr\/wp-content\/uploads\/sites\/4\/2016\/07\/Toscana-Riviera-Stahl.jpg\" alt=\"BUW-Icons-BK 4c OK.indd\" width=\"215\" height=\"118\" srcset=\"https:\/\/test.burgwaechterservice.de\/fr\/wp-content\/uploads\/sites\/4\/2016\/07\/Toscana-Riviera-Stahl.jpg 581w, https:\/\/test.burgwaechterservice.de\/fr\/wp-content\/uploads\/sites\/4\/2016\/07\/Toscana-Riviera-Stahl-300x165.jpg 300w\" sizes=\"(max-width: 215px) 100vw, 215px\" \/><\/p>\n<h2>NOUVEAU\u00a0: la nouvelle bo\u00eete aux lettres en acier, \u00e9l\u00e9gante et compacte, Riviera<\/h2>\n<p>D\u00e9couvrez notre nouveau mod\u00e8le de bo\u00eete aux lettres Riviera 835\u00a0: sa <strong>forme aux lignes douces <\/strong>est minimaliste et de bon go\u00fbt. Son acier est galvanis\u00e9 sur toute la surface et est recouvert d&#8217;un vernis de protection de qualit\u00e9. Ainsi, cette bo\u00eete aux lettres n&#8217;est pas uniquement belle&#8230;<\/p>\n<h3>Design pratique et \u00e9l\u00e9gant<\/h3>\n<p>La forme compacte est \u00e9l\u00e9gante et embellit discr\u00e8tement l&#8217;entr\u00e9e de votre maison. Des d\u00e9tails pratiques apportent la touche finale \u00e0 ce mod\u00e8le. Le passage de courrier au format DIN C4 ainsi que les lettres sont parfaitement prot\u00e9g\u00e9es de l&#8217;humidit\u00e9 par le <strong>couvercle basculant<\/strong> du mod\u00e8le Riviera. Relevez votre courrier facilement et confortablement \u00e0 l&#8217;aide du <strong>syst\u00e8me d&#8217;arr\u00eat int\u00e9gr\u00e9<\/strong> de la porte.<br \/>\nChoisissez entre un blanc simple ou un anthracite \u00e9l\u00e9gant pour votre mod\u00e8le Riviera.<\/p>\n<p>Vous souhaitez recevoir s\u00e9par\u00e9ment votre journal\u00a0? Il vous suffit de choisir dans notre gamme un porte-journaux aux formes adapt\u00e9es.<br \/>\n<a href=\"https:\/\/test.burgwaechterservice.de\/fr\/c\/boites-aux-lettres\/portes-journaux\/\">Trouvez ici les porte-journaux de BURG-W\u00c4CHTER<\/a>.<\/p>\n<p>Cette bo\u00eete aux lettres en acier a \u00e9t\u00e9 contr\u00f4l\u00e9e et r\u00e9pond \u00e0 la norme europ\u00e9enne (EN 13724).<\/p>\n<p>Le mod\u00e8le Riviera est en acier <strong>galvanis\u00e9 sur toute la surface <\/strong>et <strong>recouvert d&#8217;un vernis de protection de qualit\u00e9<\/strong>. Ainsi elle r\u00e9siste \u00e0 toutes les influences ext\u00e9rieures.<br \/>\nSon entretien est particuli\u00e8rement agr\u00e9able\u00a0: il suffit de passer r\u00e9guli\u00e8rement un coup de chiffon humide et propre, et c&#8217;est tout\u00a0! Vous pourrez ainsi utiliser cette bo\u00eete aux lettres pour votre enti\u00e8re satisfaction pendant longtemps.<\/p>\n<h3>Notre conseil de montage<\/h3>\n<p>Nous recommandons de monter votre bo\u00eete aux lettres \u00e0 un <strong>endroit prot\u00e9g\u00e9 des intemp\u00e9ries<\/strong> afin qu&#8217;elle puisse disposer d&#8217;une dur\u00e9e de vie optimale. Le mat\u00e9riel de fixation n\u00e9cessaire est compris dans la livraison.<br \/>\nSi vous souhaitez placer votre bo\u00eete aux lettres Riviera \u00e0 un endroit particulier, BURG-W\u00c4CHTER propose des pieds adapt\u00e9s de bo\u00eete aux lettres.<br \/>\n<a href=\"https:\/\/test.burgwaechterservice.de\/fr\/c\/boites-aux-lettres\/boites-aux-lettres-en-batterie-individuelles-sur-pieds-et-poteaux\/\">D\u00e9couvrir ici nos pieds de bo\u00eete aux lettres<\/a>.<\/p>\n<h3>Le mod\u00e8le Riviera 835 en bref<\/h3>\n<ul>\n<li>Bo\u00eete aux lettres en acier, enti\u00e8rement galvanis\u00e9e, traitement de surface de qualit\u00e9<\/li>\n<li>R\u00e9pond \u00e0 la norme EN 13724<\/li>\n<li>Lignes modernes<\/li>\n<li>Disponible en blanc ou anthracite<\/li>\n<li>Avec couvercle basculant pratique<\/li>\n<li>Avec syst\u00e8me d&#8217;arr\u00eat int\u00e9gr\u00e9<\/li>\n<li>Format de fente\u00a0: DIN C4<br \/>\n(L x H\u00a0: 275 x 35 mm)<\/li>\n<li>Dimensions L x l x H\u00a0: 460 x 335 x 130 mm<\/li>\n<li>Disponible \u00e0 partir de l&#8217;\u00e9t\u00e9 2016<\/li>\n<li>Mat\u00e9riel de fixation compris dans la livraison<\/li>\n<\/ul>\n<p>4.<\/p>\n<table class=\"ausfuehrung\">\n<thead>\n<tr>\n<td>Article<\/td>\n<td>Couleurs<\/td>\n<td>H x L x P<\/td>\n<td>Fente<\/td>\n<\/tr>\n<tr>\n<td class=\"subdesc\"><\/td>\n<td><\/td>\n<td class=\"subdesc\">mm<\/td>\n<td class=\"subdesc\">L x H (mm)<\/td>\n<\/tr>\n<\/thead>\n<tbody>\n<tr>\n<td>835 W<\/td>\n<td>blanc<\/td>\n<td>460 x 335 x 130<\/td>\n<td>275 x 35<\/td>\n<\/tr>\n<tr>\n<td>835 ANT<\/td>\n<td>anthracite<\/td>\n<td>460 x 335 x 130<\/td>\n<td>275 x 35<\/td>\n<\/tr>\n<\/tbody>\n<\/table>\n","protected":false},"excerpt":{"rendered":"<p>NOUVEAU\u00a0: la nouvelle bo\u00eete aux lettres en acier, \u00e9l\u00e9gante et compacte, Riviera D\u00e9couvrez notre nouveau mod\u00e8le de bo\u00eete aux lettres Riviera 835\u00a0: sa forme aux lignes douces est minimaliste et de bon go\u00fbt. Son acier est galvanis\u00e9 sur toute la &hellip; <a class=\"kt-excerpt-readmore\" href=\"https:\/\/test.burgwaechterservice.de\/fr\/p\/boites-aux-lettres\/riviera-835\/\" aria-label=\"Riviera 835\">Lire la suite<\/a><\/p>\n","protected":false},"featured_media":32987,"comment_status":"closed","ping_status":"closed","template":"","meta":[],"product_cat":[23,33],"product_tag":[],"yoast_head":"<!-- This site is optimized with the Yoast SEO Premium plugin v18.4 (Yoast SEO v19.13) - https:\/\/yoast.com\/wordpress\/plugins\/seo\/ -->\n<title>Riviera 835 - Burg-W\u00e4chter<\/title>\n<meta name=\"description\" content=\"NOUVEAU\u00a0: la nouvelle bo\u00eete aux lettres en acier, \u00e9l\u00e9gante et compacte, Riviera D\u00e9couvrez notre nouveau mod\u00e8le de bo\u00eete aux lettres Riviera 835\u00a0: sa forme\" \/>\n<meta name=\"robots\" content=\"index, follow, max-snippet:-1, max-image-preview:large, max-video-preview:-1\" \/>\n<link rel=\"canonical\" href=\"https:\/\/test.burgwaechterservice.de\/fr\/p\/boites-aux-lettres\/riviera-835\/\" \/>\n<meta property=\"og:locale\" content=\"fr_FR\" \/>\n<meta property=\"og:type\" content=\"article\" \/>\n<meta property=\"og:title\" content=\"Riviera 835\" \/>\n<meta property=\"og:description\" content=\"NOUVEAU\u00a0: la nouvelle bo\u00eete aux lettres en acier, \u00e9l\u00e9gante et compacte, Riviera D\u00e9couvrez notre nouveau mod\u00e8le de bo\u00eete aux lettres Riviera 835\u00a0: sa forme\" \/>\n<meta property=\"og:url\" content=\"https:\/\/test.burgwaechterservice.de\/fr\/p\/boites-aux-lettres\/riviera-835\/\" \/>\n<meta property=\"og:site_name\" content=\"Burg-W\u00e4chter France\" \/>\n<meta property=\"article:modified_time\" content=\"2016-11-17T15:20:50+00:00\" \/>\n<meta property=\"og:image\" content=\"https:\/\/test.burgwaechterservice.de\/fr\/wp-content\/uploads\/sites\/4\/2016\/07\/Briefkasten_Riviera_835_ANT_386903-01.jpg\" \/>\n\t<meta property=\"og:image:width\" content=\"1775\" \/>\n\t<meta property=\"og:image:height\" content=\"1775\" \/>\n\t<meta property=\"og:image:type\" content=\"image\/jpeg\" \/>\n<meta name=\"twitter:card\" content=\"summary_large_image\" \/>\n<meta name=\"twitter:label1\" content=\"Dur\u00e9e de lecture estim\u00e9e\" \/>\n\t<meta name=\"twitter:data1\" content=\"2 minutes\" \/>\n<!-- \/ Yoast SEO Premium plugin. -->","yoast_head_json":{"title":"Riviera 835 - Burg-W\u00e4chter","description":"NOUVEAU\u00a0: la nouvelle bo\u00eete aux lettres en acier, \u00e9l\u00e9gante et compacte, Riviera D\u00e9couvrez notre nouveau mod\u00e8le de bo\u00eete aux lettres Riviera 835\u00a0: sa forme","robots":{"index":"index","follow":"follow","max-snippet":"max-snippet:-1","max-image-preview":"max-image-preview:large","max-video-preview":"max-video-preview:-1"},"canonical":"https:\/\/test.burgwaechterservice.de\/fr\/p\/boites-aux-lettres\/riviera-835\/","og_locale":"fr_FR","og_type":"article","og_title":"Riviera 835","og_description":"NOUVEAU\u00a0: la nouvelle bo\u00eete aux lettres en acier, \u00e9l\u00e9gante et compacte, Riviera D\u00e9couvrez notre nouveau mod\u00e8le de bo\u00eete aux lettres Riviera 835\u00a0: sa forme","og_url":"https:\/\/test.burgwaechterservice.de\/fr\/p\/boites-aux-lettres\/riviera-835\/","og_site_name":"Burg-W\u00e4chter France","article_modified_time":"2016-11-17T15:20:50+00:00","og_image":[{"width":1775,"height":1775,"url":"https:\/\/test.burgwaechterservice.de\/fr\/wp-content\/uploads\/sites\/4\/2016\/07\/Briefkasten_Riviera_835_ANT_386903-01.jpg","type":"image\/jpeg"}],"twitter_card":"summary_large_image","twitter_misc":{"Dur\u00e9e de lecture estim\u00e9e":"2 minutes"},"schema":{"@context":"https:\/\/schema.org","@graph":[{"@type":"WebPage","@id":"https:\/\/test.burgwaechterservice.de\/fr\/p\/boites-aux-lettres\/riviera-835\/","url":"https:\/\/test.burgwaechterservice.de\/fr\/p\/boites-aux-lettres\/riviera-835\/","name":"Riviera 835 - Burg-W\u00e4chter","isPartOf":{"@id":"https:\/\/test.burgwaechterservice.de\/fr\/#website"},"datePublished":"2016-07-25T06:32:01+00:00","dateModified":"2016-11-17T15:20:50+00:00","description":"NOUVEAU\u00a0: la nouvelle bo\u00eete aux lettres en acier, \u00e9l\u00e9gante et compacte, Riviera D\u00e9couvrez notre nouveau mod\u00e8le de bo\u00eete aux lettres Riviera 835\u00a0: sa forme","breadcrumb":{"@id":"https:\/\/test.burgwaechterservice.de\/fr\/p\/boites-aux-lettres\/riviera-835\/#breadcrumb"},"inLanguage":"fr-FR","potentialAction":[{"@type":"ReadAction","target":["https:\/\/test.burgwaechterservice.de\/fr\/p\/boites-aux-lettres\/riviera-835\/"]}]},{"@type":"BreadcrumbList","@id":"https:\/\/test.burgwaechterservice.de\/fr\/p\/boites-aux-lettres\/riviera-835\/#breadcrumb","itemListElement":[{"@type":"ListItem","position":1,"name":"Accueil","item":"https:\/\/test.burgwaechterservice.de\/fr\/"},{"@type":"ListItem","position":2,"name":"Produits","item":"https:\/\/test.burgwaechterservice.de\/fr\/p\/"},{"@type":"ListItem","position":3,"name":"Riviera 835"}]},{"@type":"WebSite","@id":"https:\/\/test.burgwaechterservice.de\/fr\/#website","url":"https:\/\/test.burgwaechterservice.de\/fr\/","name":"Burg-W\u00e4chter France","description":"Le choix le plus s\u00fbr!","potentialAction":[{"@type":"SearchAction","target":{"@type":"EntryPoint","urlTemplate":"https:\/\/test.burgwaechterservice.de\/fr\/?s={search_term_string}"},"query-input":"required name=search_term_string"}],"inLanguage":"fr-FR"}]}},"_links":{"self":[{"href":"https:\/\/test.burgwaechterservice.de\/fr\/wp-json\/wp\/v2\/product\/32531"}],"collection":[{"href":"https:\/\/test.burgwaechterservice.de\/fr\/wp-json\/wp\/v2\/product"}],"about":[{"href":"https:\/\/test.burgwaechterservice.de\/fr\/wp-json\/wp\/v2\/types\/product"}],"replies":[{"embeddable":true,"href":"https:\/\/test.burgwaechterservice.de\/fr\/wp-json\/wp\/v2\/comments?post=32531"}],"wp:featuredmedia":[{"embeddable":true,"href":"https:\/\/test.burgwaechterservice.de\/fr\/wp-json\/wp\/v2\/media\/32987"}],"wp:attachment":[{"href":"https:\/\/test.burgwaechterservice.de\/fr\/wp-json\/wp\/v2\/media?parent=32531"}],"wp:term":[{"taxonomy":"product_cat","embeddable":true,"href":"https:\/\/test.burgwaechterservice.de\/fr\/wp-json\/wp\/v2\/product_cat?post=32531"},{"taxonomy":"product_tag","embeddable":true,"href":"https:\/\/test.burgwaechterservice.de\/fr\/wp-json\/wp\/v2\/product_tag?post=32531"}],"curies":[{"name":"wp","href":"https:\/\/api.w.org\/{rel}","templated":true}]}}