{"id":32519,"date":"2016-07-22T14:49:13","date_gmt":"2016-07-22T12:49:13","guid":{"rendered":"https:\/\/www.burg.biz\/?post_type=product&#038;p=32519"},"modified":"2019-06-12T09:56:58","modified_gmt":"2019-06-12T07:56:58","slug":"b-1890","status":"publish","type":"product","link":"https:\/\/test.burgwaechterservice.de\/fr\/p\/boites-aux-lettres\/b-1890\/","title":{"rendered":"1890"},"content":{"rendered":"<p><img decoding=\"async\" class=\"alignnone wp-image-41812\" src=\"https:\/\/test.burgwaechterservice.de\/fr\/wp-content\/uploads\/sites\/4\/2016\/07\/Zeitungsbox-4900-800-5800-808-820-1800-1890-4900-Piktos-gesamt.jpg\" alt=\"BUW-Icons-BK 4c OK.indd\" width=\"116\" height=\"118\" srcset=\"https:\/\/test.burgwaechterservice.de\/fr\/wp-content\/uploads\/sites\/4\/2016\/07\/Zeitungsbox-4900-800-5800-808-820-1800-1890-4900-Piktos-gesamt.jpg 308w, https:\/\/test.burgwaechterservice.de\/fr\/wp-content\/uploads\/sites\/4\/2016\/07\/Zeitungsbox-4900-800-5800-808-820-1800-1890-4900-Piktos-gesamt-296x300.jpg 296w, https:\/\/test.burgwaechterservice.de\/fr\/wp-content\/uploads\/sites\/4\/2016\/07\/Zeitungsbox-4900-800-5800-808-820-1800-1890-4900-Piktos-gesamt-80x80.jpg 80w\" sizes=\"(max-width: 116px) 100vw, 116px\" \/><\/p>\n<h2>Ce porte-journaux en fonte d&#8217;aluminium massif est l&#8217;accessoire parfait pour nos bo\u00eetes aux lettres dans la m\u00eame mati\u00e8re.<\/h2>\n<p>Ses <strong>lignes \u00e9l\u00e9gantes<\/strong> et <strong>classiques<\/strong> se marient \u00e0 merveille avec les bo\u00eetes aux lettres <a href=\"https:\/\/test.burgwaechterservice.de\/fr\/p\/boites-aux-lettres\/bordeaux\/\">Bordeaux<\/a> et <a href=\"https:\/\/test.burgwaechterservice.de\/fr\/p\/boites-aux-lettres\/venezia\/\">Venezia<\/a>\u00a0 que vous d\u00e9couvrez dans notre gamme. Soyez s\u00fbr de trouver votre quotidien indemne dans votre porte-journaux en fonte d&#8217;aluminium 1890\u00a0!<\/p>\n<h3>La solidit\u00e9 li\u00e9e \u00e0 l&#8217;\u00e9l\u00e9gance<\/h3>\n<p>La fonte de ce porte-journaux le rend <strong>particuli\u00e8rement robuste <\/strong>et <strong>r\u00e9sistant<\/strong>. Son ext\u00e9rieur est exceptionnellement noble gr\u00e2ce \u00e0 sa belle finition et l&#8217;<strong>inscription en lettres dor\u00e9es<\/strong>.<br \/>\nCe porte-journaux est disponible dans les <strong>couleurs <\/strong>de nos bo\u00eetes aux lettres en fonte. Optez soit pour un blanc sobre, un vert classique ou un bronze intemporel.<\/p>\n<p>Le compartiment est ouvert des deux c\u00f4t\u00e9s ce qui facilite grandement la livraison et le relev\u00e9 des journaux.<\/p>\n<h3>Le porte-journaux 1890 de BURG-W\u00c4CHTER<\/h3>\n<ul>\n<li>En fonte d&#8217;aluminium solide<\/li>\n<li>Particuli\u00e8rement r\u00e9sistant<\/li>\n<li>Avec une inscription \u00e9l\u00e9gante en lettres dor\u00e9es<\/li>\n<li>Disponible en blanc, vert et bronze<\/li>\n<li>Ouvert des deux c\u00f4t\u00e9s<\/li>\n<li>Convient tout particuli\u00e8rement aux mod\u00e8les <a href=\"https:\/\/test.burgwaechterservice.de\/fr\/p\/boites-aux-lettres\/bordeaux\/\">Bordeaux<\/a> et <a href=\"https:\/\/test.burgwaechterservice.de\/fr\/p\/boites-aux-lettres\/venezia\/\">Venezia<\/a><\/li>\n<li>Dimensions L x P x H\u00a0: 420 x 112 x 150 mm<\/li>\n<\/ul>\n<table class=\"ausfuehrung\">\n<thead>\n<tr>\n<td>Article<\/td>\n<td>Couleurs<\/td>\n<td>L x P x H<\/td>\n<\/tr>\n<tr>\n<td class=\"subdesc\"><\/td>\n<td class=\"subdesc\"><\/td>\n<td class=\"subdesc\">mm<\/td>\n<\/tr>\n<\/thead>\n<tbody>\n<tr>\n<td>1890 W<\/td>\n<td>blanc<\/td>\n<td>150 x 420 x 112<\/td>\n<\/tr>\n<tr>\n<td>1890 GR<\/td>\n<td>vert<\/td>\n<td>150 x 420 x 112<\/td>\n<\/tr>\n<tr>\n<td>1890 BC<\/td>\n<td>bronze<\/td>\n<td>150 x 420 x 112<\/td>\n<\/tr>\n<\/tbody>\n<\/table>\n","protected":false},"excerpt":{"rendered":"<p>Ce porte-journaux en fonte d&#8217;aluminium massif est l&#8217;accessoire parfait pour nos bo\u00eetes aux lettres dans la m\u00eame mati\u00e8re. Ses lignes \u00e9l\u00e9gantes et classiques se marient \u00e0 merveille avec les bo\u00eetes aux lettres Bordeaux et Venezia\u00a0 que vous d\u00e9couvrez dans notre &hellip; <a class=\"kt-excerpt-readmore\" href=\"https:\/\/test.burgwaechterservice.de\/fr\/p\/boites-aux-lettres\/b-1890\/\" aria-label=\"1890\">Lire la suite<\/a><\/p>\n","protected":false},"featured_media":32523,"comment_status":"closed","ping_status":"closed","template":"","meta":[],"product_cat":[23,43],"product_tag":[],"yoast_head":"<!-- This site is optimized with the Yoast SEO Premium plugin v18.4 (Yoast SEO v19.13) - https:\/\/yoast.com\/wordpress\/plugins\/seo\/ -->\n<title>1890 - Burg-W\u00e4chter<\/title>\n<meta name=\"description\" content=\"Ce porte-journaux en fonte d&#039;aluminium massif est l&#039;accessoire parfait pour nos bo\u00eetes aux lettres dans la m\u00eame mati\u00e8re. Ses lignes \u00e9l\u00e9gantes et\" \/>\n<meta name=\"robots\" content=\"index, follow, max-snippet:-1, max-image-preview:large, max-video-preview:-1\" \/>\n<link rel=\"canonical\" href=\"https:\/\/test.burgwaechterservice.de\/fr\/p\/boites-aux-lettres\/b-1890\/\" \/>\n<meta property=\"og:locale\" content=\"fr_FR\" \/>\n<meta property=\"og:type\" content=\"article\" \/>\n<meta property=\"og:title\" content=\"1890\" \/>\n<meta property=\"og:description\" content=\"Ce porte-journaux en fonte d&#039;aluminium massif est l&#039;accessoire parfait pour nos bo\u00eetes aux lettres dans la m\u00eame mati\u00e8re. Ses lignes \u00e9l\u00e9gantes et\" \/>\n<meta property=\"og:url\" content=\"https:\/\/test.burgwaechterservice.de\/fr\/p\/boites-aux-lettres\/b-1890\/\" \/>\n<meta property=\"og:site_name\" content=\"Burg-W\u00e4chter France\" \/>\n<meta property=\"article:modified_time\" content=\"2019-06-12T07:56:58+00:00\" \/>\n<meta property=\"og:image\" content=\"https:\/\/test.burgwaechterservice.de\/fr\/wp-content\/uploads\/sites\/4\/2016\/07\/Zeitungsbox_1890_BC_120408-01.jpg\" \/>\n\t<meta property=\"og:image:width\" content=\"1000\" \/>\n\t<meta property=\"og:image:height\" content=\"1000\" \/>\n\t<meta property=\"og:image:type\" content=\"image\/jpeg\" \/>\n<meta name=\"twitter:card\" content=\"summary_large_image\" \/>\n<meta name=\"twitter:label1\" content=\"Dur\u00e9e de lecture estim\u00e9e\" \/>\n\t<meta name=\"twitter:data1\" content=\"1 minute\" \/>\n<!-- \/ Yoast SEO Premium plugin. -->","yoast_head_json":{"title":"1890 - Burg-W\u00e4chter","description":"Ce porte-journaux en fonte d'aluminium massif est l'accessoire parfait pour nos bo\u00eetes aux lettres dans la m\u00eame mati\u00e8re. Ses lignes \u00e9l\u00e9gantes et","robots":{"index":"index","follow":"follow","max-snippet":"max-snippet:-1","max-image-preview":"max-image-preview:large","max-video-preview":"max-video-preview:-1"},"canonical":"https:\/\/test.burgwaechterservice.de\/fr\/p\/boites-aux-lettres\/b-1890\/","og_locale":"fr_FR","og_type":"article","og_title":"1890","og_description":"Ce porte-journaux en fonte d'aluminium massif est l'accessoire parfait pour nos bo\u00eetes aux lettres dans la m\u00eame mati\u00e8re. Ses lignes \u00e9l\u00e9gantes et","og_url":"https:\/\/test.burgwaechterservice.de\/fr\/p\/boites-aux-lettres\/b-1890\/","og_site_name":"Burg-W\u00e4chter France","article_modified_time":"2019-06-12T07:56:58+00:00","og_image":[{"width":1000,"height":1000,"url":"https:\/\/test.burgwaechterservice.de\/fr\/wp-content\/uploads\/sites\/4\/2016\/07\/Zeitungsbox_1890_BC_120408-01.jpg","type":"image\/jpeg"}],"twitter_card":"summary_large_image","twitter_misc":{"Dur\u00e9e de lecture estim\u00e9e":"1 minute"},"schema":{"@context":"https:\/\/schema.org","@graph":[{"@type":"WebPage","@id":"https:\/\/test.burgwaechterservice.de\/fr\/p\/boites-aux-lettres\/b-1890\/","url":"https:\/\/test.burgwaechterservice.de\/fr\/p\/boites-aux-lettres\/b-1890\/","name":"1890 - Burg-W\u00e4chter","isPartOf":{"@id":"https:\/\/test.burgwaechterservice.de\/fr\/#website"},"datePublished":"2016-07-22T12:49:13+00:00","dateModified":"2019-06-12T07:56:58+00:00","description":"Ce porte-journaux en fonte d'aluminium massif est l'accessoire parfait pour nos bo\u00eetes aux lettres dans la m\u00eame mati\u00e8re. Ses lignes \u00e9l\u00e9gantes et","breadcrumb":{"@id":"https:\/\/test.burgwaechterservice.de\/fr\/p\/boites-aux-lettres\/b-1890\/#breadcrumb"},"inLanguage":"fr-FR","potentialAction":[{"@type":"ReadAction","target":["https:\/\/test.burgwaechterservice.de\/fr\/p\/boites-aux-lettres\/b-1890\/"]}]},{"@type":"BreadcrumbList","@id":"https:\/\/test.burgwaechterservice.de\/fr\/p\/boites-aux-lettres\/b-1890\/#breadcrumb","itemListElement":[{"@type":"ListItem","position":1,"name":"Accueil","item":"https:\/\/test.burgwaechterservice.de\/fr\/"},{"@type":"ListItem","position":2,"name":"Produits","item":"https:\/\/test.burgwaechterservice.de\/fr\/p\/"},{"@type":"ListItem","position":3,"name":"1890"}]},{"@type":"WebSite","@id":"https:\/\/test.burgwaechterservice.de\/fr\/#website","url":"https:\/\/test.burgwaechterservice.de\/fr\/","name":"Burg-W\u00e4chter France","description":"Le choix le plus s\u00fbr!","potentialAction":[{"@type":"SearchAction","target":{"@type":"EntryPoint","urlTemplate":"https:\/\/test.burgwaechterservice.de\/fr\/?s={search_term_string}"},"query-input":"required name=search_term_string"}],"inLanguage":"fr-FR"}]}},"_links":{"self":[{"href":"https:\/\/test.burgwaechterservice.de\/fr\/wp-json\/wp\/v2\/product\/32519"}],"collection":[{"href":"https:\/\/test.burgwaechterservice.de\/fr\/wp-json\/wp\/v2\/product"}],"about":[{"href":"https:\/\/test.burgwaechterservice.de\/fr\/wp-json\/wp\/v2\/types\/product"}],"replies":[{"embeddable":true,"href":"https:\/\/test.burgwaechterservice.de\/fr\/wp-json\/wp\/v2\/comments?post=32519"}],"wp:featuredmedia":[{"embeddable":true,"href":"https:\/\/test.burgwaechterservice.de\/fr\/wp-json\/wp\/v2\/media\/32523"}],"wp:attachment":[{"href":"https:\/\/test.burgwaechterservice.de\/fr\/wp-json\/wp\/v2\/media?parent=32519"}],"wp:term":[{"taxonomy":"product_cat","embeddable":true,"href":"https:\/\/test.burgwaechterservice.de\/fr\/wp-json\/wp\/v2\/product_cat?post=32519"},{"taxonomy":"product_tag","embeddable":true,"href":"https:\/\/test.burgwaechterservice.de\/fr\/wp-json\/wp\/v2\/product_tag?post=32519"}],"curies":[{"name":"wp","href":"https:\/\/api.w.org\/{rel}","templated":true}]}}