{"id":32514,"date":"2016-07-22T14:40:28","date_gmt":"2016-07-22T12:40:28","guid":{"rendered":"https:\/\/www.burg.biz\/?post_type=product&#038;p=32514"},"modified":"2016-11-21T10:18:25","modified_gmt":"2016-11-21T09:18:25","slug":"venezia","status":"publish","type":"product","link":"https:\/\/test.burgwaechterservice.de\/fr\/p\/boites-aux-lettres\/venezia\/","title":{"rendered":"Venezia"},"content":{"rendered":"<p><img decoding=\"async\" class=\"alignnone wp-image-41815\" src=\"https:\/\/test.burgwaechterservice.de\/fr\/wp-content\/uploads\/sites\/4\/2016\/07\/Bordeaux-Venezia-Europa.jpg\" alt=\"BUW-Icons-BK 4c OK.indd\" width=\"329\" height=\"118\" srcset=\"https:\/\/test.burgwaechterservice.de\/fr\/wp-content\/uploads\/sites\/4\/2016\/07\/Bordeaux-Venezia-Europa.jpg 889w, https:\/\/test.burgwaechterservice.de\/fr\/wp-content\/uploads\/sites\/4\/2016\/07\/Bordeaux-Venezia-Europa-300x108.jpg 300w, https:\/\/test.burgwaechterservice.de\/fr\/wp-content\/uploads\/sites\/4\/2016\/07\/Bordeaux-Venezia-Europa-768x276.jpg 768w\" sizes=\"(max-width: 329px) 100vw, 329px\" \/><\/p>\n<h2>Venezia: Atmosph\u00e8re m\u00e9diterran\u00e9enne et \u00e9l\u00e9gance naturelle<\/h2>\n<p>Qui a dit qu&#8217;un <strong>mat\u00e9riau robuste <\/strong>associ\u00e9 \u00e0 un <strong>design \u00e9l\u00e9gant <\/strong>et<strong> filigran\u00e9<\/strong> n&#8217;\u00e9tait pas capable de s\u00e9duire\u00a0? La bo\u00eete aux lettres en fonte d&#8217;aluminium Venezia, avec son atmosph\u00e8re antique et m\u00e9diterran\u00e9enne, remplit toutes les exigences possibles en mati\u00e8re de fonctionnalit\u00e9.<\/p>\n<h3>Design filigran\u00e9 dans le style du Sud<\/h3>\n<p>Au milieu de ses semblables, la bo\u00eete aux lettres Venezia se distingue par son design <strong>filigran\u00e9<\/strong> et ouvrag\u00e9, ainsi que ses <strong>ornements dor\u00e9s subtils.<\/strong><br \/>\nMais il marque aussi des points avec son caract\u00e8re <strong>fonctionnel.<\/strong> Une <strong>grande profondeur<\/strong> offre beaucoup d&#8217;espace pour tout votre courrier, vos magazines et autres m\u00e9dias imprim\u00e9s.<br \/>\nLe format DIN C4 de la fente permet m\u00eame une livraison ais\u00e9e et sans dommage d&#8217;enveloppes plus volumineuses.<\/p>\n<p>La bo\u00eete aux lettres Venezia en fonte d&#8217;aluminium r\u00e9pond \u00e0 la norme EN 13724.<\/p>\n<p>S&#8217;il est important pour vous de recevoir votre quotidien intact, vous pouvez acqu\u00e9rir s\u00e9par\u00e9ment un porte-journaux adapt\u00e9 en fonte d&#8217;aluminium.<br \/>\n<a href=\"https:\/\/test.burgwaechterservice.de\/fr\/c\/boites-aux-lettres\/portes-journaux\/\">D\u00e9couvrez ici nos porte-journaux<\/a>.<\/p>\n<h3>Fonte d&#8217;aluminium massive<\/h3>\n<p>Le mat\u00e9riau de la bo\u00eete aux lettres Venezia, de la fonte d&#8217;aluminium, rend celle-ci particuli\u00e8rement <strong>robuste<\/strong> et <strong>r\u00e9sistante aux intemp\u00e9ries<\/strong>. Elle r\u00e9siste sans probl\u00e8me \u00e0 tous les facteurs externes influant sur celle-ci. Vous pourrez sans aucun doute utiliser cette bo\u00eete aux lettres encore longtemps.<\/p>\n<h3>Conseil de montage pour les bo\u00eetes aux lettres BURG-W\u00c4CHTER<\/h3>\n<p>BURG-W\u00c4CHTER recommande, pour toutes les bo\u00eetes aux lettres et pour leur dur\u00e9e de vie, un montage dans <strong>un endroit \u00e0 l&#8217;abri des intemp\u00e9ries.<\/strong> Le mat\u00e9riel de fixation est d\u00e9j\u00e0 fourni.<br \/>\n<u>N&#8217;exposez pas <\/u>votre bo\u00eete aux lettres en permanence et directement aux intemp\u00e9ries, m\u00eame si de nombreux mod\u00e8les, comme la Venezia, sont particuli\u00e8rement r\u00e9sistants aux al\u00e9as de la m\u00e9t\u00e9o. Ainsi, vous la conservez encore plus longtemps dans un \u00e9tat optimal.<\/p>\n<h3>Caract\u00e9ristiques de la boite aux lettres Venezia de BURG-W\u00c4CHTER<\/h3>\n<ul>\n<li>en fonte d&#8217;aluminium massive<\/li>\n<li>R\u00e9pond \u00e0 la norme EN 13724<\/li>\n<li>Avec une touche m\u00e9diterran\u00e9enne<\/li>\n<li>Design filigran\u00e9<\/li>\n<li>Avec une grande profondeur<\/li>\n<li>Volume spacieux pour tout le courrier<\/li>\n<li>Format de fente\u00a0DIN C4<br \/>\n(L x H\u00a0: 307 x 33 mm)<\/li>\n<li>Dimensions L x l x H\u00a0: 390 x 417 x 170 mm<\/li>\n<li>Mat\u00e9riel de montage inclus<\/li>\n<\/ul>\n<p>&nbsp;<\/p>\n<table class=\"ausfuehrung\">\n<thead>\n<tr>\n<td>Article<\/td>\n<td>Couleurs<\/td>\n<td>H x L x P<\/td>\n<td>Fente<\/td>\n<\/tr>\n<tr>\n<td class=\"subdesc\"><\/td>\n<td><\/td>\n<td class=\"subdesc\">mm<\/td>\n<td class=\"subdesc\">L x H (mm)<\/td>\n<\/tr>\n<\/thead>\n<tbody>\n<tr>\n<td>1899 W<\/td>\n<td>\u00a0blanc<\/td>\n<td>390 x 417 x 170<\/td>\n<td>307 x 33<\/td>\n<\/tr>\n<tr>\n<td>1899 BC<\/td>\n<td>\u00a0bronze<\/td>\n<td>390 x 417 x 170<\/td>\n<td>307 x 33<\/td>\n<\/tr>\n<\/tbody>\n<\/table>\n","protected":false},"excerpt":{"rendered":"<p>Venezia: Atmosph\u00e8re m\u00e9diterran\u00e9enne et \u00e9l\u00e9gance naturelle Qui a dit qu&#8217;un mat\u00e9riau robuste associ\u00e9 \u00e0 un design \u00e9l\u00e9gant et filigran\u00e9 n&#8217;\u00e9tait pas capable de s\u00e9duire\u00a0? La bo\u00eete aux lettres en fonte d&#8217;aluminium Venezia, avec son atmosph\u00e8re antique et m\u00e9diterran\u00e9enne, remplit toutes &hellip; <a class=\"kt-excerpt-readmore\" href=\"https:\/\/test.burgwaechterservice.de\/fr\/p\/boites-aux-lettres\/venezia\/\" aria-label=\"Venezia\">Lire la suite<\/a><\/p>\n","protected":false},"featured_media":32518,"comment_status":"closed","ping_status":"closed","template":"","meta":[],"product_cat":[23,26],"product_tag":[],"yoast_head":"<!-- This site is optimized with the Yoast SEO Premium plugin v18.4 (Yoast SEO v19.13) - https:\/\/yoast.com\/wordpress\/plugins\/seo\/ -->\n<title>Venezia - Burg-W\u00e4chter<\/title>\n<meta name=\"description\" content=\"Venezia: Atmosph\u00e8re m\u00e9diterran\u00e9enne et \u00e9l\u00e9gance naturelle Qui a dit qu&#039;un mat\u00e9riau robuste associ\u00e9 \u00e0 un design \u00e9l\u00e9gant et filigran\u00e9 n&#039;\u00e9tait pas capable de\" \/>\n<meta name=\"robots\" content=\"index, follow, max-snippet:-1, max-image-preview:large, max-video-preview:-1\" \/>\n<link rel=\"canonical\" href=\"https:\/\/test.burgwaechterservice.de\/fr\/p\/boites-aux-lettres\/venezia\/\" \/>\n<meta property=\"og:locale\" content=\"fr_FR\" \/>\n<meta property=\"og:type\" content=\"article\" \/>\n<meta property=\"og:title\" content=\"Venezia\" \/>\n<meta property=\"og:description\" content=\"Venezia: Atmosph\u00e8re m\u00e9diterran\u00e9enne et \u00e9l\u00e9gance naturelle Qui a dit qu&#039;un mat\u00e9riau robuste associ\u00e9 \u00e0 un design \u00e9l\u00e9gant et filigran\u00e9 n&#039;\u00e9tait pas capable de\" \/>\n<meta property=\"og:url\" content=\"https:\/\/test.burgwaechterservice.de\/fr\/p\/boites-aux-lettres\/venezia\/\" \/>\n<meta property=\"og:site_name\" content=\"Burg-W\u00e4chter France\" \/>\n<meta property=\"article:modified_time\" content=\"2016-11-21T09:18:25+00:00\" \/>\n<meta property=\"og:image\" content=\"https:\/\/test.burgwaechterservice.de\/fr\/wp-content\/uploads\/sites\/4\/2016\/07\/Briefkasten_Venezia_1899_W_315309-01.jpg\" \/>\n\t<meta property=\"og:image:width\" content=\"1000\" \/>\n\t<meta property=\"og:image:height\" content=\"1000\" \/>\n\t<meta property=\"og:image:type\" content=\"image\/jpeg\" \/>\n<meta name=\"twitter:card\" content=\"summary_large_image\" \/>\n<meta name=\"twitter:label1\" content=\"Dur\u00e9e de lecture estim\u00e9e\" \/>\n\t<meta name=\"twitter:data1\" content=\"2 minutes\" \/>\n<!-- \/ Yoast SEO Premium plugin. -->","yoast_head_json":{"title":"Venezia - Burg-W\u00e4chter","description":"Venezia: Atmosph\u00e8re m\u00e9diterran\u00e9enne et \u00e9l\u00e9gance naturelle Qui a dit qu'un mat\u00e9riau robuste associ\u00e9 \u00e0 un design \u00e9l\u00e9gant et filigran\u00e9 n'\u00e9tait pas capable de","robots":{"index":"index","follow":"follow","max-snippet":"max-snippet:-1","max-image-preview":"max-image-preview:large","max-video-preview":"max-video-preview:-1"},"canonical":"https:\/\/test.burgwaechterservice.de\/fr\/p\/boites-aux-lettres\/venezia\/","og_locale":"fr_FR","og_type":"article","og_title":"Venezia","og_description":"Venezia: Atmosph\u00e8re m\u00e9diterran\u00e9enne et \u00e9l\u00e9gance naturelle Qui a dit qu'un mat\u00e9riau robuste associ\u00e9 \u00e0 un design \u00e9l\u00e9gant et filigran\u00e9 n'\u00e9tait pas capable de","og_url":"https:\/\/test.burgwaechterservice.de\/fr\/p\/boites-aux-lettres\/venezia\/","og_site_name":"Burg-W\u00e4chter France","article_modified_time":"2016-11-21T09:18:25+00:00","og_image":[{"width":1000,"height":1000,"url":"https:\/\/test.burgwaechterservice.de\/fr\/wp-content\/uploads\/sites\/4\/2016\/07\/Briefkasten_Venezia_1899_W_315309-01.jpg","type":"image\/jpeg"}],"twitter_card":"summary_large_image","twitter_misc":{"Dur\u00e9e de lecture estim\u00e9e":"2 minutes"},"schema":{"@context":"https:\/\/schema.org","@graph":[{"@type":"WebPage","@id":"https:\/\/test.burgwaechterservice.de\/fr\/p\/boites-aux-lettres\/venezia\/","url":"https:\/\/test.burgwaechterservice.de\/fr\/p\/boites-aux-lettres\/venezia\/","name":"Venezia - Burg-W\u00e4chter","isPartOf":{"@id":"https:\/\/test.burgwaechterservice.de\/fr\/#website"},"datePublished":"2016-07-22T12:40:28+00:00","dateModified":"2016-11-21T09:18:25+00:00","description":"Venezia: Atmosph\u00e8re m\u00e9diterran\u00e9enne et \u00e9l\u00e9gance naturelle Qui a dit qu'un mat\u00e9riau robuste associ\u00e9 \u00e0 un design \u00e9l\u00e9gant et filigran\u00e9 n'\u00e9tait pas capable de","breadcrumb":{"@id":"https:\/\/test.burgwaechterservice.de\/fr\/p\/boites-aux-lettres\/venezia\/#breadcrumb"},"inLanguage":"fr-FR","potentialAction":[{"@type":"ReadAction","target":["https:\/\/test.burgwaechterservice.de\/fr\/p\/boites-aux-lettres\/venezia\/"]}]},{"@type":"BreadcrumbList","@id":"https:\/\/test.burgwaechterservice.de\/fr\/p\/boites-aux-lettres\/venezia\/#breadcrumb","itemListElement":[{"@type":"ListItem","position":1,"name":"Accueil","item":"https:\/\/test.burgwaechterservice.de\/fr\/"},{"@type":"ListItem","position":2,"name":"Produits","item":"https:\/\/test.burgwaechterservice.de\/fr\/p\/"},{"@type":"ListItem","position":3,"name":"Venezia"}]},{"@type":"WebSite","@id":"https:\/\/test.burgwaechterservice.de\/fr\/#website","url":"https:\/\/test.burgwaechterservice.de\/fr\/","name":"Burg-W\u00e4chter France","description":"Le choix le plus s\u00fbr!","potentialAction":[{"@type":"SearchAction","target":{"@type":"EntryPoint","urlTemplate":"https:\/\/test.burgwaechterservice.de\/fr\/?s={search_term_string}"},"query-input":"required name=search_term_string"}],"inLanguage":"fr-FR"}]}},"_links":{"self":[{"href":"https:\/\/test.burgwaechterservice.de\/fr\/wp-json\/wp\/v2\/product\/32514"}],"collection":[{"href":"https:\/\/test.burgwaechterservice.de\/fr\/wp-json\/wp\/v2\/product"}],"about":[{"href":"https:\/\/test.burgwaechterservice.de\/fr\/wp-json\/wp\/v2\/types\/product"}],"replies":[{"embeddable":true,"href":"https:\/\/test.burgwaechterservice.de\/fr\/wp-json\/wp\/v2\/comments?post=32514"}],"wp:featuredmedia":[{"embeddable":true,"href":"https:\/\/test.burgwaechterservice.de\/fr\/wp-json\/wp\/v2\/media\/32518"}],"wp:attachment":[{"href":"https:\/\/test.burgwaechterservice.de\/fr\/wp-json\/wp\/v2\/media?parent=32514"}],"wp:term":[{"taxonomy":"product_cat","embeddable":true,"href":"https:\/\/test.burgwaechterservice.de\/fr\/wp-json\/wp\/v2\/product_cat?post=32514"},{"taxonomy":"product_tag","embeddable":true,"href":"https:\/\/test.burgwaechterservice.de\/fr\/wp-json\/wp\/v2\/product_tag?post=32514"}],"curies":[{"name":"wp","href":"https:\/\/api.w.org\/{rel}","templated":true}]}}