{"id":32509,"date":"2016-07-27T15:02:21","date_gmt":"2016-07-27T13:02:21","guid":{"rendered":"https:\/\/www.burg.biz\/?post_type=product&#038;p=32509"},"modified":"2016-11-17T11:28:24","modified_gmt":"2016-11-17T10:28:24","slug":"bordeaux","status":"publish","type":"product","link":"https:\/\/test.burgwaechterservice.de\/fr\/p\/boites-aux-lettres\/bordeaux\/","title":{"rendered":"Bordeaux"},"content":{"rendered":"<p><img decoding=\"async\" class=\"alignnone wp-image-41815\" src=\"https:\/\/test.burgwaechterservice.de\/fr\/wp-content\/uploads\/sites\/4\/2016\/07\/Bordeaux-Venezia-Europa.jpg\" alt=\"BUW-Icons-BK 4c OK.indd\" width=\"329\" height=\"118\" srcset=\"https:\/\/test.burgwaechterservice.de\/fr\/wp-content\/uploads\/sites\/4\/2016\/07\/Bordeaux-Venezia-Europa.jpg 889w, https:\/\/test.burgwaechterservice.de\/fr\/wp-content\/uploads\/sites\/4\/2016\/07\/Bordeaux-Venezia-Europa-300x108.jpg 300w, https:\/\/test.burgwaechterservice.de\/fr\/wp-content\/uploads\/sites\/4\/2016\/07\/Bordeaux-Venezia-Europa-768x276.jpg 768w\" sizes=\"(max-width: 329px) 100vw, 329px\" \/><\/p>\n<h2>Exclusivit\u00e9 totale\u00a0: la bo\u00eete aux lettres Bordeaux en fonte d&#8217;aluminium robuste<\/h2>\n<p>Votre choix de bo\u00eete aux lettres se porte sur un <strong>mat\u00e9riau robuste<\/strong> et <strong>solide<\/strong> sans pour autant sacrifier l&#8217;\u00e9l\u00e9gance\u00a0? Alors notre mod\u00e8le Bordeaux est exactement ce qu&#8217;il vous faut\u00a0: il s\u00e9duit par ses lignes <strong>classiques<\/strong> tout en \u00e9tant incroyablement <strong>r\u00e9sistant <\/strong>gr\u00e2ce \u00e0 sa <strong>fonte d&#8217;aluminium massive.<\/strong><\/p>\n<h3>Une forme qui a fait ses preuves<\/h3>\n<p>Ce mod\u00e8le classique inspire la <strong>confiance sur le long terme<\/strong>. Sa peinture blanche et \u00e9l\u00e9gante ainsi que ses <strong>d\u00e9tails dor\u00e9s raffin\u00e9s<\/strong> attirent tous les regards.<br \/>\nGr\u00e2ce \u00e0 sa <strong>profondeur<\/strong> particuli\u00e8rement importante, l&#8217;int\u00e9rieur du mod\u00e8le Bordeaux est synonyme de <strong>confort<\/strong> et offre suffisamment de place pour votre courrier. Sa fente au format DIN C4 est la garantie que m\u00eame les enveloppes grand format sont livr\u00e9es sans probl\u00e8me et en toute s\u00e9curit\u00e9 dans votre bo\u00eete aux lettres. Votre courrier est parfaitement prot\u00e9g\u00e9 en toute circonstance de l&#8217;humidit\u00e9 et des influences de la m\u00e9t\u00e9o.<\/p>\n<p>La fonte d&#8217;aluminium de la bo\u00eete aux lettres Bordeaux r\u00e9pond \u00e0 la norme EN 13724.<\/p>\n<p>Si votre quotidien doit \u00eatre obligatoirement intact quand vous le recevez, alors vous pouvez acqu\u00e9rir un porte-journaux s\u00e9par\u00e9 et correspondant en fonte d&#8217;aluminium.<br \/>\n<a href=\"https:\/\/test.burgwaechterservice.de\/fr\/c\/boites-aux-lettres\/portes-journaux\/\">D\u00e9couvrez ici nos porte-journaux<\/a>.<\/p>\n<h3>Ne craint absolument aucune m\u00e9t\u00e9o<\/h3>\n<p>La fonte d&#8217;aluminium est <strong>particuli\u00e8rement solide<\/strong> et <strong>r\u00e9siste sans broncher contre vents et mar\u00e9es.<\/strong> Ce mat\u00e9riau <strong>ne craint en plus pas les rayures<\/strong>. Vous pouvez ainsi utiliser cette bo\u00eete aux lettres de mani\u00e8re optimale pendant de nombreuses ann\u00e9es.<\/p>\n<h3>Montage conseill\u00e9<\/h3>\n<p>M\u00eame si le mod\u00e8le Bordeaux r\u00e9siste particuli\u00e8rement bien aux humeurs de la m\u00e9t\u00e9o, BURG-W\u00c4CHTER vous conseille n\u00e9anmoins de <u>ne pas<\/u> l&#8217;exposer directement de mani\u00e8re permanente aux intemp\u00e9ries. Montez-le sur la fa\u00e7ade de votre maison \u00e0 l&#8217;aide du mat\u00e9riel de fixation compris dans la livraison, de pr\u00e9f\u00e9rence \u00e0 <strong>un endroit prot\u00e9g\u00e9 des ph\u00e9nom\u00e8nes climatiques.<\/strong> En faisant cela, vous le conservez encore plus longtemps dans un \u00e9tat optimal.<\/p>\n<h3>Le mod\u00e8le exclusif Bordeaux en bref<\/h3>\n<ul>\n<li>Bo\u00eete aux lettres robuste en fonte d&#8217;aluminium<\/li>\n<li>R\u00e9pond \u00e0 la norme EN 13724<\/li>\n<li>Lignes classiques avec dorures<\/li>\n<li>Profondeur de confort\u00a0: vaste espace int\u00e9rieur<\/li>\n<li>Ne craint absolument aucune m\u00e9t\u00e9o<\/li>\n<li>Format de fente\u00a0: DIN C4<br \/>\n(L x H\u00a0: 330 x 32 mm)<\/li>\n<li>Dimensions L x l x H\u00a0: 480 x 425 x 180 mm<\/li>\n<li>Mat\u00e9riel de fixation compris dans la livraison<\/li>\n<\/ul>\n<table class=\"ausfuehrung\">\n<thead>\n<tr>\n<td>Article<\/td>\n<td>Couleurs<\/td>\n<td>H x L x P<\/td>\n<td>Fente<\/td>\n<\/tr>\n<tr>\n<td class=\"subdesc\"><\/td>\n<td><\/td>\n<td class=\"subdesc\">mm<\/td>\n<td class=\"subdesc\">L x H (mm)<\/td>\n<\/tr>\n<\/thead>\n<tbody>\n<tr>\n<td>1895 W<\/td>\n<td>\u00a0blanc<\/td>\n<td>480 x 425 x 180<\/td>\n<td>330 x 32<\/td>\n<\/tr>\n<tr>\n<td>1895 GR<\/td>\n<td>\u00a0vert<\/td>\n<td>480 x 425 x 180<\/td>\n<td>330 x 32<\/td>\n<\/tr>\n<tr>\n<td>1895 BC<\/td>\n<td>\u00a0bronze<\/td>\n<td>480 x 425 x 180<\/td>\n<td>330 x 32<\/td>\n<\/tr>\n<\/tbody>\n<\/table>\n","protected":false},"excerpt":{"rendered":"<p>Exclusivit\u00e9 totale\u00a0: la bo\u00eete aux lettres Bordeaux en fonte d&#8217;aluminium robuste Votre choix de bo\u00eete aux lettres se porte sur un mat\u00e9riau robuste et solide sans pour autant sacrifier l&#8217;\u00e9l\u00e9gance\u00a0? Alors notre mod\u00e8le Bordeaux est exactement ce qu&#8217;il vous faut\u00a0: &hellip; <a class=\"kt-excerpt-readmore\" href=\"https:\/\/test.burgwaechterservice.de\/fr\/p\/boites-aux-lettres\/bordeaux\/\" aria-label=\"Bordeaux\">Lire la suite<\/a><\/p>\n","protected":false},"featured_media":32513,"comment_status":"closed","ping_status":"closed","template":"","meta":[],"product_cat":[23,26],"product_tag":[],"yoast_head":"<!-- This site is optimized with the Yoast SEO Premium plugin v18.4 (Yoast SEO v19.13) - https:\/\/yoast.com\/wordpress\/plugins\/seo\/ -->\n<title>Bordeaux - Burg-W\u00e4chter<\/title>\n<meta name=\"description\" content=\"Exclusivit\u00e9 totale\u00a0: la bo\u00eete aux lettres Bordeaux en fonte d&#039;aluminium robuste Votre choix de bo\u00eete aux lettres se porte sur un mat\u00e9riau robuste et\" \/>\n<meta name=\"robots\" content=\"index, follow, max-snippet:-1, max-image-preview:large, max-video-preview:-1\" \/>\n<link rel=\"canonical\" href=\"https:\/\/test.burgwaechterservice.de\/fr\/p\/boites-aux-lettres\/bordeaux\/\" \/>\n<meta property=\"og:locale\" content=\"fr_FR\" \/>\n<meta property=\"og:type\" content=\"article\" \/>\n<meta property=\"og:title\" content=\"Bordeaux\" \/>\n<meta property=\"og:description\" content=\"Exclusivit\u00e9 totale\u00a0: la bo\u00eete aux lettres Bordeaux en fonte d&#039;aluminium robuste Votre choix de bo\u00eete aux lettres se porte sur un mat\u00e9riau robuste et\" \/>\n<meta property=\"og:url\" content=\"https:\/\/test.burgwaechterservice.de\/fr\/p\/boites-aux-lettres\/bordeaux\/\" \/>\n<meta property=\"og:site_name\" content=\"Burg-W\u00e4chter France\" \/>\n<meta property=\"article:modified_time\" content=\"2016-11-17T10:28:24+00:00\" \/>\n<meta property=\"og:image\" content=\"https:\/\/test.burgwaechterservice.de\/fr\/wp-content\/uploads\/sites\/4\/2016\/07\/Briefkasten_Bordeaux_1895_W_181508-01.jpg\" \/>\n\t<meta property=\"og:image:width\" content=\"1000\" \/>\n\t<meta property=\"og:image:height\" content=\"1000\" \/>\n\t<meta property=\"og:image:type\" content=\"image\/jpeg\" \/>\n<meta name=\"twitter:card\" content=\"summary_large_image\" \/>\n<meta name=\"twitter:label1\" content=\"Dur\u00e9e de lecture estim\u00e9e\" \/>\n\t<meta name=\"twitter:data1\" content=\"2 minutes\" \/>\n<!-- \/ Yoast SEO Premium plugin. -->","yoast_head_json":{"title":"Bordeaux - Burg-W\u00e4chter","description":"Exclusivit\u00e9 totale\u00a0: la bo\u00eete aux lettres Bordeaux en fonte d'aluminium robuste Votre choix de bo\u00eete aux lettres se porte sur un mat\u00e9riau robuste et","robots":{"index":"index","follow":"follow","max-snippet":"max-snippet:-1","max-image-preview":"max-image-preview:large","max-video-preview":"max-video-preview:-1"},"canonical":"https:\/\/test.burgwaechterservice.de\/fr\/p\/boites-aux-lettres\/bordeaux\/","og_locale":"fr_FR","og_type":"article","og_title":"Bordeaux","og_description":"Exclusivit\u00e9 totale\u00a0: la bo\u00eete aux lettres Bordeaux en fonte d'aluminium robuste Votre choix de bo\u00eete aux lettres se porte sur un mat\u00e9riau robuste et","og_url":"https:\/\/test.burgwaechterservice.de\/fr\/p\/boites-aux-lettres\/bordeaux\/","og_site_name":"Burg-W\u00e4chter France","article_modified_time":"2016-11-17T10:28:24+00:00","og_image":[{"width":1000,"height":1000,"url":"https:\/\/test.burgwaechterservice.de\/fr\/wp-content\/uploads\/sites\/4\/2016\/07\/Briefkasten_Bordeaux_1895_W_181508-01.jpg","type":"image\/jpeg"}],"twitter_card":"summary_large_image","twitter_misc":{"Dur\u00e9e de lecture estim\u00e9e":"2 minutes"},"schema":{"@context":"https:\/\/schema.org","@graph":[{"@type":"WebPage","@id":"https:\/\/test.burgwaechterservice.de\/fr\/p\/boites-aux-lettres\/bordeaux\/","url":"https:\/\/test.burgwaechterservice.de\/fr\/p\/boites-aux-lettres\/bordeaux\/","name":"Bordeaux - Burg-W\u00e4chter","isPartOf":{"@id":"https:\/\/test.burgwaechterservice.de\/fr\/#website"},"datePublished":"2016-07-27T13:02:21+00:00","dateModified":"2016-11-17T10:28:24+00:00","description":"Exclusivit\u00e9 totale\u00a0: la bo\u00eete aux lettres Bordeaux en fonte d'aluminium robuste Votre choix de bo\u00eete aux lettres se porte sur un mat\u00e9riau robuste et","breadcrumb":{"@id":"https:\/\/test.burgwaechterservice.de\/fr\/p\/boites-aux-lettres\/bordeaux\/#breadcrumb"},"inLanguage":"fr-FR","potentialAction":[{"@type":"ReadAction","target":["https:\/\/test.burgwaechterservice.de\/fr\/p\/boites-aux-lettres\/bordeaux\/"]}]},{"@type":"BreadcrumbList","@id":"https:\/\/test.burgwaechterservice.de\/fr\/p\/boites-aux-lettres\/bordeaux\/#breadcrumb","itemListElement":[{"@type":"ListItem","position":1,"name":"Accueil","item":"https:\/\/test.burgwaechterservice.de\/fr\/"},{"@type":"ListItem","position":2,"name":"Produits","item":"https:\/\/test.burgwaechterservice.de\/fr\/p\/"},{"@type":"ListItem","position":3,"name":"Bordeaux"}]},{"@type":"WebSite","@id":"https:\/\/test.burgwaechterservice.de\/fr\/#website","url":"https:\/\/test.burgwaechterservice.de\/fr\/","name":"Burg-W\u00e4chter France","description":"Le choix le plus s\u00fbr!","potentialAction":[{"@type":"SearchAction","target":{"@type":"EntryPoint","urlTemplate":"https:\/\/test.burgwaechterservice.de\/fr\/?s={search_term_string}"},"query-input":"required name=search_term_string"}],"inLanguage":"fr-FR"}]}},"_links":{"self":[{"href":"https:\/\/test.burgwaechterservice.de\/fr\/wp-json\/wp\/v2\/product\/32509"}],"collection":[{"href":"https:\/\/test.burgwaechterservice.de\/fr\/wp-json\/wp\/v2\/product"}],"about":[{"href":"https:\/\/test.burgwaechterservice.de\/fr\/wp-json\/wp\/v2\/types\/product"}],"replies":[{"embeddable":true,"href":"https:\/\/test.burgwaechterservice.de\/fr\/wp-json\/wp\/v2\/comments?post=32509"}],"wp:featuredmedia":[{"embeddable":true,"href":"https:\/\/test.burgwaechterservice.de\/fr\/wp-json\/wp\/v2\/media\/32513"}],"wp:attachment":[{"href":"https:\/\/test.burgwaechterservice.de\/fr\/wp-json\/wp\/v2\/media?parent=32509"}],"wp:term":[{"taxonomy":"product_cat","embeddable":true,"href":"https:\/\/test.burgwaechterservice.de\/fr\/wp-json\/wp\/v2\/product_cat?post=32509"},{"taxonomy":"product_tag","embeddable":true,"href":"https:\/\/test.burgwaechterservice.de\/fr\/wp-json\/wp\/v2\/product_tag?post=32509"}],"curies":[{"name":"wp","href":"https:\/\/api.w.org\/{rel}","templated":true}]}}