{"id":32475,"date":"2016-07-22T11:47:38","date_gmt":"2016-07-22T09:47:38","guid":{"rendered":"https:\/\/www.burg.biz\/?post_type=product&#038;p=32475"},"modified":"2019-05-28T10:55:36","modified_gmt":"2019-05-28T08:55:36","slug":"london-set-68670-bs","status":"publish","type":"product","link":"https:\/\/test.burgwaechterservice.de\/fr\/p\/boites-aux-lettres\/london-set-68670-bs\/","title":{"rendered":"London &#8211; Set 68670 B+S"},"content":{"rendered":"<p><img decoding=\"async\" class=\"alignnone wp-image-41824\" src=\"https:\/\/test.burgwaechterservice.de\/fr\/wp-content\/uploads\/sites\/4\/2016\/07\/London-Set-Oxford-Set-Piktos-gesamt.jpg\" alt=\"BUW-Icons-BK 4c OK.indd\" width=\"318\" height=\"118\" srcset=\"https:\/\/test.burgwaechterservice.de\/fr\/wp-content\/uploads\/sites\/4\/2016\/07\/London-Set-Oxford-Set-Piktos-gesamt.jpg 876w, https:\/\/test.burgwaechterservice.de\/fr\/wp-content\/uploads\/sites\/4\/2016\/07\/London-Set-Oxford-Set-Piktos-gesamt-300x111.jpg 300w, https:\/\/test.burgwaechterservice.de\/fr\/wp-content\/uploads\/sites\/4\/2016\/07\/London-Set-Oxford-Set-Piktos-gesamt-768x285.jpg 768w\" sizes=\"(max-width: 318px) 100vw, 318px\" \/><a href=\"https:\/\/warranty.burg.biz\/bk\/\" target=\"_blank\" rel=\"noopener noreferrer\"><img decoding=\"async\" class=\"alignright wp-image-254979\" src=\"https:\/\/test.burgwaechterservice.de\/fr\/wp-content\/uploads\/sites\/4\/2016\/07\/Siegel_5_Jahre_Garantie_FR_-295x300.jpg\" alt=\"\" width=\"214\" height=\"218\" srcset=\"https:\/\/test.burgwaechterservice.de\/fr\/wp-content\/uploads\/sites\/4\/2016\/07\/Siegel_5_Jahre_Garantie_FR_-295x300.jpg 295w, https:\/\/test.burgwaechterservice.de\/fr\/wp-content\/uploads\/sites\/4\/2016\/07\/Siegel_5_Jahre_Garantie_FR_.jpg 485w\" sizes=\"(max-width: 214px) 100vw, 214px\" \/><br \/>\n<\/a><\/p>\n<p>Boite aux lettres avec porte en acier inoxydable et porte journaux ouvert des 2 cot\u00e9s. Bo\u00eetier en acier galvanis\u00e9 de haute qualit\u00e9 de couleur noir mat.<\/p>\n<p>Porte en acier inoxydable avec vernis de protection. Format de la fente DIN C4.<\/p>\n<table class=\"ausfuehrung\">\n<thead>\n<tr>\n<td>Artikel<\/td>\n<td>H x L x P<\/td>\n<td>Fente<\/td>\n<\/tr>\n<tr>\n<td class=\"subdesc\"><\/td>\n<td class=\"subdesc\">mm<\/td>\n<td class=\"subdesc\">L x H (mm)<\/td>\n<\/tr>\n<\/thead>\n<tbody>\n<tr>\n<td>London-Set 68670 B+S<\/td>\n<td>420 x 377 x 115<\/td>\n<td>332 x 31<\/td>\n<\/tr>\n<\/tbody>\n<\/table>\n","protected":false},"excerpt":{"rendered":"<p>Boite aux lettres avec porte en acier inoxydable et porte journaux ouvert des 2 cot\u00e9s. Bo\u00eetier en acier galvanis\u00e9 de haute qualit\u00e9 de couleur noir mat. Porte en acier inoxydable avec vernis de protection. Format de la fente DIN C4. &hellip; <a class=\"kt-excerpt-readmore\" href=\"https:\/\/test.burgwaechterservice.de\/fr\/p\/boites-aux-lettres\/london-set-68670-bs\/\" aria-label=\"London &#8211; Set 68670 B+S\">Lire la suite<\/a><\/p>\n","protected":false},"featured_media":32476,"comment_status":"closed","ping_status":"closed","template":"","meta":[],"product_cat":[23,25],"product_tag":[],"yoast_head":"<!-- This site is optimized with the Yoast SEO Premium plugin v18.4 (Yoast SEO v19.13) - https:\/\/yoast.com\/wordpress\/plugins\/seo\/ -->\n<title>London - Set 68670 B+S - Burg-W\u00e4chter<\/title>\n<meta name=\"description\" content=\"Boite aux lettres avec porte en acier inoxydable et porte journaux ouvert des 2 cot\u00e9s. Bo\u00eetier en acier galvanis\u00e9 de haute qualit\u00e9 de couleur noir mat.\" \/>\n<meta name=\"robots\" content=\"index, follow, max-snippet:-1, max-image-preview:large, max-video-preview:-1\" \/>\n<link rel=\"canonical\" href=\"https:\/\/test.burgwaechterservice.de\/fr\/p\/boites-aux-lettres\/london-set-68670-bs\/\" \/>\n<meta property=\"og:locale\" content=\"fr_FR\" \/>\n<meta property=\"og:type\" content=\"article\" \/>\n<meta property=\"og:title\" content=\"London - Set 68670 B+S\" \/>\n<meta property=\"og:description\" content=\"Boite aux lettres avec porte en acier inoxydable et porte journaux ouvert des 2 cot\u00e9s. Bo\u00eetier en acier galvanis\u00e9 de haute qualit\u00e9 de couleur noir mat.\" \/>\n<meta property=\"og:url\" content=\"https:\/\/test.burgwaechterservice.de\/fr\/p\/boites-aux-lettres\/london-set-68670-bs\/\" \/>\n<meta property=\"og:site_name\" content=\"Burg-W\u00e4chter France\" \/>\n<meta property=\"article:modified_time\" content=\"2019-05-28T08:55:36+00:00\" \/>\n<meta property=\"og:image\" content=\"https:\/\/test.burgwaechterservice.de\/fr\/wp-content\/uploads\/sites\/4\/2016\/07\/Briefkasten_London_Set_68670_BS_614709-05.jpg\" \/>\n\t<meta property=\"og:image:width\" content=\"1772\" \/>\n\t<meta property=\"og:image:height\" content=\"1772\" \/>\n\t<meta property=\"og:image:type\" content=\"image\/jpeg\" \/>\n<meta name=\"twitter:card\" content=\"summary_large_image\" \/>\n<!-- \/ Yoast SEO Premium plugin. -->","yoast_head_json":{"title":"London - Set 68670 B+S - Burg-W\u00e4chter","description":"Boite aux lettres avec porte en acier inoxydable et porte journaux ouvert des 2 cot\u00e9s. Bo\u00eetier en acier galvanis\u00e9 de haute qualit\u00e9 de couleur noir mat.","robots":{"index":"index","follow":"follow","max-snippet":"max-snippet:-1","max-image-preview":"max-image-preview:large","max-video-preview":"max-video-preview:-1"},"canonical":"https:\/\/test.burgwaechterservice.de\/fr\/p\/boites-aux-lettres\/london-set-68670-bs\/","og_locale":"fr_FR","og_type":"article","og_title":"London - Set 68670 B+S","og_description":"Boite aux lettres avec porte en acier inoxydable et porte journaux ouvert des 2 cot\u00e9s. Bo\u00eetier en acier galvanis\u00e9 de haute qualit\u00e9 de couleur noir mat.","og_url":"https:\/\/test.burgwaechterservice.de\/fr\/p\/boites-aux-lettres\/london-set-68670-bs\/","og_site_name":"Burg-W\u00e4chter France","article_modified_time":"2019-05-28T08:55:36+00:00","og_image":[{"width":1772,"height":1772,"url":"https:\/\/test.burgwaechterservice.de\/fr\/wp-content\/uploads\/sites\/4\/2016\/07\/Briefkasten_London_Set_68670_BS_614709-05.jpg","type":"image\/jpeg"}],"twitter_card":"summary_large_image","schema":{"@context":"https:\/\/schema.org","@graph":[{"@type":"WebPage","@id":"https:\/\/test.burgwaechterservice.de\/fr\/p\/boites-aux-lettres\/london-set-68670-bs\/","url":"https:\/\/test.burgwaechterservice.de\/fr\/p\/boites-aux-lettres\/london-set-68670-bs\/","name":"London - Set 68670 B+S - Burg-W\u00e4chter","isPartOf":{"@id":"https:\/\/test.burgwaechterservice.de\/fr\/#website"},"datePublished":"2016-07-22T09:47:38+00:00","dateModified":"2019-05-28T08:55:36+00:00","description":"Boite aux lettres avec porte en acier inoxydable et porte journaux ouvert des 2 cot\u00e9s. Bo\u00eetier en acier galvanis\u00e9 de haute qualit\u00e9 de couleur noir mat.","breadcrumb":{"@id":"https:\/\/test.burgwaechterservice.de\/fr\/p\/boites-aux-lettres\/london-set-68670-bs\/#breadcrumb"},"inLanguage":"fr-FR","potentialAction":[{"@type":"ReadAction","target":["https:\/\/test.burgwaechterservice.de\/fr\/p\/boites-aux-lettres\/london-set-68670-bs\/"]}]},{"@type":"BreadcrumbList","@id":"https:\/\/test.burgwaechterservice.de\/fr\/p\/boites-aux-lettres\/london-set-68670-bs\/#breadcrumb","itemListElement":[{"@type":"ListItem","position":1,"name":"Accueil","item":"https:\/\/test.burgwaechterservice.de\/fr\/"},{"@type":"ListItem","position":2,"name":"Produits","item":"https:\/\/test.burgwaechterservice.de\/fr\/p\/"},{"@type":"ListItem","position":3,"name":"London &#8211; Set 68670 B+S"}]},{"@type":"WebSite","@id":"https:\/\/test.burgwaechterservice.de\/fr\/#website","url":"https:\/\/test.burgwaechterservice.de\/fr\/","name":"Burg-W\u00e4chter France","description":"Le choix le plus s\u00fbr!","potentialAction":[{"@type":"SearchAction","target":{"@type":"EntryPoint","urlTemplate":"https:\/\/test.burgwaechterservice.de\/fr\/?s={search_term_string}"},"query-input":"required name=search_term_string"}],"inLanguage":"fr-FR"}]}},"_links":{"self":[{"href":"https:\/\/test.burgwaechterservice.de\/fr\/wp-json\/wp\/v2\/product\/32475"}],"collection":[{"href":"https:\/\/test.burgwaechterservice.de\/fr\/wp-json\/wp\/v2\/product"}],"about":[{"href":"https:\/\/test.burgwaechterservice.de\/fr\/wp-json\/wp\/v2\/types\/product"}],"replies":[{"embeddable":true,"href":"https:\/\/test.burgwaechterservice.de\/fr\/wp-json\/wp\/v2\/comments?post=32475"}],"wp:featuredmedia":[{"embeddable":true,"href":"https:\/\/test.burgwaechterservice.de\/fr\/wp-json\/wp\/v2\/media\/32476"}],"wp:attachment":[{"href":"https:\/\/test.burgwaechterservice.de\/fr\/wp-json\/wp\/v2\/media?parent=32475"}],"wp:term":[{"taxonomy":"product_cat","embeddable":true,"href":"https:\/\/test.burgwaechterservice.de\/fr\/wp-json\/wp\/v2\/product_cat?post=32475"},{"taxonomy":"product_tag","embeddable":true,"href":"https:\/\/test.burgwaechterservice.de\/fr\/wp-json\/wp\/v2\/product_tag?post=32475"}],"curies":[{"name":"wp","href":"https:\/\/api.w.org\/{rel}","templated":true}]}}