{"id":32468,"date":"2016-07-22T11:24:33","date_gmt":"2016-07-22T09:24:33","guid":{"rendered":"https:\/\/www.burg.biz\/?post_type=product&#038;p=32468"},"modified":"2019-05-28T10:42:07","modified_gmt":"2019-05-28T08:42:07","slug":"borkum-3878-ni","status":"publish","type":"product","link":"https:\/\/test.burgwaechterservice.de\/fr\/p\/boites-aux-lettres\/borkum-3878-ni\/","title":{"rendered":"Borkum 3878 Ni"},"content":{"rendered":"<p><img decoding=\"async\" class=\"alignnone wp-image-41816\" src=\"https:\/\/test.burgwaechterservice.de\/fr\/wp-content\/uploads\/sites\/4\/2016\/07\/Borkum-38773878ModenaQuadus.jpg\" alt=\"BUW-Icons-BK 4c OK.indd\" width=\"423\" height=\"118\" srcset=\"https:\/\/test.burgwaechterservice.de\/fr\/wp-content\/uploads\/sites\/4\/2016\/07\/Borkum-38773878ModenaQuadus.jpg 1144w, https:\/\/test.burgwaechterservice.de\/fr\/wp-content\/uploads\/sites\/4\/2016\/07\/Borkum-38773878ModenaQuadus-300x84.jpg 300w, https:\/\/test.burgwaechterservice.de\/fr\/wp-content\/uploads\/sites\/4\/2016\/07\/Borkum-38773878ModenaQuadus-768x214.jpg 768w, https:\/\/test.burgwaechterservice.de\/fr\/wp-content\/uploads\/sites\/4\/2016\/07\/Borkum-38773878ModenaQuadus-1024x286.jpg 1024w\" sizes=\"(max-width: 423px) 100vw, 423px\" \/><a href=\"https:\/\/warranty.burg.biz\/bk\/\" target=\"_blank\" rel=\"noopener noreferrer\"><img decoding=\"async\" class=\"alignright wp-image-254979\" src=\"https:\/\/test.burgwaechterservice.de\/fr\/wp-content\/uploads\/sites\/4\/2016\/07\/Siegel_5_Jahre_Garantie_FR_-295x300.jpg\" alt=\"\" width=\"214\" height=\"218\" srcset=\"https:\/\/test.burgwaechterservice.de\/fr\/wp-content\/uploads\/sites\/4\/2016\/07\/Siegel_5_Jahre_Garantie_FR_-295x300.jpg 295w, https:\/\/test.burgwaechterservice.de\/fr\/wp-content\/uploads\/sites\/4\/2016\/07\/Siegel_5_Jahre_Garantie_FR_.jpg 485w\" sizes=\"(max-width: 214px) 100vw, 214px\" \/><br \/>\n<\/a><\/p>\n<h2>La bo\u00eete aux lettres Borkum en acier inoxydable de qualit\u00e9\u00a0: grand volume int\u00e9rieur et ne craint aucune m\u00e9t\u00e9o<\/h2>\n<p>Fixez en toute facilit\u00e9 votre bo\u00eete aux lettres \u00e0 la cl\u00f4ture de votre jardin. Vous pouvez ainsi recevoir de mani\u00e8re optimale votre courrier et le facteur. Ajoutez une touche ornementale \u00e0 votre jardin avec le mod\u00e8le Borkum de BURG-W\u00c4CHTER en acier inoxydable de qualit\u00e9.<\/p>\n<h3>Lignes \u00e9l\u00e9gantes et pratiques<\/h3>\n<p>La bo\u00eete aux lettres pour cl\u00f4ture est non seulement belle avec son acier inoxydable mais aussi <strong>simple <\/strong>et <strong>minimaliste.<\/strong><br \/>\nOutre ses lignes agr\u00e9ables, le mod\u00e8le Borkum dispose \u00e9galement d&#8217;autres atouts pratiques\u00a0: son vaste compartiment offre <strong>beaucoup de place pour votre courrier et vos journaux.<\/strong> Le <strong>volet ouvrant vers l&#8217;int\u00e9rieur<\/strong> permet de passer confortablement et ais\u00e9ment le courrier et la porte avec<strong> syst\u00e8me d&#8217;arr\u00eat int\u00e9gr\u00e9<\/strong> facilite aussi le relev\u00e9 du courrier.<\/p>\n<h3>Acier inoxydable<\/h3>\n<p>Ce mat\u00e9riau naturel trait\u00e9 convient tout particuli\u00e8rement pour une utilisation \u00e0 l&#8217;ext\u00e9rieur. L&#8217;acier inoxydable <strong>r\u00e9siste particuli\u00e8rement bien aux intemp\u00e9ries<\/strong>, il est extr\u00eamement <strong>facile d&#8217;entretien<\/strong> et a ainsi une tr\u00e8s <strong>longue dur\u00e9e de vie<\/strong>. Le corps est en outre enti\u00e8rement recouvert d&#8217;un <strong>vernis transparent<\/strong>, pour une protection double contre les conditions climatiques.<br \/>\nPour l&#8217;entretien, il vous suffit d&#8217;utiliser r\u00e9guli\u00e8rement un chiffon humide et propre. Et votre bo\u00eete aux lettres pour cl\u00f4ture vous servira pendant de longues ann\u00e9es.<\/p>\n<h3>Montage<\/h3>\n<p>Ajustez en toute simplicit\u00e9 votre bo\u00eete aux lettres \u00e0 votre cl\u00f4ture en faisant quelques trous.<\/p>\n<p><strong>Info\u00a0:<\/strong> Toutes les bo\u00eetes aux lettres pour cl\u00f4ture conviennent \u00e9galement pour un montage encastr\u00e9 \u00e0 l&#8217;int\u00e9rieur d&#8217;une porte d&#8217;entr\u00e9e. Le volet int\u00e9rieur de passage du courrier se laisse d\u00e9monter ais\u00e9ment.<\/p>\n<h3>La bo\u00eete aux lettres Borkum pour votre cl\u00f4ture<\/h3>\n<ul>\n<li>Bo\u00eete aux lettres pour cl\u00f4ture en acier inoxydable, simple et spacieuse<\/li>\n<li>R\u00e9pond \u00e0 la norme EN 13724<\/li>\n<li>Format paysage<\/li>\n<li>Avec volet de passage du courrier ouvrant vers l&#8217;int\u00e9rieur<\/li>\n<li>Recouvert d&#8217;un vernis de protection transparent<\/li>\n<li>Porte avec syst\u00e8me d&#8217;arr\u00eat<\/li>\n<li>Format de fente\u00a0: DIN C4<br \/>\n(L x H\u00a0: 333 x 34 mm)<\/li>\n<li>Dimensions L x l x H\u00a0: 322 x 362 x 100 mm<\/li>\n<\/ul>\n<p>&nbsp;<\/p>\n<table class=\"ausfuehrung\">\n<thead>\n<tr>\n<td>Article<\/td>\n<td>H x L x P<\/td>\n<td>Fente<\/td>\n<\/tr>\n<tr>\n<td class=\"subdesc\"><\/td>\n<td class=\"subdesc\">\u00a0mm<\/td>\n<td class=\"subdesc\">L x H (mm)<\/td>\n<\/tr>\n<\/thead>\n<tbody>\n<tr>\n<td>3878 Ni<\/td>\n<td>322 x 362 x 100<\/td>\n<td>333 x 34<\/td>\n<\/tr>\n<\/tbody>\n<\/table>\n","protected":false},"excerpt":{"rendered":"<p>La bo\u00eete aux lettres Borkum en acier inoxydable de qualit\u00e9\u00a0: grand volume int\u00e9rieur et ne craint aucune m\u00e9t\u00e9o Fixez en toute facilit\u00e9 votre bo\u00eete aux lettres \u00e0 la cl\u00f4ture de votre jardin. Vous pouvez ainsi recevoir de mani\u00e8re optimale votre &hellip; <a class=\"kt-excerpt-readmore\" href=\"https:\/\/test.burgwaechterservice.de\/fr\/p\/boites-aux-lettres\/borkum-3878-ni\/\" aria-label=\"Borkum 3878 Ni\">Lire la suite<\/a><\/p>\n","protected":false},"featured_media":32469,"comment_status":"closed","ping_status":"closed","template":"","meta":[],"product_cat":[23,42],"product_tag":[],"yoast_head":"<!-- This site is optimized with the Yoast SEO Premium plugin v18.4 (Yoast SEO v19.13) - https:\/\/yoast.com\/wordpress\/plugins\/seo\/ -->\n<title>Borkum 3878 Ni - Burg-W\u00e4chter<\/title>\n<meta name=\"description\" content=\"La bo\u00eete aux lettres Borkum en acier inoxydable de qualit\u00e9\u00a0: grand volume int\u00e9rieur et ne craint aucune m\u00e9t\u00e9o Fixez en toute facilit\u00e9 votre bo\u00eete aux\" \/>\n<meta name=\"robots\" content=\"index, follow, max-snippet:-1, max-image-preview:large, max-video-preview:-1\" \/>\n<link rel=\"canonical\" href=\"https:\/\/test.burgwaechterservice.de\/fr\/p\/boites-aux-lettres\/borkum-3878-ni\/\" \/>\n<meta property=\"og:locale\" content=\"fr_FR\" \/>\n<meta property=\"og:type\" content=\"article\" \/>\n<meta property=\"og:title\" content=\"Borkum 3878 Ni\" \/>\n<meta property=\"og:description\" content=\"La bo\u00eete aux lettres Borkum en acier inoxydable de qualit\u00e9\u00a0: grand volume int\u00e9rieur et ne craint aucune m\u00e9t\u00e9o Fixez en toute facilit\u00e9 votre bo\u00eete aux\" \/>\n<meta property=\"og:url\" content=\"https:\/\/test.burgwaechterservice.de\/fr\/p\/boites-aux-lettres\/borkum-3878-ni\/\" \/>\n<meta property=\"og:site_name\" content=\"Burg-W\u00e4chter France\" \/>\n<meta property=\"article:modified_time\" content=\"2019-05-28T08:42:07+00:00\" \/>\n<meta property=\"og:image\" content=\"https:\/\/test.burgwaechterservice.de\/fr\/wp-content\/uploads\/sites\/4\/2016\/07\/Briefkasten_Borkum_3878_Ni_187302-01.1.jpg\" \/>\n\t<meta property=\"og:image:width\" content=\"1089\" \/>\n\t<meta property=\"og:image:height\" content=\"1089\" \/>\n\t<meta property=\"og:image:type\" content=\"image\/jpeg\" \/>\n<meta name=\"twitter:card\" content=\"summary_large_image\" \/>\n<meta name=\"twitter:label1\" content=\"Dur\u00e9e de lecture estim\u00e9e\" \/>\n\t<meta name=\"twitter:data1\" content=\"2 minutes\" \/>\n<!-- \/ Yoast SEO Premium plugin. -->","yoast_head_json":{"title":"Borkum 3878 Ni - Burg-W\u00e4chter","description":"La bo\u00eete aux lettres Borkum en acier inoxydable de qualit\u00e9\u00a0: grand volume int\u00e9rieur et ne craint aucune m\u00e9t\u00e9o Fixez en toute facilit\u00e9 votre bo\u00eete aux","robots":{"index":"index","follow":"follow","max-snippet":"max-snippet:-1","max-image-preview":"max-image-preview:large","max-video-preview":"max-video-preview:-1"},"canonical":"https:\/\/test.burgwaechterservice.de\/fr\/p\/boites-aux-lettres\/borkum-3878-ni\/","og_locale":"fr_FR","og_type":"article","og_title":"Borkum 3878 Ni","og_description":"La bo\u00eete aux lettres Borkum en acier inoxydable de qualit\u00e9\u00a0: grand volume int\u00e9rieur et ne craint aucune m\u00e9t\u00e9o Fixez en toute facilit\u00e9 votre bo\u00eete aux","og_url":"https:\/\/test.burgwaechterservice.de\/fr\/p\/boites-aux-lettres\/borkum-3878-ni\/","og_site_name":"Burg-W\u00e4chter France","article_modified_time":"2019-05-28T08:42:07+00:00","og_image":[{"width":1089,"height":1089,"url":"https:\/\/test.burgwaechterservice.de\/fr\/wp-content\/uploads\/sites\/4\/2016\/07\/Briefkasten_Borkum_3878_Ni_187302-01.1.jpg","type":"image\/jpeg"}],"twitter_card":"summary_large_image","twitter_misc":{"Dur\u00e9e de lecture estim\u00e9e":"2 minutes"},"schema":{"@context":"https:\/\/schema.org","@graph":[{"@type":"WebPage","@id":"https:\/\/test.burgwaechterservice.de\/fr\/p\/boites-aux-lettres\/borkum-3878-ni\/","url":"https:\/\/test.burgwaechterservice.de\/fr\/p\/boites-aux-lettres\/borkum-3878-ni\/","name":"Borkum 3878 Ni - Burg-W\u00e4chter","isPartOf":{"@id":"https:\/\/test.burgwaechterservice.de\/fr\/#website"},"datePublished":"2016-07-22T09:24:33+00:00","dateModified":"2019-05-28T08:42:07+00:00","description":"La bo\u00eete aux lettres Borkum en acier inoxydable de qualit\u00e9\u00a0: grand volume int\u00e9rieur et ne craint aucune m\u00e9t\u00e9o Fixez en toute facilit\u00e9 votre bo\u00eete aux","breadcrumb":{"@id":"https:\/\/test.burgwaechterservice.de\/fr\/p\/boites-aux-lettres\/borkum-3878-ni\/#breadcrumb"},"inLanguage":"fr-FR","potentialAction":[{"@type":"ReadAction","target":["https:\/\/test.burgwaechterservice.de\/fr\/p\/boites-aux-lettres\/borkum-3878-ni\/"]}]},{"@type":"BreadcrumbList","@id":"https:\/\/test.burgwaechterservice.de\/fr\/p\/boites-aux-lettres\/borkum-3878-ni\/#breadcrumb","itemListElement":[{"@type":"ListItem","position":1,"name":"Accueil","item":"https:\/\/test.burgwaechterservice.de\/fr\/"},{"@type":"ListItem","position":2,"name":"Produits","item":"https:\/\/test.burgwaechterservice.de\/fr\/p\/"},{"@type":"ListItem","position":3,"name":"Borkum 3878 Ni"}]},{"@type":"WebSite","@id":"https:\/\/test.burgwaechterservice.de\/fr\/#website","url":"https:\/\/test.burgwaechterservice.de\/fr\/","name":"Burg-W\u00e4chter France","description":"Le choix le plus s\u00fbr!","potentialAction":[{"@type":"SearchAction","target":{"@type":"EntryPoint","urlTemplate":"https:\/\/test.burgwaechterservice.de\/fr\/?s={search_term_string}"},"query-input":"required name=search_term_string"}],"inLanguage":"fr-FR"}]}},"_links":{"self":[{"href":"https:\/\/test.burgwaechterservice.de\/fr\/wp-json\/wp\/v2\/product\/32468"}],"collection":[{"href":"https:\/\/test.burgwaechterservice.de\/fr\/wp-json\/wp\/v2\/product"}],"about":[{"href":"https:\/\/test.burgwaechterservice.de\/fr\/wp-json\/wp\/v2\/types\/product"}],"replies":[{"embeddable":true,"href":"https:\/\/test.burgwaechterservice.de\/fr\/wp-json\/wp\/v2\/comments?post=32468"}],"wp:featuredmedia":[{"embeddable":true,"href":"https:\/\/test.burgwaechterservice.de\/fr\/wp-json\/wp\/v2\/media\/32469"}],"wp:attachment":[{"href":"https:\/\/test.burgwaechterservice.de\/fr\/wp-json\/wp\/v2\/media?parent=32468"}],"wp:term":[{"taxonomy":"product_cat","embeddable":true,"href":"https:\/\/test.burgwaechterservice.de\/fr\/wp-json\/wp\/v2\/product_cat?post=32468"},{"taxonomy":"product_tag","embeddable":true,"href":"https:\/\/test.burgwaechterservice.de\/fr\/wp-json\/wp\/v2\/product_tag?post=32468"}],"curies":[{"name":"wp","href":"https:\/\/api.w.org\/{rel}","templated":true}]}}