{"id":32462,"date":"2016-07-22T11:19:21","date_gmt":"2016-07-22T09:19:21","guid":{"rendered":"https:\/\/www.burg.biz\/?post_type=product&#038;p=32462"},"modified":"2019-05-28T10:42:51","modified_gmt":"2019-05-28T08:42:51","slug":"borkum-3877-ni","status":"publish","type":"product","link":"https:\/\/test.burgwaechterservice.de\/fr\/p\/boites-aux-lettres\/borkum-3877-ni\/","title":{"rendered":"Borkum 3877 Ni"},"content":{"rendered":"<p><img decoding=\"async\" class=\"alignnone wp-image-41816\" src=\"https:\/\/test.burgwaechterservice.de\/fr\/wp-content\/uploads\/sites\/4\/2016\/07\/Borkum-38773878ModenaQuadus.jpg\" alt=\"BUW-Icons-BK 4c OK.indd\" width=\"423\" height=\"118\" srcset=\"https:\/\/test.burgwaechterservice.de\/fr\/wp-content\/uploads\/sites\/4\/2016\/07\/Borkum-38773878ModenaQuadus.jpg 1144w, https:\/\/test.burgwaechterservice.de\/fr\/wp-content\/uploads\/sites\/4\/2016\/07\/Borkum-38773878ModenaQuadus-300x84.jpg 300w, https:\/\/test.burgwaechterservice.de\/fr\/wp-content\/uploads\/sites\/4\/2016\/07\/Borkum-38773878ModenaQuadus-768x214.jpg 768w, https:\/\/test.burgwaechterservice.de\/fr\/wp-content\/uploads\/sites\/4\/2016\/07\/Borkum-38773878ModenaQuadus-1024x286.jpg 1024w\" sizes=\"(max-width: 423px) 100vw, 423px\" \/><a href=\"https:\/\/warranty.burg.biz\/bk\/\" target=\"_blank\" rel=\"noopener noreferrer\"><img decoding=\"async\" class=\"alignright wp-image-254979\" src=\"https:\/\/test.burgwaechterservice.de\/fr\/wp-content\/uploads\/sites\/4\/2016\/07\/Siegel_5_Jahre_Garantie_FR_-295x300.jpg\" alt=\"\" width=\"214\" height=\"218\" srcset=\"https:\/\/test.burgwaechterservice.de\/fr\/wp-content\/uploads\/sites\/4\/2016\/07\/Siegel_5_Jahre_Garantie_FR_-295x300.jpg 295w, https:\/\/test.burgwaechterservice.de\/fr\/wp-content\/uploads\/sites\/4\/2016\/07\/Siegel_5_Jahre_Garantie_FR_.jpg 485w\" sizes=\"(max-width: 214px) 100vw, 214px\" \/><br \/>\n<\/a><\/p>\n<h2>La vaste bo\u00eete aux lettres Borkum en acier inoxydable\u00a0: convient \u00e9galement pour le montage en s\u00e9rie<\/h2>\n<p>Ce mod\u00e8le simple en acier inoxydable de qualit\u00e9 r\u00e9pond au nom de Borkum. Cette bo\u00eete aux lettres d&#8217;ext\u00e9rieur est <strong>recouverte sur toute sa surface d&#8217;un vernis de protection.<\/strong> Elle peut en outre \u00eatre livr\u00e9e dans une version pour <strong>montage en s\u00e9rie<\/strong>.<\/p>\n<h3>Volume spacieux pour votre courrier<\/h3>\n<p>L&#8217;int\u00e9rieur du mod\u00e8le Borkum est <strong>suffisamment spacieux<\/strong> pour recevoir vos lettres, journaux, magazines, etc. Son contenu est aussi toujours parfaitement prot\u00e9g\u00e9 de l&#8217;humidit\u00e9.<br \/>\nLe <strong>syst\u00e8me d&#8217;arr\u00eat int\u00e9gr\u00e9<\/strong> de la porte facilite le relev\u00e9 du courrier et emp\u00eache que votre courrier ne tombe par terre quand vous ouvrez la bo\u00eete.<br \/>\nVous souhaitez monter plusieurs bo\u00eetes aux lettres ensemble\u00a0? Aucun probl\u00e8me\u00a0: le mod\u00e8le Borkum de BURG-W\u00c4CHTER existe aussi avec quatre trous sur chaque c\u00f4t\u00e9 <strong>pour le montage en s\u00e9rie \u00e0 l&#8217;ext\u00e9rieur<\/strong>.<br \/>\nCette bo\u00eete aux lettres de qualit\u00e9 en acier inoxydable r\u00e9pond en plus \u00e0 la norme EN 13724.<\/p>\n<p>En option, si vous d\u00e9sirez recevoir s\u00e9par\u00e9ment votre journal, vous pouvez aussi choisir un porte-journaux correspondant (par exemple le mod\u00e8le 3820 Ni, lui-aussi fabriqu\u00e9 en acier inoxydable haut de gamme).<br \/>\n<a href=\"https:\/\/test.burgwaechterservice.de\/fr\/c\/boites-aux-lettres\/portes-journaux\/\">D\u00e9couvrir ici nos porte-journaux s\u00e9par\u00e9s<\/a>.<\/p>\n<h3>Acier inoxydable prot\u00e9g\u00e9 par un vernis transparent<\/h3>\n<p>L&#8217;acier inoxydable d\u00e9j\u00e0 en soi tr\u00e8s <strong>r\u00e9sistant<\/strong> de mod\u00e8le Borkum est \u00e9galement <strong>prot\u00e9g\u00e9 par un vernis transparent<\/strong>. Votre bo\u00eete aux lettres est ainsi doublement <strong>\u00e0 l&#8217;abri des intemp\u00e9ries<\/strong> et des autres <strong>influences ext\u00e9rieures<\/strong>. <strong>L&#8217;entretien<\/strong> de ce mat\u00e9riau est en plus particuli\u00e8rement <strong>facile<\/strong>. Vous n&#8217;avez en effet besoin que d&#8217;un chiffon humide et propre.<\/p>\n<h3>Montage de la bo\u00eete aux lettres<\/h3>\n<p>La s\u00e9curit\u00e9 avant tout\u00a0: m\u00eame si la bo\u00eete aux lettres Borkum en acier inoxydable est con\u00e7ue pour r\u00e9sister parfaitement \u00e0 toute m\u00e9t\u00e9o, BURG-W\u00c4CHTER conseille n\u00e9anmoins de <u>ne pas<\/u> l&#8217;exposer directement et en permanence aux intemp\u00e9ries. Ainsi, elle reste en bon \u00e9tat pendant de nombreuses ann\u00e9es.<br \/>\nLe mat\u00e9riel de fixation est livr\u00e9 avec la bo\u00eete aux lettres pour un montage facile et rapide.<br \/>\nVous avez la possibilit\u00e9 de monter en s\u00e9rie plusieurs mod\u00e8les de cette bo\u00eete aux lettres <strong>\u00e0 l&#8217;abri des intemp\u00e9ries<\/strong> au mur ou sur des pieds adapt\u00e9s \u00e0 l&#8217;endroit que vous souhaitez.<br \/>\n<a href=\"https:\/\/test.burgwaechterservice.de\/fr\/c\/boites-aux-lettres\/boites-aux-lettres-en-batterie-individuelles-sur-pieds-et-poteaux\/\">D\u00e9couvrez ici le pied adapt\u00e9 \u00e0 votre bo\u00eete aux lettres Borkum<\/a>.<\/p>\n<h3>Le mod\u00e8le Borkum en bref<\/h3>\n<ul>\n<li>Bo\u00eete aux lettres d&#8217;ext\u00e9rieur en acier inoxydable, simple et spacieuse<\/li>\n<li>R\u00e9pond \u00e0 la norme EN 13724<\/li>\n<li>Recouvert d&#8217;un vernis de protection transparent<\/li>\n<li>Porte avec syst\u00e8me d&#8217;arr\u00eat<\/li>\n<li>Format de fente\u00a0: DIN C4<br \/>\n(L x H\u00a0: 333 x 34 mm)<\/li>\n<li>Disponible aussi avec perforations pour montage en s\u00e9rie<\/li>\n<li>Dimensions L x l x H\u00a0: 322 x 362 x 100 mm<\/li>\n<li>Mat\u00e9riel de fixation compris dans la livraison<\/li>\n<\/ul>\n<table class=\"ausfuehrung\">\n<thead>\n<tr>\n<td>Article<\/td>\n<td>H x L x P<\/td>\n<td>Fente<\/td>\n<\/tr>\n<tr>\n<td class=\"subdesc\"><\/td>\n<td class=\"subdesc\">\u00a0mm<\/td>\n<td class=\"subdesc\">L x H (mm)<\/td>\n<\/tr>\n<\/thead>\n<tbody>\n<tr>\n<td>3877 Ni<\/td>\n<td>322 x 362 x 100<\/td>\n<td>333 x 34<\/td>\n<\/tr>\n<tr>\n<td>poin\u00e7onn\u00e9e 3877 Ni<\/td>\n<td>322 x 362 x 100<\/td>\n<td>333 x 34<\/td>\n<\/tr>\n<\/tbody>\n<\/table>\n","protected":false},"excerpt":{"rendered":"<p>La vaste bo\u00eete aux lettres Borkum en acier inoxydable\u00a0: convient \u00e9galement pour le montage en s\u00e9rie Ce mod\u00e8le simple en acier inoxydable de qualit\u00e9 r\u00e9pond au nom de Borkum. Cette bo\u00eete aux lettres d&#8217;ext\u00e9rieur est recouverte sur toute sa surface &hellip; <a class=\"kt-excerpt-readmore\" href=\"https:\/\/test.burgwaechterservice.de\/fr\/p\/boites-aux-lettres\/borkum-3877-ni\/\" aria-label=\"Borkum 3877 Ni\">Lire la suite<\/a><\/p>\n","protected":false},"featured_media":135080,"comment_status":"closed","ping_status":"closed","template":"","meta":[],"product_cat":[23,46],"product_tag":[],"yoast_head":"<!-- This site is optimized with the Yoast SEO Premium plugin v18.4 (Yoast SEO v19.13) - https:\/\/yoast.com\/wordpress\/plugins\/seo\/ -->\n<title>Borkum 3877 Ni - Burg-W\u00e4chter<\/title>\n<meta name=\"description\" content=\"La vaste bo\u00eete aux lettres Borkum en acier inoxydable\u00a0: convient \u00e9galement pour le montage en s\u00e9rie Ce mod\u00e8le simple en acier inoxydable de qualit\u00e9 r\u00e9pond\" \/>\n<meta name=\"robots\" content=\"index, follow, max-snippet:-1, max-image-preview:large, max-video-preview:-1\" \/>\n<link rel=\"canonical\" href=\"https:\/\/test.burgwaechterservice.de\/fr\/p\/boites-aux-lettres\/borkum-3877-ni\/\" \/>\n<meta property=\"og:locale\" content=\"fr_FR\" \/>\n<meta property=\"og:type\" content=\"article\" \/>\n<meta property=\"og:title\" content=\"Borkum 3877 Ni\" \/>\n<meta property=\"og:description\" content=\"La vaste bo\u00eete aux lettres Borkum en acier inoxydable\u00a0: convient \u00e9galement pour le montage en s\u00e9rie Ce mod\u00e8le simple en acier inoxydable de qualit\u00e9 r\u00e9pond\" \/>\n<meta property=\"og:url\" content=\"https:\/\/test.burgwaechterservice.de\/fr\/p\/boites-aux-lettres\/borkum-3877-ni\/\" \/>\n<meta property=\"og:site_name\" content=\"Burg-W\u00e4chter France\" \/>\n<meta property=\"article:modified_time\" content=\"2019-05-28T08:42:51+00:00\" \/>\n<meta property=\"og:image\" content=\"https:\/\/test.burgwaechterservice.de\/fr\/wp-content\/uploads\/sites\/4\/2016\/07\/Briefkasten-Borkum-3877.jpg\" \/>\n\t<meta property=\"og:image:width\" content=\"1000\" \/>\n\t<meta property=\"og:image:height\" content=\"1000\" \/>\n\t<meta property=\"og:image:type\" content=\"image\/jpeg\" \/>\n<meta name=\"twitter:card\" content=\"summary_large_image\" \/>\n<meta name=\"twitter:label1\" content=\"Dur\u00e9e de lecture estim\u00e9e\" \/>\n\t<meta name=\"twitter:data1\" content=\"3 minutes\" \/>\n<!-- \/ Yoast SEO Premium plugin. -->","yoast_head_json":{"title":"Borkum 3877 Ni - Burg-W\u00e4chter","description":"La vaste bo\u00eete aux lettres Borkum en acier inoxydable\u00a0: convient \u00e9galement pour le montage en s\u00e9rie Ce mod\u00e8le simple en acier inoxydable de qualit\u00e9 r\u00e9pond","robots":{"index":"index","follow":"follow","max-snippet":"max-snippet:-1","max-image-preview":"max-image-preview:large","max-video-preview":"max-video-preview:-1"},"canonical":"https:\/\/test.burgwaechterservice.de\/fr\/p\/boites-aux-lettres\/borkum-3877-ni\/","og_locale":"fr_FR","og_type":"article","og_title":"Borkum 3877 Ni","og_description":"La vaste bo\u00eete aux lettres Borkum en acier inoxydable\u00a0: convient \u00e9galement pour le montage en s\u00e9rie Ce mod\u00e8le simple en acier inoxydable de qualit\u00e9 r\u00e9pond","og_url":"https:\/\/test.burgwaechterservice.de\/fr\/p\/boites-aux-lettres\/borkum-3877-ni\/","og_site_name":"Burg-W\u00e4chter France","article_modified_time":"2019-05-28T08:42:51+00:00","og_image":[{"width":1000,"height":1000,"url":"https:\/\/test.burgwaechterservice.de\/fr\/wp-content\/uploads\/sites\/4\/2016\/07\/Briefkasten-Borkum-3877.jpg","type":"image\/jpeg"}],"twitter_card":"summary_large_image","twitter_misc":{"Dur\u00e9e de lecture estim\u00e9e":"3 minutes"},"schema":{"@context":"https:\/\/schema.org","@graph":[{"@type":"WebPage","@id":"https:\/\/test.burgwaechterservice.de\/fr\/p\/boites-aux-lettres\/borkum-3877-ni\/","url":"https:\/\/test.burgwaechterservice.de\/fr\/p\/boites-aux-lettres\/borkum-3877-ni\/","name":"Borkum 3877 Ni - Burg-W\u00e4chter","isPartOf":{"@id":"https:\/\/test.burgwaechterservice.de\/fr\/#website"},"datePublished":"2016-07-22T09:19:21+00:00","dateModified":"2019-05-28T08:42:51+00:00","description":"La vaste bo\u00eete aux lettres Borkum en acier inoxydable\u00a0: convient \u00e9galement pour le montage en s\u00e9rie Ce mod\u00e8le simple en acier inoxydable de qualit\u00e9 r\u00e9pond","breadcrumb":{"@id":"https:\/\/test.burgwaechterservice.de\/fr\/p\/boites-aux-lettres\/borkum-3877-ni\/#breadcrumb"},"inLanguage":"fr-FR","potentialAction":[{"@type":"ReadAction","target":["https:\/\/test.burgwaechterservice.de\/fr\/p\/boites-aux-lettres\/borkum-3877-ni\/"]}]},{"@type":"BreadcrumbList","@id":"https:\/\/test.burgwaechterservice.de\/fr\/p\/boites-aux-lettres\/borkum-3877-ni\/#breadcrumb","itemListElement":[{"@type":"ListItem","position":1,"name":"Accueil","item":"https:\/\/test.burgwaechterservice.de\/fr\/"},{"@type":"ListItem","position":2,"name":"Produits","item":"https:\/\/test.burgwaechterservice.de\/fr\/p\/"},{"@type":"ListItem","position":3,"name":"Borkum 3877 Ni"}]},{"@type":"WebSite","@id":"https:\/\/test.burgwaechterservice.de\/fr\/#website","url":"https:\/\/test.burgwaechterservice.de\/fr\/","name":"Burg-W\u00e4chter France","description":"Le choix le plus s\u00fbr!","potentialAction":[{"@type":"SearchAction","target":{"@type":"EntryPoint","urlTemplate":"https:\/\/test.burgwaechterservice.de\/fr\/?s={search_term_string}"},"query-input":"required name=search_term_string"}],"inLanguage":"fr-FR"}]}},"_links":{"self":[{"href":"https:\/\/test.burgwaechterservice.de\/fr\/wp-json\/wp\/v2\/product\/32462"}],"collection":[{"href":"https:\/\/test.burgwaechterservice.de\/fr\/wp-json\/wp\/v2\/product"}],"about":[{"href":"https:\/\/test.burgwaechterservice.de\/fr\/wp-json\/wp\/v2\/types\/product"}],"replies":[{"embeddable":true,"href":"https:\/\/test.burgwaechterservice.de\/fr\/wp-json\/wp\/v2\/comments?post=32462"}],"wp:featuredmedia":[{"embeddable":true,"href":"https:\/\/test.burgwaechterservice.de\/fr\/wp-json\/wp\/v2\/media\/135080"}],"wp:attachment":[{"href":"https:\/\/test.burgwaechterservice.de\/fr\/wp-json\/wp\/v2\/media?parent=32462"}],"wp:term":[{"taxonomy":"product_cat","embeddable":true,"href":"https:\/\/test.burgwaechterservice.de\/fr\/wp-json\/wp\/v2\/product_cat?post=32462"},{"taxonomy":"product_tag","embeddable":true,"href":"https:\/\/test.burgwaechterservice.de\/fr\/wp-json\/wp\/v2\/product_tag?post=32462"}],"curies":[{"name":"wp","href":"https:\/\/api.w.org\/{rel}","templated":true}]}}