{"id":32399,"date":"2016-07-22T08:32:30","date_gmt":"2016-07-22T06:32:30","guid":{"rendered":"https:\/\/www.burg.biz\/?post_type=product&#038;p=32399"},"modified":"2019-08-20T11:10:14","modified_gmt":"2019-08-20T09:10:14","slug":"3808-ni","status":"publish","type":"product","link":"https:\/\/test.burgwaechterservice.de\/fr\/p\/boites-aux-lettres\/3808-ni\/","title":{"rendered":"3808 Ni"},"content":{"rendered":"<p><img decoding=\"async\" class=\"alignnone wp-image-41821\" src=\"https:\/\/test.burgwaechterservice.de\/fr\/wp-content\/uploads\/sites\/4\/2016\/07\/Hannover-und-Briefk\u00e4sten-Ni-Piktos-gesamt-und-Uni-190-Ni-Nordic-St\u00e4nder.jpg\" alt=\"BUW-Icons-BK 4c OK.indd\" width=\"219\" height=\"118\" srcset=\"https:\/\/test.burgwaechterservice.de\/fr\/wp-content\/uploads\/sites\/4\/2016\/07\/Hannover-und-Briefk\u00e4sten-Ni-Piktos-gesamt-und-Uni-190-Ni-Nordic-St\u00e4nder.jpg 566w, https:\/\/test.burgwaechterservice.de\/fr\/wp-content\/uploads\/sites\/4\/2016\/07\/Hannover-und-Briefk\u00e4sten-Ni-Piktos-gesamt-und-Uni-190-Ni-Nordic-St\u00e4nder-300x162.jpg 300w\" sizes=\"(max-width: 219px) 100vw, 219px\" \/><\/p>\n<h2>Le porte-journaux aux lignes bien marqu\u00e9es pour votre bo\u00eete aux lettres en acier inoxydable<\/h2>\n<p>Convient aux bo\u00eetes aux lettres en acier inoxydable de BURG-W\u00c4CHTER<\/p>\n<p>La <strong>conception anguleuse et moderne<\/strong> du porte-journaux 3808 Ni, \u00e9galement en acier inoxydable, attire <strong>tous les regards<\/strong>.<\/p>\n<h3>Avec vernis de protection transparent<\/h3>\n<p>Le compartiment \u00e0 journaux est enti\u00e8rement recouvert d&#8217;un <strong>vernis de protection transparent<\/strong> ce qui le pr\u00e9serve parfaitement contre les intemp\u00e9ries. Tout comme son contenu qui reste au sec.<br \/>\nCet accessoire pour bo\u00eete aux lettres est on ne peut plus facile d&#8217;entretien\u00a0: il vous suffit de le nettoyer r\u00e9guli\u00e8rement avec un chiffon propre et humide comme c&#8217;est le cas pour nos bo\u00eetes aux lettres.<\/p>\n<p>Le <strong>battant en acier inoxydable<\/strong> peut \u00eatre utilis\u00e9 des deux c\u00f4t\u00e9s et apporte une protection suppl\u00e9mentaire de votre quotidien contre les influences ext\u00e9rieures.<\/p>\n<p>Ce mod\u00e8le dispose d&#8217;une largeur utile int\u00e9rieure de 380 mm.<\/p>\n<h3>Le porte-journaux 3808 Ni\u00a0: l&#8217;accessoire de votre bo\u00eete aux lettres<\/h3>\n<ul>\n<li>Porte-journaux en acier inoxydable<\/li>\n<li>Inoxydable<\/li>\n<li>Avec battant lat\u00e9ral en acier inoxydable, utilisable des deux c\u00f4t\u00e9s<\/li>\n<li>Recouvert d&#8217;un vernis de protection transparent<\/li>\n<li>Largeur utile int\u00e9rieure\u00a0: 380 mm<\/li>\n<li>Dimensions L x P x H\u00a0: 425 x 110 x 120 mm<\/li>\n<\/ul>\n<table class=\"ausfuehrung\">\n<thead>\n<tr>\n<td>Article<\/td>\n<td>Couleur<\/td>\n<td>L x P x H<\/td>\n<\/tr>\n<tr>\n<td class=\"subdesc\"><\/td>\n<td><\/td>\n<td class=\"subdesc\">mm<\/td>\n<\/tr>\n<\/thead>\n<tbody>\n<tr>\n<td>3808 Ni<\/td>\n<td>acier inoxydable<\/td>\n<td>425 x 110 x 120<\/td>\n<\/tr>\n<\/tbody>\n<\/table>\n","protected":false},"excerpt":{"rendered":"<p>Le porte-journaux aux lignes bien marqu\u00e9es pour votre bo\u00eete aux lettres en acier inoxydable Convient aux bo\u00eetes aux lettres en acier inoxydable de BURG-W\u00c4CHTER La conception anguleuse et moderne du porte-journaux 3808 Ni, \u00e9galement en acier inoxydable, attire tous les &hellip; <a class=\"kt-excerpt-readmore\" href=\"https:\/\/test.burgwaechterservice.de\/fr\/p\/boites-aux-lettres\/3808-ni\/\" aria-label=\"3808 Ni\">Lire la suite<\/a><\/p>\n","protected":false},"featured_media":286126,"comment_status":"closed","ping_status":"closed","template":"","meta":[],"product_cat":[23,43],"product_tag":[],"yoast_head":"<!-- This site is optimized with the Yoast SEO Premium plugin v18.4 (Yoast SEO v19.13) - https:\/\/yoast.com\/wordpress\/plugins\/seo\/ -->\n<title>3808 Ni - Burg-W\u00e4chter<\/title>\n<meta name=\"description\" content=\"Le porte-journaux aux lignes bien marqu\u00e9es pour votre bo\u00eete aux lettres en acier inoxydable Convient aux bo\u00eetes aux lettres en acier inoxydable de\" \/>\n<meta name=\"robots\" content=\"index, follow, max-snippet:-1, max-image-preview:large, max-video-preview:-1\" \/>\n<link rel=\"canonical\" href=\"https:\/\/test.burgwaechterservice.de\/fr\/p\/boites-aux-lettres\/3808-ni\/\" \/>\n<meta property=\"og:locale\" content=\"fr_FR\" \/>\n<meta property=\"og:type\" content=\"article\" \/>\n<meta property=\"og:title\" content=\"3808 Ni\" \/>\n<meta property=\"og:description\" content=\"Le porte-journaux aux lignes bien marqu\u00e9es pour votre bo\u00eete aux lettres en acier inoxydable Convient aux bo\u00eetes aux lettres en acier inoxydable de\" \/>\n<meta property=\"og:url\" content=\"https:\/\/test.burgwaechterservice.de\/fr\/p\/boites-aux-lettres\/3808-ni\/\" \/>\n<meta property=\"og:site_name\" content=\"Burg-W\u00e4chter France\" \/>\n<meta property=\"article:modified_time\" content=\"2019-08-20T09:10:14+00:00\" \/>\n<meta property=\"og:image\" content=\"https:\/\/test.burgwaechterservice.de\/fr\/wp-content\/uploads\/sites\/4\/2016\/07\/Porte-journaux-3808-Ni.jpg\" \/>\n\t<meta property=\"og:image:width\" content=\"800\" \/>\n\t<meta property=\"og:image:height\" content=\"800\" \/>\n\t<meta property=\"og:image:type\" content=\"image\/jpeg\" \/>\n<meta name=\"twitter:card\" content=\"summary_large_image\" \/>\n<meta name=\"twitter:label1\" content=\"Dur\u00e9e de lecture estim\u00e9e\" \/>\n\t<meta name=\"twitter:data1\" content=\"1 minute\" \/>\n<!-- \/ Yoast SEO Premium plugin. -->","yoast_head_json":{"title":"3808 Ni - Burg-W\u00e4chter","description":"Le porte-journaux aux lignes bien marqu\u00e9es pour votre bo\u00eete aux lettres en acier inoxydable Convient aux bo\u00eetes aux lettres en acier inoxydable de","robots":{"index":"index","follow":"follow","max-snippet":"max-snippet:-1","max-image-preview":"max-image-preview:large","max-video-preview":"max-video-preview:-1"},"canonical":"https:\/\/test.burgwaechterservice.de\/fr\/p\/boites-aux-lettres\/3808-ni\/","og_locale":"fr_FR","og_type":"article","og_title":"3808 Ni","og_description":"Le porte-journaux aux lignes bien marqu\u00e9es pour votre bo\u00eete aux lettres en acier inoxydable Convient aux bo\u00eetes aux lettres en acier inoxydable de","og_url":"https:\/\/test.burgwaechterservice.de\/fr\/p\/boites-aux-lettres\/3808-ni\/","og_site_name":"Burg-W\u00e4chter France","article_modified_time":"2019-08-20T09:10:14+00:00","og_image":[{"width":800,"height":800,"url":"https:\/\/test.burgwaechterservice.de\/fr\/wp-content\/uploads\/sites\/4\/2016\/07\/Porte-journaux-3808-Ni.jpg","type":"image\/jpeg"}],"twitter_card":"summary_large_image","twitter_misc":{"Dur\u00e9e de lecture estim\u00e9e":"1 minute"},"schema":{"@context":"https:\/\/schema.org","@graph":[{"@type":"WebPage","@id":"https:\/\/test.burgwaechterservice.de\/fr\/p\/boites-aux-lettres\/3808-ni\/","url":"https:\/\/test.burgwaechterservice.de\/fr\/p\/boites-aux-lettres\/3808-ni\/","name":"3808 Ni - Burg-W\u00e4chter","isPartOf":{"@id":"https:\/\/test.burgwaechterservice.de\/fr\/#website"},"datePublished":"2016-07-22T06:32:30+00:00","dateModified":"2019-08-20T09:10:14+00:00","description":"Le porte-journaux aux lignes bien marqu\u00e9es pour votre bo\u00eete aux lettres en acier inoxydable Convient aux bo\u00eetes aux lettres en acier inoxydable de","breadcrumb":{"@id":"https:\/\/test.burgwaechterservice.de\/fr\/p\/boites-aux-lettres\/3808-ni\/#breadcrumb"},"inLanguage":"fr-FR","potentialAction":[{"@type":"ReadAction","target":["https:\/\/test.burgwaechterservice.de\/fr\/p\/boites-aux-lettres\/3808-ni\/"]}]},{"@type":"BreadcrumbList","@id":"https:\/\/test.burgwaechterservice.de\/fr\/p\/boites-aux-lettres\/3808-ni\/#breadcrumb","itemListElement":[{"@type":"ListItem","position":1,"name":"Accueil","item":"https:\/\/test.burgwaechterservice.de\/fr\/"},{"@type":"ListItem","position":2,"name":"Produits","item":"https:\/\/test.burgwaechterservice.de\/fr\/p\/"},{"@type":"ListItem","position":3,"name":"3808 Ni"}]},{"@type":"WebSite","@id":"https:\/\/test.burgwaechterservice.de\/fr\/#website","url":"https:\/\/test.burgwaechterservice.de\/fr\/","name":"Burg-W\u00e4chter France","description":"Le choix le plus s\u00fbr!","potentialAction":[{"@type":"SearchAction","target":{"@type":"EntryPoint","urlTemplate":"https:\/\/test.burgwaechterservice.de\/fr\/?s={search_term_string}"},"query-input":"required name=search_term_string"}],"inLanguage":"fr-FR"}]}},"_links":{"self":[{"href":"https:\/\/test.burgwaechterservice.de\/fr\/wp-json\/wp\/v2\/product\/32399"}],"collection":[{"href":"https:\/\/test.burgwaechterservice.de\/fr\/wp-json\/wp\/v2\/product"}],"about":[{"href":"https:\/\/test.burgwaechterservice.de\/fr\/wp-json\/wp\/v2\/types\/product"}],"replies":[{"embeddable":true,"href":"https:\/\/test.burgwaechterservice.de\/fr\/wp-json\/wp\/v2\/comments?post=32399"}],"wp:featuredmedia":[{"embeddable":true,"href":"https:\/\/test.burgwaechterservice.de\/fr\/wp-json\/wp\/v2\/media\/286126"}],"wp:attachment":[{"href":"https:\/\/test.burgwaechterservice.de\/fr\/wp-json\/wp\/v2\/media?parent=32399"}],"wp:term":[{"taxonomy":"product_cat","embeddable":true,"href":"https:\/\/test.burgwaechterservice.de\/fr\/wp-json\/wp\/v2\/product_cat?post=32399"},{"taxonomy":"product_tag","embeddable":true,"href":"https:\/\/test.burgwaechterservice.de\/fr\/wp-json\/wp\/v2\/product_tag?post=32399"}],"curies":[{"name":"wp","href":"https:\/\/api.w.org\/{rel}","templated":true}]}}