{"id":32397,"date":"2016-07-22T08:25:48","date_gmt":"2016-07-22T06:25:48","guid":{"rendered":"https:\/\/www.burg.biz\/?post_type=product&#038;p=32397"},"modified":"2019-05-27T12:55:57","modified_gmt":"2019-05-27T10:55:57","slug":"3800-ni","status":"publish","type":"product","link":"https:\/\/test.burgwaechterservice.de\/fr\/p\/boites-aux-lettres\/3800-ni\/","title":{"rendered":"3800 Ni"},"content":{"rendered":"<p><img decoding=\"async\" class=\"alignnone wp-image-41821\" src=\"https:\/\/test.burgwaechterservice.de\/fr\/wp-content\/uploads\/sites\/4\/2016\/07\/Hannover-und-Briefk\u00e4sten-Ni-Piktos-gesamt-und-Uni-190-Ni-Nordic-St\u00e4nder.jpg\" alt=\"BUW-Icons-BK 4c OK.indd\" width=\"219\" height=\"118\" srcset=\"https:\/\/test.burgwaechterservice.de\/fr\/wp-content\/uploads\/sites\/4\/2016\/07\/Hannover-und-Briefk\u00e4sten-Ni-Piktos-gesamt-und-Uni-190-Ni-Nordic-St\u00e4nder.jpg 566w, https:\/\/test.burgwaechterservice.de\/fr\/wp-content\/uploads\/sites\/4\/2016\/07\/Hannover-und-Briefk\u00e4sten-Ni-Piktos-gesamt-und-Uni-190-Ni-Nordic-St\u00e4nder-300x162.jpg 300w\" sizes=\"(max-width: 219px) 100vw, 219px\" \/><a href=\"https:\/\/warranty.burg.biz\/bk\/\" target=\"_blank\" rel=\"noopener noreferrer\"><img decoding=\"async\" class=\"alignright wp-image-254979\" src=\"https:\/\/test.burgwaechterservice.de\/fr\/wp-content\/uploads\/sites\/4\/2016\/07\/Siegel_5_Jahre_Garantie_FR_-295x300.jpg\" alt=\"\" width=\"214\" height=\"218\" srcset=\"https:\/\/test.burgwaechterservice.de\/fr\/wp-content\/uploads\/sites\/4\/2016\/07\/Siegel_5_Jahre_Garantie_FR_-295x300.jpg 295w, https:\/\/test.burgwaechterservice.de\/fr\/wp-content\/uploads\/sites\/4\/2016\/07\/Siegel_5_Jahre_Garantie_FR_.jpg 485w\" sizes=\"(max-width: 214px) 100vw, 214px\" \/><\/a><\/p>\n<h2>Porte-journaux en acier inoxydable 3800 Ni\u00a0: l&#8217;accessoire \u00e9l\u00e9gant de votre bo\u00eete aux lettres<\/h2>\n<p>Le compl\u00e9ment id\u00e9al de votre bo\u00eete aux lettres BURG-W\u00c4CHTER en acier inoxydable. Le porte-journaux s\u00e9par\u00e9 est l&#8217;assurance que votre journal et vos m\u00e9dias imprim\u00e9s arrivent chez vous <strong>sains et saufs<\/strong>.<\/p>\n<h3>Acier inoxydable<\/h3>\n<p>Le <strong>mat\u00e9riau en acier inoxydable<\/strong> du porte-journaux est brut et <strong>r\u00e9siste<\/strong> parfaitement<strong> \u00e0 tout type de temps.<\/strong> Il prot\u00e8ge ainsi son contenu contre vents et mar\u00e9es. La surface en acier inoxydable est extr\u00eamement \u00e9l\u00e9gante et de grande qualit\u00e9.<\/p>\n<p>Les <strong>lignes arrondies et \u00e9pur\u00e9es <\/strong>de ce porte-journaux en font un v\u00e9ritable bijou.<\/p>\n<p>Il s&#8217;accompagne d&#8217;un <strong>battant lat\u00e9ral <\/strong>que vous pouvez utiliser des deux c\u00f4t\u00e9s.<\/p>\n<h3>Le porte-journaux 3800 Ni en un coup d&#8217;\u0153il<\/h3>\n<ul>\n<li>Porte-journaux rond en acier inoxydable brut et bross\u00e9<\/li>\n<li>Convient aux bo\u00eetes aux lettres en acier inoxydable de notre gamme<\/li>\n<li>Inoxydable<\/li>\n<li>Aspect \u00e9l\u00e9gant et \u00e9pur\u00e9<\/li>\n<li>Utilisable des deux c\u00f4t\u00e9s<\/li>\n<li>Avec battant lat\u00e9ral<\/li>\n<li>Dimensions l x \u00d8\u00a0: 400 x 120 mm<\/li>\n<\/ul>\n<table class=\"ausfuehrung\">\n<thead>\n<tr>\n<td>Article<\/td>\n<td>Couleurs<\/td>\n<td>L x \u00d8<\/td>\n<\/tr>\n<tr>\n<td class=\"subdesc\"><\/td>\n<td><\/td>\n<td class=\"subdesc\">mm<\/td>\n<\/tr>\n<\/thead>\n<tbody>\n<tr>\n<td>3800 Ni<\/td>\n<td>\u00a0acier inoxydable<\/td>\n<td>400 x 120<\/td>\n<\/tr>\n<\/tbody>\n<\/table>\n","protected":false},"excerpt":{"rendered":"<p>Porte-journaux en acier inoxydable 3800 Ni\u00a0: l&#8217;accessoire \u00e9l\u00e9gant de votre bo\u00eete aux lettres Le compl\u00e9ment id\u00e9al de votre bo\u00eete aux lettres BURG-W\u00c4CHTER en acier inoxydable. Le porte-journaux s\u00e9par\u00e9 est l&#8217;assurance que votre journal et vos m\u00e9dias imprim\u00e9s arrivent chez vous &hellip; <a class=\"kt-excerpt-readmore\" href=\"https:\/\/test.burgwaechterservice.de\/fr\/p\/boites-aux-lettres\/3800-ni\/\" aria-label=\"3800 Ni\">Lire la suite<\/a><\/p>\n","protected":false},"featured_media":32398,"comment_status":"closed","ping_status":"closed","template":"","meta":[],"product_cat":[23,43],"product_tag":[],"yoast_head":"<!-- This site is optimized with the Yoast SEO Premium plugin v18.4 (Yoast SEO v19.13) - https:\/\/yoast.com\/wordpress\/plugins\/seo\/ -->\n<title>3800 Ni - Burg-W\u00e4chter<\/title>\n<meta name=\"description\" content=\"Porte-journaux en acier inoxydable 3800 Ni\u00a0: l&#039;accessoire \u00e9l\u00e9gant de votre bo\u00eete aux lettres Le compl\u00e9ment id\u00e9al de votre bo\u00eete aux lettres BURG-W\u00c4CHTER\" \/>\n<meta name=\"robots\" content=\"index, follow, max-snippet:-1, max-image-preview:large, max-video-preview:-1\" \/>\n<link rel=\"canonical\" href=\"https:\/\/test.burgwaechterservice.de\/fr\/p\/boites-aux-lettres\/3800-ni\/\" \/>\n<meta property=\"og:locale\" content=\"fr_FR\" \/>\n<meta property=\"og:type\" content=\"article\" \/>\n<meta property=\"og:title\" content=\"3800 Ni\" \/>\n<meta property=\"og:description\" content=\"Porte-journaux en acier inoxydable 3800 Ni\u00a0: l&#039;accessoire \u00e9l\u00e9gant de votre bo\u00eete aux lettres Le compl\u00e9ment id\u00e9al de votre bo\u00eete aux lettres BURG-W\u00c4CHTER\" \/>\n<meta property=\"og:url\" content=\"https:\/\/test.burgwaechterservice.de\/fr\/p\/boites-aux-lettres\/3800-ni\/\" \/>\n<meta property=\"og:site_name\" content=\"Burg-W\u00e4chter France\" \/>\n<meta property=\"article:modified_time\" content=\"2019-05-27T10:55:57+00:00\" \/>\n<meta property=\"og:image\" content=\"https:\/\/test.burgwaechterservice.de\/fr\/wp-content\/uploads\/sites\/4\/2016\/07\/Zeitungsbox_3800_Ni_095409-01.jpg\" \/>\n\t<meta property=\"og:image:width\" content=\"1000\" \/>\n\t<meta property=\"og:image:height\" content=\"1000\" \/>\n\t<meta property=\"og:image:type\" content=\"image\/jpeg\" \/>\n<meta name=\"twitter:card\" content=\"summary_large_image\" \/>\n<meta name=\"twitter:label1\" content=\"Dur\u00e9e de lecture estim\u00e9e\" \/>\n\t<meta name=\"twitter:data1\" content=\"1 minute\" \/>\n<!-- \/ Yoast SEO Premium plugin. -->","yoast_head_json":{"title":"3800 Ni - Burg-W\u00e4chter","description":"Porte-journaux en acier inoxydable 3800 Ni\u00a0: l'accessoire \u00e9l\u00e9gant de votre bo\u00eete aux lettres Le compl\u00e9ment id\u00e9al de votre bo\u00eete aux lettres BURG-W\u00c4CHTER","robots":{"index":"index","follow":"follow","max-snippet":"max-snippet:-1","max-image-preview":"max-image-preview:large","max-video-preview":"max-video-preview:-1"},"canonical":"https:\/\/test.burgwaechterservice.de\/fr\/p\/boites-aux-lettres\/3800-ni\/","og_locale":"fr_FR","og_type":"article","og_title":"3800 Ni","og_description":"Porte-journaux en acier inoxydable 3800 Ni\u00a0: l'accessoire \u00e9l\u00e9gant de votre bo\u00eete aux lettres Le compl\u00e9ment id\u00e9al de votre bo\u00eete aux lettres BURG-W\u00c4CHTER","og_url":"https:\/\/test.burgwaechterservice.de\/fr\/p\/boites-aux-lettres\/3800-ni\/","og_site_name":"Burg-W\u00e4chter France","article_modified_time":"2019-05-27T10:55:57+00:00","og_image":[{"width":1000,"height":1000,"url":"https:\/\/test.burgwaechterservice.de\/fr\/wp-content\/uploads\/sites\/4\/2016\/07\/Zeitungsbox_3800_Ni_095409-01.jpg","type":"image\/jpeg"}],"twitter_card":"summary_large_image","twitter_misc":{"Dur\u00e9e de lecture estim\u00e9e":"1 minute"},"schema":{"@context":"https:\/\/schema.org","@graph":[{"@type":"WebPage","@id":"https:\/\/test.burgwaechterservice.de\/fr\/p\/boites-aux-lettres\/3800-ni\/","url":"https:\/\/test.burgwaechterservice.de\/fr\/p\/boites-aux-lettres\/3800-ni\/","name":"3800 Ni - Burg-W\u00e4chter","isPartOf":{"@id":"https:\/\/test.burgwaechterservice.de\/fr\/#website"},"datePublished":"2016-07-22T06:25:48+00:00","dateModified":"2019-05-27T10:55:57+00:00","description":"Porte-journaux en acier inoxydable 3800 Ni\u00a0: l'accessoire \u00e9l\u00e9gant de votre bo\u00eete aux lettres Le compl\u00e9ment id\u00e9al de votre bo\u00eete aux lettres BURG-W\u00c4CHTER","breadcrumb":{"@id":"https:\/\/test.burgwaechterservice.de\/fr\/p\/boites-aux-lettres\/3800-ni\/#breadcrumb"},"inLanguage":"fr-FR","potentialAction":[{"@type":"ReadAction","target":["https:\/\/test.burgwaechterservice.de\/fr\/p\/boites-aux-lettres\/3800-ni\/"]}]},{"@type":"BreadcrumbList","@id":"https:\/\/test.burgwaechterservice.de\/fr\/p\/boites-aux-lettres\/3800-ni\/#breadcrumb","itemListElement":[{"@type":"ListItem","position":1,"name":"Accueil","item":"https:\/\/test.burgwaechterservice.de\/fr\/"},{"@type":"ListItem","position":2,"name":"Produits","item":"https:\/\/test.burgwaechterservice.de\/fr\/p\/"},{"@type":"ListItem","position":3,"name":"3800 Ni"}]},{"@type":"WebSite","@id":"https:\/\/test.burgwaechterservice.de\/fr\/#website","url":"https:\/\/test.burgwaechterservice.de\/fr\/","name":"Burg-W\u00e4chter France","description":"Le choix le plus s\u00fbr!","potentialAction":[{"@type":"SearchAction","target":{"@type":"EntryPoint","urlTemplate":"https:\/\/test.burgwaechterservice.de\/fr\/?s={search_term_string}"},"query-input":"required name=search_term_string"}],"inLanguage":"fr-FR"}]}},"_links":{"self":[{"href":"https:\/\/test.burgwaechterservice.de\/fr\/wp-json\/wp\/v2\/product\/32397"}],"collection":[{"href":"https:\/\/test.burgwaechterservice.de\/fr\/wp-json\/wp\/v2\/product"}],"about":[{"href":"https:\/\/test.burgwaechterservice.de\/fr\/wp-json\/wp\/v2\/types\/product"}],"replies":[{"embeddable":true,"href":"https:\/\/test.burgwaechterservice.de\/fr\/wp-json\/wp\/v2\/comments?post=32397"}],"wp:featuredmedia":[{"embeddable":true,"href":"https:\/\/test.burgwaechterservice.de\/fr\/wp-json\/wp\/v2\/media\/32398"}],"wp:attachment":[{"href":"https:\/\/test.burgwaechterservice.de\/fr\/wp-json\/wp\/v2\/media?parent=32397"}],"wp:term":[{"taxonomy":"product_cat","embeddable":true,"href":"https:\/\/test.burgwaechterservice.de\/fr\/wp-json\/wp\/v2\/product_cat?post=32397"},{"taxonomy":"product_tag","embeddable":true,"href":"https:\/\/test.burgwaechterservice.de\/fr\/wp-json\/wp\/v2\/product_tag?post=32397"}],"curies":[{"name":"wp","href":"https:\/\/api.w.org\/{rel}","templated":true}]}}