{"id":32393,"date":"2016-07-21T16:37:35","date_gmt":"2016-07-21T14:37:35","guid":{"rendered":"https:\/\/www.burg.biz\/?post_type=product&#038;p=32393"},"modified":"2019-05-28T10:46:33","modified_gmt":"2019-05-28T08:46:33","slug":"hannover","status":"publish","type":"product","link":"https:\/\/test.burgwaechterservice.de\/fr\/p\/boites-aux-lettres\/hannover\/","title":{"rendered":"Hannover"},"content":{"rendered":"<p><img decoding=\"async\" class=\"alignnone wp-image-41821\" src=\"https:\/\/test.burgwaechterservice.de\/fr\/wp-content\/uploads\/sites\/4\/2016\/07\/Hannover-und-Briefk\u00e4sten-Ni-Piktos-gesamt-und-Uni-190-Ni-Nordic-St\u00e4nder.jpg\" alt=\"BUW-Icons-BK 4c OK.indd\" width=\"219\" height=\"118\" srcset=\"https:\/\/test.burgwaechterservice.de\/fr\/wp-content\/uploads\/sites\/4\/2016\/07\/Hannover-und-Briefk\u00e4sten-Ni-Piktos-gesamt-und-Uni-190-Ni-Nordic-St\u00e4nder.jpg 566w, https:\/\/test.burgwaechterservice.de\/fr\/wp-content\/uploads\/sites\/4\/2016\/07\/Hannover-und-Briefk\u00e4sten-Ni-Piktos-gesamt-und-Uni-190-Ni-Nordic-St\u00e4nder-300x162.jpg 300w\" sizes=\"(max-width: 219px) 100vw, 219px\" \/><a href=\"https:\/\/warranty.burg.biz\/bk\/\" target=\"_blank\" rel=\"noopener noreferrer\"><img decoding=\"async\" class=\"alignright wp-image-254979\" src=\"https:\/\/test.burgwaechterservice.de\/fr\/wp-content\/uploads\/sites\/4\/2016\/07\/Siegel_5_Jahre_Garantie_FR_-295x300.jpg\" alt=\"\" width=\"214\" height=\"218\" srcset=\"https:\/\/test.burgwaechterservice.de\/fr\/wp-content\/uploads\/sites\/4\/2016\/07\/Siegel_5_Jahre_Garantie_FR_-295x300.jpg 295w, https:\/\/test.burgwaechterservice.de\/fr\/wp-content\/uploads\/sites\/4\/2016\/07\/Siegel_5_Jahre_Garantie_FR_.jpg 485w\" sizes=\"(max-width: 214px) 100vw, 214px\" \/><br \/>\n<\/a><\/p>\n<h2>Petite mais tout d&#8217;une grande\u00a0: la bo\u00eete aux lettres en acier inoxydable compacte Hannover<\/h2>\n<p>Son design petit et compact peut rivaliser avec ses grandes s\u0153urs pour ce qui est de sa fonctionnalit\u00e9.<\/p>\n<p>Un <strong>couvercle basculant<\/strong> <strong>pratique <\/strong>prot\u00e8ge id\u00e9alement son contenu de l&#8217;humidit\u00e9.<br \/>\nVeuillez noter que la fente de cette bo\u00eete aux lettres est \u00e0 un format plus petit que les bo\u00eetes aux lettres norm\u00e9es\u00a0: il s&#8217;agit ici d&#8217;un <strong>passage de courrier au format DIN B5<\/strong>.<\/p>\n<h3>Couche de vernis de protection transparent<\/h3>\n<p>L&#8217;<strong>acier inoxydable d\u00e9j\u00e0 tr\u00e8s r\u00e9sistant<\/strong> de la bo\u00eete aux lettres Hannover est recouvert en plus d&#8217;un <strong>vernis de protection transparent<\/strong>. Il est ainsi parfaitement par\u00e9 pour affronter les intemp\u00e9ries et autres influences ext\u00e9rieures. Le vernis de protection conf\u00e8re en outre un aspect et une surface extr\u00eamement agr\u00e9ables \u00e0 cette petite bo\u00eete aux lettres.<br \/>\nDe mani\u00e8re g\u00e9n\u00e9rale, ce mod\u00e8le <strong>ne craint rien<\/strong>, il <strong>ne rouille pas<\/strong> et il <strong>est facile d&#8217;entretien<\/strong>. Pour le nettoyer, il vous suffit d&#8217;utiliser r\u00e9guli\u00e8rement un chiffon humide et propre.<\/p>\n<h3>Montage conseill\u00e9 de la bo\u00eete aux lettres<\/h3>\n<p>BURG-W\u00c4CHTER vous conseille de ne pas exposer votre bo\u00eete aux lettres directement et en permanence aux intemp\u00e9ries. Montez-la sur la fa\u00e7ade de votre maison \u00e0 l&#8217;aide du mat\u00e9riel de fixation compris dans la livraison, de pr\u00e9f\u00e9rence \u00e0 <strong>un endroit prot\u00e9g\u00e9 des ph\u00e9nom\u00e8nes climatiques.<\/strong> En faisant cela, vous le conservez encore plus longtemps dans un \u00e9tat optimal.<\/p>\n<h3>Le mod\u00e8le Hannover de BURG-W\u00c4CHTER<\/h3>\n<ul>\n<li>Bo\u00eete aux lettres compacte en acier inoxydable avec couvercle basculant<\/li>\n<li>Inoxydable<\/li>\n<li>Recouvert d&#8217;un vernis de protection transparent<\/li>\n<li>Format de fente\u00a0: DIN B5<br \/>\n(L x H\u00a0: 190 x 30 mm)<\/li>\n<li>Dimensions L x l x H\u00a0: 305 x 225 x 75 mm<\/li>\n<li>Mat\u00e9riel de fixation compris dans la livraison<\/li>\n<\/ul>\n<table class=\"ausfuehrung\">\n<thead>\n<tr>\n<td>Article<\/td>\n<td>H x L x P<\/td>\n<td>Fente<\/td>\n<\/tr>\n<tr>\n<td class=\"subdesc\"><\/td>\n<td class=\"subdesc\">mm<\/td>\n<td class=\"subdesc\">L x H (mm)<\/td>\n<\/tr>\n<\/thead>\n<tbody>\n<tr>\n<td>3861 Ni<\/td>\n<td>305 x 225 x 75<\/td>\n<td>190 x 30<\/td>\n<\/tr>\n<\/tbody>\n<\/table>\n","protected":false},"excerpt":{"rendered":"<p>Petite mais tout d&#8217;une grande\u00a0: la bo\u00eete aux lettres en acier inoxydable compacte Hannover Son design petit et compact peut rivaliser avec ses grandes s\u0153urs pour ce qui est de sa fonctionnalit\u00e9. Un couvercle basculant pratique prot\u00e8ge id\u00e9alement son contenu &hellip; <a class=\"kt-excerpt-readmore\" href=\"https:\/\/test.burgwaechterservice.de\/fr\/p\/boites-aux-lettres\/hannover\/\" aria-label=\"Hannover\">Lire la suite<\/a><\/p>\n","protected":false},"featured_media":32395,"comment_status":"closed","ping_status":"closed","template":"","meta":[],"product_cat":[23,25],"product_tag":[],"yoast_head":"<!-- This site is optimized with the Yoast SEO Premium plugin v18.4 (Yoast SEO v19.13) - https:\/\/yoast.com\/wordpress\/plugins\/seo\/ -->\n<title>Hannover - Burg-W\u00e4chter<\/title>\n<meta name=\"description\" content=\"Petite mais tout d&#039;une grande\u00a0: la bo\u00eete aux lettres en acier inoxydable compacte Hannover Son design petit et compact peut rivaliser avec ses grandes\" \/>\n<meta name=\"robots\" content=\"index, follow, max-snippet:-1, max-image-preview:large, max-video-preview:-1\" \/>\n<link rel=\"canonical\" href=\"https:\/\/test.burgwaechterservice.de\/fr\/p\/boites-aux-lettres\/hannover\/\" \/>\n<meta property=\"og:locale\" content=\"fr_FR\" \/>\n<meta property=\"og:type\" content=\"article\" \/>\n<meta property=\"og:title\" content=\"Hannover\" \/>\n<meta property=\"og:description\" content=\"Petite mais tout d&#039;une grande\u00a0: la bo\u00eete aux lettres en acier inoxydable compacte Hannover Son design petit et compact peut rivaliser avec ses grandes\" \/>\n<meta property=\"og:url\" content=\"https:\/\/test.burgwaechterservice.de\/fr\/p\/boites-aux-lettres\/hannover\/\" \/>\n<meta property=\"og:site_name\" content=\"Burg-W\u00e4chter France\" \/>\n<meta property=\"article:modified_time\" content=\"2019-05-28T08:46:33+00:00\" \/>\n<meta property=\"og:image\" content=\"https:\/\/test.burgwaechterservice.de\/fr\/wp-content\/uploads\/sites\/4\/2016\/07\/Briefkasten_Hannover_3861_Ni_094808-01.jpg\" \/>\n\t<meta property=\"og:image:width\" content=\"1000\" \/>\n\t<meta property=\"og:image:height\" content=\"1000\" \/>\n\t<meta property=\"og:image:type\" content=\"image\/jpeg\" \/>\n<meta name=\"twitter:card\" content=\"summary_large_image\" \/>\n<meta name=\"twitter:label1\" content=\"Dur\u00e9e de lecture estim\u00e9e\" \/>\n\t<meta name=\"twitter:data1\" content=\"2 minutes\" \/>\n<!-- \/ Yoast SEO Premium plugin. -->","yoast_head_json":{"title":"Hannover - Burg-W\u00e4chter","description":"Petite mais tout d'une grande\u00a0: la bo\u00eete aux lettres en acier inoxydable compacte Hannover Son design petit et compact peut rivaliser avec ses grandes","robots":{"index":"index","follow":"follow","max-snippet":"max-snippet:-1","max-image-preview":"max-image-preview:large","max-video-preview":"max-video-preview:-1"},"canonical":"https:\/\/test.burgwaechterservice.de\/fr\/p\/boites-aux-lettres\/hannover\/","og_locale":"fr_FR","og_type":"article","og_title":"Hannover","og_description":"Petite mais tout d'une grande\u00a0: la bo\u00eete aux lettres en acier inoxydable compacte Hannover Son design petit et compact peut rivaliser avec ses grandes","og_url":"https:\/\/test.burgwaechterservice.de\/fr\/p\/boites-aux-lettres\/hannover\/","og_site_name":"Burg-W\u00e4chter France","article_modified_time":"2019-05-28T08:46:33+00:00","og_image":[{"width":1000,"height":1000,"url":"https:\/\/test.burgwaechterservice.de\/fr\/wp-content\/uploads\/sites\/4\/2016\/07\/Briefkasten_Hannover_3861_Ni_094808-01.jpg","type":"image\/jpeg"}],"twitter_card":"summary_large_image","twitter_misc":{"Dur\u00e9e de lecture estim\u00e9e":"2 minutes"},"schema":{"@context":"https:\/\/schema.org","@graph":[{"@type":"WebPage","@id":"https:\/\/test.burgwaechterservice.de\/fr\/p\/boites-aux-lettres\/hannover\/","url":"https:\/\/test.burgwaechterservice.de\/fr\/p\/boites-aux-lettres\/hannover\/","name":"Hannover - Burg-W\u00e4chter","isPartOf":{"@id":"https:\/\/test.burgwaechterservice.de\/fr\/#website"},"datePublished":"2016-07-21T14:37:35+00:00","dateModified":"2019-05-28T08:46:33+00:00","description":"Petite mais tout d'une grande\u00a0: la bo\u00eete aux lettres en acier inoxydable compacte Hannover Son design petit et compact peut rivaliser avec ses grandes","breadcrumb":{"@id":"https:\/\/test.burgwaechterservice.de\/fr\/p\/boites-aux-lettres\/hannover\/#breadcrumb"},"inLanguage":"fr-FR","potentialAction":[{"@type":"ReadAction","target":["https:\/\/test.burgwaechterservice.de\/fr\/p\/boites-aux-lettres\/hannover\/"]}]},{"@type":"BreadcrumbList","@id":"https:\/\/test.burgwaechterservice.de\/fr\/p\/boites-aux-lettres\/hannover\/#breadcrumb","itemListElement":[{"@type":"ListItem","position":1,"name":"Accueil","item":"https:\/\/test.burgwaechterservice.de\/fr\/"},{"@type":"ListItem","position":2,"name":"Produits","item":"https:\/\/test.burgwaechterservice.de\/fr\/p\/"},{"@type":"ListItem","position":3,"name":"Hannover"}]},{"@type":"WebSite","@id":"https:\/\/test.burgwaechterservice.de\/fr\/#website","url":"https:\/\/test.burgwaechterservice.de\/fr\/","name":"Burg-W\u00e4chter France","description":"Le choix le plus s\u00fbr!","potentialAction":[{"@type":"SearchAction","target":{"@type":"EntryPoint","urlTemplate":"https:\/\/test.burgwaechterservice.de\/fr\/?s={search_term_string}"},"query-input":"required name=search_term_string"}],"inLanguage":"fr-FR"}]}},"_links":{"self":[{"href":"https:\/\/test.burgwaechterservice.de\/fr\/wp-json\/wp\/v2\/product\/32393"}],"collection":[{"href":"https:\/\/test.burgwaechterservice.de\/fr\/wp-json\/wp\/v2\/product"}],"about":[{"href":"https:\/\/test.burgwaechterservice.de\/fr\/wp-json\/wp\/v2\/types\/product"}],"replies":[{"embeddable":true,"href":"https:\/\/test.burgwaechterservice.de\/fr\/wp-json\/wp\/v2\/comments?post=32393"}],"wp:featuredmedia":[{"embeddable":true,"href":"https:\/\/test.burgwaechterservice.de\/fr\/wp-json\/wp\/v2\/media\/32395"}],"wp:attachment":[{"href":"https:\/\/test.burgwaechterservice.de\/fr\/wp-json\/wp\/v2\/media?parent=32393"}],"wp:term":[{"taxonomy":"product_cat","embeddable":true,"href":"https:\/\/test.burgwaechterservice.de\/fr\/wp-json\/wp\/v2\/product_cat?post=32393"},{"taxonomy":"product_tag","embeddable":true,"href":"https:\/\/test.burgwaechterservice.de\/fr\/wp-json\/wp\/v2\/product_tag?post=32393"}],"curies":[{"name":"wp","href":"https:\/\/api.w.org\/{rel}","templated":true}]}}