{"id":32391,"date":"2016-07-21T16:30:18","date_gmt":"2016-07-21T14:30:18","guid":{"rendered":"https:\/\/www.burg.biz\/?post_type=product&#038;p=32391"},"modified":"2016-11-17T14:43:25","modified_gmt":"2016-11-17T13:43:25","slug":"modena-3857-ni","status":"publish","type":"product","link":"https:\/\/test.burgwaechterservice.de\/fr\/p\/boites-aux-lettres\/modena-3857-ni\/","title":{"rendered":"Modena 3857 Ni"},"content":{"rendered":"<p><img decoding=\"async\" class=\"alignnone wp-image-41816\" src=\"https:\/\/test.burgwaechterservice.de\/fr\/wp-content\/uploads\/sites\/4\/2016\/07\/Borkum-38773878ModenaQuadus.jpg\" alt=\"BUW-Icons-BK 4c OK.indd\" width=\"423\" height=\"118\" srcset=\"https:\/\/test.burgwaechterservice.de\/fr\/wp-content\/uploads\/sites\/4\/2016\/07\/Borkum-38773878ModenaQuadus.jpg 1144w, https:\/\/test.burgwaechterservice.de\/fr\/wp-content\/uploads\/sites\/4\/2016\/07\/Borkum-38773878ModenaQuadus-300x84.jpg 300w, https:\/\/test.burgwaechterservice.de\/fr\/wp-content\/uploads\/sites\/4\/2016\/07\/Borkum-38773878ModenaQuadus-768x214.jpg 768w, https:\/\/test.burgwaechterservice.de\/fr\/wp-content\/uploads\/sites\/4\/2016\/07\/Borkum-38773878ModenaQuadus-1024x286.jpg 1024w\" sizes=\"(max-width: 423px) 100vw, 423px\" \/><\/p>\n<h2>La bo\u00eete aux lettres d&#8217;ext\u00e9rieur pratique Modena aux lignes simples et \u00e9l\u00e9gantes<\/h2>\n<p>Les <strong>formes galb\u00e9es<\/strong> du mod\u00e8le Modena avec les <strong>d\u00e9corations agr\u00e9ables au toucher<\/strong> de sa fa\u00e7ade en acier inoxydable en font un plaisir des yeux unique. Son utilisation est encore plus confortable gr\u00e2ce \u00e0 des raffinements suppl\u00e9mentaires.<\/p>\n<h3>Ext\u00e9rieur s\u00e9duisant<\/h3>\n<p>Son design bomb\u00e9 s\u00e9duit par des d\u00e9tails agr\u00e9ables au toucher et par sa face avant en acier inoxydable haut de gamme. Mais le mod\u00e8le Modena marque aussi des points par son caract\u00e8re fonctionnel\u00a0: le <strong>syst\u00e8me d&#8217;arr\u00eat int\u00e9gr\u00e9 en s\u00e9rie<\/strong> de la porte facilite le relev\u00e9 du courrier. La livraison est \u00e9galement ais\u00e9e gr\u00e2ce au format DIN C4 de la fente.<br \/>\nCe mod\u00e8le r\u00e9pond \u00e9galement \u00e0 la norme <strong>EN 13724<\/strong> comme la quasi-totalit\u00e9 de nos bo\u00eetes aux lettres en acier inoxydable.<\/p>\n<h3>Parfait pour une utilisation \u00e0 l&#8217;ext\u00e9rieur<\/h3>\n<p>La bo\u00eete aux lettres Modena est fabriqu\u00e9e enti\u00e8rement en <strong>acier inoxydable brut<\/strong>. Ainsi, elle <strong>r\u00e9siste \u00e0 tous les caprices de la m\u00e9t\u00e9o<\/strong> et bien entendu aussi \u00e0 la rouille. L&#8217;acier inoxydable lui assure aussi une <strong>longue dur\u00e9e de vie.<\/strong><br \/>\nEt son entretien est simple et confortable\u00a0: il vous suffit d&#8217;utiliser un chiffon humide et propre pour la nettoyer.<\/p>\n<h3>Montage de la bo\u00eete aux lettres<\/h3>\n<p>M\u00eame si notre mod\u00e8le Modena r\u00e9siste bien aux humeurs de la m\u00e9t\u00e9o, nous conseillons n\u00e9anmoins de ne pas l&#8217;exposer directement et de mani\u00e8re permanente aux intemp\u00e9ries. Fixez-le <strong>\u00e0 l&#8217;abri du vent et des caprices de la m\u00e9t\u00e9o <\/strong>\u00e0 l&#8217;aide du mat\u00e9riel de fixation compris dans la livraison afin qu&#8217;il vous serve fid\u00e8lement pendant longtemps. Utilisez uniquement les vis en acier inoxydable comprises dans la livraison pour son montage. Un contact permanent avec d&#8217;autres m\u00e9taux peut favoriser l&#8217;apparition de corrosion et il doit donc \u00eatre \u00e9vit\u00e9.<br \/>\nUne autre solution consiste \u00e0 placer votre bo\u00eete aux lettres en acier inoxydable \u00e0 l&#8217;endroit o\u00f9 vous le souhaitez gr\u00e2ce \u00e0 un pied adapt\u00e9.<\/p>\n<p><a href=\"https:\/\/test.burgwaechterservice.de\/fr\/c\/boites-aux-lettres\/boites-aux-lettres-en-batterie-individuelles-sur-pieds-et-poteaux\/\">D\u00e9couvrez ici le pied de bo\u00eete aux lettres adapt\u00e9 \u00e0 votre mod\u00e8le Modena<\/a>.<\/p>\n<h3>Toutes les caract\u00e9ristiques du mod\u00e8le Modena en bref<\/h3>\n<ul>\n<li>Mod\u00e8le \u00e9l\u00e9gant et simple de bo\u00eete aux lettres d&#8217;ext\u00e9rieur<\/li>\n<li>R\u00e9pond \u00e0 la norme EN 13724<\/li>\n<li>Acier inoxydable brut et bross\u00e9<\/li>\n<li>Inoxydable<\/li>\n<li>D\u00e9tail suppl\u00e9mentaire pratique\u00a0: le syst\u00e8me d&#8217;arr\u00eat \u00e9vite que votre courrier ne tombe lorsque vous ouvrez la porte<\/li>\n<li>Format de fente\u00a0: DIN C4<br \/>\n(L x H\u00a0: 325 x 33 mm)<\/li>\n<li>Dimensions L x l x H\u00a0: 335 x 360 x 127 mm<\/li>\n<li>Mat\u00e9riel de fixation compris dans la livraison<\/li>\n<\/ul>\n<table class=\"ausfuehrung\">\n<thead>\n<tr>\n<td>Article<\/td>\n<td>H x L x P<\/td>\n<td>Fente<\/td>\n<\/tr>\n<tr>\n<td class=\"subdesc\"><\/td>\n<td class=\"subdesc\">mm<\/td>\n<td class=\"subdesc\">L x H (mm)<\/td>\n<\/tr>\n<\/thead>\n<tbody>\n<tr>\n<td>3857 Ni<\/td>\n<td>335 x 360 x 127<\/td>\n<td>325 x 33<\/td>\n<\/tr>\n<\/tbody>\n<\/table>\n","protected":false},"excerpt":{"rendered":"<p>La bo\u00eete aux lettres d&#8217;ext\u00e9rieur pratique Modena aux lignes simples et \u00e9l\u00e9gantes Les formes galb\u00e9es du mod\u00e8le Modena avec les d\u00e9corations agr\u00e9ables au toucher de sa fa\u00e7ade en acier inoxydable en font un plaisir des yeux unique. Son utilisation est &hellip; <a class=\"kt-excerpt-readmore\" href=\"https:\/\/test.burgwaechterservice.de\/fr\/p\/boites-aux-lettres\/modena-3857-ni\/\" aria-label=\"Modena 3857 Ni\">Lire la suite<\/a><\/p>\n","protected":false},"featured_media":32392,"comment_status":"closed","ping_status":"closed","template":"","meta":[],"product_cat":[23,25],"product_tag":[],"yoast_head":"<!-- This site is optimized with the Yoast SEO Premium plugin v18.4 (Yoast SEO v19.13) - https:\/\/yoast.com\/wordpress\/plugins\/seo\/ -->\n<title>Modena 3857 Ni - Burg-W\u00e4chter<\/title>\n<meta name=\"description\" content=\"La bo\u00eete aux lettres d&#039;ext\u00e9rieur pratique Modena aux lignes simples et \u00e9l\u00e9gantes Les formes galb\u00e9es du mod\u00e8le Modena avec les d\u00e9corations agr\u00e9ables au\" \/>\n<meta name=\"robots\" content=\"index, follow, max-snippet:-1, max-image-preview:large, max-video-preview:-1\" \/>\n<link rel=\"canonical\" href=\"https:\/\/test.burgwaechterservice.de\/fr\/p\/boites-aux-lettres\/modena-3857-ni\/\" \/>\n<meta property=\"og:locale\" content=\"fr_FR\" \/>\n<meta property=\"og:type\" content=\"article\" \/>\n<meta property=\"og:title\" content=\"Modena 3857 Ni\" \/>\n<meta property=\"og:description\" content=\"La bo\u00eete aux lettres d&#039;ext\u00e9rieur pratique Modena aux lignes simples et \u00e9l\u00e9gantes Les formes galb\u00e9es du mod\u00e8le Modena avec les d\u00e9corations agr\u00e9ables au\" \/>\n<meta property=\"og:url\" content=\"https:\/\/test.burgwaechterservice.de\/fr\/p\/boites-aux-lettres\/modena-3857-ni\/\" \/>\n<meta property=\"og:site_name\" content=\"Burg-W\u00e4chter France\" \/>\n<meta property=\"article:modified_time\" content=\"2016-11-17T13:43:25+00:00\" \/>\n<meta property=\"og:image\" content=\"https:\/\/test.burgwaechterservice.de\/fr\/wp-content\/uploads\/sites\/4\/2016\/07\/Briefkasten_Modena_3857_Ni_017401-01.jpg\" \/>\n\t<meta property=\"og:image:width\" content=\"1181\" \/>\n\t<meta property=\"og:image:height\" content=\"1181\" \/>\n\t<meta property=\"og:image:type\" content=\"image\/jpeg\" \/>\n<meta name=\"twitter:card\" content=\"summary_large_image\" \/>\n<meta name=\"twitter:label1\" content=\"Dur\u00e9e de lecture estim\u00e9e\" \/>\n\t<meta name=\"twitter:data1\" content=\"2 minutes\" \/>\n<!-- \/ Yoast SEO Premium plugin. -->","yoast_head_json":{"title":"Modena 3857 Ni - Burg-W\u00e4chter","description":"La bo\u00eete aux lettres d'ext\u00e9rieur pratique Modena aux lignes simples et \u00e9l\u00e9gantes Les formes galb\u00e9es du mod\u00e8le Modena avec les d\u00e9corations agr\u00e9ables au","robots":{"index":"index","follow":"follow","max-snippet":"max-snippet:-1","max-image-preview":"max-image-preview:large","max-video-preview":"max-video-preview:-1"},"canonical":"https:\/\/test.burgwaechterservice.de\/fr\/p\/boites-aux-lettres\/modena-3857-ni\/","og_locale":"fr_FR","og_type":"article","og_title":"Modena 3857 Ni","og_description":"La bo\u00eete aux lettres d'ext\u00e9rieur pratique Modena aux lignes simples et \u00e9l\u00e9gantes Les formes galb\u00e9es du mod\u00e8le Modena avec les d\u00e9corations agr\u00e9ables au","og_url":"https:\/\/test.burgwaechterservice.de\/fr\/p\/boites-aux-lettres\/modena-3857-ni\/","og_site_name":"Burg-W\u00e4chter France","article_modified_time":"2016-11-17T13:43:25+00:00","og_image":[{"width":1181,"height":1181,"url":"https:\/\/test.burgwaechterservice.de\/fr\/wp-content\/uploads\/sites\/4\/2016\/07\/Briefkasten_Modena_3857_Ni_017401-01.jpg","type":"image\/jpeg"}],"twitter_card":"summary_large_image","twitter_misc":{"Dur\u00e9e de lecture estim\u00e9e":"2 minutes"},"schema":{"@context":"https:\/\/schema.org","@graph":[{"@type":"WebPage","@id":"https:\/\/test.burgwaechterservice.de\/fr\/p\/boites-aux-lettres\/modena-3857-ni\/","url":"https:\/\/test.burgwaechterservice.de\/fr\/p\/boites-aux-lettres\/modena-3857-ni\/","name":"Modena 3857 Ni - Burg-W\u00e4chter","isPartOf":{"@id":"https:\/\/test.burgwaechterservice.de\/fr\/#website"},"datePublished":"2016-07-21T14:30:18+00:00","dateModified":"2016-11-17T13:43:25+00:00","description":"La bo\u00eete aux lettres d'ext\u00e9rieur pratique Modena aux lignes simples et \u00e9l\u00e9gantes Les formes galb\u00e9es du mod\u00e8le Modena avec les d\u00e9corations agr\u00e9ables au","breadcrumb":{"@id":"https:\/\/test.burgwaechterservice.de\/fr\/p\/boites-aux-lettres\/modena-3857-ni\/#breadcrumb"},"inLanguage":"fr-FR","potentialAction":[{"@type":"ReadAction","target":["https:\/\/test.burgwaechterservice.de\/fr\/p\/boites-aux-lettres\/modena-3857-ni\/"]}]},{"@type":"BreadcrumbList","@id":"https:\/\/test.burgwaechterservice.de\/fr\/p\/boites-aux-lettres\/modena-3857-ni\/#breadcrumb","itemListElement":[{"@type":"ListItem","position":1,"name":"Accueil","item":"https:\/\/test.burgwaechterservice.de\/fr\/"},{"@type":"ListItem","position":2,"name":"Produits","item":"https:\/\/test.burgwaechterservice.de\/fr\/p\/"},{"@type":"ListItem","position":3,"name":"Modena 3857 Ni"}]},{"@type":"WebSite","@id":"https:\/\/test.burgwaechterservice.de\/fr\/#website","url":"https:\/\/test.burgwaechterservice.de\/fr\/","name":"Burg-W\u00e4chter France","description":"Le choix le plus s\u00fbr!","potentialAction":[{"@type":"SearchAction","target":{"@type":"EntryPoint","urlTemplate":"https:\/\/test.burgwaechterservice.de\/fr\/?s={search_term_string}"},"query-input":"required name=search_term_string"}],"inLanguage":"fr-FR"}]}},"_links":{"self":[{"href":"https:\/\/test.burgwaechterservice.de\/fr\/wp-json\/wp\/v2\/product\/32391"}],"collection":[{"href":"https:\/\/test.burgwaechterservice.de\/fr\/wp-json\/wp\/v2\/product"}],"about":[{"href":"https:\/\/test.burgwaechterservice.de\/fr\/wp-json\/wp\/v2\/types\/product"}],"replies":[{"embeddable":true,"href":"https:\/\/test.burgwaechterservice.de\/fr\/wp-json\/wp\/v2\/comments?post=32391"}],"wp:featuredmedia":[{"embeddable":true,"href":"https:\/\/test.burgwaechterservice.de\/fr\/wp-json\/wp\/v2\/media\/32392"}],"wp:attachment":[{"href":"https:\/\/test.burgwaechterservice.de\/fr\/wp-json\/wp\/v2\/media?parent=32391"}],"wp:term":[{"taxonomy":"product_cat","embeddable":true,"href":"https:\/\/test.burgwaechterservice.de\/fr\/wp-json\/wp\/v2\/product_cat?post=32391"},{"taxonomy":"product_tag","embeddable":true,"href":"https:\/\/test.burgwaechterservice.de\/fr\/wp-json\/wp\/v2\/product_tag?post=32391"}],"curies":[{"name":"wp","href":"https:\/\/api.w.org\/{rel}","templated":true}]}}