{"id":32386,"date":"2016-07-21T16:17:31","date_gmt":"2016-07-21T14:17:31","guid":{"rendered":"https:\/\/www.burg.biz\/?post_type=product&#038;p=32386"},"modified":"2019-10-21T14:45:41","modified_gmt":"2019-10-21T12:45:41","slug":"hamburg3815-ni","status":"publish","type":"product","link":"https:\/\/test.burgwaechterservice.de\/fr\/p\/boites-aux-lettres\/hamburg3815-ni\/","title":{"rendered":"Hamburg 3815 Ni"},"content":{"rendered":"<p><img decoding=\"async\" class=\"alignnone wp-image-41808\" src=\"https:\/\/test.burgwaechterservice.de\/fr\/wp-content\/uploads\/sites\/4\/2016\/07\/Toscana-Riviera-Hamburg.jpg\" alt=\"BUW-Icons-BK 4c OK.indd\" width=\"306\" height=\"118\" srcset=\"https:\/\/test.burgwaechterservice.de\/fr\/wp-content\/uploads\/sites\/4\/2016\/07\/Toscana-Riviera-Hamburg.jpg 828w, https:\/\/test.burgwaechterservice.de\/fr\/wp-content\/uploads\/sites\/4\/2016\/07\/Toscana-Riviera-Hamburg-300x116.jpg 300w, https:\/\/test.burgwaechterservice.de\/fr\/wp-content\/uploads\/sites\/4\/2016\/07\/Toscana-Riviera-Hamburg-768x296.jpg 768w\" sizes=\"(max-width: 306px) 100vw, 306px\" \/><\/p>\n<h2>La bo\u00eete aux lettres Hamburg avec porte-journaux int\u00e9gr\u00e9 et vernis de protection<\/h2>\n<p>La conception plate de la bo\u00eete aux lettres s\u00e9duit par son <strong>\u00e9l\u00e9gance simple<\/strong> et par de nombreux d\u00e9tails pratiques.<\/p>\n<h3>Forme mince et compacte<\/h3>\n<p>Les <strong>lignes \u00e9l\u00e9gamment arqu\u00e9es<\/strong> et la <strong>simplicit\u00e9 moderne<\/strong> de la bo\u00eete aux lettres en acier inoxydable Hamburg remporteront les suffrages de tout amateur de design qui se respecte. Le <strong>porte-journaux int\u00e9gr\u00e9<\/strong> offre encore plus de confort et prot\u00e8ge vos journaux, magazines et revues. Le mod\u00e8le Hamburg dispose d&#8217;un <strong>cylindre de qualit\u00e9<\/strong> et d&#8217;un <strong>syst\u00e8me d&#8217;arr\u00eat incorpor\u00e9<\/strong> dans la porte pour faciliter le relev\u00e9 du courrier.<br \/>\nLa fente est au format standard DIN C4 pour recevoir intactes des enveloppes grand format.<\/p>\n<p>La structure de cette bo\u00eete aux lettres r\u00e9pond \u00e0 la norme europ\u00e9enne EN 13724.<\/p>\n<h3>Acier inoxydable<\/h3>\n<p>Le mat\u00e9riau utilis\u00e9 en <strong>acier inoxydable <\/strong>est par nature extr\u00eamement <strong>p\u00e9renne<\/strong>, <strong>facile d&#8217;entretien<\/strong> et <strong>r\u00e9sistant<\/strong>, surtout pour ce qui est des influences de la m\u00e9t\u00e9o.<\/p>\n<p><strong>Conseil d&#8217;entretien\u00a0:<\/strong> nettoyez r\u00e9guli\u00e8rement votre bo\u00eete aux lettres avec un tissu humide et propre. Les bo\u00eetes aux lettres en acier inoxydable de BURG-W\u00c4CHTER n&#8217;ont pas besoin de davantage d&#8217;attention.<\/p>\n<h3>Conseil de montage de la bo\u00eete aux lettres<\/h3>\n<p>BURG-W\u00c4CHTER conseille de ne pas exposer votre bo\u00eete aux lettres directement et en permanence aux intemp\u00e9ries. La bo\u00eete aux lettres Hamburg en acier inoxydable de qualit\u00e9 ne craint certes pas les caprices de la m\u00e9t\u00e9o, mais elle remplira son r\u00f4le plus longtemps si vous la montez \u00e0 un <strong>endroit prot\u00e9g\u00e9 des intemp\u00e9ries<\/strong>. Le mat\u00e9riel de fixation est livr\u00e9 avec la bo\u00eete aux lettres pour un montage rapide.<\/p>\n<h3>Le mod\u00e8le Hamburg en bref<\/h3>\n<ul>\n<li>Avec porte-journaux int\u00e9gr\u00e9<\/li>\n<li>R\u00e9pond \u00e0 la norme EN 13724<\/li>\n<li>Cylindre inclus<\/li>\n<li>Porte avec syst\u00e8me d&#8217;arr\u00eat<\/li>\n<li>Format de fente\u00a0: DIN C4<br \/>\n(L x H\u00a0: 245 x 35 mm)<\/li>\n<li>Dimensions L x l x H\u00a0: 478 x 322 x 152 mm<\/li>\n<li>Mat\u00e9riel de fixation compris dans la livraison<\/li>\n<\/ul>\n<table class=\"ausfuehrung\">\n<thead>\n<tr>\n<td>Article<\/td>\n<td>H x L x P<\/td>\n<td>Fente<\/td>\n<\/tr>\n<tr>\n<td class=\"subdesc\"><\/td>\n<td class=\"subdesc\">mm<\/td>\n<td class=\"subdesc\">L x H (mm)<\/td>\n<\/tr>\n<\/thead>\n<tbody>\n<tr>\n<td>3815 Ni<\/td>\n<td>478\u00a0x\u00a0322 x 152<\/td>\n<td>245\u00a0x 35<\/td>\n<\/tr>\n<\/tbody>\n<\/table>\n","protected":false},"excerpt":{"rendered":"<p>La bo\u00eete aux lettres Hamburg avec porte-journaux int\u00e9gr\u00e9 et vernis de protection La conception plate de la bo\u00eete aux lettres s\u00e9duit par son \u00e9l\u00e9gance simple et par de nombreux d\u00e9tails pratiques. Forme mince et compacte Les lignes \u00e9l\u00e9gamment arqu\u00e9es et &hellip; <a class=\"kt-excerpt-readmore\" href=\"https:\/\/test.burgwaechterservice.de\/fr\/p\/boites-aux-lettres\/hamburg3815-ni\/\" aria-label=\"Hamburg 3815 Ni\">Lire la suite<\/a><\/p>\n","protected":false},"featured_media":32389,"comment_status":"closed","ping_status":"closed","template":"","meta":[],"product_cat":[23,25],"product_tag":[],"yoast_head":"<!-- This site is optimized with the Yoast SEO Premium plugin v18.4 (Yoast SEO v19.13) - https:\/\/yoast.com\/wordpress\/plugins\/seo\/ -->\n<title>Hamburg3815 Ni - Burg-W\u00e4chter<\/title>\n<meta name=\"description\" content=\"La bo\u00eete aux lettres Hamburg avec porte-journaux int\u00e9gr\u00e9 et vernis de protection La conception plate de la bo\u00eete aux lettres s\u00e9duit par son \u00e9l\u00e9gance\" \/>\n<meta name=\"robots\" content=\"index, follow, max-snippet:-1, max-image-preview:large, max-video-preview:-1\" \/>\n<link rel=\"canonical\" href=\"https:\/\/test.burgwaechterservice.de\/fr\/p\/boites-aux-lettres\/hamburg3815-ni\/\" \/>\n<meta property=\"og:locale\" content=\"fr_FR\" \/>\n<meta property=\"og:type\" content=\"article\" \/>\n<meta property=\"og:title\" content=\"Hamburg 3815 Ni\" \/>\n<meta property=\"og:description\" content=\"La bo\u00eete aux lettres Hamburg avec porte-journaux int\u00e9gr\u00e9 et vernis de protection La conception plate de la bo\u00eete aux lettres s\u00e9duit par son \u00e9l\u00e9gance\" \/>\n<meta property=\"og:url\" content=\"https:\/\/test.burgwaechterservice.de\/fr\/p\/boites-aux-lettres\/hamburg3815-ni\/\" \/>\n<meta property=\"og:site_name\" content=\"Burg-W\u00e4chter France\" \/>\n<meta property=\"article:modified_time\" content=\"2019-10-21T12:45:41+00:00\" \/>\n<meta property=\"og:image\" content=\"https:\/\/test.burgwaechterservice.de\/fr\/wp-content\/uploads\/sites\/4\/2016\/07\/Briefkasten_Hamburg_3815_Ni_381304-01-1.jpg\" \/>\n\t<meta property=\"og:image:width\" content=\"1206\" \/>\n\t<meta property=\"og:image:height\" content=\"1394\" \/>\n\t<meta property=\"og:image:type\" content=\"image\/jpeg\" \/>\n<meta name=\"twitter:card\" content=\"summary_large_image\" \/>\n<meta name=\"twitter:label1\" content=\"Dur\u00e9e de lecture estim\u00e9e\" \/>\n\t<meta name=\"twitter:data1\" content=\"2 minutes\" \/>\n<!-- \/ Yoast SEO Premium plugin. -->","yoast_head_json":{"title":"Hamburg3815 Ni - Burg-W\u00e4chter","description":"La bo\u00eete aux lettres Hamburg avec porte-journaux int\u00e9gr\u00e9 et vernis de protection La conception plate de la bo\u00eete aux lettres s\u00e9duit par son \u00e9l\u00e9gance","robots":{"index":"index","follow":"follow","max-snippet":"max-snippet:-1","max-image-preview":"max-image-preview:large","max-video-preview":"max-video-preview:-1"},"canonical":"https:\/\/test.burgwaechterservice.de\/fr\/p\/boites-aux-lettres\/hamburg3815-ni\/","og_locale":"fr_FR","og_type":"article","og_title":"Hamburg 3815 Ni","og_description":"La bo\u00eete aux lettres Hamburg avec porte-journaux int\u00e9gr\u00e9 et vernis de protection La conception plate de la bo\u00eete aux lettres s\u00e9duit par son \u00e9l\u00e9gance","og_url":"https:\/\/test.burgwaechterservice.de\/fr\/p\/boites-aux-lettres\/hamburg3815-ni\/","og_site_name":"Burg-W\u00e4chter France","article_modified_time":"2019-10-21T12:45:41+00:00","og_image":[{"width":1206,"height":1394,"url":"https:\/\/test.burgwaechterservice.de\/fr\/wp-content\/uploads\/sites\/4\/2016\/07\/Briefkasten_Hamburg_3815_Ni_381304-01-1.jpg","type":"image\/jpeg"}],"twitter_card":"summary_large_image","twitter_misc":{"Dur\u00e9e de lecture estim\u00e9e":"2 minutes"},"schema":{"@context":"https:\/\/schema.org","@graph":[{"@type":"WebPage","@id":"https:\/\/test.burgwaechterservice.de\/fr\/p\/boites-aux-lettres\/hamburg3815-ni\/","url":"https:\/\/test.burgwaechterservice.de\/fr\/p\/boites-aux-lettres\/hamburg3815-ni\/","name":"Hamburg3815 Ni - Burg-W\u00e4chter","isPartOf":{"@id":"https:\/\/test.burgwaechterservice.de\/fr\/#website"},"datePublished":"2016-07-21T14:17:31+00:00","dateModified":"2019-10-21T12:45:41+00:00","description":"La bo\u00eete aux lettres Hamburg avec porte-journaux int\u00e9gr\u00e9 et vernis de protection La conception plate de la bo\u00eete aux lettres s\u00e9duit par son \u00e9l\u00e9gance","breadcrumb":{"@id":"https:\/\/test.burgwaechterservice.de\/fr\/p\/boites-aux-lettres\/hamburg3815-ni\/#breadcrumb"},"inLanguage":"fr-FR","potentialAction":[{"@type":"ReadAction","target":["https:\/\/test.burgwaechterservice.de\/fr\/p\/boites-aux-lettres\/hamburg3815-ni\/"]}]},{"@type":"BreadcrumbList","@id":"https:\/\/test.burgwaechterservice.de\/fr\/p\/boites-aux-lettres\/hamburg3815-ni\/#breadcrumb","itemListElement":[{"@type":"ListItem","position":1,"name":"Accueil","item":"https:\/\/test.burgwaechterservice.de\/fr\/"},{"@type":"ListItem","position":2,"name":"Produits","item":"https:\/\/test.burgwaechterservice.de\/fr\/p\/"},{"@type":"ListItem","position":3,"name":"Hamburg 3815 Ni"}]},{"@type":"WebSite","@id":"https:\/\/test.burgwaechterservice.de\/fr\/#website","url":"https:\/\/test.burgwaechterservice.de\/fr\/","name":"Burg-W\u00e4chter France","description":"Le choix le plus s\u00fbr!","potentialAction":[{"@type":"SearchAction","target":{"@type":"EntryPoint","urlTemplate":"https:\/\/test.burgwaechterservice.de\/fr\/?s={search_term_string}"},"query-input":"required name=search_term_string"}],"inLanguage":"fr-FR"}]}},"_links":{"self":[{"href":"https:\/\/test.burgwaechterservice.de\/fr\/wp-json\/wp\/v2\/product\/32386"}],"collection":[{"href":"https:\/\/test.burgwaechterservice.de\/fr\/wp-json\/wp\/v2\/product"}],"about":[{"href":"https:\/\/test.burgwaechterservice.de\/fr\/wp-json\/wp\/v2\/types\/product"}],"replies":[{"embeddable":true,"href":"https:\/\/test.burgwaechterservice.de\/fr\/wp-json\/wp\/v2\/comments?post=32386"}],"wp:featuredmedia":[{"embeddable":true,"href":"https:\/\/test.burgwaechterservice.de\/fr\/wp-json\/wp\/v2\/media\/32389"}],"wp:attachment":[{"href":"https:\/\/test.burgwaechterservice.de\/fr\/wp-json\/wp\/v2\/media?parent=32386"}],"wp:term":[{"taxonomy":"product_cat","embeddable":true,"href":"https:\/\/test.burgwaechterservice.de\/fr\/wp-json\/wp\/v2\/product_cat?post=32386"},{"taxonomy":"product_tag","embeddable":true,"href":"https:\/\/test.burgwaechterservice.de\/fr\/wp-json\/wp\/v2\/product_tag?post=32386"}],"curies":[{"name":"wp","href":"https:\/\/api.w.org\/{rel}","templated":true}]}}