{"id":32381,"date":"2016-07-21T15:55:30","date_gmt":"2016-07-21T13:55:30","guid":{"rendered":"https:\/\/www.burg.biz\/?post_type=product&#038;p=32381"},"modified":"2019-10-21T15:01:17","modified_gmt":"2019-10-21T13:01:17","slug":"toscana-3856-ni","status":"publish","type":"product","link":"https:\/\/test.burgwaechterservice.de\/fr\/p\/boites-aux-lettres\/toscana-3856-ni\/","title":{"rendered":"Toscana 3856 Ni"},"content":{"rendered":"<p><img decoding=\"async\" class=\"alignnone wp-image-41808\" src=\"https:\/\/test.burgwaechterservice.de\/fr\/wp-content\/uploads\/sites\/4\/2016\/07\/Toscana-Riviera-Hamburg.jpg\" alt=\"BUW-Icons-BK 4c OK.indd\" width=\"306\" height=\"118\" srcset=\"https:\/\/test.burgwaechterservice.de\/fr\/wp-content\/uploads\/sites\/4\/2016\/07\/Toscana-Riviera-Hamburg.jpg 828w, https:\/\/test.burgwaechterservice.de\/fr\/wp-content\/uploads\/sites\/4\/2016\/07\/Toscana-Riviera-Hamburg-300x116.jpg 300w, https:\/\/test.burgwaechterservice.de\/fr\/wp-content\/uploads\/sites\/4\/2016\/07\/Toscana-Riviera-Hamburg-768x296.jpg 768w\" sizes=\"(max-width: 306px) 100vw, 306px\" \/><\/p>\n<h2>NOUVEAU\u00a0: La bo\u00eete aux lettres Toscana en acier inoxydable et aux lignes esth\u00e9tiques<\/h2>\n<p>Notre petite nouvelle : La bo\u00eete aux lettres Toscana de BURG-W\u00c4CHTER <strong>au design galb\u00e9<\/strong>. Le corps de cette variante de la bo\u00eete aux lettres Toscana est en acier inoxydable. Gr\u00e2ce \u00e0 l&#8217;acier inoxydable, le look est moderne et intemporel.<\/p>\n<h3>Design galb\u00e9 et \u00e9pur\u00e9<\/h3>\n<p>La forme courb\u00e9e et l&#8217;acier inoxydable de haute qualit\u00e9 conf\u00e8rent au design de la nouvelle bo\u00eete aux lettres Toscana <strong>une \u00e9l\u00e9gance exceptionnelle.<\/strong> L&#8217;aspect fignol\u00e9 offre un contraste l\u00e9ger et agr\u00e9able avec presque toutes les fa\u00e7ades d&#8217;une maison.<br \/>\nLa fente au format DIN C4 est prot\u00e9g\u00e9e efficacement par le<strong> toit inclinable<\/strong> aux lignes esth\u00e9tiques. La lev\u00e9e du courrier est encore plus facile gr\u00e2ce <strong>au syst\u00e8me d&#8217;arr\u00eat de porte int\u00e9gr\u00e9.<\/strong><br \/>\nLe nouveau mod\u00e8le a d\u00e9j\u00e0 \u00e9t\u00e9 test\u00e9 selon la norme europ\u00e9enne (EN) 13724.<\/p>\n<h3>Rev\u00eatement protecteur sur toute la surface<\/h3>\n<p>Le corps de la boite aux lettres Toscana est en <strong>acier inoxydable <\/strong>et est de plus <strong>recouvert d&#8217;un vernis protecteur sur toute sa surface.<\/strong> Cela renforce la surface d\u00e9j\u00e0 r\u00e9sistante \u00e0 l&#8217;origine et assure de plus une sensation au toucher encore plus agr\u00e9able.<br \/>\nConcernant le nettoyage, nous recommandons d&#8217;utiliser uniquement un chiffon humide et propre. C&#8217;est aussi simple que cela de conserver la bo\u00eete aux lettres Toscana dans un \u00e9tat optimal pendant longtemps.<\/p>\n<h3>Montage de la bo\u00eete aux lettres<\/h3>\n<p>BURG-W\u00c4CHTER recommande\u00a0: <u>N&#8217;exposez pas <\/u>votre bo\u00eete aux lettres en permanence et directement aux conditions climatiques. Il est conseill\u00e9, pour garantir une long\u00e9vit\u00e9 optimale, de la monter sur la fa\u00e7ade de la maison \u00e0 l&#8217;aide du mat\u00e9riel de fixation fourni \u00e0 la livraison, de pr\u00e9f\u00e9rence \u00e0 <strong>un endroit prot\u00e9g\u00e9 des intemp\u00e9ries.<\/strong><br \/>\nDans les m\u00eames conditions, et au moyen d&#8217;un pied adapt\u00e9, vous pouvez librement placer votre bo\u00eete aux lettres Toscana \u00e0 l&#8217;emplacement de votre choix.<br \/>\n<a href=\"https:\/\/test.burgwaechterservice.de\/fr\/c\/boites-aux-lettres\/boites-aux-lettres-en-batterie-individuelles-sur-pieds-et-poteaux\/\">D\u00e9couvrez ici notre gamme de pieds de bo\u00eete aux lettres<\/a>.<\/p>\n<h3>La nouvelle boite aux lettres Toscana de BURG-W\u00c4CHTER<\/h3>\n<ul>\n<li>Design galb\u00e9 et \u00e9pur\u00e9<\/li>\n<li>Test\u00e9 selon la norme europ\u00e9enne EN 13724<\/li>\n<li>Acier inoxydable<\/li>\n<li>Avec toit inclinable<\/li>\n<li>Arr\u00eat de porte int\u00e9gr\u00e9<\/li>\n<li>Format de fente\u00a0DIN C4<br \/>\n(L x H\u00a0: 325 x 35 mm)<\/li>\n<li>Dimensions L x l x H\u00a0: 330 x 376 x 106 mm<\/li>\n<li>Mat\u00e9riel de montage inclus<\/li>\n<\/ul>\n<table class=\"ausfuehrung\">\n<thead>\n<tr>\n<td>Article<\/td>\n<td>H x L x P<\/td>\n<td>Fente<\/td>\n<\/tr>\n<tr>\n<td class=\"subdesc\"><\/td>\n<td class=\"subdesc\">mm<\/td>\n<td class=\"subdesc\">L x H (mm)<\/td>\n<\/tr>\n<\/thead>\n<tbody>\n<tr>\n<td>3856 Ni<\/td>\n<td>330 x 376 x 106<\/td>\n<td>325 x 35<\/td>\n<\/tr>\n<\/tbody>\n<\/table>\n","protected":false},"excerpt":{"rendered":"<p>NOUVEAU\u00a0: La bo\u00eete aux lettres Toscana en acier inoxydable et aux lignes esth\u00e9tiques Notre petite nouvelle : La bo\u00eete aux lettres Toscana de BURG-W\u00c4CHTER au design galb\u00e9. Le corps de cette variante de la bo\u00eete aux lettres Toscana est en &hellip; <a class=\"kt-excerpt-readmore\" href=\"https:\/\/test.burgwaechterservice.de\/fr\/p\/boites-aux-lettres\/toscana-3856-ni\/\" aria-label=\"Toscana 3856 Ni\">Lire la suite<\/a><\/p>\n","protected":false},"featured_media":32383,"comment_status":"closed","ping_status":"closed","template":"","meta":[],"product_cat":[23,25],"product_tag":[],"yoast_head":"<!-- This site is optimized with the Yoast SEO Premium plugin v18.4 (Yoast SEO v19.13) - https:\/\/yoast.com\/wordpress\/plugins\/seo\/ -->\n<title>Toscana 3856 Ni - Burg-W\u00e4chter<\/title>\n<meta name=\"description\" content=\"La bo\u00eete aux lettres Toscana de BURG-W\u00c4CHTER au design galb\u00e9. Le corps de cette variante de la bo\u00eete aux lettres Toscana est en acier inoxydable.\" \/>\n<meta name=\"robots\" content=\"index, follow, max-snippet:-1, max-image-preview:large, max-video-preview:-1\" \/>\n<link rel=\"canonical\" href=\"https:\/\/test.burgwaechterservice.de\/fr\/p\/boites-aux-lettres\/toscana-3856-ni\/\" \/>\n<meta property=\"og:locale\" content=\"fr_FR\" \/>\n<meta property=\"og:type\" content=\"article\" \/>\n<meta property=\"og:title\" content=\"Toscana 3856 Ni\" \/>\n<meta property=\"og:description\" content=\"La bo\u00eete aux lettres Toscana de BURG-W\u00c4CHTER au design galb\u00e9. Le corps de cette variante de la bo\u00eete aux lettres Toscana est en acier inoxydable.\" \/>\n<meta property=\"og:url\" content=\"https:\/\/test.burgwaechterservice.de\/fr\/p\/boites-aux-lettres\/toscana-3856-ni\/\" \/>\n<meta property=\"og:site_name\" content=\"Burg-W\u00e4chter France\" \/>\n<meta property=\"article:modified_time\" content=\"2019-10-21T13:01:17+00:00\" \/>\n<meta property=\"og:image\" content=\"https:\/\/test.burgwaechterservice.de\/fr\/wp-content\/uploads\/sites\/4\/2016\/07\/Briefkasten_Toscana_3856_Ni_386408-01.jpg\" \/>\n\t<meta property=\"og:image:width\" content=\"1645\" \/>\n\t<meta property=\"og:image:height\" content=\"1417\" \/>\n\t<meta property=\"og:image:type\" content=\"image\/jpeg\" \/>\n<meta name=\"twitter:card\" content=\"summary_large_image\" \/>\n<meta name=\"twitter:label1\" content=\"Dur\u00e9e de lecture estim\u00e9e\" \/>\n\t<meta name=\"twitter:data1\" content=\"2 minutes\" \/>\n<!-- \/ Yoast SEO Premium plugin. -->","yoast_head_json":{"title":"Toscana 3856 Ni - Burg-W\u00e4chter","description":"La bo\u00eete aux lettres Toscana de BURG-W\u00c4CHTER au design galb\u00e9. Le corps de cette variante de la bo\u00eete aux lettres Toscana est en acier inoxydable.","robots":{"index":"index","follow":"follow","max-snippet":"max-snippet:-1","max-image-preview":"max-image-preview:large","max-video-preview":"max-video-preview:-1"},"canonical":"https:\/\/test.burgwaechterservice.de\/fr\/p\/boites-aux-lettres\/toscana-3856-ni\/","og_locale":"fr_FR","og_type":"article","og_title":"Toscana 3856 Ni","og_description":"La bo\u00eete aux lettres Toscana de BURG-W\u00c4CHTER au design galb\u00e9. Le corps de cette variante de la bo\u00eete aux lettres Toscana est en acier inoxydable.","og_url":"https:\/\/test.burgwaechterservice.de\/fr\/p\/boites-aux-lettres\/toscana-3856-ni\/","og_site_name":"Burg-W\u00e4chter France","article_modified_time":"2019-10-21T13:01:17+00:00","og_image":[{"width":1645,"height":1417,"url":"https:\/\/test.burgwaechterservice.de\/fr\/wp-content\/uploads\/sites\/4\/2016\/07\/Briefkasten_Toscana_3856_Ni_386408-01.jpg","type":"image\/jpeg"}],"twitter_card":"summary_large_image","twitter_misc":{"Dur\u00e9e de lecture estim\u00e9e":"2 minutes"},"schema":{"@context":"https:\/\/schema.org","@graph":[{"@type":"WebPage","@id":"https:\/\/test.burgwaechterservice.de\/fr\/p\/boites-aux-lettres\/toscana-3856-ni\/","url":"https:\/\/test.burgwaechterservice.de\/fr\/p\/boites-aux-lettres\/toscana-3856-ni\/","name":"Toscana 3856 Ni - Burg-W\u00e4chter","isPartOf":{"@id":"https:\/\/test.burgwaechterservice.de\/fr\/#website"},"datePublished":"2016-07-21T13:55:30+00:00","dateModified":"2019-10-21T13:01:17+00:00","description":"La bo\u00eete aux lettres Toscana de BURG-W\u00c4CHTER au design galb\u00e9. Le corps de cette variante de la bo\u00eete aux lettres Toscana est en acier inoxydable.","breadcrumb":{"@id":"https:\/\/test.burgwaechterservice.de\/fr\/p\/boites-aux-lettres\/toscana-3856-ni\/#breadcrumb"},"inLanguage":"fr-FR","potentialAction":[{"@type":"ReadAction","target":["https:\/\/test.burgwaechterservice.de\/fr\/p\/boites-aux-lettres\/toscana-3856-ni\/"]}]},{"@type":"BreadcrumbList","@id":"https:\/\/test.burgwaechterservice.de\/fr\/p\/boites-aux-lettres\/toscana-3856-ni\/#breadcrumb","itemListElement":[{"@type":"ListItem","position":1,"name":"Accueil","item":"https:\/\/test.burgwaechterservice.de\/fr\/"},{"@type":"ListItem","position":2,"name":"Produits","item":"https:\/\/test.burgwaechterservice.de\/fr\/p\/"},{"@type":"ListItem","position":3,"name":"Toscana 3856 Ni"}]},{"@type":"WebSite","@id":"https:\/\/test.burgwaechterservice.de\/fr\/#website","url":"https:\/\/test.burgwaechterservice.de\/fr\/","name":"Burg-W\u00e4chter France","description":"Le choix le plus s\u00fbr!","potentialAction":[{"@type":"SearchAction","target":{"@type":"EntryPoint","urlTemplate":"https:\/\/test.burgwaechterservice.de\/fr\/?s={search_term_string}"},"query-input":"required name=search_term_string"}],"inLanguage":"fr-FR"}]}},"_links":{"self":[{"href":"https:\/\/test.burgwaechterservice.de\/fr\/wp-json\/wp\/v2\/product\/32381"}],"collection":[{"href":"https:\/\/test.burgwaechterservice.de\/fr\/wp-json\/wp\/v2\/product"}],"about":[{"href":"https:\/\/test.burgwaechterservice.de\/fr\/wp-json\/wp\/v2\/types\/product"}],"replies":[{"embeddable":true,"href":"https:\/\/test.burgwaechterservice.de\/fr\/wp-json\/wp\/v2\/comments?post=32381"}],"wp:featuredmedia":[{"embeddable":true,"href":"https:\/\/test.burgwaechterservice.de\/fr\/wp-json\/wp\/v2\/media\/32383"}],"wp:attachment":[{"href":"https:\/\/test.burgwaechterservice.de\/fr\/wp-json\/wp\/v2\/media?parent=32381"}],"wp:term":[{"taxonomy":"product_cat","embeddable":true,"href":"https:\/\/test.burgwaechterservice.de\/fr\/wp-json\/wp\/v2\/product_cat?post=32381"},{"taxonomy":"product_tag","embeddable":true,"href":"https:\/\/test.burgwaechterservice.de\/fr\/wp-json\/wp\/v2\/product_tag?post=32381"}],"curies":[{"name":"wp","href":"https:\/\/api.w.org\/{rel}","templated":true}]}}