{"id":32375,"date":"2016-07-21T15:35:00","date_gmt":"2016-07-21T13:35:00","guid":{"rendered":"https:\/\/www.burg.biz\/?post_type=product&#038;p=32375"},"modified":"2018-06-21T08:48:34","modified_gmt":"2018-06-21T06:48:34","slug":"comfort-set-39130-ni","status":"publish","type":"product","link":"https:\/\/test.burgwaechterservice.de\/fr\/p\/boites-aux-lettres\/comfort-set-39130-ni\/","title":{"rendered":"Comfort-Set 39130 Ni"},"content":{"rendered":"<p><img fetchpriority=\"high\" decoding=\"async\" class=\"alignnone  wp-image-164070\" src=\"https:\/\/test.burgwaechterservice.de\/fr\/wp-content\/uploads\/sites\/4\/2016\/07\/Milano-Comfort-und-Set-2.jpg\" alt=\"\" width=\"504\" height=\"118\" srcset=\"https:\/\/test.burgwaechterservice.de\/fr\/wp-content\/uploads\/sites\/4\/2016\/07\/Milano-Comfort-und-Set-2.jpg 1362w, https:\/\/test.burgwaechterservice.de\/fr\/wp-content\/uploads\/sites\/4\/2016\/07\/Milano-Comfort-und-Set-2-300x70.jpg 300w, https:\/\/test.burgwaechterservice.de\/fr\/wp-content\/uploads\/sites\/4\/2016\/07\/Milano-Comfort-und-Set-2-768x180.jpg 768w, https:\/\/test.burgwaechterservice.de\/fr\/wp-content\/uploads\/sites\/4\/2016\/07\/Milano-Comfort-und-Set-2-1024x240.jpg 1024w, https:\/\/test.burgwaechterservice.de\/fr\/wp-content\/uploads\/sites\/4\/2016\/07\/Milano-Comfort-und-Set-2-600x141.jpg 600w\" sizes=\"(max-width: 504px) 100vw, 504px\" \/><\/p>\n<h2>L&#8217;art de recevoir confortablement du courrier<\/h2>\n<p>Son nom dit d\u00e9j\u00e0 tout\u00a0: l&#8217;offre combin\u00e9e Comfort comprenant la bo\u00eete aux lettres en acier inoxydable et un porte-journaux int\u00e9gr\u00e9 conjugue un <strong>design pratique<\/strong> et <strong>ext\u00e9rieur \u00e9pur\u00e9<\/strong>. Pour tous ceux qui cherchent une <strong>alternative confortable<\/strong> et agr\u00e9able aux bo\u00eetes aux lettres standard.<\/p>\n<h3>Design sans chichis avec profondeur de confort<\/h3>\n<p>La bo\u00eete aux lettres Comfort avec sa <strong>profondeur extr\u00eame <\/strong>offre non seulement beaucoup de place pour votre courrier et vos paquets mais elle assure aussi une livraison confortable de vos lettres. Le <strong>syst\u00e8me d&#8217;arr\u00eat<\/strong> facilite lui aussi le relev\u00e9 du courrier. L&#8217;offre combin\u00e9e Comfort comporte un <strong>porte-journaux int\u00e9gr\u00e9 et ouvert des deux c\u00f4t\u00e9s<\/strong> pour recevoir s\u00e9par\u00e9ment et en toute s\u00e9curit\u00e9 vos abonnements.<br \/>\nLe passage de courrier est au format DIN C4 afin que tous vos envois standard arrivent chez vous sans encombre. Les enveloppes grand format peuvent ainsi aussi \u00eatre ins\u00e9r\u00e9es sans probl\u00e8me.<br \/>\nBien entendu, cette bo\u00eete aux lettres en acier de BURG-W\u00c4CHTER r\u00e9pond aussi \u00e0 la norme europ\u00e9enne (EN) 13724.<\/p>\n<h3>Acier inoxydable facile d&#8217;entretien<\/h3>\n<p>Les bo\u00eetes aux lettres en acier inoxydable <strong>ne rouillent pas<\/strong>, <strong>ne craignent pas les intemp\u00e9ries <\/strong>et disposent par cons\u00e9quent d&#8217;une <strong>longue dur\u00e9e de vie<\/strong>.<br \/>\nSi vous l&#8217;entretenez correctement, le mod\u00e8le Comfort 3913 Ni vous servira pendant de longues ann\u00e9es. N&#8217;ayez pas peur ici du mot \u00ab\u00a0entretien\u00a0\u00bb\u00a0: il vous suffit de nettoyer r\u00e9guli\u00e8rement votre bo\u00eete aux lettres en acier inoxydable avec un tissu humide et propre, et c&#8217;est tout\u00a0!<\/p>\n<h3>Astuce de montage<\/h3>\n<p>Les bo\u00eetes aux lettres en acier inoxydable ne craignent certes pas les caprices de la m\u00e9t\u00e9o mais il est recommand\u00e9 de ne pas les exposer directement et en permanence aux intemp\u00e9ries. BURG-W\u00c4CHTER conseille alors de monter la bo\u00eete aux lettres Comfort \u00e0 un <strong>endroit prot\u00e9g\u00e9 des intemp\u00e9ries <\/strong>\u00e0 l&#8217;aide du mat\u00e9riel de fixation compris dans la livraison.<br \/>\nVeuillez prendre cela en compte lorsque vous souhaitez placer votre bo\u00eete aux lettres \u00e0 un endroit particulier. Ceci n&#8217;est toutefois pas un probl\u00e8me avec un pied de bo\u00eete aux lettres adapt\u00e9, par exemple avec un arceau en acier inoxydable qui mettra votre mod\u00e8le Comfort encore plus en valeur.<br \/>\n<a href=\"https:\/\/test.burgwaechterservice.de\/fr\/c\/boites-aux-lettres\/boites-aux-lettres-en-batterie-individuelles-sur-pieds-et-poteaux\/\">D\u00e9couvrir ici nos pieds de bo\u00eete aux lettres<\/a>.<\/p>\n<h3>Le mod\u00e8le Comfort 3913 Ni en bref<\/h3>\n<ul>\n<li>L&#8217;offre combin\u00e9e avec porte-journaux int\u00e9gr\u00e9, ouvert des deux c\u00f4t\u00e9s<\/li>\n<li>Bo\u00eete aux lettres en acier inoxydable avec confort sup\u00e9rieur<\/li>\n<li>R\u00e9pond \u00e0 la norme EN 13724<\/li>\n<li>Inoxydable<\/li>\n<li>Plus spacieuse, profondeur de confort de 13 cm<\/li>\n<li>Avec syst\u00e8me d&#8217;arr\u00eat pour un relev\u00e9 simple et s\u00fbr du courrier<\/li>\n<li>Format de fente\u00a0: DIN C4<br \/>\n(L x H\u00a0: 332 x 32 mm)<\/li>\n<li>Dimensions L x l x H\u00a0: 440 x 380 x 148 mm<\/li>\n<\/ul>\n<table class=\"ausfuehrung\">\n<thead>\n<tr>\n<td>Article<\/td>\n<td>H x L x P<\/td>\n<td>Fente<\/td>\n<\/tr>\n<tr>\n<td class=\"subdesc\"><\/td>\n<td class=\"subdesc\">mm<\/td>\n<td class=\"subdesc\">L x H (mm)<\/td>\n<\/tr>\n<\/thead>\n<tbody>\n<tr>\n<td>39130 Ni<\/td>\n<td>440\u00a0x 380 x 148<\/td>\n<td>332 x 32<\/td>\n<\/tr>\n<\/tbody>\n<\/table>\n","protected":false},"excerpt":{"rendered":"<p>L&#8217;art de recevoir confortablement du courrier Son nom dit d\u00e9j\u00e0 tout\u00a0: l&#8217;offre combin\u00e9e Comfort comprenant la bo\u00eete aux lettres en acier inoxydable et un porte-journaux int\u00e9gr\u00e9 conjugue un design pratique et ext\u00e9rieur \u00e9pur\u00e9. Pour tous ceux qui cherchent une alternative &hellip; <a class=\"kt-excerpt-readmore\" href=\"https:\/\/test.burgwaechterservice.de\/fr\/p\/boites-aux-lettres\/comfort-set-39130-ni\/\" aria-label=\"Comfort-Set 39130 Ni\">Lire la suite<\/a><\/p>\n","protected":false},"featured_media":32377,"comment_status":"closed","ping_status":"closed","template":"","meta":[],"product_cat":[23,25],"product_tag":[],"yoast_head":"<!-- This site is optimized with the Yoast SEO Premium plugin v18.4 (Yoast SEO v19.13) - https:\/\/yoast.com\/wordpress\/plugins\/seo\/ -->\n<title>Comfort-Set 39130 Ni - Burg-W\u00e4chter<\/title>\n<meta name=\"description\" content=\"L&#039;art de recevoir confortablement du courrier Son nom dit d\u00e9j\u00e0 tout\u00a0: l&#039;offre combin\u00e9e Comfort comprenant la bo\u00eete aux lettres en acier inoxydable et un\" \/>\n<meta name=\"robots\" content=\"index, follow, max-snippet:-1, max-image-preview:large, max-video-preview:-1\" \/>\n<link rel=\"canonical\" href=\"https:\/\/test.burgwaechterservice.de\/fr\/p\/boites-aux-lettres\/comfort-set-39130-ni\/\" \/>\n<meta property=\"og:locale\" content=\"fr_FR\" \/>\n<meta property=\"og:type\" content=\"article\" \/>\n<meta property=\"og:title\" content=\"Comfort-Set 39130 Ni\" \/>\n<meta property=\"og:description\" content=\"L&#039;art de recevoir confortablement du courrier Son nom dit d\u00e9j\u00e0 tout\u00a0: l&#039;offre combin\u00e9e Comfort comprenant la bo\u00eete aux lettres en acier inoxydable et un\" \/>\n<meta property=\"og:url\" content=\"https:\/\/test.burgwaechterservice.de\/fr\/p\/boites-aux-lettres\/comfort-set-39130-ni\/\" \/>\n<meta property=\"og:site_name\" content=\"Burg-W\u00e4chter France\" \/>\n<meta property=\"article:modified_time\" content=\"2018-06-21T06:48:34+00:00\" \/>\n<meta property=\"og:image\" content=\"https:\/\/test.burgwaechterservice.de\/fr\/wp-content\/uploads\/sites\/4\/2016\/07\/Briefkasten_Comfort_Set_39130_Ni_326800-05.jpg\" \/>\n\t<meta property=\"og:image:width\" content=\"1000\" \/>\n\t<meta property=\"og:image:height\" content=\"1000\" \/>\n\t<meta property=\"og:image:type\" content=\"image\/jpeg\" \/>\n<meta name=\"twitter:card\" content=\"summary_large_image\" \/>\n<meta name=\"twitter:label1\" content=\"Dur\u00e9e de lecture estim\u00e9e\" \/>\n\t<meta name=\"twitter:data1\" content=\"2 minutes\" \/>\n<!-- \/ Yoast SEO Premium plugin. -->","yoast_head_json":{"title":"Comfort-Set 39130 Ni - Burg-W\u00e4chter","description":"L'art de recevoir confortablement du courrier Son nom dit d\u00e9j\u00e0 tout\u00a0: l'offre combin\u00e9e Comfort comprenant la bo\u00eete aux lettres en acier inoxydable et un","robots":{"index":"index","follow":"follow","max-snippet":"max-snippet:-1","max-image-preview":"max-image-preview:large","max-video-preview":"max-video-preview:-1"},"canonical":"https:\/\/test.burgwaechterservice.de\/fr\/p\/boites-aux-lettres\/comfort-set-39130-ni\/","og_locale":"fr_FR","og_type":"article","og_title":"Comfort-Set 39130 Ni","og_description":"L'art de recevoir confortablement du courrier Son nom dit d\u00e9j\u00e0 tout\u00a0: l'offre combin\u00e9e Comfort comprenant la bo\u00eete aux lettres en acier inoxydable et un","og_url":"https:\/\/test.burgwaechterservice.de\/fr\/p\/boites-aux-lettres\/comfort-set-39130-ni\/","og_site_name":"Burg-W\u00e4chter France","article_modified_time":"2018-06-21T06:48:34+00:00","og_image":[{"width":1000,"height":1000,"url":"https:\/\/test.burgwaechterservice.de\/fr\/wp-content\/uploads\/sites\/4\/2016\/07\/Briefkasten_Comfort_Set_39130_Ni_326800-05.jpg","type":"image\/jpeg"}],"twitter_card":"summary_large_image","twitter_misc":{"Dur\u00e9e de lecture estim\u00e9e":"2 minutes"},"schema":{"@context":"https:\/\/schema.org","@graph":[{"@type":"WebPage","@id":"https:\/\/test.burgwaechterservice.de\/fr\/p\/boites-aux-lettres\/comfort-set-39130-ni\/","url":"https:\/\/test.burgwaechterservice.de\/fr\/p\/boites-aux-lettres\/comfort-set-39130-ni\/","name":"Comfort-Set 39130 Ni - Burg-W\u00e4chter","isPartOf":{"@id":"https:\/\/test.burgwaechterservice.de\/fr\/#website"},"datePublished":"2016-07-21T13:35:00+00:00","dateModified":"2018-06-21T06:48:34+00:00","description":"L'art de recevoir confortablement du courrier Son nom dit d\u00e9j\u00e0 tout\u00a0: l'offre combin\u00e9e Comfort comprenant la bo\u00eete aux lettres en acier inoxydable et un","breadcrumb":{"@id":"https:\/\/test.burgwaechterservice.de\/fr\/p\/boites-aux-lettres\/comfort-set-39130-ni\/#breadcrumb"},"inLanguage":"fr-FR","potentialAction":[{"@type":"ReadAction","target":["https:\/\/test.burgwaechterservice.de\/fr\/p\/boites-aux-lettres\/comfort-set-39130-ni\/"]}]},{"@type":"BreadcrumbList","@id":"https:\/\/test.burgwaechterservice.de\/fr\/p\/boites-aux-lettres\/comfort-set-39130-ni\/#breadcrumb","itemListElement":[{"@type":"ListItem","position":1,"name":"Accueil","item":"https:\/\/test.burgwaechterservice.de\/fr\/"},{"@type":"ListItem","position":2,"name":"Produits","item":"https:\/\/test.burgwaechterservice.de\/fr\/p\/"},{"@type":"ListItem","position":3,"name":"Comfort-Set 39130 Ni"}]},{"@type":"WebSite","@id":"https:\/\/test.burgwaechterservice.de\/fr\/#website","url":"https:\/\/test.burgwaechterservice.de\/fr\/","name":"Burg-W\u00e4chter France","description":"Le choix le plus s\u00fbr!","potentialAction":[{"@type":"SearchAction","target":{"@type":"EntryPoint","urlTemplate":"https:\/\/test.burgwaechterservice.de\/fr\/?s={search_term_string}"},"query-input":"required name=search_term_string"}],"inLanguage":"fr-FR"}]}},"_links":{"self":[{"href":"https:\/\/test.burgwaechterservice.de\/fr\/wp-json\/wp\/v2\/product\/32375"}],"collection":[{"href":"https:\/\/test.burgwaechterservice.de\/fr\/wp-json\/wp\/v2\/product"}],"about":[{"href":"https:\/\/test.burgwaechterservice.de\/fr\/wp-json\/wp\/v2\/types\/product"}],"replies":[{"embeddable":true,"href":"https:\/\/test.burgwaechterservice.de\/fr\/wp-json\/wp\/v2\/comments?post=32375"}],"wp:featuredmedia":[{"embeddable":true,"href":"https:\/\/test.burgwaechterservice.de\/fr\/wp-json\/wp\/v2\/media\/32377"}],"wp:attachment":[{"href":"https:\/\/test.burgwaechterservice.de\/fr\/wp-json\/wp\/v2\/media?parent=32375"}],"wp:term":[{"taxonomy":"product_cat","embeddable":true,"href":"https:\/\/test.burgwaechterservice.de\/fr\/wp-json\/wp\/v2\/product_cat?post=32375"},{"taxonomy":"product_tag","embeddable":true,"href":"https:\/\/test.burgwaechterservice.de\/fr\/wp-json\/wp\/v2\/product_tag?post=32375"}],"curies":[{"name":"wp","href":"https:\/\/api.w.org\/{rel}","templated":true}]}}