{"id":32372,"date":"2016-07-21T15:26:55","date_gmt":"2016-07-21T13:26:55","guid":{"rendered":"https:\/\/www.burg.biz\/?post_type=product&#038;p=32372"},"modified":"2019-05-28T10:57:49","modified_gmt":"2019-05-28T08:57:49","slug":"lucca","status":"publish","type":"product","link":"https:\/\/test.burgwaechterservice.de\/fr\/p\/boites-aux-lettres\/lucca\/","title":{"rendered":"Lucca"},"content":{"rendered":"<p><img fetchpriority=\"high\" decoding=\"async\" class=\"alignnone wp-image-41833\" src=\"https:\/\/test.burgwaechterservice.de\/fr\/wp-content\/uploads\/sites\/4\/2016\/07\/Milano-Comfort-und-Set-1.jpg\" alt=\"BUW-Icons-BK 4c OK.indd\" width=\"504\" height=\"118\" srcset=\"https:\/\/test.burgwaechterservice.de\/fr\/wp-content\/uploads\/sites\/4\/2016\/07\/Milano-Comfort-und-Set-1.jpg 1362w, https:\/\/test.burgwaechterservice.de\/fr\/wp-content\/uploads\/sites\/4\/2016\/07\/Milano-Comfort-und-Set-1-300x70.jpg 300w, https:\/\/test.burgwaechterservice.de\/fr\/wp-content\/uploads\/sites\/4\/2016\/07\/Milano-Comfort-und-Set-1-768x180.jpg 768w, https:\/\/test.burgwaechterservice.de\/fr\/wp-content\/uploads\/sites\/4\/2016\/07\/Milano-Comfort-und-Set-1-1024x240.jpg 1024w\" sizes=\"(max-width: 504px) 100vw, 504px\" \/><a href=\"https:\/\/warranty.burg.biz\/bk\/\" target=\"_blank\" rel=\"noopener noreferrer\"><img decoding=\"async\" class=\"alignright wp-image-254979\" src=\"https:\/\/test.burgwaechterservice.de\/fr\/wp-content\/uploads\/sites\/4\/2016\/07\/Siegel_5_Jahre_Garantie_FR_-295x300.jpg\" alt=\"\" width=\"214\" height=\"218\" srcset=\"https:\/\/test.burgwaechterservice.de\/fr\/wp-content\/uploads\/sites\/4\/2016\/07\/Siegel_5_Jahre_Garantie_FR_-295x300.jpg 295w, https:\/\/test.burgwaechterservice.de\/fr\/wp-content\/uploads\/sites\/4\/2016\/07\/Siegel_5_Jahre_Garantie_FR_.jpg 485w\" sizes=\"(max-width: 214px) 100vw, 214px\" \/><br \/>\n<\/a><\/p>\n<h2>Bo\u00eete aux lettres Lucca avec porte transparente et serrure chrom\u00e9e de pr\u00e9cision<\/h2>\n<p>La particularit\u00e9 de cette bo\u00eete aux lettres en acier inoxydable r\u00e9side dans sa <strong>porte transparente anthracite en PVC incassable et satin\u00e9.<\/strong> Vous pouvez ainsi voir avant m\u00eame d&#8217;ouvrir votre Lucca si vous avez du courrier.<\/p>\n<h3>Porte transparente en PVC incassable<\/h3>\n<p>Avec le mod\u00e8le Lucca, fini de chercher votre courrier sans savoir s&#8217;il y en a\u00a0: vous voyez d\u00e9j\u00e0 avant m\u00eame d&#8217;ouvrir la porte si le facteur est pass\u00e9 et combien de lettres vous avez re\u00e7ues. Une solution pratique au possible\u00a0!<br \/>\nSon <strong>vaste volume<\/strong> et son <strong>syst\u00e8me d&#8217;arr\u00eat<\/strong> de la porte apportent encore davantage de confort pour relever le courrier. Vos lettres sont toujours conserv\u00e9es en s\u00e9curit\u00e9 derri\u00e8re la <strong>serrure chrom\u00e9e.<\/strong> Sa fente au format DIN C4 facilite aussi le travail du facteur et permet de recevoir des enveloppes grand format et des journaux.<br \/>\nSon design s\u00e9duit \u00e9galement\u00a0: sa porte en PVC couleur anthracite se marie parfaitement avec son corps noble en acier inoxydable. L&#8217;embl\u00e8me simple de la poste ornant la porte attire aussi les regards.<\/p>\n<p>Cette bo\u00eete aux lettres en acier inoxydable r\u00e9pond \u00e9galement \u00e0 la norme europ\u00e9enne EN 13724.<\/p>\n<h3>Acier inoxydable prot\u00e9g\u00e9 par un vernis<\/h3>\n<p>Le corps du mod\u00e8le Lucca est fabriqu\u00e9 en <strong>acier inoxydable<\/strong>. Sa <strong>surface trait\u00e9e <\/strong>emp\u00eache efficacement l&#8217;apparition de rayures et assure un toucher agr\u00e9able. Ce mod\u00e8le <strong>ne craint aucune m\u00e9t\u00e9o<\/strong>, est <strong>r\u00e9sistant<\/strong> et <strong>dispose d&#8217;une longue dur\u00e9e de vie<\/strong>. Vous pourrez utiliser cette bo\u00eete aux lettres pour votre enti\u00e8re satisfaction pendant de longues ann\u00e9es. Le nettoyage est aussi extr\u00eamement ais\u00e9\u00a0: il suffit de passer r\u00e9guli\u00e8rement un coup de chiffon humide et propre.<\/p>\n<h3>Montage conseill\u00e9 de la bo\u00eete aux lettres<\/h3>\n<p>BURG-W\u00c4CHTER conseille de ne pas exposer la bo\u00eete aux lettres en acier inoxydable directement et en permanence aux intemp\u00e9ries. Montez-la sur la fa\u00e7ade de votre maison \u00e0 l&#8217;aide du mat\u00e9riel de fixation compris dans la livraison, de pr\u00e9f\u00e9rence \u00e0 <strong>un endroit prot\u00e9g\u00e9 des ph\u00e9nom\u00e8nes climatiques<\/strong> ou placez-la sur un pied de bo\u00eete aux lettres adapt\u00e9 l\u00e0 o\u00f9 vous le souhaitez.<br \/>\n<a href=\"https:\/\/test.burgwaechterservice.de\/fr\/c\/boites-aux-lettres\/boites-aux-lettres-en-batterie-individuelles-sur-pieds-et-poteaux\/\">D\u00e9couvrir ici nos pieds de bo\u00eete aux lettres BURG-W\u00c4CHTER<\/a>.<\/p>\n<h3>Le mod\u00e8le en acier inoxydable Lucca 3713 Ni en bref<\/h3>\n<ul>\n<li>Bo\u00eete aux lettres en acier inoxydable avec porte transparente<\/li>\n<li>Porte satin\u00e9e en PVC incassable<\/li>\n<li>Serrure chrom\u00e9e de pr\u00e9cision<\/li>\n<li>Corps en acier inoxydable<\/li>\n<li>Vernis de protection contre les rayures<\/li>\n<li>R\u00e9pond \u00e0 la norme EN 13724<\/li>\n<li>Plus grand volume, plus de confort<\/li>\n<li>Porte avec syst\u00e8me d&#8217;arr\u00eat<\/li>\n<li>Format de fente\u00a0: DIN C4<br \/>\n(L x H\u00a0: 332 x 32 mm)<\/li>\n<li>Dimensions L x l x H\u00a0: 340 x 380 x 148 mm<\/li>\n<li>Mat\u00e9riel de fixation compris dans la livraison<\/li>\n<\/ul>\n<table class=\"ausfuehrung\">\n<thead>\n<tr>\n<td>Article<\/td>\n<td>H x L x P<\/td>\n<td>Fente<\/td>\n<\/tr>\n<tr>\n<td class=\"subdesc\"><\/td>\n<td class=\"subdesc\">mm<\/td>\n<td class=\"subdesc\">L x H (mm)<\/td>\n<\/tr>\n<\/thead>\n<tbody>\n<tr>\n<td>3713 Ni Letter<\/td>\n<td>340\u00a0x 380 x 148<\/td>\n<td>332 x 32<\/td>\n<\/tr>\n<\/tbody>\n<\/table>\n","protected":false},"excerpt":{"rendered":"<p>Bo\u00eete aux lettres Lucca avec porte transparente et serrure chrom\u00e9e de pr\u00e9cision La particularit\u00e9 de cette bo\u00eete aux lettres en acier inoxydable r\u00e9side dans sa porte transparente anthracite en PVC incassable et satin\u00e9. Vous pouvez ainsi voir avant m\u00eame d&#8217;ouvrir &hellip; <a class=\"kt-excerpt-readmore\" href=\"https:\/\/test.burgwaechterservice.de\/fr\/p\/boites-aux-lettres\/lucca\/\" aria-label=\"Lucca\">Lire la suite<\/a><\/p>\n","protected":false},"featured_media":32374,"comment_status":"closed","ping_status":"closed","template":"","meta":[],"product_cat":[23,25],"product_tag":[],"yoast_head":"<!-- This site is optimized with the Yoast SEO Premium plugin v18.4 (Yoast SEO v19.13) - https:\/\/yoast.com\/wordpress\/plugins\/seo\/ -->\n<title>Lucca - Burg-W\u00e4chter<\/title>\n<meta name=\"description\" content=\"Bo\u00eete aux lettres Lucca avec porte transparente et serrure chrom\u00e9e de pr\u00e9cision La particularit\u00e9 de cette bo\u00eete aux lettres en acier inoxydable r\u00e9side\" \/>\n<meta name=\"robots\" content=\"index, follow, max-snippet:-1, max-image-preview:large, max-video-preview:-1\" \/>\n<link rel=\"canonical\" href=\"https:\/\/test.burgwaechterservice.de\/fr\/p\/boites-aux-lettres\/lucca\/\" \/>\n<meta property=\"og:locale\" content=\"fr_FR\" \/>\n<meta property=\"og:type\" content=\"article\" \/>\n<meta property=\"og:title\" content=\"Lucca\" \/>\n<meta property=\"og:description\" content=\"Bo\u00eete aux lettres Lucca avec porte transparente et serrure chrom\u00e9e de pr\u00e9cision La particularit\u00e9 de cette bo\u00eete aux lettres en acier inoxydable r\u00e9side\" \/>\n<meta property=\"og:url\" content=\"https:\/\/test.burgwaechterservice.de\/fr\/p\/boites-aux-lettres\/lucca\/\" \/>\n<meta property=\"og:site_name\" content=\"Burg-W\u00e4chter France\" \/>\n<meta property=\"article:modified_time\" content=\"2019-05-28T08:57:49+00:00\" \/>\n<meta property=\"og:image\" content=\"https:\/\/test.burgwaechterservice.de\/fr\/wp-content\/uploads\/sites\/4\/2016\/07\/Briefkasten_Lucca_3713_Ni_Letter_144305-01.jpg\" \/>\n\t<meta property=\"og:image:width\" content=\"1000\" \/>\n\t<meta property=\"og:image:height\" content=\"1000\" \/>\n\t<meta property=\"og:image:type\" content=\"image\/jpeg\" \/>\n<meta name=\"twitter:card\" content=\"summary_large_image\" \/>\n<meta name=\"twitter:label1\" content=\"Dur\u00e9e de lecture estim\u00e9e\" \/>\n\t<meta name=\"twitter:data1\" content=\"2 minutes\" \/>\n<!-- \/ Yoast SEO Premium plugin. -->","yoast_head_json":{"title":"Lucca - Burg-W\u00e4chter","description":"Bo\u00eete aux lettres Lucca avec porte transparente et serrure chrom\u00e9e de pr\u00e9cision La particularit\u00e9 de cette bo\u00eete aux lettres en acier inoxydable r\u00e9side","robots":{"index":"index","follow":"follow","max-snippet":"max-snippet:-1","max-image-preview":"max-image-preview:large","max-video-preview":"max-video-preview:-1"},"canonical":"https:\/\/test.burgwaechterservice.de\/fr\/p\/boites-aux-lettres\/lucca\/","og_locale":"fr_FR","og_type":"article","og_title":"Lucca","og_description":"Bo\u00eete aux lettres Lucca avec porte transparente et serrure chrom\u00e9e de pr\u00e9cision La particularit\u00e9 de cette bo\u00eete aux lettres en acier inoxydable r\u00e9side","og_url":"https:\/\/test.burgwaechterservice.de\/fr\/p\/boites-aux-lettres\/lucca\/","og_site_name":"Burg-W\u00e4chter France","article_modified_time":"2019-05-28T08:57:49+00:00","og_image":[{"width":1000,"height":1000,"url":"https:\/\/test.burgwaechterservice.de\/fr\/wp-content\/uploads\/sites\/4\/2016\/07\/Briefkasten_Lucca_3713_Ni_Letter_144305-01.jpg","type":"image\/jpeg"}],"twitter_card":"summary_large_image","twitter_misc":{"Dur\u00e9e de lecture estim\u00e9e":"2 minutes"},"schema":{"@context":"https:\/\/schema.org","@graph":[{"@type":"WebPage","@id":"https:\/\/test.burgwaechterservice.de\/fr\/p\/boites-aux-lettres\/lucca\/","url":"https:\/\/test.burgwaechterservice.de\/fr\/p\/boites-aux-lettres\/lucca\/","name":"Lucca - Burg-W\u00e4chter","isPartOf":{"@id":"https:\/\/test.burgwaechterservice.de\/fr\/#website"},"datePublished":"2016-07-21T13:26:55+00:00","dateModified":"2019-05-28T08:57:49+00:00","description":"Bo\u00eete aux lettres Lucca avec porte transparente et serrure chrom\u00e9e de pr\u00e9cision La particularit\u00e9 de cette bo\u00eete aux lettres en acier inoxydable r\u00e9side","breadcrumb":{"@id":"https:\/\/test.burgwaechterservice.de\/fr\/p\/boites-aux-lettres\/lucca\/#breadcrumb"},"inLanguage":"fr-FR","potentialAction":[{"@type":"ReadAction","target":["https:\/\/test.burgwaechterservice.de\/fr\/p\/boites-aux-lettres\/lucca\/"]}]},{"@type":"BreadcrumbList","@id":"https:\/\/test.burgwaechterservice.de\/fr\/p\/boites-aux-lettres\/lucca\/#breadcrumb","itemListElement":[{"@type":"ListItem","position":1,"name":"Accueil","item":"https:\/\/test.burgwaechterservice.de\/fr\/"},{"@type":"ListItem","position":2,"name":"Produits","item":"https:\/\/test.burgwaechterservice.de\/fr\/p\/"},{"@type":"ListItem","position":3,"name":"Lucca"}]},{"@type":"WebSite","@id":"https:\/\/test.burgwaechterservice.de\/fr\/#website","url":"https:\/\/test.burgwaechterservice.de\/fr\/","name":"Burg-W\u00e4chter France","description":"Le choix le plus s\u00fbr!","potentialAction":[{"@type":"SearchAction","target":{"@type":"EntryPoint","urlTemplate":"https:\/\/test.burgwaechterservice.de\/fr\/?s={search_term_string}"},"query-input":"required name=search_term_string"}],"inLanguage":"fr-FR"}]}},"_links":{"self":[{"href":"https:\/\/test.burgwaechterservice.de\/fr\/wp-json\/wp\/v2\/product\/32372"}],"collection":[{"href":"https:\/\/test.burgwaechterservice.de\/fr\/wp-json\/wp\/v2\/product"}],"about":[{"href":"https:\/\/test.burgwaechterservice.de\/fr\/wp-json\/wp\/v2\/types\/product"}],"replies":[{"embeddable":true,"href":"https:\/\/test.burgwaechterservice.de\/fr\/wp-json\/wp\/v2\/comments?post=32372"}],"wp:featuredmedia":[{"embeddable":true,"href":"https:\/\/test.burgwaechterservice.de\/fr\/wp-json\/wp\/v2\/media\/32374"}],"wp:attachment":[{"href":"https:\/\/test.burgwaechterservice.de\/fr\/wp-json\/wp\/v2\/media?parent=32372"}],"wp:term":[{"taxonomy":"product_cat","embeddable":true,"href":"https:\/\/test.burgwaechterservice.de\/fr\/wp-json\/wp\/v2\/product_cat?post=32372"},{"taxonomy":"product_tag","embeddable":true,"href":"https:\/\/test.burgwaechterservice.de\/fr\/wp-json\/wp\/v2\/product_tag?post=32372"}],"curies":[{"name":"wp","href":"https:\/\/api.w.org\/{rel}","templated":true}]}}