{"id":32370,"date":"2016-07-21T15:18:11","date_gmt":"2016-07-21T13:18:11","guid":{"rendered":"https:\/\/www.burg.biz\/?post_type=product&#038;p=32370"},"modified":"2019-05-27T13:02:52","modified_gmt":"2019-05-27T11:02:52","slug":"amrum","status":"publish","type":"product","link":"https:\/\/test.burgwaechterservice.de\/fr\/p\/boites-aux-lettres\/amrum\/","title":{"rendered":"Amrum"},"content":{"rendered":"<p><a href=\"https:\/\/warranty.burg.biz\/bk\/\" target=\"_blank\" rel=\"noopener noreferrer\"><img decoding=\"async\" class=\"alignright wp-image-254979\" src=\"https:\/\/test.burgwaechterservice.de\/fr\/wp-content\/uploads\/sites\/4\/2016\/07\/Siegel_5_Jahre_Garantie_FR_-295x300.jpg\" alt=\"\" width=\"214\" height=\"218\" srcset=\"https:\/\/test.burgwaechterservice.de\/fr\/wp-content\/uploads\/sites\/4\/2016\/07\/Siegel_5_Jahre_Garantie_FR_-295x300.jpg 295w, https:\/\/test.burgwaechterservice.de\/fr\/wp-content\/uploads\/sites\/4\/2016\/07\/Siegel_5_Jahre_Garantie_FR_.jpg 485w\" sizes=\"(max-width: 214px) 100vw, 214px\" \/><br \/>\n<\/a><\/p>\n<p><img decoding=\"async\" class=\"alignnone wp-image-164061\" src=\"https:\/\/test.burgwaechterservice.de\/fr\/wp-content\/uploads\/sites\/4\/2016\/07\/Verona-Opera-Amrum-und-Set-1.jpg\" alt=\"\" width=\"420\" height=\"118\" srcset=\"https:\/\/test.burgwaechterservice.de\/fr\/wp-content\/uploads\/sites\/4\/2016\/07\/Verona-Opera-Amrum-und-Set-1.jpg 1135w, https:\/\/test.burgwaechterservice.de\/fr\/wp-content\/uploads\/sites\/4\/2016\/07\/Verona-Opera-Amrum-und-Set-1-300x84.jpg 300w, https:\/\/test.burgwaechterservice.de\/fr\/wp-content\/uploads\/sites\/4\/2016\/07\/Verona-Opera-Amrum-und-Set-1-768x216.jpg 768w, https:\/\/test.burgwaechterservice.de\/fr\/wp-content\/uploads\/sites\/4\/2016\/07\/Verona-Opera-Amrum-und-Set-1-1024x288.jpg 1024w, https:\/\/test.burgwaechterservice.de\/fr\/wp-content\/uploads\/sites\/4\/2016\/07\/Verona-Opera-Amrum-und-Set-1-600x169.jpg 600w\" sizes=\"(max-width: 420px) 100vw, 420px\" \/><\/p>\n<h2>Moderne et intemporelle\u00a0: la bo\u00eete aux lettres Amrum<\/h2>\n<p>Si vous accordez de l&#8217;importance \u00e0 des lignes d&#8217;une <strong>simplicit\u00e9 intemporelle<\/strong>, alors cette bo\u00eete aux lettres en acier inoxydable et son porte-journaux int\u00e9gr\u00e9 de BURG-W\u00c4CHTER sont ce qu&#8217;il vous faut. Et si vous ne voulez pas non plus sacrifier la fonctionnalit\u00e9, alors ce mod\u00e8le remplit exactement vos exigences.<\/p>\n<h3>Lignes minimalistes<\/h3>\n<p>Aucun faux-pas de permis avec l&#8217;<strong>ext\u00e9rieur intemporel <\/strong>de la bo\u00eete aux lettres Amrum. Ses <strong>lignes compactes et minimalistes <\/strong>s&#8217;int\u00e8grent \u00e0 presque toutes les fa\u00e7ades de maison. \u00c0 l&#8217;int\u00e9rieur, elle offre <strong>\u00e9norm\u00e9ment de place <\/strong>pour votre poste et des d\u00e9tails pratiques comme le <strong>syst\u00e8me d&#8217;arr\u00eat<\/strong> de la porte ou le volet de passage du courrier prot\u00e9g\u00e9 de la pluie ajoutent au caract\u00e8re fonctionnel de cette bo\u00eete aux lettres.\u00a0La fente est au format DIN C4. Elle convient par cons\u00e9quent \u00e9galement pour recevoir des enveloppes grand format.<br \/>\nLa bo\u00eete aux lettres dans son ensemble est fabriqu\u00e9e avec soin et r\u00e9pond \u00e0 la norme EN 13724.<\/p>\n<h3>Acier inoxydable avec vernis de protection<\/h3>\n<p>Cette bo\u00eete aux lettres est <strong>enti\u00e8rement <\/strong>prot\u00e9g\u00e9e par <strong>un vernis transparent <\/strong>r\u00e9sistant. De mani\u00e8re g\u00e9n\u00e9rale, le mod\u00e8le Amrum <strong>ne craint aucune m\u00e9t\u00e9o, a une longue dur\u00e9e de vie<\/strong> et <strong>est facile d&#8217;entretien<\/strong>. Le nettoyage se fait rapidement\u00a0: il suffit de passer un coup de chiffon humide et propre et c&#8217;est tout. La bo\u00eete aux lettres en acier inoxydable n&#8217;a pas besoin de plus.<\/p>\n<h3>Montage de la bo\u00eete aux lettres en acier inoxydable<\/h3>\n<p>De mani\u00e8re g\u00e9n\u00e9rale, il est recommand\u00e9 de <u>ne jamais<\/u> exposer les bo\u00eetes aux lettres directement et en permanence aux intemp\u00e9ries afin de pouvoir les utiliser le plus longtemps possible. Montez par cons\u00e9quent votre bo\u00eete aux lettres Amrum au mur \u00e0 l&#8217;aide du mat\u00e9riel de fixation livr\u00e9 ou placez-la \u00e0 un <strong>endroit prot\u00e9g\u00e9 des intemp\u00e9ries<\/strong> sur un pied de bo\u00eete aux lettres adapt\u00e9.<\/p>\n<p><a href=\"https:\/\/test.burgwaechterservice.de\/fr\/c\/boites-aux-lettres\/boites-aux-lettres-en-batterie-individuelles-sur-pieds-et-poteaux\/\">Choisissez ici le pied de bo\u00eetes aux lettres adapt\u00e9.<\/a><\/p>\n<h3>Les caract\u00e9ristiques d&#8217;Amrum en un coup d&#8217;\u0153il<\/h3>\n<ul>\n<li>Bo\u00eete aux lettres moderne et intemporelle en acier inoxydable<\/li>\n<li>R\u00e9pond \u00e0 la norme EN 13724<\/li>\n<li>Inoxydable<\/li>\n<li>Porte avec syst\u00e8me d&#8217;arr\u00eat<\/li>\n<li>Grand volume int\u00e9rieur<\/li>\n<li>Avec clapet mobile de protection contre la pluie<\/li>\n<li>Recouverte d&#8217;un vernis de protection<\/li>\n<li>Format de fente\u00a0: DIN C4<br \/>\n(L x H\u00a0: 332 x 31 mm)<\/li>\n<li>Dimensions L x l x H\u00a0: 320 x 377 x 115 mm<\/li>\n<li>Mat\u00e9riel de fixation compris dans la livraison<\/li>\n<\/ul>\n<table class=\"ausfuehrung\">\n<thead>\n<tr>\n<td>Article<\/td>\n<td>H x L x P<\/td>\n<td>Fente<\/td>\n<\/tr>\n<tr>\n<td class=\"subdesc\"><\/td>\n<td class=\"subdesc\">mm<\/td>\n<td class=\"subdesc\">L x H (mm)<\/td>\n<\/tr>\n<\/thead>\n<tbody>\n<tr>\n<td>3867 NI<\/td>\n<td>320 x 377 x 115<\/td>\n<td>332 x 31<\/td>\n<\/tr>\n<\/tbody>\n<\/table>\n","protected":false},"excerpt":{"rendered":"<p>Moderne et intemporelle\u00a0: la bo\u00eete aux lettres Amrum Si vous accordez de l&#8217;importance \u00e0 des lignes d&#8217;une simplicit\u00e9 intemporelle, alors cette bo\u00eete aux lettres en acier inoxydable et son porte-journaux int\u00e9gr\u00e9 de BURG-W\u00c4CHTER sont ce qu&#8217;il vous faut. Et si &hellip; <a class=\"kt-excerpt-readmore\" href=\"https:\/\/test.burgwaechterservice.de\/fr\/p\/boites-aux-lettres\/amrum\/\" aria-label=\"Amrum\">Lire la suite<\/a><\/p>\n","protected":false},"featured_media":32371,"comment_status":"closed","ping_status":"closed","template":"","meta":[],"product_cat":[23,25],"product_tag":[],"yoast_head":"<!-- This site is optimized with the Yoast SEO Premium plugin v18.4 (Yoast SEO v19.13) - https:\/\/yoast.com\/wordpress\/plugins\/seo\/ -->\n<title>Amrum - Burg-W\u00e4chter<\/title>\n<meta name=\"description\" content=\"Moderne et intemporelle\u00a0: la bo\u00eete aux lettres Amrum Si vous accordez de l&#039;importance \u00e0 des lignes d&#039;une simplicit\u00e9 intemporelle, alors cette bo\u00eete aux\" \/>\n<meta name=\"robots\" content=\"index, follow, max-snippet:-1, max-image-preview:large, max-video-preview:-1\" \/>\n<link rel=\"canonical\" href=\"https:\/\/test.burgwaechterservice.de\/fr\/p\/boites-aux-lettres\/amrum\/\" \/>\n<meta property=\"og:locale\" content=\"fr_FR\" \/>\n<meta property=\"og:type\" content=\"article\" \/>\n<meta property=\"og:title\" content=\"Amrum\" \/>\n<meta property=\"og:description\" content=\"Moderne et intemporelle\u00a0: la bo\u00eete aux lettres Amrum Si vous accordez de l&#039;importance \u00e0 des lignes d&#039;une simplicit\u00e9 intemporelle, alors cette bo\u00eete aux\" \/>\n<meta property=\"og:url\" content=\"https:\/\/test.burgwaechterservice.de\/fr\/p\/boites-aux-lettres\/amrum\/\" \/>\n<meta property=\"og:site_name\" content=\"Burg-W\u00e4chter France\" \/>\n<meta property=\"article:modified_time\" content=\"2019-05-27T11:02:52+00:00\" \/>\n<meta property=\"og:image\" content=\"https:\/\/test.burgwaechterservice.de\/fr\/wp-content\/uploads\/sites\/4\/2016\/07\/Briefkasten_Amrum_3867_Ni_081402-01.jpg\" \/>\n\t<meta property=\"og:image:width\" content=\"1000\" \/>\n\t<meta property=\"og:image:height\" content=\"1000\" \/>\n\t<meta property=\"og:image:type\" content=\"image\/jpeg\" \/>\n<meta name=\"twitter:card\" content=\"summary_large_image\" \/>\n<meta name=\"twitter:label1\" content=\"Dur\u00e9e de lecture estim\u00e9e\" \/>\n\t<meta name=\"twitter:data1\" content=\"2 minutes\" \/>\n<!-- \/ Yoast SEO Premium plugin. -->","yoast_head_json":{"title":"Amrum - Burg-W\u00e4chter","description":"Moderne et intemporelle\u00a0: la bo\u00eete aux lettres Amrum Si vous accordez de l'importance \u00e0 des lignes d'une simplicit\u00e9 intemporelle, alors cette bo\u00eete aux","robots":{"index":"index","follow":"follow","max-snippet":"max-snippet:-1","max-image-preview":"max-image-preview:large","max-video-preview":"max-video-preview:-1"},"canonical":"https:\/\/test.burgwaechterservice.de\/fr\/p\/boites-aux-lettres\/amrum\/","og_locale":"fr_FR","og_type":"article","og_title":"Amrum","og_description":"Moderne et intemporelle\u00a0: la bo\u00eete aux lettres Amrum Si vous accordez de l'importance \u00e0 des lignes d'une simplicit\u00e9 intemporelle, alors cette bo\u00eete aux","og_url":"https:\/\/test.burgwaechterservice.de\/fr\/p\/boites-aux-lettres\/amrum\/","og_site_name":"Burg-W\u00e4chter France","article_modified_time":"2019-05-27T11:02:52+00:00","og_image":[{"width":1000,"height":1000,"url":"https:\/\/test.burgwaechterservice.de\/fr\/wp-content\/uploads\/sites\/4\/2016\/07\/Briefkasten_Amrum_3867_Ni_081402-01.jpg","type":"image\/jpeg"}],"twitter_card":"summary_large_image","twitter_misc":{"Dur\u00e9e de lecture estim\u00e9e":"2 minutes"},"schema":{"@context":"https:\/\/schema.org","@graph":[{"@type":"WebPage","@id":"https:\/\/test.burgwaechterservice.de\/fr\/p\/boites-aux-lettres\/amrum\/","url":"https:\/\/test.burgwaechterservice.de\/fr\/p\/boites-aux-lettres\/amrum\/","name":"Amrum - Burg-W\u00e4chter","isPartOf":{"@id":"https:\/\/test.burgwaechterservice.de\/fr\/#website"},"datePublished":"2016-07-21T13:18:11+00:00","dateModified":"2019-05-27T11:02:52+00:00","description":"Moderne et intemporelle\u00a0: la bo\u00eete aux lettres Amrum Si vous accordez de l'importance \u00e0 des lignes d'une simplicit\u00e9 intemporelle, alors cette bo\u00eete aux","breadcrumb":{"@id":"https:\/\/test.burgwaechterservice.de\/fr\/p\/boites-aux-lettres\/amrum\/#breadcrumb"},"inLanguage":"fr-FR","potentialAction":[{"@type":"ReadAction","target":["https:\/\/test.burgwaechterservice.de\/fr\/p\/boites-aux-lettres\/amrum\/"]}]},{"@type":"BreadcrumbList","@id":"https:\/\/test.burgwaechterservice.de\/fr\/p\/boites-aux-lettres\/amrum\/#breadcrumb","itemListElement":[{"@type":"ListItem","position":1,"name":"Accueil","item":"https:\/\/test.burgwaechterservice.de\/fr\/"},{"@type":"ListItem","position":2,"name":"Produits","item":"https:\/\/test.burgwaechterservice.de\/fr\/p\/"},{"@type":"ListItem","position":3,"name":"Amrum"}]},{"@type":"WebSite","@id":"https:\/\/test.burgwaechterservice.de\/fr\/#website","url":"https:\/\/test.burgwaechterservice.de\/fr\/","name":"Burg-W\u00e4chter France","description":"Le choix le plus s\u00fbr!","potentialAction":[{"@type":"SearchAction","target":{"@type":"EntryPoint","urlTemplate":"https:\/\/test.burgwaechterservice.de\/fr\/?s={search_term_string}"},"query-input":"required name=search_term_string"}],"inLanguage":"fr-FR"}]}},"_links":{"self":[{"href":"https:\/\/test.burgwaechterservice.de\/fr\/wp-json\/wp\/v2\/product\/32370"}],"collection":[{"href":"https:\/\/test.burgwaechterservice.de\/fr\/wp-json\/wp\/v2\/product"}],"about":[{"href":"https:\/\/test.burgwaechterservice.de\/fr\/wp-json\/wp\/v2\/types\/product"}],"replies":[{"embeddable":true,"href":"https:\/\/test.burgwaechterservice.de\/fr\/wp-json\/wp\/v2\/comments?post=32370"}],"wp:featuredmedia":[{"embeddable":true,"href":"https:\/\/test.burgwaechterservice.de\/fr\/wp-json\/wp\/v2\/media\/32371"}],"wp:attachment":[{"href":"https:\/\/test.burgwaechterservice.de\/fr\/wp-json\/wp\/v2\/media?parent=32370"}],"wp:term":[{"taxonomy":"product_cat","embeddable":true,"href":"https:\/\/test.burgwaechterservice.de\/fr\/wp-json\/wp\/v2\/product_cat?post=32370"},{"taxonomy":"product_tag","embeddable":true,"href":"https:\/\/test.burgwaechterservice.de\/fr\/wp-json\/wp\/v2\/product_tag?post=32370"}],"curies":[{"name":"wp","href":"https:\/\/api.w.org\/{rel}","templated":true}]}}