{"id":32366,"date":"2016-07-21T15:03:15","date_gmt":"2016-07-21T13:03:15","guid":{"rendered":"https:\/\/www.burg.biz\/?post_type=product&#038;p=32366"},"modified":"2018-06-21T08:45:42","modified_gmt":"2018-06-21T06:45:42","slug":"opera","status":"publish","type":"product","link":"https:\/\/test.burgwaechterservice.de\/fr\/p\/boites-aux-lettres\/opera\/","title":{"rendered":"Opera"},"content":{"rendered":"<p><img decoding=\"async\" class=\"alignnone  wp-image-164061\" src=\"https:\/\/test.burgwaechterservice.de\/fr\/wp-content\/uploads\/sites\/4\/2016\/07\/Verona-Opera-Amrum-und-Set-1.jpg\" alt=\"\" width=\"420\" height=\"118\" srcset=\"https:\/\/test.burgwaechterservice.de\/fr\/wp-content\/uploads\/sites\/4\/2016\/07\/Verona-Opera-Amrum-und-Set-1.jpg 1135w, https:\/\/test.burgwaechterservice.de\/fr\/wp-content\/uploads\/sites\/4\/2016\/07\/Verona-Opera-Amrum-und-Set-1-300x84.jpg 300w, https:\/\/test.burgwaechterservice.de\/fr\/wp-content\/uploads\/sites\/4\/2016\/07\/Verona-Opera-Amrum-und-Set-1-768x216.jpg 768w, https:\/\/test.burgwaechterservice.de\/fr\/wp-content\/uploads\/sites\/4\/2016\/07\/Verona-Opera-Amrum-und-Set-1-1024x288.jpg 1024w, https:\/\/test.burgwaechterservice.de\/fr\/wp-content\/uploads\/sites\/4\/2016\/07\/Verona-Opera-Amrum-und-Set-1-600x169.jpg 600w\" sizes=\"(max-width: 420px) 100vw, 420px\" \/><\/p>\n<h2>La bo\u00eete aux lettres noble et exclusive Opera aux lignes audacieuses<\/h2>\n<p>Votre bo\u00eete aux lettres ne doit pas seulement \u00eatre fonctionnelle mais son ext\u00e9rieur doit aussi s\u00e9duire par sa <strong>forme \u00e9l\u00e9gante et noble\u00a0<\/strong>? BURG-W\u00c4CHTER a dans ce cas le mod\u00e8le qu&#8217;il vous faut\u00a0: l&#8217;Opera en acier inoxydable de qualit\u00e9 marque des points en mati\u00e8re de <strong>design ET <\/strong>de <strong>fonctionnalit\u00e9<\/strong>. Le bo\u00eete aux lettres en acier inoxydable Opera r\u00e9pond \u00e9galement \u00e0 la norme EN 13724 comme beaucoup de nos bo\u00eetes aux lettres.<\/p>\n<h3>Lignes s\u00e9duisantes et pratiques<\/h3>\n<p>Les <strong>d\u00e9tails pratiques <\/strong>int\u00e9gr\u00e9s \u00e0 la bo\u00eete aux lettres sautent \u00e0 peine aux yeux au premier abord car ils se fondent parfaitement aux lignes \u00e9l\u00e9gantes. La <strong>face avant r\u00e9sistante en acier inoxydable<\/strong>, la solidit\u00e9 et les lignes pens\u00e9es jusqu&#8217;au bout m\u00e9ritent ainsi d&#8217;\u00eatre nomm\u00e9es.<br \/>\nLe <strong>porte-journaux s\u00e9par\u00e9<\/strong> mont\u00e9 en dessous permet de recevoir s\u00e9par\u00e9ment et intacts journaux, revues et magazines.<br \/>\nLa serrure inhabituelle facilite ici le relev\u00e9 du courrier\u00a0: le cylindre est en effet cach\u00e9 sous le volet de passage du courrier. Vous avez besoin d&#8217;une cl\u00e9 pour l&#8217;ouvrir mais pas pour refermer gr\u00e2ce \u00e0 la <strong>fermeture confort par enclenchement<\/strong>. Vous n&#8217;avez besoin que de repousser la porte.<br \/>\nLe <strong>syst\u00e8me d&#8217;arr\u00eat <\/strong>de la porte avec sa <strong>charni\u00e8re confort <\/strong>facilite le relev\u00e9 du courrier.<br \/>\nLa fente de passage de courrier est au format DIN C4.<\/p>\n<h3>Fabrication dans de l&#8217;acier inoxydable brut<\/h3>\n<p>Les bo\u00eetes aux lettres en acier inoxydable <strong>ne craignent ni la m\u00e9t\u00e9o ni les rayures<\/strong> et disposent d&#8217;une <strong>tr\u00e8s longue dur\u00e9e de vie<\/strong>. Elles sont ainsi par\u00e9es \u00e0 toute situation avec ce mat\u00e9riau noble. L&#8217;armature en acier inoxydable est \u00e9galement tr\u00e8s simple d&#8217;entretien. Nous recommandons de passer r\u00e9guli\u00e8rement un coup de chiffon humide et propre sur votre Opera.<\/p>\n<h3>Montage \u00e0 un endroit prot\u00e9g\u00e9 des intemp\u00e9ries<\/h3>\n<p>M\u00eame si nos bo\u00eetes aux lettres en acier inoxydable ne craignent pas la m\u00e9t\u00e9o, nous conseillons n\u00e9anmoins de les monter \u00e0 un <strong>endroit prot\u00e9g\u00e9 des intemp\u00e9ries<\/strong>. Ainsi, votre Opera restera belle pour longtemps.<br \/>\nLe mat\u00e9riel de fixation est compris dans la livraison.<\/p>\n<h3>La bo\u00eete aux lettres design en un coup d&#8217;\u0153il<\/h3>\n<ul>\n<li>Acier inoxydable, brut, bross\u00e9<\/li>\n<li>Lignes \u00e9l\u00e9gantes<\/li>\n<li>R\u00e9pond \u00e0 la norme EN 13724<\/li>\n<li>Fa\u00e7ade tr\u00e8s r\u00e9sistante en acier inoxydable<\/li>\n<li>Cylindre cach\u00e9 avec fermeture confort par enclenchement &#8211; fermeture sans cl\u00e9<\/li>\n<li>Syst\u00e8me d&#8217;arr\u00eat avec charni\u00e8re confort s&#8217;ouvrant en douceur<\/li>\n<li>Avec porte-journaux s\u00e9par\u00e9<\/li>\n<li>Format de fente\u00a0: DIN C4<br \/>\n(L x H\u00a0: 325 x 34 mm)<\/li>\n<li>Dimensions L x l x H\u00a0: 594 x 370 x 155 mm<\/li>\n<li>Mat\u00e9riel de fixation compris dans la livraison<\/li>\n<\/ul>\n<table class=\"ausfuehrung\">\n<thead>\n<tr>\n<td>Article<\/td>\n<td>H x L x P<\/td>\n<td>Fente<\/td>\n<\/tr>\n<tr>\n<td class=\"subdesc\"><\/td>\n<td class=\"subdesc\">mm<\/td>\n<td class=\"subdesc\">L x H (mm)<\/td>\n<\/tr>\n<\/thead>\n<tbody>\n<tr>\n<td>3755 Ni<\/td>\n<td>594 x 370 x 155<\/td>\n<td>325 x 34<\/td>\n<\/tr>\n<\/tbody>\n<\/table>\n","protected":false},"excerpt":{"rendered":"<p>La bo\u00eete aux lettres noble et exclusive Opera aux lignes audacieuses Votre bo\u00eete aux lettres ne doit pas seulement \u00eatre fonctionnelle mais son ext\u00e9rieur doit aussi s\u00e9duire par sa forme \u00e9l\u00e9gante et noble\u00a0? BURG-W\u00c4CHTER a dans ce cas le mod\u00e8le &hellip; <a class=\"kt-excerpt-readmore\" href=\"https:\/\/test.burgwaechterservice.de\/fr\/p\/boites-aux-lettres\/opera\/\" aria-label=\"Opera\">Lire la suite<\/a><\/p>\n","protected":false},"featured_media":32367,"comment_status":"closed","ping_status":"closed","template":"","meta":[],"product_cat":[23,25],"product_tag":[],"yoast_head":"<!-- This site is optimized with the Yoast SEO Premium plugin v18.4 (Yoast SEO v19.13) - https:\/\/yoast.com\/wordpress\/plugins\/seo\/ -->\n<title>Opera - Burg-W\u00e4chter<\/title>\n<meta name=\"description\" content=\"La bo\u00eete aux lettres noble et exclusive Opera aux lignes audacieuses Votre bo\u00eete aux lettres ne doit pas seulement \u00eatre fonctionnelle mais son ext\u00e9rieur\" \/>\n<meta name=\"robots\" content=\"index, follow, max-snippet:-1, max-image-preview:large, max-video-preview:-1\" \/>\n<link rel=\"canonical\" href=\"https:\/\/test.burgwaechterservice.de\/fr\/p\/boites-aux-lettres\/opera\/\" \/>\n<meta property=\"og:locale\" content=\"fr_FR\" \/>\n<meta property=\"og:type\" content=\"article\" \/>\n<meta property=\"og:title\" content=\"Opera\" \/>\n<meta property=\"og:description\" content=\"La bo\u00eete aux lettres noble et exclusive Opera aux lignes audacieuses Votre bo\u00eete aux lettres ne doit pas seulement \u00eatre fonctionnelle mais son ext\u00e9rieur\" \/>\n<meta property=\"og:url\" content=\"https:\/\/test.burgwaechterservice.de\/fr\/p\/boites-aux-lettres\/opera\/\" \/>\n<meta property=\"og:site_name\" content=\"Burg-W\u00e4chter France\" \/>\n<meta property=\"article:modified_time\" content=\"2018-06-21T06:45:42+00:00\" \/>\n<meta property=\"og:image\" content=\"https:\/\/test.burgwaechterservice.de\/fr\/wp-content\/uploads\/sites\/4\/2016\/07\/Briefkasten_Opera_3755_Ni_335000-01.jpg\" \/>\n\t<meta property=\"og:image:width\" content=\"1000\" \/>\n\t<meta property=\"og:image:height\" content=\"1000\" \/>\n\t<meta property=\"og:image:type\" content=\"image\/jpeg\" \/>\n<meta name=\"twitter:card\" content=\"summary_large_image\" \/>\n<meta name=\"twitter:label1\" content=\"Dur\u00e9e de lecture estim\u00e9e\" \/>\n\t<meta name=\"twitter:data1\" content=\"2 minutes\" \/>\n<!-- \/ Yoast SEO Premium plugin. -->","yoast_head_json":{"title":"Opera - Burg-W\u00e4chter","description":"La bo\u00eete aux lettres noble et exclusive Opera aux lignes audacieuses Votre bo\u00eete aux lettres ne doit pas seulement \u00eatre fonctionnelle mais son ext\u00e9rieur","robots":{"index":"index","follow":"follow","max-snippet":"max-snippet:-1","max-image-preview":"max-image-preview:large","max-video-preview":"max-video-preview:-1"},"canonical":"https:\/\/test.burgwaechterservice.de\/fr\/p\/boites-aux-lettres\/opera\/","og_locale":"fr_FR","og_type":"article","og_title":"Opera","og_description":"La bo\u00eete aux lettres noble et exclusive Opera aux lignes audacieuses Votre bo\u00eete aux lettres ne doit pas seulement \u00eatre fonctionnelle mais son ext\u00e9rieur","og_url":"https:\/\/test.burgwaechterservice.de\/fr\/p\/boites-aux-lettres\/opera\/","og_site_name":"Burg-W\u00e4chter France","article_modified_time":"2018-06-21T06:45:42+00:00","og_image":[{"width":1000,"height":1000,"url":"https:\/\/test.burgwaechterservice.de\/fr\/wp-content\/uploads\/sites\/4\/2016\/07\/Briefkasten_Opera_3755_Ni_335000-01.jpg","type":"image\/jpeg"}],"twitter_card":"summary_large_image","twitter_misc":{"Dur\u00e9e de lecture estim\u00e9e":"2 minutes"},"schema":{"@context":"https:\/\/schema.org","@graph":[{"@type":"WebPage","@id":"https:\/\/test.burgwaechterservice.de\/fr\/p\/boites-aux-lettres\/opera\/","url":"https:\/\/test.burgwaechterservice.de\/fr\/p\/boites-aux-lettres\/opera\/","name":"Opera - Burg-W\u00e4chter","isPartOf":{"@id":"https:\/\/test.burgwaechterservice.de\/fr\/#website"},"datePublished":"2016-07-21T13:03:15+00:00","dateModified":"2018-06-21T06:45:42+00:00","description":"La bo\u00eete aux lettres noble et exclusive Opera aux lignes audacieuses Votre bo\u00eete aux lettres ne doit pas seulement \u00eatre fonctionnelle mais son ext\u00e9rieur","breadcrumb":{"@id":"https:\/\/test.burgwaechterservice.de\/fr\/p\/boites-aux-lettres\/opera\/#breadcrumb"},"inLanguage":"fr-FR","potentialAction":[{"@type":"ReadAction","target":["https:\/\/test.burgwaechterservice.de\/fr\/p\/boites-aux-lettres\/opera\/"]}]},{"@type":"BreadcrumbList","@id":"https:\/\/test.burgwaechterservice.de\/fr\/p\/boites-aux-lettres\/opera\/#breadcrumb","itemListElement":[{"@type":"ListItem","position":1,"name":"Accueil","item":"https:\/\/test.burgwaechterservice.de\/fr\/"},{"@type":"ListItem","position":2,"name":"Produits","item":"https:\/\/test.burgwaechterservice.de\/fr\/p\/"},{"@type":"ListItem","position":3,"name":"Opera"}]},{"@type":"WebSite","@id":"https:\/\/test.burgwaechterservice.de\/fr\/#website","url":"https:\/\/test.burgwaechterservice.de\/fr\/","name":"Burg-W\u00e4chter France","description":"Le choix le plus s\u00fbr!","potentialAction":[{"@type":"SearchAction","target":{"@type":"EntryPoint","urlTemplate":"https:\/\/test.burgwaechterservice.de\/fr\/?s={search_term_string}"},"query-input":"required name=search_term_string"}],"inLanguage":"fr-FR"}]}},"_links":{"self":[{"href":"https:\/\/test.burgwaechterservice.de\/fr\/wp-json\/wp\/v2\/product\/32366"}],"collection":[{"href":"https:\/\/test.burgwaechterservice.de\/fr\/wp-json\/wp\/v2\/product"}],"about":[{"href":"https:\/\/test.burgwaechterservice.de\/fr\/wp-json\/wp\/v2\/types\/product"}],"replies":[{"embeddable":true,"href":"https:\/\/test.burgwaechterservice.de\/fr\/wp-json\/wp\/v2\/comments?post=32366"}],"wp:featuredmedia":[{"embeddable":true,"href":"https:\/\/test.burgwaechterservice.de\/fr\/wp-json\/wp\/v2\/media\/32367"}],"wp:attachment":[{"href":"https:\/\/test.burgwaechterservice.de\/fr\/wp-json\/wp\/v2\/media?parent=32366"}],"wp:term":[{"taxonomy":"product_cat","embeddable":true,"href":"https:\/\/test.burgwaechterservice.de\/fr\/wp-json\/wp\/v2\/product_cat?post=32366"},{"taxonomy":"product_tag","embeddable":true,"href":"https:\/\/test.burgwaechterservice.de\/fr\/wp-json\/wp\/v2\/product_tag?post=32366"}],"curies":[{"name":"wp","href":"https:\/\/api.w.org\/{rel}","templated":true}]}}