{"id":32363,"date":"2016-07-21T14:59:37","date_gmt":"2016-07-21T12:59:37","guid":{"rendered":"https:\/\/www.burg.biz\/?post_type=product&#038;p=32363"},"modified":"2016-11-17T16:17:40","modified_gmt":"2016-11-17T15:17:40","slug":"quadus","status":"publish","type":"product","link":"https:\/\/test.burgwaechterservice.de\/fr\/p\/boites-aux-lettres\/quadus\/","title":{"rendered":"Quadus"},"content":{"rendered":"<p><img decoding=\"async\" class=\"alignnone wp-image-41816\" src=\"https:\/\/test.burgwaechterservice.de\/fr\/wp-content\/uploads\/sites\/4\/2016\/07\/Borkum-38773878ModenaQuadus.jpg\" alt=\"BUW-Icons-BK 4c OK.indd\" width=\"423\" height=\"118\" srcset=\"https:\/\/test.burgwaechterservice.de\/fr\/wp-content\/uploads\/sites\/4\/2016\/07\/Borkum-38773878ModenaQuadus.jpg 1144w, https:\/\/test.burgwaechterservice.de\/fr\/wp-content\/uploads\/sites\/4\/2016\/07\/Borkum-38773878ModenaQuadus-300x84.jpg 300w, https:\/\/test.burgwaechterservice.de\/fr\/wp-content\/uploads\/sites\/4\/2016\/07\/Borkum-38773878ModenaQuadus-768x214.jpg 768w, https:\/\/test.burgwaechterservice.de\/fr\/wp-content\/uploads\/sites\/4\/2016\/07\/Borkum-38773878ModenaQuadus-1024x286.jpg 1024w\" sizes=\"(max-width: 423px) 100vw, 423px\" \/><\/p>\n<h2>R\u00e9compens\u00e9e par l&#8217;iF Design Award 2012\u00a0: la bo\u00eete aux lettres design Quadus<\/h2>\n<p>L&#8217;ext\u00e9rieur unique en acier inoxydable de la bo\u00eete aux lettres Quadus attire vraiment les regards. Si vous \u00eates amateur de <strong>design moderne<\/strong> et <strong>sophistiqu\u00e9<\/strong>, alors le mod\u00e8le Quadus de BURG-W\u00c4CHTER est exactement celui qu&#8217;il vous faut.<\/p>\n<h3>Design r\u00e9compens\u00e9<\/h3>\n<p>La structure anguleuse et futuriste du mod\u00e8le Quadus est une premi\u00e8re. C&#8217;est ce que s&#8217;est aussi dit l&#8217;association <em>iF Industrie Forum Design e.V.<\/em> lorsqu&#8217;elle a d\u00e9cern\u00e9 \u00e0 cette bo\u00eete aux lettres de BURG-W\u00c4CHTER le prix \u00ab\u00a0<strong>Product Design Award\u00a0<\/strong>\u00bb en 2012.<br \/>\nSa <strong>fa\u00e7ade tr\u00e8s r\u00e9sistante en acier inoxydable<\/strong> apporte solidit\u00e9 et \u00e9l\u00e9gance. Le <strong>porte-journaux<\/strong> plac\u00e9 sous la bo\u00eete aux lettres en elle-m\u00eame et tourn\u00e9 vers l&#8217;arri\u00e8re offre une place suppl\u00e9mentaire d\u00e9di\u00e9e \u00e0 vos abonnements. Le <strong>cylindre cach\u00e9<\/strong> sous le volet de passage du courrier apporte la touche finale \u00e0 ce design sans faille.<br \/>\nD&#8217;autres d\u00e9tails pratiques comme le <strong>syst\u00e8me d&#8217;arr\u00eat<\/strong> de la porte avec sa <strong>charni\u00e8re confortable s&#8217;ouvrant doucement<\/strong> ou la fermeture agr\u00e9able sans cl\u00e9 gr\u00e2ce \u00e0 un <strong>syst\u00e8me par enclenchement<\/strong> rendent cette bo\u00eete aux lettres extr\u00eamement fonctionnelle en plus qu&#8217;esth\u00e9tique.<\/p>\n<p>La bo\u00eete aux lettres en acier inoxydable Quadus r\u00e9pond en outre \u00e0 la norme europ\u00e9enne EN 13724.<\/p>\n<h3>Acier inoxydable r\u00e9sistant aux intemp\u00e9ries<\/h3>\n<p>Ce mat\u00e9riau naturel trait\u00e9 <strong>ne craint pas les caprices de la m\u00e9t\u00e9o<\/strong>, il dispose d&#8217;une longue dur\u00e9e de vie et son ext\u00e9rieur est extr\u00eamement \u00e9l\u00e9gant. Et ne vous faites pas de souci concernant son entretien. Cela suffit enti\u00e8rement si vous nettoyez r\u00e9guli\u00e8rement votre bo\u00eete aux lettres en acier inoxydable avec un chiffon humide et propre.<\/p>\n<h3>Montage conseill\u00e9<\/h3>\n<p>BURG-W\u00c4CHTER recommande de monter \u00e0 un <strong>endroit prot\u00e9g\u00e9 des intemp\u00e9ries<\/strong> la bo\u00eete aux lettres design \u00e0 l&#8217;aide du mat\u00e9riel de fixation livr\u00e9, afin qu&#8217;elle reste belle pour longtemps. Et m\u00eame si l&#8217;acier inoxydable ne craint aucune m\u00e9t\u00e9o, elle reste ainsi dans un \u00e9tat optimal pour de nombreuses ann\u00e9es.<\/p>\n<h3>La bo\u00eete aux lettres en acier inoxydable exclusive en bref<\/h3>\n<ul>\n<li>Design s\u00e9duisant<\/li>\n<li>R\u00e9compens\u00e9e par l&#8217;iF Produkt Design Award 2012<\/li>\n<li>R\u00e9pond \u00e0 la norme EN 13724<\/li>\n<li>Acier inoxydable, brut, bross\u00e9<\/li>\n<li>Fa\u00e7ade tr\u00e8s r\u00e9sistante en acier inoxydable<\/li>\n<li>Cylindre cach\u00e9 avec fermeture confort par enclenchement &#8211; fermeture sans cl\u00e9<\/li>\n<li>Syst\u00e8me d&#8217;arr\u00eat avec charni\u00e8re confort s&#8217;ouvrant en douceur<\/li>\n<li>Avec porte-journaux s\u00e9par\u00e9<\/li>\n<li>Format de fente\u00a0: DIN C4<br \/>\n(L x H\u00a0: 325 x 34 mm)<\/li>\n<li>Dimensions L x l x H\u00a0: 497 x 475 x 145 mm<\/li>\n<li>Mat\u00e9riel de fixation compris dans la livraison<\/li>\n<\/ul>\n<table class=\"ausfuehrung\">\n<thead>\n<tr>\n<td>Article<\/td>\n<td>H x L x P<\/td>\n<td>Fente<\/td>\n<\/tr>\n<tr>\n<td class=\"subdesc\"><\/td>\n<td class=\"subdesc\">mm<\/td>\n<td class=\"subdesc\">L x H (mm)<\/td>\n<\/tr>\n<\/thead>\n<tbody>\n<tr>\n<td>3745 Ni<\/td>\n<td>497\u00a0x 475\u00a0x 145<\/td>\n<td>325 x 34<\/td>\n<\/tr>\n<\/tbody>\n<\/table>\n","protected":false},"excerpt":{"rendered":"<p>R\u00e9compens\u00e9e par l&#8217;iF Design Award 2012\u00a0: la bo\u00eete aux lettres design Quadus L&#8217;ext\u00e9rieur unique en acier inoxydable de la bo\u00eete aux lettres Quadus attire vraiment les regards. Si vous \u00eates amateur de design moderne et sophistiqu\u00e9, alors le mod\u00e8le Quadus &hellip; <a class=\"kt-excerpt-readmore\" href=\"https:\/\/test.burgwaechterservice.de\/fr\/p\/boites-aux-lettres\/quadus\/\" aria-label=\"Quadus\">Lire la suite<\/a><\/p>\n","protected":false},"featured_media":32365,"comment_status":"closed","ping_status":"closed","template":"","meta":[],"product_cat":[23,25],"product_tag":[],"yoast_head":"<!-- This site is optimized with the Yoast SEO Premium plugin v18.4 (Yoast SEO v19.13) - https:\/\/yoast.com\/wordpress\/plugins\/seo\/ -->\n<title>Quadus - Burg-W\u00e4chter<\/title>\n<meta name=\"description\" content=\"R\u00e9compens\u00e9e par l&#039;iF Design Award 2012\u00a0: la bo\u00eete aux lettres design Quadus L&#039;ext\u00e9rieur unique en acier inoxydable de la bo\u00eete aux lettres Quadus attire\" \/>\n<meta name=\"robots\" content=\"index, follow, max-snippet:-1, max-image-preview:large, max-video-preview:-1\" \/>\n<link rel=\"canonical\" href=\"https:\/\/test.burgwaechterservice.de\/fr\/p\/boites-aux-lettres\/quadus\/\" \/>\n<meta property=\"og:locale\" content=\"fr_FR\" \/>\n<meta property=\"og:type\" content=\"article\" \/>\n<meta property=\"og:title\" content=\"Quadus\" \/>\n<meta property=\"og:description\" content=\"R\u00e9compens\u00e9e par l&#039;iF Design Award 2012\u00a0: la bo\u00eete aux lettres design Quadus L&#039;ext\u00e9rieur unique en acier inoxydable de la bo\u00eete aux lettres Quadus attire\" \/>\n<meta property=\"og:url\" content=\"https:\/\/test.burgwaechterservice.de\/fr\/p\/boites-aux-lettres\/quadus\/\" \/>\n<meta property=\"og:site_name\" content=\"Burg-W\u00e4chter France\" \/>\n<meta property=\"article:modified_time\" content=\"2016-11-17T15:17:40+00:00\" \/>\n<meta property=\"og:image\" content=\"https:\/\/test.burgwaechterservice.de\/fr\/wp-content\/uploads\/sites\/4\/2016\/07\/Briefkasten_Quadus_3745_Ni_335109-01.jpg\" \/>\n\t<meta property=\"og:image:width\" content=\"1000\" \/>\n\t<meta property=\"og:image:height\" content=\"1000\" \/>\n\t<meta property=\"og:image:type\" content=\"image\/jpeg\" \/>\n<meta name=\"twitter:card\" content=\"summary_large_image\" \/>\n<meta name=\"twitter:label1\" content=\"Dur\u00e9e de lecture estim\u00e9e\" \/>\n\t<meta name=\"twitter:data1\" content=\"2 minutes\" \/>\n<!-- \/ Yoast SEO Premium plugin. -->","yoast_head_json":{"title":"Quadus - Burg-W\u00e4chter","description":"R\u00e9compens\u00e9e par l'iF Design Award 2012\u00a0: la bo\u00eete aux lettres design Quadus L'ext\u00e9rieur unique en acier inoxydable de la bo\u00eete aux lettres Quadus attire","robots":{"index":"index","follow":"follow","max-snippet":"max-snippet:-1","max-image-preview":"max-image-preview:large","max-video-preview":"max-video-preview:-1"},"canonical":"https:\/\/test.burgwaechterservice.de\/fr\/p\/boites-aux-lettres\/quadus\/","og_locale":"fr_FR","og_type":"article","og_title":"Quadus","og_description":"R\u00e9compens\u00e9e par l'iF Design Award 2012\u00a0: la bo\u00eete aux lettres design Quadus L'ext\u00e9rieur unique en acier inoxydable de la bo\u00eete aux lettres Quadus attire","og_url":"https:\/\/test.burgwaechterservice.de\/fr\/p\/boites-aux-lettres\/quadus\/","og_site_name":"Burg-W\u00e4chter France","article_modified_time":"2016-11-17T15:17:40+00:00","og_image":[{"width":1000,"height":1000,"url":"https:\/\/test.burgwaechterservice.de\/fr\/wp-content\/uploads\/sites\/4\/2016\/07\/Briefkasten_Quadus_3745_Ni_335109-01.jpg","type":"image\/jpeg"}],"twitter_card":"summary_large_image","twitter_misc":{"Dur\u00e9e de lecture estim\u00e9e":"2 minutes"},"schema":{"@context":"https:\/\/schema.org","@graph":[{"@type":"WebPage","@id":"https:\/\/test.burgwaechterservice.de\/fr\/p\/boites-aux-lettres\/quadus\/","url":"https:\/\/test.burgwaechterservice.de\/fr\/p\/boites-aux-lettres\/quadus\/","name":"Quadus - Burg-W\u00e4chter","isPartOf":{"@id":"https:\/\/test.burgwaechterservice.de\/fr\/#website"},"datePublished":"2016-07-21T12:59:37+00:00","dateModified":"2016-11-17T15:17:40+00:00","description":"R\u00e9compens\u00e9e par l'iF Design Award 2012\u00a0: la bo\u00eete aux lettres design Quadus L'ext\u00e9rieur unique en acier inoxydable de la bo\u00eete aux lettres Quadus attire","breadcrumb":{"@id":"https:\/\/test.burgwaechterservice.de\/fr\/p\/boites-aux-lettres\/quadus\/#breadcrumb"},"inLanguage":"fr-FR","potentialAction":[{"@type":"ReadAction","target":["https:\/\/test.burgwaechterservice.de\/fr\/p\/boites-aux-lettres\/quadus\/"]}]},{"@type":"BreadcrumbList","@id":"https:\/\/test.burgwaechterservice.de\/fr\/p\/boites-aux-lettres\/quadus\/#breadcrumb","itemListElement":[{"@type":"ListItem","position":1,"name":"Accueil","item":"https:\/\/test.burgwaechterservice.de\/fr\/"},{"@type":"ListItem","position":2,"name":"Produits","item":"https:\/\/test.burgwaechterservice.de\/fr\/p\/"},{"@type":"ListItem","position":3,"name":"Quadus"}]},{"@type":"WebSite","@id":"https:\/\/test.burgwaechterservice.de\/fr\/#website","url":"https:\/\/test.burgwaechterservice.de\/fr\/","name":"Burg-W\u00e4chter France","description":"Le choix le plus s\u00fbr!","potentialAction":[{"@type":"SearchAction","target":{"@type":"EntryPoint","urlTemplate":"https:\/\/test.burgwaechterservice.de\/fr\/?s={search_term_string}"},"query-input":"required name=search_term_string"}],"inLanguage":"fr-FR"}]}},"_links":{"self":[{"href":"https:\/\/test.burgwaechterservice.de\/fr\/wp-json\/wp\/v2\/product\/32363"}],"collection":[{"href":"https:\/\/test.burgwaechterservice.de\/fr\/wp-json\/wp\/v2\/product"}],"about":[{"href":"https:\/\/test.burgwaechterservice.de\/fr\/wp-json\/wp\/v2\/types\/product"}],"replies":[{"embeddable":true,"href":"https:\/\/test.burgwaechterservice.de\/fr\/wp-json\/wp\/v2\/comments?post=32363"}],"wp:featuredmedia":[{"embeddable":true,"href":"https:\/\/test.burgwaechterservice.de\/fr\/wp-json\/wp\/v2\/media\/32365"}],"wp:attachment":[{"href":"https:\/\/test.burgwaechterservice.de\/fr\/wp-json\/wp\/v2\/media?parent=32363"}],"wp:term":[{"taxonomy":"product_cat","embeddable":true,"href":"https:\/\/test.burgwaechterservice.de\/fr\/wp-json\/wp\/v2\/product_cat?post=32363"},{"taxonomy":"product_tag","embeddable":true,"href":"https:\/\/test.burgwaechterservice.de\/fr\/wp-json\/wp\/v2\/product_tag?post=32363"}],"curies":[{"name":"wp","href":"https:\/\/api.w.org\/{rel}","templated":true}]}}