{"id":32359,"date":"2016-07-21T14:53:22","date_gmt":"2016-07-21T12:53:22","guid":{"rendered":"https:\/\/www.burg.biz\/?post_type=product&#038;p=32359"},"modified":"2016-11-17T15:57:30","modified_gmt":"2016-11-17T14:57:30","slug":"nordic","status":"publish","type":"product","link":"https:\/\/test.burgwaechterservice.de\/fr\/p\/boites-aux-lettres\/nordic\/","title":{"rendered":"Nordic"},"content":{"rendered":"<p><img fetchpriority=\"high\" decoding=\"async\" class=\"alignnone wp-image-41833\" src=\"https:\/\/test.burgwaechterservice.de\/fr\/wp-content\/uploads\/sites\/4\/2016\/07\/Milano-Comfort-und-Set-1.jpg\" alt=\"BUW-Icons-BK 4c OK.indd\" width=\"504\" height=\"118\" srcset=\"https:\/\/test.burgwaechterservice.de\/fr\/wp-content\/uploads\/sites\/4\/2016\/07\/Milano-Comfort-und-Set-1.jpg 1362w, https:\/\/test.burgwaechterservice.de\/fr\/wp-content\/uploads\/sites\/4\/2016\/07\/Milano-Comfort-und-Set-1-300x70.jpg 300w, https:\/\/test.burgwaechterservice.de\/fr\/wp-content\/uploads\/sites\/4\/2016\/07\/Milano-Comfort-und-Set-1-768x180.jpg 768w, https:\/\/test.burgwaechterservice.de\/fr\/wp-content\/uploads\/sites\/4\/2016\/07\/Milano-Comfort-und-Set-1-1024x240.jpg 1024w\" sizes=\"(max-width: 504px) 100vw, 504px\" \/><\/p>\n<h2>Espace XXL pour votre courrier et vos journaux dans la bo\u00eete aux lettres grand volume Nordic<\/h2>\n<p>La bo\u00eete aux lettres BURG-W\u00c4CHTER offre le <strong>plus important volume int\u00e9rieur<\/strong> qu&#8217;il soit\u00a0: ce mod\u00e8le en acier inoxydable de la gamme Nordic offre avec sa <strong>profondeur de confort<\/strong> une place incroyable pour votre courrier.<\/p>\n<h3>Design spacieux disponible en deux tailles<\/h3>\n<p>Peu importe combien de courrier vous recevez r\u00e9guli\u00e8rement, le mod\u00e8le Nordic peut s&#8217;en accommoder sans probl\u00e8me. Vous pouvez choisir ici entre deux tailles, soit entre <strong>beaucoup ou \u00e9norm\u00e9ment de volume<\/strong>. La fente au format DIN 4, le <strong>cylindre<\/strong> de s\u00e9curit\u00e9 et le <strong>syst\u00e8me d&#8217;arr\u00eat pratique<\/strong> de la porte ajoutent \u00e0 la s\u00e9curit\u00e9 et au caract\u00e8re fonctionnel de cette bo\u00eete aux lettres en acier inoxydable.<\/p>\n<h3>Acier inoxydable brut ou prot\u00e9g\u00e9 par un vernis transparent<\/h3>\n<p>Optez soit pour le mod\u00e8le Nordic 3680 Ni en acier inoxydable haut de gamme et prot\u00e9g\u00e9 d&#8217;un vernis transparent ou pour la version sup\u00e9rieure 3780 Ni en acier inoxydable brut et bross\u00e9. Ces deux versions, de par leur acier inoxydable, <strong>ne craignent absolument aucune m\u00e9t\u00e9o<\/strong> et par cons\u00e9quent <strong>ne rouillent pas<\/strong>. L&#8217;entretien du mod\u00e8le Nordic est \u00e9galement un jeu d&#8217;enfant\u00a0: il suffit de passer r\u00e9guli\u00e8rement un coup de chiffon humide et propre.<\/p>\n<h3>Arceau correspondant<\/h3>\n<p>Votre bo\u00eete aux lettres plac\u00e9e \u00e0 l&#8217;endroit que vous souhaitez est particuli\u00e8rement bien mise en valeur avec l&#8217;<strong>arceau en acier inoxydable Nordic au design correspondant<\/strong>. D\u00e9couvrir ici l&#8217;arceau Nordic.<\/p>\n<p>BURG-W\u00c4CHTER conseille g\u00e9n\u00e9ralement de fixer les bo\u00eetes aux lettres \u00e0 un <strong>endroit prot\u00e9g\u00e9 des intemp\u00e9ries <\/strong>ou \u00e0 l&#8217;aide du mat\u00e9riel de fixation compris dans la livraison. Ainsi, le mod\u00e8le Nordic remplira efficacement son r\u00f4le pendant de nombreuses ann\u00e9es.<\/p>\n<h3>Les avantages de la bo\u00eete aux lettres grand volume Nordic<\/h3>\n<ul>\n<li>Volume spacieux pour votre courrier et vos journaux<\/li>\n<li>Disponible en deux tailles<\/li>\n<li>Acier inoxydable brut et bross\u00e9 ou recouvert d&#8217;un vernis de protection transparent<\/li>\n<li>Inoxydable<\/li>\n<li>R\u00e9pond \u00e0 la norme EN 13724<\/li>\n<li>Profondeur de confort<\/li>\n<li>Arceau de support de bo\u00eete aux lettres disponible s\u00e9par\u00e9ment<\/li>\n<li>Porte avec syst\u00e8me d&#8217;arr\u00eat de s\u00e9rie<\/li>\n<li>Format de fente\u00a0: DIN C4<br \/>\n(Nordic 3680 Ni L x H\u00a0: 242 x 33 mm<br \/>\nNordic 3780 Ni\u00a0\u00a0\u00a0\u00a0\u00a0\u00a0\u00a0\u00a0\u00a0\u00a0\u00a0\u00a0\u00a0\u00a0\u00a0\u00a0\u00a0 L x H\u00a0: 327 x 44 mm)<\/li>\n<li>Dimensions L x l x H\u00a0:<br \/>\nNordic 3680 Ni 475 x 300 x 222 mm<br \/>\nNordic 3780 Ni\u00a0\u00a0\u00a0\u00a0\u00a0\u00a0\u00a0\u00a0\u00a0\u00a0\u00a0\u00a0\u00a0\u00a0\u00a0\u00a0\u00a0 560 x 380 x 222 mm<\/li>\n<li>Mat\u00e9riel de fixation compris dans la livraison<\/li>\n<\/ul>\n<p>&nbsp;<\/p>\n<table class=\"ausfuehrung\">\n<thead>\n<tr>\n<td>Article<\/td>\n<td>H x L x P<\/td>\n<td>Fente<\/td>\n<\/tr>\n<tr>\n<td class=\"subdesc\"><\/td>\n<td class=\"subdesc\">mm<\/td>\n<td class=\"subdesc\">L x H (mm)<\/td>\n<\/tr>\n<\/thead>\n<tbody>\n<tr>\n<td>Nordic 3680 Ni<\/td>\n<td>475 x 300 x 222<\/td>\n<td>242 x 33<\/td>\n<\/tr>\n<tr>\n<td>Nordic 3780 Ni<\/td>\n<td>560 x 380 x 222<\/td>\n<td>327 x 44<\/td>\n<\/tr>\n<\/tbody>\n<\/table>\n","protected":false},"excerpt":{"rendered":"<p>Espace XXL pour votre courrier et vos journaux dans la bo\u00eete aux lettres grand volume Nordic La bo\u00eete aux lettres BURG-W\u00c4CHTER offre le plus important volume int\u00e9rieur qu&#8217;il soit\u00a0: ce mod\u00e8le en acier inoxydable de la gamme Nordic offre avec &hellip; <a class=\"kt-excerpt-readmore\" href=\"https:\/\/test.burgwaechterservice.de\/fr\/p\/boites-aux-lettres\/nordic\/\" aria-label=\"Nordic\">Lire la suite<\/a><\/p>\n","protected":false},"featured_media":32362,"comment_status":"closed","ping_status":"closed","template":"","meta":[],"product_cat":[23,25],"product_tag":[],"yoast_head":"<!-- This site is optimized with the Yoast SEO Premium plugin v18.4 (Yoast SEO v19.13) - https:\/\/yoast.com\/wordpress\/plugins\/seo\/ -->\n<title>Nordic - Burg-W\u00e4chter<\/title>\n<meta name=\"description\" content=\"Espace XXL pour votre courrier et vos journaux dans la bo\u00eete aux lettres grand volume Nordic La bo\u00eete aux lettres BURG-W\u00c4CHTER offre le plus important\" \/>\n<meta name=\"robots\" content=\"index, follow, max-snippet:-1, max-image-preview:large, max-video-preview:-1\" \/>\n<link rel=\"canonical\" href=\"https:\/\/test.burgwaechterservice.de\/fr\/p\/boites-aux-lettres\/nordic\/\" \/>\n<meta property=\"og:locale\" content=\"fr_FR\" \/>\n<meta property=\"og:type\" content=\"article\" \/>\n<meta property=\"og:title\" content=\"Nordic\" \/>\n<meta property=\"og:description\" content=\"Espace XXL pour votre courrier et vos journaux dans la bo\u00eete aux lettres grand volume Nordic La bo\u00eete aux lettres BURG-W\u00c4CHTER offre le plus important\" \/>\n<meta property=\"og:url\" content=\"https:\/\/test.burgwaechterservice.de\/fr\/p\/boites-aux-lettres\/nordic\/\" \/>\n<meta property=\"og:site_name\" content=\"Burg-W\u00e4chter France\" \/>\n<meta property=\"article:modified_time\" content=\"2016-11-17T14:57:30+00:00\" \/>\n<meta property=\"og:image\" content=\"https:\/\/test.burgwaechterservice.de\/fr\/wp-content\/uploads\/sites\/4\/2016\/07\/Briefkasten_Nordic_3780_Ni_367803-01.jpg\" \/>\n\t<meta property=\"og:image:width\" content=\"2362\" \/>\n\t<meta property=\"og:image:height\" content=\"2362\" \/>\n\t<meta property=\"og:image:type\" content=\"image\/jpeg\" \/>\n<meta name=\"twitter:card\" content=\"summary_large_image\" \/>\n<meta name=\"twitter:label1\" content=\"Dur\u00e9e de lecture estim\u00e9e\" \/>\n\t<meta name=\"twitter:data1\" content=\"2 minutes\" \/>\n<!-- \/ Yoast SEO Premium plugin. -->","yoast_head_json":{"title":"Nordic - Burg-W\u00e4chter","description":"Espace XXL pour votre courrier et vos journaux dans la bo\u00eete aux lettres grand volume Nordic La bo\u00eete aux lettres BURG-W\u00c4CHTER offre le plus important","robots":{"index":"index","follow":"follow","max-snippet":"max-snippet:-1","max-image-preview":"max-image-preview:large","max-video-preview":"max-video-preview:-1"},"canonical":"https:\/\/test.burgwaechterservice.de\/fr\/p\/boites-aux-lettres\/nordic\/","og_locale":"fr_FR","og_type":"article","og_title":"Nordic","og_description":"Espace XXL pour votre courrier et vos journaux dans la bo\u00eete aux lettres grand volume Nordic La bo\u00eete aux lettres BURG-W\u00c4CHTER offre le plus important","og_url":"https:\/\/test.burgwaechterservice.de\/fr\/p\/boites-aux-lettres\/nordic\/","og_site_name":"Burg-W\u00e4chter France","article_modified_time":"2016-11-17T14:57:30+00:00","og_image":[{"width":2362,"height":2362,"url":"https:\/\/test.burgwaechterservice.de\/fr\/wp-content\/uploads\/sites\/4\/2016\/07\/Briefkasten_Nordic_3780_Ni_367803-01.jpg","type":"image\/jpeg"}],"twitter_card":"summary_large_image","twitter_misc":{"Dur\u00e9e de lecture estim\u00e9e":"2 minutes"},"schema":{"@context":"https:\/\/schema.org","@graph":[{"@type":"WebPage","@id":"https:\/\/test.burgwaechterservice.de\/fr\/p\/boites-aux-lettres\/nordic\/","url":"https:\/\/test.burgwaechterservice.de\/fr\/p\/boites-aux-lettres\/nordic\/","name":"Nordic - Burg-W\u00e4chter","isPartOf":{"@id":"https:\/\/test.burgwaechterservice.de\/fr\/#website"},"datePublished":"2016-07-21T12:53:22+00:00","dateModified":"2016-11-17T14:57:30+00:00","description":"Espace XXL pour votre courrier et vos journaux dans la bo\u00eete aux lettres grand volume Nordic La bo\u00eete aux lettres BURG-W\u00c4CHTER offre le plus important","breadcrumb":{"@id":"https:\/\/test.burgwaechterservice.de\/fr\/p\/boites-aux-lettres\/nordic\/#breadcrumb"},"inLanguage":"fr-FR","potentialAction":[{"@type":"ReadAction","target":["https:\/\/test.burgwaechterservice.de\/fr\/p\/boites-aux-lettres\/nordic\/"]}]},{"@type":"BreadcrumbList","@id":"https:\/\/test.burgwaechterservice.de\/fr\/p\/boites-aux-lettres\/nordic\/#breadcrumb","itemListElement":[{"@type":"ListItem","position":1,"name":"Accueil","item":"https:\/\/test.burgwaechterservice.de\/fr\/"},{"@type":"ListItem","position":2,"name":"Produits","item":"https:\/\/test.burgwaechterservice.de\/fr\/p\/"},{"@type":"ListItem","position":3,"name":"Nordic"}]},{"@type":"WebSite","@id":"https:\/\/test.burgwaechterservice.de\/fr\/#website","url":"https:\/\/test.burgwaechterservice.de\/fr\/","name":"Burg-W\u00e4chter France","description":"Le choix le plus s\u00fbr!","potentialAction":[{"@type":"SearchAction","target":{"@type":"EntryPoint","urlTemplate":"https:\/\/test.burgwaechterservice.de\/fr\/?s={search_term_string}"},"query-input":"required name=search_term_string"}],"inLanguage":"fr-FR"}]}},"_links":{"self":[{"href":"https:\/\/test.burgwaechterservice.de\/fr\/wp-json\/wp\/v2\/product\/32359"}],"collection":[{"href":"https:\/\/test.burgwaechterservice.de\/fr\/wp-json\/wp\/v2\/product"}],"about":[{"href":"https:\/\/test.burgwaechterservice.de\/fr\/wp-json\/wp\/v2\/types\/product"}],"replies":[{"embeddable":true,"href":"https:\/\/test.burgwaechterservice.de\/fr\/wp-json\/wp\/v2\/comments?post=32359"}],"wp:featuredmedia":[{"embeddable":true,"href":"https:\/\/test.burgwaechterservice.de\/fr\/wp-json\/wp\/v2\/media\/32362"}],"wp:attachment":[{"href":"https:\/\/test.burgwaechterservice.de\/fr\/wp-json\/wp\/v2\/media?parent=32359"}],"wp:term":[{"taxonomy":"product_cat","embeddable":true,"href":"https:\/\/test.burgwaechterservice.de\/fr\/wp-json\/wp\/v2\/product_cat?post=32359"},{"taxonomy":"product_tag","embeddable":true,"href":"https:\/\/test.burgwaechterservice.de\/fr\/wp-json\/wp\/v2\/product_tag?post=32359"}],"curies":[{"name":"wp","href":"https:\/\/api.w.org\/{rel}","templated":true}]}}