{"id":32356,"date":"2016-07-21T14:37:05","date_gmt":"2016-07-21T12:37:05","guid":{"rendered":"https:\/\/www.burg.biz\/?post_type=product&#038;p=32356"},"modified":"2019-05-28T10:47:40","modified_gmt":"2019-05-28T08:47:40","slug":"hanseatic","status":"publish","type":"product","link":"https:\/\/test.burgwaechterservice.de\/fr\/p\/boites-aux-lettres\/hanseatic\/","title":{"rendered":"Hanseatic"},"content":{"rendered":"<p><img decoding=\"async\" class=\"alignnone wp-image-164058\" src=\"https:\/\/test.burgwaechterservice.de\/fr\/wp-content\/uploads\/sites\/4\/2016\/07\/Lucca-und-Set-Nordic-Ni-1.jpg\" alt=\"\" width=\"329\" height=\"118\" srcset=\"https:\/\/test.burgwaechterservice.de\/fr\/wp-content\/uploads\/sites\/4\/2016\/07\/Lucca-und-Set-Nordic-Ni-1.jpg 890w, https:\/\/test.burgwaechterservice.de\/fr\/wp-content\/uploads\/sites\/4\/2016\/07\/Lucca-und-Set-Nordic-Ni-1-300x108.jpg 300w, https:\/\/test.burgwaechterservice.de\/fr\/wp-content\/uploads\/sites\/4\/2016\/07\/Lucca-und-Set-Nordic-Ni-1-768x275.jpg 768w, https:\/\/test.burgwaechterservice.de\/fr\/wp-content\/uploads\/sites\/4\/2016\/07\/Lucca-und-Set-Nordic-Ni-1-600x215.jpg 600w\" sizes=\"(max-width: 329px) 100vw, 329px\" \/><a href=\"https:\/\/warranty.burg.biz\/bk\/\" target=\"_blank\" rel=\"noopener noreferrer\"><img decoding=\"async\" class=\"alignright wp-image-254979\" src=\"https:\/\/test.burgwaechterservice.de\/fr\/wp-content\/uploads\/sites\/4\/2016\/07\/Siegel_5_Jahre_Garantie_FR_-295x300.jpg\" alt=\"\" width=\"214\" height=\"218\" srcset=\"https:\/\/test.burgwaechterservice.de\/fr\/wp-content\/uploads\/sites\/4\/2016\/07\/Siegel_5_Jahre_Garantie_FR_-295x300.jpg 295w, https:\/\/test.burgwaechterservice.de\/fr\/wp-content\/uploads\/sites\/4\/2016\/07\/Siegel_5_Jahre_Garantie_FR_.jpg 485w\" sizes=\"(max-width: 214px) 100vw, 214px\" \/><br \/>\n<\/a><\/p>\n<h2>Les lignes simples du mod\u00e8le Hanseatic s\u00e9duisent les amateurs de design<\/h2>\n<p>Le design simple de l&#8217;Hanseatic avec ses lignes r\u00e9guli\u00e8res est <strong>\u00e9l\u00e9gant<\/strong>, <strong>minimaliste<\/strong> et convainc par <strong>ses d\u00e9tails pratiques int\u00e9gr\u00e9s<\/strong>.<\/p>\n<p>Cette bo\u00eete aux lettres en acier inoxydable r\u00e9pond \u00e0 la norme europ\u00e9enne EN 13724.<\/p>\n<h3>Acier inoxydable brut<\/h3>\n<p>Fini d&#8217;avoir peur de la rouille avec ce mod\u00e8le de bo\u00eete aux lettres BURG-W\u00c4CHTER. Nos mod\u00e8les en acier inoxydable brut <strong>ne craignent aucune m\u00e9t\u00e9o<\/strong> et disposent d&#8217;une <strong>longue dur\u00e9e de vie<\/strong>. Le mat\u00e9riau est \u00e9galement agr\u00e9able \u00e0 regarder. La bo\u00eete aux lettres se nettoie sans peine\u00a0: il vous suffit de passer r\u00e9guli\u00e8rement un coup de chiffon humide et propre, et c&#8217;est tout\u00a0!<\/p>\n<h3>Design sans faute<\/h3>\n<p>Les lignes droites de l&#8217;Hanseatic d\u00e9gagent un sentiment d&#8217;ordre et de bon go\u00fbt. Ce mod\u00e8le est \u00e9galement ergonomique\u00a0: le <strong>porte-journaux int\u00e9gr\u00e9<\/strong> \u00e0 l&#8217;arri\u00e8re de la bo\u00eete aux lettres re\u00e7oit et garde votre quotidien ou votre magazine en toute s\u00e9curit\u00e9.\u00a0La porte de ce mod\u00e8le s&#8217;ouvre et se ferme \u00e0 l&#8217;avant avec un arr\u00eat \u00e0 droite.<br \/>\nLa fente est au format classique DIN C4.<\/p>\n<h3>Montage conseill\u00e9 de la bo\u00eete aux lettres<\/h3>\n<p>BURG-W\u00c4CHTER vous conseille de fixer la bo\u00eete aux lettres \u00e0 un <strong>endroit prot\u00e9g\u00e9 des intemp\u00e9ries <\/strong>\u00e0 l&#8217;aide du mat\u00e9riel de fixation compris dans la livraison. Elle ne craint certes aucune m\u00e9t\u00e9o mais en faisant cela, vous la conservez encore plus longtemps dans un \u00e9tat optimal.<br \/>\nSi vous souhaitez placer votre bo\u00eete aux lettres Hanseatic \u00e0 un endroit particulier, nous proposons aussi des pieds adapt\u00e9s. Le pied Universal 150 Ni par exemple se marie parfaitement \u00e0 ce mod\u00e8le en acier inoxydable.<\/p>\n<p><a href=\"https:\/\/test.burgwaechterservice.de\/fr\/c\/boites-aux-lettres\/boites-aux-lettres-en-batterie-individuelles-sur-pieds-et-poteaux\/\">D\u00e9couvrez ici notre gamme de pieds de bo\u00eete aux lettres<\/a>.<\/p>\n<h3>La bo\u00eete aux lettres Hanseatic en bref<\/h3>\n<ul>\n<li>Acier inoxydable brut et bross\u00e9<\/li>\n<li>Inoxydable<\/li>\n<li>R\u00e9pond \u00e0 la norme EN 13724<\/li>\n<li>S\u00e9duit par ses lignes simples<\/li>\n<li>Pratique avec son porte-journaux int\u00e9gr\u00e9<\/li>\n<li>Format de fente\u00a0: DIN C4<br \/>\n(L x H\u00a0: 334 x 33 mm)<\/li>\n<li>Dimensions L x l x H\u00a0: 342 x 436 x 175 mm<\/li>\n<li>Mat\u00e9riel de fixation compris dans la livraison<\/li>\n<\/ul>\n<table class=\"ausfuehrung\">\n<thead>\n<tr>\n<td>Article<\/td>\n<td>H x L x P<\/td>\n<td>Fente<\/td>\n<\/tr>\n<tr>\n<td class=\"subdesc\"><\/td>\n<td class=\"subdesc\">mm<\/td>\n<td class=\"subdesc\">L x H (mm)<\/td>\n<\/tr>\n<\/thead>\n<tbody>\n<tr>\n<td>3816 Ni<\/td>\n<td>342 x\u00a0436 x 175<\/td>\n<td>334 x 33<\/td>\n<\/tr>\n<\/tbody>\n<\/table>\n","protected":false},"excerpt":{"rendered":"<p>Les lignes simples du mod\u00e8le Hanseatic s\u00e9duisent les amateurs de design Le design simple de l&#8217;Hanseatic avec ses lignes r\u00e9guli\u00e8res est \u00e9l\u00e9gant, minimaliste et convainc par ses d\u00e9tails pratiques int\u00e9gr\u00e9s. Cette bo\u00eete aux lettres en acier inoxydable r\u00e9pond \u00e0 la &hellip; <a class=\"kt-excerpt-readmore\" href=\"https:\/\/test.burgwaechterservice.de\/fr\/p\/boites-aux-lettres\/hanseatic\/\" aria-label=\"Hanseatic\">Lire la suite<\/a><\/p>\n","protected":false},"featured_media":32358,"comment_status":"closed","ping_status":"closed","template":"","meta":[],"product_cat":[23,25],"product_tag":[],"yoast_head":"<!-- This site is optimized with the Yoast SEO Premium plugin v18.4 (Yoast SEO v19.13) - https:\/\/yoast.com\/wordpress\/plugins\/seo\/ -->\n<title>Hanseatic - Burg-W\u00e4chter<\/title>\n<meta name=\"description\" content=\"Les lignes simples du mod\u00e8le Hanseatic s\u00e9duisent les amateurs de design Le design simple de l&#039;Hanseatic avec ses lignes r\u00e9guli\u00e8res est \u00e9l\u00e9gant,\" \/>\n<meta name=\"robots\" content=\"index, follow, max-snippet:-1, max-image-preview:large, max-video-preview:-1\" \/>\n<link rel=\"canonical\" href=\"https:\/\/test.burgwaechterservice.de\/fr\/p\/boites-aux-lettres\/hanseatic\/\" \/>\n<meta property=\"og:locale\" content=\"fr_FR\" \/>\n<meta property=\"og:type\" content=\"article\" \/>\n<meta property=\"og:title\" content=\"Hanseatic\" \/>\n<meta property=\"og:description\" content=\"Les lignes simples du mod\u00e8le Hanseatic s\u00e9duisent les amateurs de design Le design simple de l&#039;Hanseatic avec ses lignes r\u00e9guli\u00e8res est \u00e9l\u00e9gant,\" \/>\n<meta property=\"og:url\" content=\"https:\/\/test.burgwaechterservice.de\/fr\/p\/boites-aux-lettres\/hanseatic\/\" \/>\n<meta property=\"og:site_name\" content=\"Burg-W\u00e4chter France\" \/>\n<meta property=\"article:modified_time\" content=\"2019-05-28T08:47:40+00:00\" \/>\n<meta property=\"og:image\" content=\"https:\/\/test.burgwaechterservice.de\/fr\/wp-content\/uploads\/sites\/4\/2016\/07\/Briefkasten_Hanseatic1_3815_Ni_288603-01.jpg\" \/>\n\t<meta property=\"og:image:width\" content=\"1000\" \/>\n\t<meta property=\"og:image:height\" content=\"1000\" \/>\n\t<meta property=\"og:image:type\" content=\"image\/jpeg\" \/>\n<meta name=\"twitter:card\" content=\"summary_large_image\" \/>\n<meta name=\"twitter:label1\" content=\"Dur\u00e9e de lecture estim\u00e9e\" \/>\n\t<meta name=\"twitter:data1\" content=\"2 minutes\" \/>\n<!-- \/ Yoast SEO Premium plugin. -->","yoast_head_json":{"title":"Hanseatic - Burg-W\u00e4chter","description":"Les lignes simples du mod\u00e8le Hanseatic s\u00e9duisent les amateurs de design Le design simple de l'Hanseatic avec ses lignes r\u00e9guli\u00e8res est \u00e9l\u00e9gant,","robots":{"index":"index","follow":"follow","max-snippet":"max-snippet:-1","max-image-preview":"max-image-preview:large","max-video-preview":"max-video-preview:-1"},"canonical":"https:\/\/test.burgwaechterservice.de\/fr\/p\/boites-aux-lettres\/hanseatic\/","og_locale":"fr_FR","og_type":"article","og_title":"Hanseatic","og_description":"Les lignes simples du mod\u00e8le Hanseatic s\u00e9duisent les amateurs de design Le design simple de l'Hanseatic avec ses lignes r\u00e9guli\u00e8res est \u00e9l\u00e9gant,","og_url":"https:\/\/test.burgwaechterservice.de\/fr\/p\/boites-aux-lettres\/hanseatic\/","og_site_name":"Burg-W\u00e4chter France","article_modified_time":"2019-05-28T08:47:40+00:00","og_image":[{"width":1000,"height":1000,"url":"https:\/\/test.burgwaechterservice.de\/fr\/wp-content\/uploads\/sites\/4\/2016\/07\/Briefkasten_Hanseatic1_3815_Ni_288603-01.jpg","type":"image\/jpeg"}],"twitter_card":"summary_large_image","twitter_misc":{"Dur\u00e9e de lecture estim\u00e9e":"2 minutes"},"schema":{"@context":"https:\/\/schema.org","@graph":[{"@type":"WebPage","@id":"https:\/\/test.burgwaechterservice.de\/fr\/p\/boites-aux-lettres\/hanseatic\/","url":"https:\/\/test.burgwaechterservice.de\/fr\/p\/boites-aux-lettres\/hanseatic\/","name":"Hanseatic - Burg-W\u00e4chter","isPartOf":{"@id":"https:\/\/test.burgwaechterservice.de\/fr\/#website"},"datePublished":"2016-07-21T12:37:05+00:00","dateModified":"2019-05-28T08:47:40+00:00","description":"Les lignes simples du mod\u00e8le Hanseatic s\u00e9duisent les amateurs de design Le design simple de l'Hanseatic avec ses lignes r\u00e9guli\u00e8res est \u00e9l\u00e9gant,","breadcrumb":{"@id":"https:\/\/test.burgwaechterservice.de\/fr\/p\/boites-aux-lettres\/hanseatic\/#breadcrumb"},"inLanguage":"fr-FR","potentialAction":[{"@type":"ReadAction","target":["https:\/\/test.burgwaechterservice.de\/fr\/p\/boites-aux-lettres\/hanseatic\/"]}]},{"@type":"BreadcrumbList","@id":"https:\/\/test.burgwaechterservice.de\/fr\/p\/boites-aux-lettres\/hanseatic\/#breadcrumb","itemListElement":[{"@type":"ListItem","position":1,"name":"Accueil","item":"https:\/\/test.burgwaechterservice.de\/fr\/"},{"@type":"ListItem","position":2,"name":"Produits","item":"https:\/\/test.burgwaechterservice.de\/fr\/p\/"},{"@type":"ListItem","position":3,"name":"Hanseatic"}]},{"@type":"WebSite","@id":"https:\/\/test.burgwaechterservice.de\/fr\/#website","url":"https:\/\/test.burgwaechterservice.de\/fr\/","name":"Burg-W\u00e4chter France","description":"Le choix le plus s\u00fbr!","potentialAction":[{"@type":"SearchAction","target":{"@type":"EntryPoint","urlTemplate":"https:\/\/test.burgwaechterservice.de\/fr\/?s={search_term_string}"},"query-input":"required name=search_term_string"}],"inLanguage":"fr-FR"}]}},"_links":{"self":[{"href":"https:\/\/test.burgwaechterservice.de\/fr\/wp-json\/wp\/v2\/product\/32356"}],"collection":[{"href":"https:\/\/test.burgwaechterservice.de\/fr\/wp-json\/wp\/v2\/product"}],"about":[{"href":"https:\/\/test.burgwaechterservice.de\/fr\/wp-json\/wp\/v2\/types\/product"}],"replies":[{"embeddable":true,"href":"https:\/\/test.burgwaechterservice.de\/fr\/wp-json\/wp\/v2\/comments?post=32356"}],"wp:featuredmedia":[{"embeddable":true,"href":"https:\/\/test.burgwaechterservice.de\/fr\/wp-json\/wp\/v2\/media\/32358"}],"wp:attachment":[{"href":"https:\/\/test.burgwaechterservice.de\/fr\/wp-json\/wp\/v2\/media?parent=32356"}],"wp:term":[{"taxonomy":"product_cat","embeddable":true,"href":"https:\/\/test.burgwaechterservice.de\/fr\/wp-json\/wp\/v2\/product_cat?post=32356"},{"taxonomy":"product_tag","embeddable":true,"href":"https:\/\/test.burgwaechterservice.de\/fr\/wp-json\/wp\/v2\/product_tag?post=32356"}],"curies":[{"name":"wp","href":"https:\/\/api.w.org\/{rel}","templated":true}]}}