{"id":32352,"date":"2016-07-21T13:06:50","date_gmt":"2016-07-21T11:06:50","guid":{"rendered":"https:\/\/www.burg.biz\/?post_type=product&#038;p=32352"},"modified":"2018-08-22T08:05:57","modified_gmt":"2018-08-22T06:05:57","slug":"verona","status":"publish","type":"product","link":"https:\/\/test.burgwaechterservice.de\/fr\/p\/boites-aux-lettres\/verona\/","title":{"rendered":"Verona"},"content":{"rendered":"<p><img decoding=\"async\" class=\"alignnone wp-image-164061\" src=\"https:\/\/test.burgwaechterservice.de\/fr\/wp-content\/uploads\/sites\/4\/2016\/07\/Verona-Opera-Amrum-und-Set-1.jpg\" alt=\"\" width=\"420\" height=\"118\" srcset=\"https:\/\/test.burgwaechterservice.de\/fr\/wp-content\/uploads\/sites\/4\/2016\/07\/Verona-Opera-Amrum-und-Set-1.jpg 1135w, https:\/\/test.burgwaechterservice.de\/fr\/wp-content\/uploads\/sites\/4\/2016\/07\/Verona-Opera-Amrum-und-Set-1-300x84.jpg 300w, https:\/\/test.burgwaechterservice.de\/fr\/wp-content\/uploads\/sites\/4\/2016\/07\/Verona-Opera-Amrum-und-Set-1-768x216.jpg 768w, https:\/\/test.burgwaechterservice.de\/fr\/wp-content\/uploads\/sites\/4\/2016\/07\/Verona-Opera-Amrum-und-Set-1-1024x288.jpg 1024w, https:\/\/test.burgwaechterservice.de\/fr\/wp-content\/uploads\/sites\/4\/2016\/07\/Verona-Opera-Amrum-und-Set-1-600x169.jpg 600w\" sizes=\"(max-width: 420px) 100vw, 420px\" \/><\/p>\n<h2>La boite aux lettres de luxe Verona<\/h2>\n<p>Faites le choix du mod\u00e8le de luxe Verona. Cette boite aux lettres<strong> en acier inoxydable brut<\/strong> repr\u00e9sente le mariage harmonieux id\u00e9al du <strong>design<\/strong> <strong>\u00e9l\u00e9gant<\/strong> et de la <strong>fonctionnalit\u00e9<\/strong>.<br \/>\nCette bo\u00eete aux lettres BURG-W\u00c4CHTER de qualit\u00e9 r\u00e9pond \u00e9galement \u00e0 la norme europ\u00e9enne (EN) 13724.<\/p>\n<h3>Design \u00e9l\u00e9gant et travaill\u00e9<\/h3>\n<p>Sous la surface galb\u00e9e de la Verona se cache un d\u00e9tail particulier\u00a0: Un <strong>compartiment pratique, destin\u00e9 aux journaux<\/strong> et parfaitement int\u00e9gr\u00e9 au design, pour recevoir s\u00e9par\u00e9ment les m\u00e9dias imprim\u00e9s.<br \/>\n<strong>Le syst\u00e8me d&#8217;arr\u00eat de porte int\u00e9gr\u00e9 <\/strong>et la fente au format DIN C4 rendent l&#8217;insertion aussi bien que la lev\u00e9e de votre courrier tr\u00e8s ais\u00e9e.<\/p>\n<h3>En acier inoxydable brut<\/h3>\n<p>Le mat\u00e9riau en acier inoxydable conf\u00e8re non seulement \u00e0 la bo\u00eete aux lettres Verona une apparence \u00e9l\u00e9gante, mais il la rend \u00e9galement particuli\u00e8rement <strong>robuste, facile d&#8217;entretien et r\u00e9sistante aux intemp\u00e9ries.<\/strong> Concernant le nettoyage, BURG-W\u00c4CHTER recommande d&#8217;utiliser r\u00e9guli\u00e8rement un simple un chiffon humide et propre.<\/p>\n<h3>Montage de la bo\u00eete aux lettres<\/h3>\n<p>M\u00eame si le mod\u00e8le Verona r\u00e9siste bien aux humeurs de la m\u00e9t\u00e9o, nous conseillons n\u00e9anmoins de <u>ne pas l<\/u>&#8216;exposer directement et de mani\u00e8re permanente aux intemp\u00e9ries. Fixez-la <strong>\u00e0 l&#8217;abri du vent et des caprices de la m\u00e9t\u00e9o <\/strong>\u00e0 l&#8217;aide du mat\u00e9riel de fixation compris dans la livraison afin qu&#8217;il vous serve fid\u00e8lement pendant longtemps. Utilisez uniquement les vis en acier inoxydable comprises dans la livraison pour son montage. Un contact permanent avec d&#8217;autres m\u00e9taux peut favoriser l&#8217;apparition de corrosion et doit donc \u00eatre \u00e9vit\u00e9 tant que possible.<br \/>\nUne autre solution consiste \u00e0 placer votre bo\u00eete aux lettres en acier inoxydable \u00e0 l&#8217;endroit o\u00f9 vous le souhaitez gr\u00e2ce \u00e0 un pied adapt\u00e9.<\/p>\n<p><a href=\"https:\/\/test.burgwaechterservice.de\/fr\/c\/boites-aux-lettres\/boites-aux-lettres-en-batterie-individuelles-sur-pieds-et-poteaux\/\">D\u00e9couvrez ici le pied de bo\u00eete aux lettres adapt\u00e9 \u00e0 votre mod\u00e8le Verona<\/a>.<\/p>\n<h3>Toutes les caract\u00e9ristiques en bref<\/h3>\n<ul>\n<li>Bo\u00eete aux lettres de luxe en acier inoxydable brut et bross\u00e9<\/li>\n<li>R\u00e9pond \u00e0 la norme EN 13724<\/li>\n<li>Inoxydable<\/li>\n<li>Design impeccable et esth\u00e9tique<\/li>\n<li>Avec compartiment pour journaux int\u00e9gr\u00e9<\/li>\n<li>Avec syst\u00e8me d&#8217;arr\u00eat<\/li>\n<li>Format de fente\u00a0DIN C4<br \/>\n(L x H\u00a0: 335 x 30 mm)<\/li>\n<li>Dimensions L x l x H\u00a0: 354 x 404 x 150 mm<\/li>\n<li>Mat\u00e9riel de montage inclus<\/li>\n<\/ul>\n<table class=\"ausfuehrung\">\n<thead>\n<tr>\n<td>Article<\/td>\n<td>H x L x P<\/td>\n<td>Fente<\/td>\n<\/tr>\n<tr>\n<td class=\"subdesc\"><\/td>\n<td class=\"subdesc\">mm<\/td>\n<td class=\"subdesc\">L x H (mm)<\/td>\n<\/tr>\n<\/thead>\n<tbody>\n<tr>\n<td>3844 Ni<\/td>\n<td>354 x 404 x 150<\/td>\n<td>335 x 30<\/td>\n<\/tr>\n<\/tbody>\n<\/table>\n","protected":false},"excerpt":{"rendered":"<p>La boite aux lettres de luxe Verona Faites le choix du mod\u00e8le de luxe Verona. Cette boite aux lettres en acier inoxydable brut repr\u00e9sente le mariage harmonieux id\u00e9al du design \u00e9l\u00e9gant et de la fonctionnalit\u00e9. Cette bo\u00eete aux lettres BURG-W\u00c4CHTER &hellip; <a class=\"kt-excerpt-readmore\" href=\"https:\/\/test.burgwaechterservice.de\/fr\/p\/boites-aux-lettres\/verona\/\" aria-label=\"Verona\">Lire la suite<\/a><\/p>\n","protected":false},"featured_media":32353,"comment_status":"closed","ping_status":"closed","template":"","meta":[],"product_cat":[23,25],"product_tag":[],"yoast_head":"<!-- This site is optimized with the Yoast SEO Premium plugin v18.4 (Yoast SEO v19.13) - https:\/\/yoast.com\/wordpress\/plugins\/seo\/ -->\n<title>Verona - Burg-W\u00e4chter<\/title>\n<meta name=\"description\" content=\"La boite aux lettres de luxe Verona Faites le choix du mod\u00e8le de luxe Verona. Cette boite aux lettres en acier inoxydable brut repr\u00e9sente le mariage\" \/>\n<meta name=\"robots\" content=\"index, follow, max-snippet:-1, max-image-preview:large, max-video-preview:-1\" \/>\n<link rel=\"canonical\" href=\"https:\/\/test.burgwaechterservice.de\/fr\/p\/boites-aux-lettres\/verona\/\" \/>\n<meta property=\"og:locale\" content=\"fr_FR\" \/>\n<meta property=\"og:type\" content=\"article\" \/>\n<meta property=\"og:title\" content=\"Verona\" \/>\n<meta property=\"og:description\" content=\"La boite aux lettres de luxe Verona Faites le choix du mod\u00e8le de luxe Verona. Cette boite aux lettres en acier inoxydable brut repr\u00e9sente le mariage\" \/>\n<meta property=\"og:url\" content=\"https:\/\/test.burgwaechterservice.de\/fr\/p\/boites-aux-lettres\/verona\/\" \/>\n<meta property=\"og:site_name\" content=\"Burg-W\u00e4chter France\" \/>\n<meta property=\"article:modified_time\" content=\"2018-08-22T06:05:57+00:00\" \/>\n<meta property=\"og:image\" content=\"https:\/\/test.burgwaechterservice.de\/fr\/wp-content\/uploads\/sites\/4\/2016\/07\/Briefkasten_Verona_3844_ES_325001-01.jpg\" \/>\n\t<meta property=\"og:image:width\" content=\"1000\" \/>\n\t<meta property=\"og:image:height\" content=\"1000\" \/>\n\t<meta property=\"og:image:type\" content=\"image\/jpeg\" \/>\n<meta name=\"twitter:card\" content=\"summary_large_image\" \/>\n<meta name=\"twitter:label1\" content=\"Dur\u00e9e de lecture estim\u00e9e\" \/>\n\t<meta name=\"twitter:data1\" content=\"2 minutes\" \/>\n<!-- \/ Yoast SEO Premium plugin. -->","yoast_head_json":{"title":"Verona - Burg-W\u00e4chter","description":"La boite aux lettres de luxe Verona Faites le choix du mod\u00e8le de luxe Verona. Cette boite aux lettres en acier inoxydable brut repr\u00e9sente le mariage","robots":{"index":"index","follow":"follow","max-snippet":"max-snippet:-1","max-image-preview":"max-image-preview:large","max-video-preview":"max-video-preview:-1"},"canonical":"https:\/\/test.burgwaechterservice.de\/fr\/p\/boites-aux-lettres\/verona\/","og_locale":"fr_FR","og_type":"article","og_title":"Verona","og_description":"La boite aux lettres de luxe Verona Faites le choix du mod\u00e8le de luxe Verona. Cette boite aux lettres en acier inoxydable brut repr\u00e9sente le mariage","og_url":"https:\/\/test.burgwaechterservice.de\/fr\/p\/boites-aux-lettres\/verona\/","og_site_name":"Burg-W\u00e4chter France","article_modified_time":"2018-08-22T06:05:57+00:00","og_image":[{"width":1000,"height":1000,"url":"https:\/\/test.burgwaechterservice.de\/fr\/wp-content\/uploads\/sites\/4\/2016\/07\/Briefkasten_Verona_3844_ES_325001-01.jpg","type":"image\/jpeg"}],"twitter_card":"summary_large_image","twitter_misc":{"Dur\u00e9e de lecture estim\u00e9e":"2 minutes"},"schema":{"@context":"https:\/\/schema.org","@graph":[{"@type":"WebPage","@id":"https:\/\/test.burgwaechterservice.de\/fr\/p\/boites-aux-lettres\/verona\/","url":"https:\/\/test.burgwaechterservice.de\/fr\/p\/boites-aux-lettres\/verona\/","name":"Verona - Burg-W\u00e4chter","isPartOf":{"@id":"https:\/\/test.burgwaechterservice.de\/fr\/#website"},"datePublished":"2016-07-21T11:06:50+00:00","dateModified":"2018-08-22T06:05:57+00:00","description":"La boite aux lettres de luxe Verona Faites le choix du mod\u00e8le de luxe Verona. Cette boite aux lettres en acier inoxydable brut repr\u00e9sente le mariage","breadcrumb":{"@id":"https:\/\/test.burgwaechterservice.de\/fr\/p\/boites-aux-lettres\/verona\/#breadcrumb"},"inLanguage":"fr-FR","potentialAction":[{"@type":"ReadAction","target":["https:\/\/test.burgwaechterservice.de\/fr\/p\/boites-aux-lettres\/verona\/"]}]},{"@type":"BreadcrumbList","@id":"https:\/\/test.burgwaechterservice.de\/fr\/p\/boites-aux-lettres\/verona\/#breadcrumb","itemListElement":[{"@type":"ListItem","position":1,"name":"Accueil","item":"https:\/\/test.burgwaechterservice.de\/fr\/"},{"@type":"ListItem","position":2,"name":"Produits","item":"https:\/\/test.burgwaechterservice.de\/fr\/p\/"},{"@type":"ListItem","position":3,"name":"Verona"}]},{"@type":"WebSite","@id":"https:\/\/test.burgwaechterservice.de\/fr\/#website","url":"https:\/\/test.burgwaechterservice.de\/fr\/","name":"Burg-W\u00e4chter France","description":"Le choix le plus s\u00fbr!","potentialAction":[{"@type":"SearchAction","target":{"@type":"EntryPoint","urlTemplate":"https:\/\/test.burgwaechterservice.de\/fr\/?s={search_term_string}"},"query-input":"required name=search_term_string"}],"inLanguage":"fr-FR"}]}},"_links":{"self":[{"href":"https:\/\/test.burgwaechterservice.de\/fr\/wp-json\/wp\/v2\/product\/32352"}],"collection":[{"href":"https:\/\/test.burgwaechterservice.de\/fr\/wp-json\/wp\/v2\/product"}],"about":[{"href":"https:\/\/test.burgwaechterservice.de\/fr\/wp-json\/wp\/v2\/types\/product"}],"replies":[{"embeddable":true,"href":"https:\/\/test.burgwaechterservice.de\/fr\/wp-json\/wp\/v2\/comments?post=32352"}],"wp:featuredmedia":[{"embeddable":true,"href":"https:\/\/test.burgwaechterservice.de\/fr\/wp-json\/wp\/v2\/media\/32353"}],"wp:attachment":[{"href":"https:\/\/test.burgwaechterservice.de\/fr\/wp-json\/wp\/v2\/media?parent=32352"}],"wp:term":[{"taxonomy":"product_cat","embeddable":true,"href":"https:\/\/test.burgwaechterservice.de\/fr\/wp-json\/wp\/v2\/product_cat?post=32352"},{"taxonomy":"product_tag","embeddable":true,"href":"https:\/\/test.burgwaechterservice.de\/fr\/wp-json\/wp\/v2\/product_tag?post=32352"}],"curies":[{"name":"wp","href":"https:\/\/api.w.org\/{rel}","templated":true}]}}