{"id":32324,"date":"2016-07-21T10:41:42","date_gmt":"2016-07-21T08:41:42","guid":{"rendered":"https:\/\/www.burg.biz\/?post_type=product&#038;p=32324"},"modified":"2020-02-26T16:55:49","modified_gmt":"2020-02-26T15:55:49","slug":"vivo","status":"publish","type":"product","link":"https:\/\/test.burgwaechterservice.de\/fr\/p\/boites-aux-lettres\/vivo\/","title":{"rendered":"Vivo"},"content":{"rendered":"<p><img decoding=\"async\" class=\"alignnone wp-image-41817\" src=\"https:\/\/test.burgwaechterservice.de\/fr\/wp-content\/uploads\/sites\/4\/2016\/07\/Bremen-Bayreuth-Modena-857-Esprit-Classico-Vivo.jpg\" alt=\"BUW-Icons-BK 4c OK.indd\" width=\"333\" height=\"118\" srcset=\"https:\/\/test.burgwaechterservice.de\/fr\/wp-content\/uploads\/sites\/4\/2016\/07\/Bremen-Bayreuth-Modena-857-Esprit-Classico-Vivo.jpg 899w, https:\/\/test.burgwaechterservice.de\/fr\/wp-content\/uploads\/sites\/4\/2016\/07\/Bremen-Bayreuth-Modena-857-Esprit-Classico-Vivo-300x106.jpg 300w, https:\/\/test.burgwaechterservice.de\/fr\/wp-content\/uploads\/sites\/4\/2016\/07\/Bremen-Bayreuth-Modena-857-Esprit-Classico-Vivo-768x273.jpg 768w\" sizes=\"(max-width: 333px) 100vw, 333px\" \/><\/p>\n<h2>La bo\u00eete aux lettres design en PVC Vivo<\/h2>\n<p>La nouvelle dimension en mati\u00e8re de forme et de fonction\u00a0: La bo\u00eete aux lettres en PVC Vivo de BURG-W\u00c4CHTER marque des points avec un design chic et <strong>un maniement pratique.<\/strong><\/p>\n<h3>Conception parfaite sur le plan de l&#8217;optique et de la technique<\/h3>\n<p>La finition du design du mod\u00e8le Vivo convainc sur toute la ligne\u00a0: La construction pr\u00e9cise et la touche minimaliste en font le champoi de l&#8217;est\u00e9tique.<br \/>\nLa <strong>technique de construction parfaite <\/strong>se fond avec son aspect harmonieux. Le syst\u00e8me de fermeture est compl\u00e8tement dissimul\u00e9 et renforce ainsi l&#8217;impression d&#8217;ensemble. Gr\u00e2ce au <strong>syst\u00e8me d&#8217;enclenchement <\/strong>de la porte de la bo\u00eete aux lettres, la lev\u00e9e de votre courrier est encore plus ais\u00e9e. Il suffit de retirer la cl\u00e9 et de pousser la porte pour que celle-ci se referme.<\/p>\n<p>La fente au format DIN C4 facilite l&#8217;insertion du courrier et le <strong>syst\u00e8me d&#8217;arr\u00eat pratique <\/strong>de la porte en facilite la lev\u00e9e. La construction du mod\u00e8le Vivo respecte dans son int\u00e9gralit\u00e9 la <strong>norme europ\u00e9enne (EN) 13724<\/strong>.<\/p>\n<p>Vous pouvez monter s\u00e9par\u00e9ment un porte-journaux adapt\u00e9 au Vivo. Le mod\u00e8le 4900 convient ici parfaitement. Vous recevez ainsi vos abonnements \u00e0 vos m\u00e9dias imprim\u00e9s dans un excellent \u00e9tat. <a href=\"https:\/\/test.burgwaechterservice.de\/fr\/c\/boites-aux-lettres\/portes-journaux\/\">D\u00e9couvrir les porte-journaux<\/a>.<\/p>\n<h3>Protection extr\u00eame contre les intemp\u00e9ries gr\u00e2ce au PVC de qualit\u00e9<\/h3>\n<p>Cette bo\u00eete aux lettres design en PVC n&#8217;est pas seulement chic, mais elle est aussi tr\u00e8s <strong>robuste, facile d&#8217;entretien<\/strong> et <strong>r\u00e9sistante aux intemp\u00e9ries.<\/strong> Il suffit de passer r\u00e9guli\u00e8rement un coup de chiffon humide et propre.<\/p>\n<h3>Montage de la bo\u00eete aux lettres<\/h3>\n<p>M\u00eame si le mod\u00e8le Vivo ne craint pas la m\u00e9t\u00e9o, BURG-W\u00c4CHTER recommande de le fixer \u00e0 un <strong>endroit prot\u00e9g\u00e9 des intemp\u00e9ries<\/strong>, afin qu&#8217;il conserve son bel aspect encore de nombreuses ann\u00e9es.<br \/>\nSi vous souhaitez placer votre bo\u00eete aux lettres BURG-W\u00c4CHTER \u00e0 un endroit particulier, vous pouvez opter pour un pied de bo\u00eete aux lettres. <a href=\"https:\/\/test.burgwaechterservice.de\/fr\/c\/boites-aux-lettres\/boites-aux-lettres-en-batterie-individuelles-sur-pieds-et-poteaux\/\">D\u00e9couvrir ici nos pieds de bo\u00eete aux lettres<\/a>.<\/p>\n<h3>Les caract\u00e9ristiques de la bo\u00eete aux lettres Vivo en bref\u00a0:<\/h3>\n<ul>\n<li>Syst\u00e8me de fermeture discret<\/li>\n<li>Conception parfaite sur le plan technique<\/li>\n<li>R\u00e9pond \u00e0 la norme europ\u00e9enne EN 13724<\/li>\n<li>Protection extr\u00eame contre les intemp\u00e9ries<\/li>\n<li>Avec fermeture par enclenchement \u2013 il suffit de pousser la porte pour la fermer<\/li>\n<li>Avec syst\u00e8me d&#8217;arr\u00eat de porte<\/li>\n<li>Format de fente\u00a0DIN C4<br \/>\n(L x H\u00a0: 251 x 32 mm)<\/li>\n<li>Dimensions L x l x H\u00a0: 430 x 300 x 154 mm<\/li>\n<li>Mat\u00e9riel de montage inclus<\/li>\n<\/ul>\n<table class=\"ausfuehrung\">\n<thead>\n<tr>\n<td>Article<\/td>\n<td>Couleurs<\/td>\n<td>H x L x P (mm)<\/td>\n<td>Fente L x H (mm)<\/td>\n<\/tr>\n<\/thead>\n<tbody>\n<tr>\n<td>4922 Si<\/td>\n<td>argent<\/td>\n<td>430 x 300 x 154<\/td>\n<td>251 x 32<\/td>\n<\/tr>\n<\/tbody>\n<\/table>\n","protected":false},"excerpt":{"rendered":"<p>La bo\u00eete aux lettres design en PVC Vivo La nouvelle dimension en mati\u00e8re de forme et de fonction\u00a0: La bo\u00eete aux lettres en PVC Vivo de BURG-W\u00c4CHTER marque des points avec un design chic et un maniement pratique. Conception parfaite &hellip; <a class=\"kt-excerpt-readmore\" href=\"https:\/\/test.burgwaechterservice.de\/fr\/p\/boites-aux-lettres\/vivo\/\" aria-label=\"Vivo\">Lire la suite<\/a><\/p>\n","protected":false},"featured_media":32327,"comment_status":"closed","ping_status":"closed","template":"","meta":[],"product_cat":[23,28],"product_tag":[],"yoast_head":"<!-- This site is optimized with the Yoast SEO Premium plugin v18.4 (Yoast SEO v19.13) - https:\/\/yoast.com\/wordpress\/plugins\/seo\/ -->\n<title>Vivo - Burg-W\u00e4chter<\/title>\n<meta name=\"description\" content=\"La bo\u00eete aux lettres design en PVC Vivo La nouvelle dimension en mati\u00e8re de forme et de fonction\u00a0: La bo\u00eete aux lettres en PVC Vivo de BURG-W\u00c4CHTER marque\" \/>\n<meta name=\"robots\" content=\"index, follow, max-snippet:-1, max-image-preview:large, max-video-preview:-1\" \/>\n<link rel=\"canonical\" href=\"https:\/\/test.burgwaechterservice.de\/fr\/p\/boites-aux-lettres\/vivo\/\" \/>\n<meta property=\"og:locale\" content=\"fr_FR\" \/>\n<meta property=\"og:type\" content=\"article\" \/>\n<meta property=\"og:title\" content=\"Vivo\" \/>\n<meta property=\"og:description\" content=\"La bo\u00eete aux lettres design en PVC Vivo La nouvelle dimension en mati\u00e8re de forme et de fonction\u00a0: La bo\u00eete aux lettres en PVC Vivo de BURG-W\u00c4CHTER marque\" \/>\n<meta property=\"og:url\" content=\"https:\/\/test.burgwaechterservice.de\/fr\/p\/boites-aux-lettres\/vivo\/\" \/>\n<meta property=\"og:site_name\" content=\"Burg-W\u00e4chter France\" \/>\n<meta property=\"article:modified_time\" content=\"2020-02-26T15:55:49+00:00\" \/>\n<meta property=\"og:image\" content=\"https:\/\/test.burgwaechterservice.de\/fr\/wp-content\/uploads\/sites\/4\/2016\/07\/Briefkasten_Vivo_4922_Si_247303-01.jpg\" \/>\n\t<meta property=\"og:image:width\" content=\"1181\" \/>\n\t<meta property=\"og:image:height\" content=\"1181\" \/>\n\t<meta property=\"og:image:type\" content=\"image\/jpeg\" \/>\n<meta name=\"twitter:card\" content=\"summary_large_image\" \/>\n<meta name=\"twitter:label1\" content=\"Dur\u00e9e de lecture estim\u00e9e\" \/>\n\t<meta name=\"twitter:data1\" content=\"2 minutes\" \/>\n<!-- \/ Yoast SEO Premium plugin. -->","yoast_head_json":{"title":"Vivo - Burg-W\u00e4chter","description":"La bo\u00eete aux lettres design en PVC Vivo La nouvelle dimension en mati\u00e8re de forme et de fonction\u00a0: La bo\u00eete aux lettres en PVC Vivo de BURG-W\u00c4CHTER marque","robots":{"index":"index","follow":"follow","max-snippet":"max-snippet:-1","max-image-preview":"max-image-preview:large","max-video-preview":"max-video-preview:-1"},"canonical":"https:\/\/test.burgwaechterservice.de\/fr\/p\/boites-aux-lettres\/vivo\/","og_locale":"fr_FR","og_type":"article","og_title":"Vivo","og_description":"La bo\u00eete aux lettres design en PVC Vivo La nouvelle dimension en mati\u00e8re de forme et de fonction\u00a0: La bo\u00eete aux lettres en PVC Vivo de BURG-W\u00c4CHTER marque","og_url":"https:\/\/test.burgwaechterservice.de\/fr\/p\/boites-aux-lettres\/vivo\/","og_site_name":"Burg-W\u00e4chter France","article_modified_time":"2020-02-26T15:55:49+00:00","og_image":[{"width":1181,"height":1181,"url":"https:\/\/test.burgwaechterservice.de\/fr\/wp-content\/uploads\/sites\/4\/2016\/07\/Briefkasten_Vivo_4922_Si_247303-01.jpg","type":"image\/jpeg"}],"twitter_card":"summary_large_image","twitter_misc":{"Dur\u00e9e de lecture estim\u00e9e":"2 minutes"},"schema":{"@context":"https:\/\/schema.org","@graph":[{"@type":"WebPage","@id":"https:\/\/test.burgwaechterservice.de\/fr\/p\/boites-aux-lettres\/vivo\/","url":"https:\/\/test.burgwaechterservice.de\/fr\/p\/boites-aux-lettres\/vivo\/","name":"Vivo - Burg-W\u00e4chter","isPartOf":{"@id":"https:\/\/test.burgwaechterservice.de\/fr\/#website"},"datePublished":"2016-07-21T08:41:42+00:00","dateModified":"2020-02-26T15:55:49+00:00","description":"La bo\u00eete aux lettres design en PVC Vivo La nouvelle dimension en mati\u00e8re de forme et de fonction\u00a0: La bo\u00eete aux lettres en PVC Vivo de BURG-W\u00c4CHTER marque","breadcrumb":{"@id":"https:\/\/test.burgwaechterservice.de\/fr\/p\/boites-aux-lettres\/vivo\/#breadcrumb"},"inLanguage":"fr-FR","potentialAction":[{"@type":"ReadAction","target":["https:\/\/test.burgwaechterservice.de\/fr\/p\/boites-aux-lettres\/vivo\/"]}]},{"@type":"BreadcrumbList","@id":"https:\/\/test.burgwaechterservice.de\/fr\/p\/boites-aux-lettres\/vivo\/#breadcrumb","itemListElement":[{"@type":"ListItem","position":1,"name":"Accueil","item":"https:\/\/test.burgwaechterservice.de\/fr\/"},{"@type":"ListItem","position":2,"name":"Produits","item":"https:\/\/test.burgwaechterservice.de\/fr\/p\/"},{"@type":"ListItem","position":3,"name":"Vivo"}]},{"@type":"WebSite","@id":"https:\/\/test.burgwaechterservice.de\/fr\/#website","url":"https:\/\/test.burgwaechterservice.de\/fr\/","name":"Burg-W\u00e4chter France","description":"Le choix le plus s\u00fbr!","potentialAction":[{"@type":"SearchAction","target":{"@type":"EntryPoint","urlTemplate":"https:\/\/test.burgwaechterservice.de\/fr\/?s={search_term_string}"},"query-input":"required name=search_term_string"}],"inLanguage":"fr-FR"}]}},"_links":{"self":[{"href":"https:\/\/test.burgwaechterservice.de\/fr\/wp-json\/wp\/v2\/product\/32324"}],"collection":[{"href":"https:\/\/test.burgwaechterservice.de\/fr\/wp-json\/wp\/v2\/product"}],"about":[{"href":"https:\/\/test.burgwaechterservice.de\/fr\/wp-json\/wp\/v2\/types\/product"}],"replies":[{"embeddable":true,"href":"https:\/\/test.burgwaechterservice.de\/fr\/wp-json\/wp\/v2\/comments?post=32324"}],"wp:featuredmedia":[{"embeddable":true,"href":"https:\/\/test.burgwaechterservice.de\/fr\/wp-json\/wp\/v2\/media\/32327"}],"wp:attachment":[{"href":"https:\/\/test.burgwaechterservice.de\/fr\/wp-json\/wp\/v2\/media?parent=32324"}],"wp:term":[{"taxonomy":"product_cat","embeddable":true,"href":"https:\/\/test.burgwaechterservice.de\/fr\/wp-json\/wp\/v2\/product_cat?post=32324"},{"taxonomy":"product_tag","embeddable":true,"href":"https:\/\/test.burgwaechterservice.de\/fr\/wp-json\/wp\/v2\/product_tag?post=32324"}],"curies":[{"name":"wp","href":"https:\/\/api.w.org\/{rel}","templated":true}]}}