{"id":32320,"date":"2016-07-21T12:27:23","date_gmt":"2016-07-21T10:27:23","guid":{"rendered":"https:\/\/www.burg.biz\/?post_type=product&#038;p=32320"},"modified":"2022-04-07T10:11:28","modified_gmt":"2022-04-07T08:11:28","slug":"esprit","status":"publish","type":"product","link":"https:\/\/test.burgwaechterservice.de\/fr\/p\/boites-aux-lettres\/esprit\/","title":{"rendered":"Esprit"},"content":{"rendered":"<p><img decoding=\"async\" class=\"alignnone wp-image-41817\" src=\"https:\/\/test.burgwaechterservice.de\/fr\/wp-content\/uploads\/sites\/4\/2016\/07\/Bremen-Bayreuth-Modena-857-Esprit-Classico-Vivo.jpg\" alt=\"BUW-Icons-BK 4c OK.indd\" width=\"333\" height=\"118\" srcset=\"https:\/\/test.burgwaechterservice.de\/fr\/wp-content\/uploads\/sites\/4\/2016\/07\/Bremen-Bayreuth-Modena-857-Esprit-Classico-Vivo.jpg 899w, https:\/\/test.burgwaechterservice.de\/fr\/wp-content\/uploads\/sites\/4\/2016\/07\/Bremen-Bayreuth-Modena-857-Esprit-Classico-Vivo-300x106.jpg 300w, https:\/\/test.burgwaechterservice.de\/fr\/wp-content\/uploads\/sites\/4\/2016\/07\/Bremen-Bayreuth-Modena-857-Esprit-Classico-Vivo-768x273.jpg 768w\" sizes=\"(max-width: 333px) 100vw, 333px\" \/><\/p>\n<h2>Esprit\u00a0: la bo\u00eete aux lettres aux formes dynamiques<\/h2>\n<p>Une approche moderne\u00a0: le mod\u00e8le Esprit r\u00e9alis\u00e9 dans du <strong>PVC r\u00e9sistant aux intemp\u00e9ries<\/strong> s\u00e9duit par sa <strong>forme dynamique<\/strong> et par son <strong>design parfait<\/strong>. Gr\u00e2ce \u00e0 la <strong>fermeture pratique par enclenchement<\/strong> de la porte, vous pouvez retirer la cl\u00e9 apr\u00e8s ouverture et il ne vous reste ensuite qu&#8217;\u00e0 pousser la porte pour la fermer. Il r\u00e9pond en plus \u00e0 la norme EN 13724.<\/p>\n<h3>Formes modernes et construction parfaite<\/h3>\n<p>La bo\u00eete aux lettres en PVC Esprit de BURG-W\u00c4CHTER convient particuli\u00e8rement pour tous ceux qui aiment les <strong>lignes minimalistes<\/strong> et <strong>modernes<\/strong> sans pour autant vouloir <strong>sacrifier l&#8217;ergonomie<\/strong>. Sa structure plate s&#8217;int\u00e8gre parfaitement sur toutes les fa\u00e7ades de maison ou presque.<br \/>\nLe mod\u00e8le Esprit est disponible en deux couleurs\u00a0: dans un blanc simple et dans un argent\u00e9 \u00e9l\u00e9gant.<\/p>\n<p>Le design de la bo\u00eete aux lettres convainc aussi par son c\u00f4t\u00e9 pratique\u00a0: livrer et relever vos lettres se fait ais\u00e9ment et sans probl\u00e8me gr\u00e2ce au passage de courrier au format DIN C4 et au <strong>syst\u00e8me d&#8217;arr\u00eat<\/strong> de la porte. La fermeture de la porte du mod\u00e8le Esprit vous facilite grandement la vie lorsque vous cherchez votre courrier. Il suffit de la repousser\u00a0: <strong>plus besoin de cl\u00e9 pour la refermer.<\/strong><\/p>\n<p>Vous pouvez monter s\u00e9par\u00e9ment un porte-journaux se mariant avec l&#8217;Esprit. Le mod\u00e8le 4900 convient ici parfaitement. Vous recevez ainsi vos abonnements dans un excellent \u00e9tat.<br \/>\n<a href=\"https:\/\/test.burgwaechterservice.de\/fr\/c\/boites-aux-lettres\/portes-journaux\/\">D\u00e9couvrir les porte-journaux<\/a>.<\/p>\n<h3>PVC facile d&#8217;entretien<\/h3>\n<p>Tout comme les autres bo\u00eetes aux lettres en PVC de notre gamme, le mod\u00e8le Esprit <strong>r\u00e9siste aux intemp\u00e9ries<\/strong> et sa surface <strong>ne craint rien<\/strong>. Pour le nettoyer, il vous suffit d&#8217;utiliser r\u00e9guli\u00e8rement un chiffon humide et propre.<\/p>\n<h3>Conseils de montage et d&#8217;entretien<\/h3>\n<p>M\u00eame si le mod\u00e8le Esprit ne craint pas la m\u00e9t\u00e9o, BURG-W\u00c4CHTER recommande de le fixer \u00e0 un <strong>endroit prot\u00e9g\u00e9 des intemp\u00e9ries<\/strong>. Ainsi, il remplira parfaitement son r\u00f4le pendant de nombreuses ann\u00e9es.<br \/>\nSi vous souhaitez placer votre bo\u00eete aux lettres BURG-W\u00c4CHTER \u00e0 un endroit particulier, vous pouvez opter pour un pied de bo\u00eete aux lettres.<br \/>\n<a href=\"https:\/\/test.burgwaechterservice.de\/fr\/c\/boites-aux-lettres\/boites-aux-lettres-en-batterie-individuelles-sur-pieds-et-poteaux\/\">D\u00e9couvrir ici nos pieds de bo\u00eete aux lettres.<\/a><\/p>\n<h3>La bo\u00eete aux lettres Esprit de BURG-W\u00c4CHTER en bref\u00a0:<\/h3>\n<ul>\n<li>Lignes modernes<\/li>\n<li>Disponible en blanc et en argent\u00e9<\/li>\n<li>Protection extr\u00eame contre les intemp\u00e9ries<\/li>\n<li>R\u00e9pond \u00e0 la norme EN 13724<\/li>\n<li>Avec fermeture par enclenchement &#8211; il suffit de pousser la porte pour la fermer<\/li>\n<li>Porte avec syst\u00e8me d&#8217;arr\u00eat<\/li>\n<li>Format de fente\u00a0: DIN C4<br \/>\n(L x H\u00a0: 261 x 34 mm)<\/li>\n<li>Dimensions L x l x H\u00a0: 475 x 290 x 145 mm<\/li>\n<li>Mat\u00e9riel de fixation compris dans la livraison<\/li>\n<\/ul>\n<table class=\"ausfuehrung\">\n<thead>\n<tr>\n<td>Article<\/td>\n<td>Couleurs<\/td>\n<td>H x L x P<\/td>\n<td>Fente<\/td>\n<\/tr>\n<tr>\n<td class=\"subdesc\"><\/td>\n<td><\/td>\n<td class=\"subdesc\">mm<\/td>\n<td class=\"subdesc\">L x H (mm)<\/td>\n<\/tr>\n<\/thead>\n<tbody>\n<tr>\n<td>4911 W<\/td>\n<td>blanc<\/td>\n<td>475 x 290 x 145<\/td>\n<td>261 x 34<\/td>\n<\/tr>\n<tr>\n<td>4912 Si<\/td>\n<td>argent<\/td>\n<td>475 x 290 x 145<\/td>\n<td>261 x 34<\/td>\n<\/tr>\n<\/tbody>\n<\/table>\n","protected":false},"excerpt":{"rendered":"<p>Esprit\u00a0: la bo\u00eete aux lettres aux formes dynamiques Une approche moderne\u00a0: le mod\u00e8le Esprit r\u00e9alis\u00e9 dans du PVC r\u00e9sistant aux intemp\u00e9ries s\u00e9duit par sa forme dynamique et par son design parfait. Gr\u00e2ce \u00e0 la fermeture pratique par enclenchement de la &hellip; <a class=\"kt-excerpt-readmore\" href=\"https:\/\/test.burgwaechterservice.de\/fr\/p\/boites-aux-lettres\/esprit\/\" aria-label=\"Esprit\">Lire la suite<\/a><\/p>\n","protected":false},"featured_media":627144,"comment_status":"closed","ping_status":"closed","template":"","meta":[],"product_cat":[23,28],"product_tag":[],"yoast_head":"<!-- This site is optimized with the Yoast SEO Premium plugin v18.4 (Yoast SEO v19.13) - https:\/\/yoast.com\/wordpress\/plugins\/seo\/ -->\n<title>Esprit - Burg-W\u00e4chter<\/title>\n<meta name=\"description\" content=\"Esprit\u00a0: la bo\u00eete aux lettres aux formes dynamiques Une approche moderne\u00a0: le mod\u00e8le Esprit r\u00e9alis\u00e9 dans du PVC r\u00e9sistant aux intemp\u00e9ries s\u00e9duit par sa\" \/>\n<meta name=\"robots\" content=\"index, follow, max-snippet:-1, max-image-preview:large, max-video-preview:-1\" \/>\n<link rel=\"canonical\" href=\"https:\/\/test.burgwaechterservice.de\/fr\/p\/boites-aux-lettres\/esprit\/\" \/>\n<meta property=\"og:locale\" content=\"fr_FR\" \/>\n<meta property=\"og:type\" content=\"article\" \/>\n<meta property=\"og:title\" content=\"Esprit\" \/>\n<meta property=\"og:description\" content=\"Esprit\u00a0: la bo\u00eete aux lettres aux formes dynamiques Une approche moderne\u00a0: le mod\u00e8le Esprit r\u00e9alis\u00e9 dans du PVC r\u00e9sistant aux intemp\u00e9ries s\u00e9duit par sa\" \/>\n<meta property=\"og:url\" content=\"https:\/\/test.burgwaechterservice.de\/fr\/p\/boites-aux-lettres\/esprit\/\" \/>\n<meta property=\"og:site_name\" content=\"Burg-W\u00e4chter France\" \/>\n<meta property=\"article:modified_time\" content=\"2022-04-07T08:11:28+00:00\" \/>\n<meta property=\"og:image\" content=\"https:\/\/test.burgwaechterservice.de\/fr\/wp-content\/uploads\/sites\/4\/2016\/07\/ESPRIT_Button_Auslaufmodell_FR.png\" \/>\n\t<meta property=\"og:image:width\" content=\"800\" \/>\n\t<meta property=\"og:image:height\" content=\"800\" \/>\n\t<meta property=\"og:image:type\" content=\"image\/png\" \/>\n<meta name=\"twitter:card\" content=\"summary_large_image\" \/>\n<meta name=\"twitter:label1\" content=\"Dur\u00e9e de lecture estim\u00e9e\" \/>\n\t<meta name=\"twitter:data1\" content=\"2 minutes\" \/>\n<!-- \/ Yoast SEO Premium plugin. -->","yoast_head_json":{"title":"Esprit - Burg-W\u00e4chter","description":"Esprit\u00a0: la bo\u00eete aux lettres aux formes dynamiques Une approche moderne\u00a0: le mod\u00e8le Esprit r\u00e9alis\u00e9 dans du PVC r\u00e9sistant aux intemp\u00e9ries s\u00e9duit par sa","robots":{"index":"index","follow":"follow","max-snippet":"max-snippet:-1","max-image-preview":"max-image-preview:large","max-video-preview":"max-video-preview:-1"},"canonical":"https:\/\/test.burgwaechterservice.de\/fr\/p\/boites-aux-lettres\/esprit\/","og_locale":"fr_FR","og_type":"article","og_title":"Esprit","og_description":"Esprit\u00a0: la bo\u00eete aux lettres aux formes dynamiques Une approche moderne\u00a0: le mod\u00e8le Esprit r\u00e9alis\u00e9 dans du PVC r\u00e9sistant aux intemp\u00e9ries s\u00e9duit par sa","og_url":"https:\/\/test.burgwaechterservice.de\/fr\/p\/boites-aux-lettres\/esprit\/","og_site_name":"Burg-W\u00e4chter France","article_modified_time":"2022-04-07T08:11:28+00:00","og_image":[{"width":800,"height":800,"url":"https:\/\/test.burgwaechterservice.de\/fr\/wp-content\/uploads\/sites\/4\/2016\/07\/ESPRIT_Button_Auslaufmodell_FR.png","type":"image\/png"}],"twitter_card":"summary_large_image","twitter_misc":{"Dur\u00e9e de lecture estim\u00e9e":"2 minutes"},"schema":{"@context":"https:\/\/schema.org","@graph":[{"@type":"WebPage","@id":"https:\/\/test.burgwaechterservice.de\/fr\/p\/boites-aux-lettres\/esprit\/","url":"https:\/\/test.burgwaechterservice.de\/fr\/p\/boites-aux-lettres\/esprit\/","name":"Esprit - Burg-W\u00e4chter","isPartOf":{"@id":"https:\/\/test.burgwaechterservice.de\/fr\/#website"},"datePublished":"2016-07-21T10:27:23+00:00","dateModified":"2022-04-07T08:11:28+00:00","description":"Esprit\u00a0: la bo\u00eete aux lettres aux formes dynamiques Une approche moderne\u00a0: le mod\u00e8le Esprit r\u00e9alis\u00e9 dans du PVC r\u00e9sistant aux intemp\u00e9ries s\u00e9duit par sa","breadcrumb":{"@id":"https:\/\/test.burgwaechterservice.de\/fr\/p\/boites-aux-lettres\/esprit\/#breadcrumb"},"inLanguage":"fr-FR","potentialAction":[{"@type":"ReadAction","target":["https:\/\/test.burgwaechterservice.de\/fr\/p\/boites-aux-lettres\/esprit\/"]}]},{"@type":"BreadcrumbList","@id":"https:\/\/test.burgwaechterservice.de\/fr\/p\/boites-aux-lettres\/esprit\/#breadcrumb","itemListElement":[{"@type":"ListItem","position":1,"name":"Accueil","item":"https:\/\/test.burgwaechterservice.de\/fr\/"},{"@type":"ListItem","position":2,"name":"Produits","item":"https:\/\/test.burgwaechterservice.de\/fr\/p\/"},{"@type":"ListItem","position":3,"name":"Esprit"}]},{"@type":"WebSite","@id":"https:\/\/test.burgwaechterservice.de\/fr\/#website","url":"https:\/\/test.burgwaechterservice.de\/fr\/","name":"Burg-W\u00e4chter France","description":"Le choix le plus s\u00fbr!","potentialAction":[{"@type":"SearchAction","target":{"@type":"EntryPoint","urlTemplate":"https:\/\/test.burgwaechterservice.de\/fr\/?s={search_term_string}"},"query-input":"required name=search_term_string"}],"inLanguage":"fr-FR"}]}},"_links":{"self":[{"href":"https:\/\/test.burgwaechterservice.de\/fr\/wp-json\/wp\/v2\/product\/32320"}],"collection":[{"href":"https:\/\/test.burgwaechterservice.de\/fr\/wp-json\/wp\/v2\/product"}],"about":[{"href":"https:\/\/test.burgwaechterservice.de\/fr\/wp-json\/wp\/v2\/types\/product"}],"replies":[{"embeddable":true,"href":"https:\/\/test.burgwaechterservice.de\/fr\/wp-json\/wp\/v2\/comments?post=32320"}],"wp:featuredmedia":[{"embeddable":true,"href":"https:\/\/test.burgwaechterservice.de\/fr\/wp-json\/wp\/v2\/media\/627144"}],"wp:attachment":[{"href":"https:\/\/test.burgwaechterservice.de\/fr\/wp-json\/wp\/v2\/media?parent=32320"}],"wp:term":[{"taxonomy":"product_cat","embeddable":true,"href":"https:\/\/test.burgwaechterservice.de\/fr\/wp-json\/wp\/v2\/product_cat?post=32320"},{"taxonomy":"product_tag","embeddable":true,"href":"https:\/\/test.burgwaechterservice.de\/fr\/wp-json\/wp\/v2\/product_tag?post=32320"}],"curies":[{"name":"wp","href":"https:\/\/api.w.org\/{rel}","templated":true}]}}