{"id":32316,"date":"2016-07-21T12:29:03","date_gmt":"2016-07-21T10:29:03","guid":{"rendered":"https:\/\/www.burg.biz\/?post_type=product&#038;p=32316"},"modified":"2019-05-28T10:44:16","modified_gmt":"2019-05-28T08:44:16","slug":"classico","status":"publish","type":"product","link":"https:\/\/test.burgwaechterservice.de\/fr\/p\/boites-aux-lettres\/classico\/","title":{"rendered":"Classico"},"content":{"rendered":"<p><img decoding=\"async\" class=\"alignnone wp-image-41817\" src=\"https:\/\/test.burgwaechterservice.de\/fr\/wp-content\/uploads\/sites\/4\/2016\/07\/Bremen-Bayreuth-Modena-857-Esprit-Classico-Vivo.jpg\" alt=\"BUW-Icons-BK 4c OK.indd\" width=\"333\" height=\"118\" srcset=\"https:\/\/test.burgwaechterservice.de\/fr\/wp-content\/uploads\/sites\/4\/2016\/07\/Bremen-Bayreuth-Modena-857-Esprit-Classico-Vivo.jpg 899w, https:\/\/test.burgwaechterservice.de\/fr\/wp-content\/uploads\/sites\/4\/2016\/07\/Bremen-Bayreuth-Modena-857-Esprit-Classico-Vivo-300x106.jpg 300w, https:\/\/test.burgwaechterservice.de\/fr\/wp-content\/uploads\/sites\/4\/2016\/07\/Bremen-Bayreuth-Modena-857-Esprit-Classico-Vivo-768x273.jpg 768w\" sizes=\"(max-width: 333px) 100vw, 333px\" \/><a href=\"https:\/\/warranty.burg.biz\/bk\/\" target=\"_blank\" rel=\"noopener noreferrer\"><img decoding=\"async\" class=\"alignright wp-image-254979\" src=\"https:\/\/test.burgwaechterservice.de\/fr\/wp-content\/uploads\/sites\/4\/2016\/07\/Siegel_5_Jahre_Garantie_FR_-295x300.jpg\" alt=\"\" width=\"214\" height=\"218\" srcset=\"https:\/\/test.burgwaechterservice.de\/fr\/wp-content\/uploads\/sites\/4\/2016\/07\/Siegel_5_Jahre_Garantie_FR_-295x300.jpg 295w, https:\/\/test.burgwaechterservice.de\/fr\/wp-content\/uploads\/sites\/4\/2016\/07\/Siegel_5_Jahre_Garantie_FR_.jpg 485w\" sizes=\"(max-width: 214px) 100vw, 214px\" \/><br \/>\n<\/a><\/p>\n<h2>La bo\u00eete aux lettres en PVC Classico peut \u00eatre plac\u00e9e partout sans probl\u00e8me<\/h2>\n<h2><\/h2>\n<h3>Design pratique<\/h3>\n<p>Cette bo\u00eete aux lettres est con\u00e7ue afin de pouvoir \u00eatre mont\u00e9e sur n&#8217;importe quelle fa\u00e7ade de maison. De plus, les lignes du mod\u00e8le Classico sont extr\u00eamement <strong>douces<\/strong> et <strong>\u00e9l\u00e9gantes<\/strong>.<br \/>\nSon <strong>syst\u00e8me d&#8217;arr\u00eat pratique<\/strong> vous permet de pr\u00e9lever encore plus facilement votre courrier et m\u00eame livrer votre poste est un plaisir gr\u00e2ce \u00e0 sa fente au format DIN C4.<br \/>\nLe mod\u00e8le Classico est disponible en blanc et en argent\u00e9.<\/p>\n<p>Vous pouvez \u00e9galement monter un porte-journaux s\u00e9par\u00e9 sur la bo\u00eete aux lettres. Par exemple le mod\u00e8le 4900.<br \/>\n<a href=\"https:\/\/test.burgwaechterservice.de\/fr\/c\/boites-aux-lettres\/portes-journaux\/\">D\u00e9couvrir ici nos porte-journaux BURG-W\u00c4CHTER<\/a>.<\/p>\n<h3>Mat\u00e9riau facile d&#8217;entretien<\/h3>\n<p>Ne perdez pas de temps avec des \u00e9tapes d&#8217;entretien compliqu\u00e9es\u00a0: la bo\u00eete aux lettres Classico fabriqu\u00e9e en PVC <strong>ne craint pas les rayures <\/strong>et <strong>r\u00e9siste tr\u00e8s bien<\/strong> au vent et aux intemp\u00e9ries. Et pour la nettoyer\u00a0: il suffit de passer un coup de chiffon humide et propre.<\/p>\n<h3>Conseil de montage de la bo\u00eete aux lettres<\/h3>\n<p>BURG-W\u00c4CHTER vous conseille de fixer la bo\u00eete aux lettres Classico <strong>\u00e0 un endroit prot\u00e9g\u00e9 des intemp\u00e9ries<\/strong>. De cette mani\u00e8re, elle vous servira pendant de longues ann\u00e9es.<br \/>\nSi vous le souhaitez, vous pouvez <strong>placer <\/strong>ce mod\u00e8le o\u00f9 vous le souhaitez <strong>\u00e0 l&#8217;aide d&#8217;un pied adapt\u00e9<\/strong>. Par exemple le mod\u00e8le 190 Ni convient tr\u00e8s bien \u00e0 la bo\u00eete aux lettres Classico.<br \/>\n<a href=\"https:\/\/test.burgwaechterservice.de\/fr\/c\/boites-aux-lettres\/boites-aux-lettres-en-batterie-individuelles-sur-pieds-et-poteaux\/\">Choisissez ici le pied correspondant \u00e0 votre bo\u00eete aux lettres<\/a>.<\/p>\n<h3>Le mod\u00e8le Classico en bref\u00a0:<\/h3>\n<ul>\n<li>Peut \u00eatre facilement plac\u00e9 partout<\/li>\n<li>Lignes \u00e9l\u00e9gantes et douces<\/li>\n<li>Protection extr\u00eame contre les intemp\u00e9ries<\/li>\n<li>R\u00e9pond \u00e0 la norme EN 13724<\/li>\n<li>Porte avec syst\u00e8me d&#8217;arr\u00eat<\/li>\n<li>Avec fermeture par enclenchement &#8211; il suffit de pousser la porte pour la fermer<\/li>\n<li>Format de fente\u00a0: DIN C4<br \/>\n(L x H\u00a0: 360 x 32 mm)<\/li>\n<li>Dimensions L x l x H\u00a0: 375 x 384 x 145 mm<\/li>\n<li>Mat\u00e9riel de fixation compris dans la livraison<\/li>\n<\/ul>\n<table class=\"ausfuehrung\">\n<thead>\n<tr>\n<td>Article<\/td>\n<td>Couleurs<\/td>\n<td>H x L x P<\/td>\n<td>Fente<\/td>\n<\/tr>\n<tr>\n<td class=\"subdesc\"><\/td>\n<td><\/td>\n<td class=\"subdesc\">mm<\/td>\n<td class=\"subdesc\">L x H (mm)<\/td>\n<\/tr>\n<\/thead>\n<tbody>\n<tr>\n<td>4931 W<\/td>\n<td>blanc<\/td>\n<td>375 x 384 x 145<\/td>\n<td>360 x 32<\/td>\n<\/tr>\n<tr>\n<td>4932 Si<\/td>\n<td>argent<\/td>\n<td>375 x 384 x 145<\/td>\n<td>360 x 32<\/td>\n<\/tr>\n<\/tbody>\n<\/table>\n","protected":false},"excerpt":{"rendered":"<p>La bo\u00eete aux lettres en PVC Classico peut \u00eatre plac\u00e9e partout sans probl\u00e8me Design pratique Cette bo\u00eete aux lettres est con\u00e7ue afin de pouvoir \u00eatre mont\u00e9e sur n&#8217;importe quelle fa\u00e7ade de maison. De plus, les lignes du mod\u00e8le Classico sont &hellip; <a class=\"kt-excerpt-readmore\" href=\"https:\/\/test.burgwaechterservice.de\/fr\/p\/boites-aux-lettres\/classico\/\" aria-label=\"Classico\">Lire la suite<\/a><\/p>\n","protected":false},"featured_media":32319,"comment_status":"closed","ping_status":"closed","template":"","meta":[],"product_cat":[23,28],"product_tag":[],"yoast_head":"<!-- This site is optimized with the Yoast SEO Premium plugin v18.4 (Yoast SEO v19.13) - https:\/\/yoast.com\/wordpress\/plugins\/seo\/ -->\n<title>Classico - Burg-W\u00e4chter<\/title>\n<meta name=\"description\" content=\"La bo\u00eete aux lettres en PVC Classico peut \u00eatre plac\u00e9e partout sans probl\u00e8me Design pratique Cette bo\u00eete aux lettres est con\u00e7ue afin de pouvoir \u00eatre mont\u00e9e\" \/>\n<meta name=\"robots\" content=\"index, follow, max-snippet:-1, max-image-preview:large, max-video-preview:-1\" \/>\n<link rel=\"canonical\" href=\"https:\/\/test.burgwaechterservice.de\/fr\/p\/boites-aux-lettres\/classico\/\" \/>\n<meta property=\"og:locale\" content=\"fr_FR\" \/>\n<meta property=\"og:type\" content=\"article\" \/>\n<meta property=\"og:title\" content=\"Classico\" \/>\n<meta property=\"og:description\" content=\"La bo\u00eete aux lettres en PVC Classico peut \u00eatre plac\u00e9e partout sans probl\u00e8me Design pratique Cette bo\u00eete aux lettres est con\u00e7ue afin de pouvoir \u00eatre mont\u00e9e\" \/>\n<meta property=\"og:url\" content=\"https:\/\/test.burgwaechterservice.de\/fr\/p\/boites-aux-lettres\/classico\/\" \/>\n<meta property=\"og:site_name\" content=\"Burg-W\u00e4chter France\" \/>\n<meta property=\"article:modified_time\" content=\"2019-05-28T08:44:16+00:00\" \/>\n<meta property=\"og:image\" content=\"https:\/\/test.burgwaechterservice.de\/fr\/wp-content\/uploads\/sites\/4\/2016\/07\/Briefkasten_Classico_4932_Si_247501-01.jpg\" \/>\n\t<meta property=\"og:image:width\" content=\"1181\" \/>\n\t<meta property=\"og:image:height\" content=\"1046\" \/>\n\t<meta property=\"og:image:type\" content=\"image\/jpeg\" \/>\n<meta name=\"twitter:card\" content=\"summary_large_image\" \/>\n<meta name=\"twitter:label1\" content=\"Dur\u00e9e de lecture estim\u00e9e\" \/>\n\t<meta name=\"twitter:data1\" content=\"2 minutes\" \/>\n<!-- \/ Yoast SEO Premium plugin. -->","yoast_head_json":{"title":"Classico - Burg-W\u00e4chter","description":"La bo\u00eete aux lettres en PVC Classico peut \u00eatre plac\u00e9e partout sans probl\u00e8me Design pratique Cette bo\u00eete aux lettres est con\u00e7ue afin de pouvoir \u00eatre mont\u00e9e","robots":{"index":"index","follow":"follow","max-snippet":"max-snippet:-1","max-image-preview":"max-image-preview:large","max-video-preview":"max-video-preview:-1"},"canonical":"https:\/\/test.burgwaechterservice.de\/fr\/p\/boites-aux-lettres\/classico\/","og_locale":"fr_FR","og_type":"article","og_title":"Classico","og_description":"La bo\u00eete aux lettres en PVC Classico peut \u00eatre plac\u00e9e partout sans probl\u00e8me Design pratique Cette bo\u00eete aux lettres est con\u00e7ue afin de pouvoir \u00eatre mont\u00e9e","og_url":"https:\/\/test.burgwaechterservice.de\/fr\/p\/boites-aux-lettres\/classico\/","og_site_name":"Burg-W\u00e4chter France","article_modified_time":"2019-05-28T08:44:16+00:00","og_image":[{"width":1181,"height":1046,"url":"https:\/\/test.burgwaechterservice.de\/fr\/wp-content\/uploads\/sites\/4\/2016\/07\/Briefkasten_Classico_4932_Si_247501-01.jpg","type":"image\/jpeg"}],"twitter_card":"summary_large_image","twitter_misc":{"Dur\u00e9e de lecture estim\u00e9e":"2 minutes"},"schema":{"@context":"https:\/\/schema.org","@graph":[{"@type":"WebPage","@id":"https:\/\/test.burgwaechterservice.de\/fr\/p\/boites-aux-lettres\/classico\/","url":"https:\/\/test.burgwaechterservice.de\/fr\/p\/boites-aux-lettres\/classico\/","name":"Classico - Burg-W\u00e4chter","isPartOf":{"@id":"https:\/\/test.burgwaechterservice.de\/fr\/#website"},"datePublished":"2016-07-21T10:29:03+00:00","dateModified":"2019-05-28T08:44:16+00:00","description":"La bo\u00eete aux lettres en PVC Classico peut \u00eatre plac\u00e9e partout sans probl\u00e8me Design pratique Cette bo\u00eete aux lettres est con\u00e7ue afin de pouvoir \u00eatre mont\u00e9e","breadcrumb":{"@id":"https:\/\/test.burgwaechterservice.de\/fr\/p\/boites-aux-lettres\/classico\/#breadcrumb"},"inLanguage":"fr-FR","potentialAction":[{"@type":"ReadAction","target":["https:\/\/test.burgwaechterservice.de\/fr\/p\/boites-aux-lettres\/classico\/"]}]},{"@type":"BreadcrumbList","@id":"https:\/\/test.burgwaechterservice.de\/fr\/p\/boites-aux-lettres\/classico\/#breadcrumb","itemListElement":[{"@type":"ListItem","position":1,"name":"Accueil","item":"https:\/\/test.burgwaechterservice.de\/fr\/"},{"@type":"ListItem","position":2,"name":"Produits","item":"https:\/\/test.burgwaechterservice.de\/fr\/p\/"},{"@type":"ListItem","position":3,"name":"Classico"}]},{"@type":"WebSite","@id":"https:\/\/test.burgwaechterservice.de\/fr\/#website","url":"https:\/\/test.burgwaechterservice.de\/fr\/","name":"Burg-W\u00e4chter France","description":"Le choix le plus s\u00fbr!","potentialAction":[{"@type":"SearchAction","target":{"@type":"EntryPoint","urlTemplate":"https:\/\/test.burgwaechterservice.de\/fr\/?s={search_term_string}"},"query-input":"required name=search_term_string"}],"inLanguage":"fr-FR"}]}},"_links":{"self":[{"href":"https:\/\/test.burgwaechterservice.de\/fr\/wp-json\/wp\/v2\/product\/32316"}],"collection":[{"href":"https:\/\/test.burgwaechterservice.de\/fr\/wp-json\/wp\/v2\/product"}],"about":[{"href":"https:\/\/test.burgwaechterservice.de\/fr\/wp-json\/wp\/v2\/types\/product"}],"replies":[{"embeddable":true,"href":"https:\/\/test.burgwaechterservice.de\/fr\/wp-json\/wp\/v2\/comments?post=32316"}],"wp:featuredmedia":[{"embeddable":true,"href":"https:\/\/test.burgwaechterservice.de\/fr\/wp-json\/wp\/v2\/media\/32319"}],"wp:attachment":[{"href":"https:\/\/test.burgwaechterservice.de\/fr\/wp-json\/wp\/v2\/media?parent=32316"}],"wp:term":[{"taxonomy":"product_cat","embeddable":true,"href":"https:\/\/test.burgwaechterservice.de\/fr\/wp-json\/wp\/v2\/product_cat?post=32316"},{"taxonomy":"product_tag","embeddable":true,"href":"https:\/\/test.burgwaechterservice.de\/fr\/wp-json\/wp\/v2\/product_tag?post=32316"}],"curies":[{"name":"wp","href":"https:\/\/api.w.org\/{rel}","templated":true}]}}