{"id":32311,"date":"2016-07-21T12:30:49","date_gmt":"2016-07-21T10:30:49","guid":{"rendered":"https:\/\/www.burg.biz\/?post_type=product&#038;p=32311"},"modified":"2018-05-11T09:12:22","modified_gmt":"2018-05-11T07:12:22","slug":"swing","status":"publish","type":"product","link":"https:\/\/test.burgwaechterservice.de\/fr\/p\/boites-aux-lettres\/swing\/","title":{"rendered":"Swing"},"content":{"rendered":"<p><img decoding=\"async\" class=\"alignnone wp-image-41823\" src=\"https:\/\/test.burgwaechterservice.de\/fr\/wp-content\/uploads\/sites\/4\/2016\/07\/Impression-Swing.jpg\" alt=\"BUW-Icons-BK 4c OK.indd\" width=\"209\" height=\"118\" srcset=\"https:\/\/test.burgwaechterservice.de\/fr\/wp-content\/uploads\/sites\/4\/2016\/07\/Impression-Swing.jpg 565w, https:\/\/test.burgwaechterservice.de\/fr\/wp-content\/uploads\/sites\/4\/2016\/07\/Impression-Swing-300x169.jpg 300w\" sizes=\"(max-width: 209px) 100vw, 209px\" \/><\/p>\n<h2>La boite aux lettres compacte 100% PVC Swing<\/h2>\n<p>Le design compact de la boite aux lettres Swing est <strong>malin<\/strong> et <strong>chic<\/strong> et sait convaincre par sa <strong>forme \u00e9pur\u00e9e et galb\u00e9e.<\/strong><\/p>\n<h3>Le mod\u00e8le en PVC haut de gamme<\/h3>\n<p>Le PVC est connu pour \u00eatre <strong>facile d&#8217;entretien<\/strong>. Et la bo\u00eete aux lettres Swing en est <strong>enti\u00e8rement constitu\u00e9e<\/strong>. Cela signifie\u00a0: Elle est <strong>r\u00e9sistante<\/strong>, avant tout aux intemp\u00e9ries, et est par l\u00e0 m\u00eame d<strong>&#8216;une grande long\u00e9vit\u00e9.<\/strong><br \/>\nVous n&#8217;avez en effet besoin que d&#8217;un chiffon humide et propre.<\/p>\n<h3>Mod\u00e8le Standard ou Premium\u00a0?<\/h3>\n<p>Le mod\u00e8le <strong>standard<\/strong> de la bo\u00eete aux lettres Swing est disponible en <strong>blanc<\/strong>. Si vous d\u00e9sirez encore plus d&#8217;\u00e9l\u00e9gance, vous pouvez choisir le <strong>mod\u00e8le Premium dans un ton argent\u00e9<\/strong>.<br \/>\nLa manipulation de la bo\u00eete aux lettres est simple\u00a0: Gr\u00e2ce \u00e0 un <strong>syst\u00e8me d&#8217;arr\u00eat de porte<\/strong>, vous pouvez pr\u00e9lever facilement le courrier et la fente au format DIN C4 en rend \u00e9galement l&#8217;insertion ais\u00e9e.<\/p>\n<p>Si vous souhaitez recevoir votre journal ou votre magazine s\u00e9par\u00e9ment, il vous suffit de choisir dans notre gamme un porte-journaux adapt\u00e9, par exemple le <a href=\"https:\/\/test.burgwaechterservice.de\/fr\/p\/boites-aux-lettres\/4900\/\">mod\u00e8le 4900<\/a>. Cliquez ici pour d\u00e9couvrir nos <a href=\"https:\/\/test.burgwaechterservice.de\/fr\/c\/boites-aux-lettres\/portes-journaux\/\">porte-journaux <\/a>pour votre combinaison personnalis\u00e9e.<\/p>\n<h3>Notre conseil de montage<\/h3>\n<p>Placez de pr\u00e9f\u00e9rence votre bo\u00eete aux lettres en PVC \u00e0 un <strong>endroit \u00e0 l&#8217;abri des intemp\u00e9ries<\/strong>. M\u00eame si elle r\u00e9siste aux intemp\u00e9ries, vous la conservez ainsi encore plus longtemps dans un \u00e9tat optimal. Avec un pied pour boite aux lettres adapt\u00e9, vous pouvez installer la bo\u00eete aux lettres Swing o\u00f9 vous le souhaitez.<br \/>\n<a href=\"https:\/\/test.burgwaechterservice.de\/fr\/c\/boites-aux-lettres\/boites-aux-lettres-en-batterie-individuelles-sur-pieds-et-poteaux\/\">Trouvez ici un pied adapt\u00e9.<\/a><\/p>\n<h3>Les propri\u00e9t\u00e9s de la bo\u00eete aux lettres Swing en bref\u00a0:<\/h3>\n<ul>\n<li>Forme intelligente et agr\u00e9able<\/li>\n<li>Simple et fonctionnelle<\/li>\n<li>Porte avec syst\u00e8me d&#8217;arr\u00eat<\/li>\n<li>Couleur standard \u2013 blanc<\/li>\n<li>Mod\u00e8le Premium avec couche de rev\u00eatement suppl\u00e9mentaire, disponible en argent\u00e9<\/li>\n<li>Format de fente\u00a0: DIN C4<br \/>\n(L x H\u00a0: 261 x 39 mm)<\/li>\n<li>Dimensions L x l x H\u00a0: 419 x 271 x 129 mm<\/li>\n<li>Mat\u00e9riel de montage inclus<\/li>\n<\/ul>\n<p>&nbsp;<\/p>\n<p>&nbsp;<\/p>\n<table class=\"ausfuehrung\">\n<thead>\n<tr>\n<td>Article<\/td>\n<td>Couleurs<\/td>\n<td>H x L x P<\/td>\n<td>Fente<\/td>\n<\/tr>\n<tr>\n<td class=\"subdesc\"><\/td>\n<td><\/td>\n<td class=\"subdesc\">mm<\/td>\n<td class=\"subdesc\">L x H (mm)<\/td>\n<\/tr>\n<\/thead>\n<tbody>\n<tr>\n<td>4905 W<\/td>\n<td>blanc<\/td>\n<td>419 x 271 x 129<\/td>\n<td>261 x 39<\/td>\n<\/tr>\n<tr>\n<td>4906 Si<\/td>\n<td>argent<\/td>\n<td>419 x 271 x 129<\/td>\n<td>261 x 39<\/td>\n<\/tr>\n<tr>\n<td>4906 ANT<\/td>\n<td><span id=\"result_box\" class=\"short_text\" lang=\"fr\"><span class=\"\">anthracite<\/span><\/span><\/td>\n<td>419 x 271 x 129<\/td>\n<td>261 x 39<\/td>\n<\/tr>\n<\/tbody>\n<\/table>\n","protected":false},"excerpt":{"rendered":"<p>La boite aux lettres compacte 100% PVC Swing Le design compact de la boite aux lettres Swing est malin et chic et sait convaincre par sa forme \u00e9pur\u00e9e et galb\u00e9e. Le mod\u00e8le en PVC haut de gamme Le PVC est &hellip; <a class=\"kt-excerpt-readmore\" href=\"https:\/\/test.burgwaechterservice.de\/fr\/p\/boites-aux-lettres\/swing\/\" aria-label=\"Swing\">Lire la suite<\/a><\/p>\n","protected":false},"featured_media":32314,"comment_status":"closed","ping_status":"closed","template":"","meta":[],"product_cat":[23,28],"product_tag":[],"yoast_head":"<!-- This site is optimized with the Yoast SEO Premium plugin v18.4 (Yoast SEO v19.13) - https:\/\/yoast.com\/wordpress\/plugins\/seo\/ -->\n<title>Swing - BURG-W\u00c4CHTER<\/title>\n<meta name=\"description\" content=\"La boite aux lettres compacte 100% PVC Swing Le design compact de la boite aux lettres Swing est malin et chic et sait convaincre par sa forme \u00e9pur\u00e9e et\" \/>\n<meta name=\"robots\" content=\"index, follow, max-snippet:-1, max-image-preview:large, max-video-preview:-1\" \/>\n<link rel=\"canonical\" href=\"https:\/\/test.burgwaechterservice.de\/fr\/p\/boites-aux-lettres\/swing\/\" \/>\n<meta property=\"og:locale\" content=\"fr_FR\" \/>\n<meta property=\"og:type\" content=\"article\" \/>\n<meta property=\"og:title\" content=\"Swing\" \/>\n<meta property=\"og:description\" content=\"La boite aux lettres compacte 100% PVC Swing Le design compact de la boite aux lettres Swing est malin et chic et sait convaincre par sa forme \u00e9pur\u00e9e et\" \/>\n<meta property=\"og:url\" content=\"https:\/\/test.burgwaechterservice.de\/fr\/p\/boites-aux-lettres\/swing\/\" \/>\n<meta property=\"og:site_name\" content=\"Burg-W\u00e4chter France\" \/>\n<meta property=\"article:modified_time\" content=\"2018-05-11T07:12:22+00:00\" \/>\n<meta property=\"og:image\" content=\"https:\/\/test.burgwaechterservice.de\/fr\/wp-content\/uploads\/sites\/4\/2016\/07\/Briefkasten_Swing_4905_W_053300-01.jpg\" \/>\n\t<meta property=\"og:image:width\" content=\"1000\" \/>\n\t<meta property=\"og:image:height\" content=\"1000\" \/>\n\t<meta property=\"og:image:type\" content=\"image\/jpeg\" \/>\n<meta name=\"twitter:card\" content=\"summary_large_image\" \/>\n<meta name=\"twitter:label1\" content=\"Dur\u00e9e de lecture estim\u00e9e\" \/>\n\t<meta name=\"twitter:data1\" content=\"2 minutes\" \/>\n<!-- \/ Yoast SEO Premium plugin. -->","yoast_head_json":{"title":"Swing - BURG-W\u00c4CHTER","description":"La boite aux lettres compacte 100% PVC Swing Le design compact de la boite aux lettres Swing est malin et chic et sait convaincre par sa forme \u00e9pur\u00e9e et","robots":{"index":"index","follow":"follow","max-snippet":"max-snippet:-1","max-image-preview":"max-image-preview:large","max-video-preview":"max-video-preview:-1"},"canonical":"https:\/\/test.burgwaechterservice.de\/fr\/p\/boites-aux-lettres\/swing\/","og_locale":"fr_FR","og_type":"article","og_title":"Swing","og_description":"La boite aux lettres compacte 100% PVC Swing Le design compact de la boite aux lettres Swing est malin et chic et sait convaincre par sa forme \u00e9pur\u00e9e et","og_url":"https:\/\/test.burgwaechterservice.de\/fr\/p\/boites-aux-lettres\/swing\/","og_site_name":"Burg-W\u00e4chter France","article_modified_time":"2018-05-11T07:12:22+00:00","og_image":[{"width":1000,"height":1000,"url":"https:\/\/test.burgwaechterservice.de\/fr\/wp-content\/uploads\/sites\/4\/2016\/07\/Briefkasten_Swing_4905_W_053300-01.jpg","type":"image\/jpeg"}],"twitter_card":"summary_large_image","twitter_misc":{"Dur\u00e9e de lecture estim\u00e9e":"2 minutes"},"schema":{"@context":"https:\/\/schema.org","@graph":[{"@type":"WebPage","@id":"https:\/\/test.burgwaechterservice.de\/fr\/p\/boites-aux-lettres\/swing\/","url":"https:\/\/test.burgwaechterservice.de\/fr\/p\/boites-aux-lettres\/swing\/","name":"Swing - BURG-W\u00c4CHTER","isPartOf":{"@id":"https:\/\/test.burgwaechterservice.de\/fr\/#website"},"datePublished":"2016-07-21T10:30:49+00:00","dateModified":"2018-05-11T07:12:22+00:00","description":"La boite aux lettres compacte 100% PVC Swing Le design compact de la boite aux lettres Swing est malin et chic et sait convaincre par sa forme \u00e9pur\u00e9e et","breadcrumb":{"@id":"https:\/\/test.burgwaechterservice.de\/fr\/p\/boites-aux-lettres\/swing\/#breadcrumb"},"inLanguage":"fr-FR","potentialAction":[{"@type":"ReadAction","target":["https:\/\/test.burgwaechterservice.de\/fr\/p\/boites-aux-lettres\/swing\/"]}]},{"@type":"BreadcrumbList","@id":"https:\/\/test.burgwaechterservice.de\/fr\/p\/boites-aux-lettres\/swing\/#breadcrumb","itemListElement":[{"@type":"ListItem","position":1,"name":"Accueil","item":"https:\/\/test.burgwaechterservice.de\/fr\/"},{"@type":"ListItem","position":2,"name":"Produits","item":"https:\/\/test.burgwaechterservice.de\/fr\/p\/"},{"@type":"ListItem","position":3,"name":"Swing"}]},{"@type":"WebSite","@id":"https:\/\/test.burgwaechterservice.de\/fr\/#website","url":"https:\/\/test.burgwaechterservice.de\/fr\/","name":"Burg-W\u00e4chter France","description":"Le choix le plus s\u00fbr!","potentialAction":[{"@type":"SearchAction","target":{"@type":"EntryPoint","urlTemplate":"https:\/\/test.burgwaechterservice.de\/fr\/?s={search_term_string}"},"query-input":"required name=search_term_string"}],"inLanguage":"fr-FR"}]}},"_links":{"self":[{"href":"https:\/\/test.burgwaechterservice.de\/fr\/wp-json\/wp\/v2\/product\/32311"}],"collection":[{"href":"https:\/\/test.burgwaechterservice.de\/fr\/wp-json\/wp\/v2\/product"}],"about":[{"href":"https:\/\/test.burgwaechterservice.de\/fr\/wp-json\/wp\/v2\/types\/product"}],"replies":[{"embeddable":true,"href":"https:\/\/test.burgwaechterservice.de\/fr\/wp-json\/wp\/v2\/comments?post=32311"}],"wp:featuredmedia":[{"embeddable":true,"href":"https:\/\/test.burgwaechterservice.de\/fr\/wp-json\/wp\/v2\/media\/32314"}],"wp:attachment":[{"href":"https:\/\/test.burgwaechterservice.de\/fr\/wp-json\/wp\/v2\/media?parent=32311"}],"wp:term":[{"taxonomy":"product_cat","embeddable":true,"href":"https:\/\/test.burgwaechterservice.de\/fr\/wp-json\/wp\/v2\/product_cat?post=32311"},{"taxonomy":"product_tag","embeddable":true,"href":"https:\/\/test.burgwaechterservice.de\/fr\/wp-json\/wp\/v2\/product_tag?post=32311"}],"curies":[{"name":"wp","href":"https:\/\/api.w.org\/{rel}","templated":true}]}}