{"id":32308,"date":"2016-07-21T09:54:02","date_gmt":"2016-07-21T07:54:02","guid":{"rendered":"https:\/\/www.burg.biz\/?post_type=product&#038;p=32308"},"modified":"2018-06-21T08:41:18","modified_gmt":"2018-06-21T06:41:18","slug":"malmoe","status":"publish","type":"product","link":"https:\/\/test.burgwaechterservice.de\/fr\/p\/boites-aux-lettres\/malmoe\/","title":{"rendered":"Malm\u00f6"},"content":{"rendered":"<p><img decoding=\"async\" class=\"alignnone  wp-image-164057\" src=\"https:\/\/test.burgwaechterservice.de\/fr\/wp-content\/uploads\/sites\/4\/2016\/07\/Piano-Pearl-Kiel-Malm\u00f6-Verona-1.jpg\" alt=\"\" width=\"329\" height=\"118\" srcset=\"https:\/\/test.burgwaechterservice.de\/fr\/wp-content\/uploads\/sites\/4\/2016\/07\/Piano-Pearl-Kiel-Malm\u00f6-Verona-1.jpg 890w, https:\/\/test.burgwaechterservice.de\/fr\/wp-content\/uploads\/sites\/4\/2016\/07\/Piano-Pearl-Kiel-Malm\u00f6-Verona-1-300x108.jpg 300w, https:\/\/test.burgwaechterservice.de\/fr\/wp-content\/uploads\/sites\/4\/2016\/07\/Piano-Pearl-Kiel-Malm\u00f6-Verona-1-768x275.jpg 768w, https:\/\/test.burgwaechterservice.de\/fr\/wp-content\/uploads\/sites\/4\/2016\/07\/Piano-Pearl-Kiel-Malm\u00f6-Verona-1-600x215.jpg 600w\" sizes=\"(max-width: 329px) 100vw, 329px\" \/><\/p>\n<h2>Malm\u00f6: La bo\u00eete aux lettres aux lignes douces<\/h2>\n<p>La bo\u00eete aux lettres en PVC de qualit\u00e9 Malm\u00f6 s\u00e9duit par ses <strong>lignes simples <\/strong>et <strong>intemporelles<\/strong> ainsi que par ses <strong>courbes douces<\/strong>.<\/p>\n<h3>Porte-journaux int\u00e9gr\u00e9 pratique<\/h3>\n<p>Le mod\u00e8le Malm\u00f6 est non seulement tr\u00e8s esth\u00e9tique mais il marque aussi des points par son caract\u00e8re fonctionnel\u00a0: un <strong>porte-journaux int\u00e9gr\u00e9<\/strong> pratique plac\u00e9 derri\u00e8re la bo\u00eete aux lettres permet de livrer facilement vos m\u00e9dias imprim\u00e9s.<br \/>\nLa bo\u00eete aux lettres Malm\u00f6 r\u00e9pond \u00e0 la norme europ\u00e9enne <strong>EN 13724<\/strong>.<\/p>\n<h3>PVC r\u00e9sistant aux intemp\u00e9ries<\/h3>\n<p>Cette bo\u00eete aux lettres vous servira pendant de longues ann\u00e9es\u00a0: gr\u00e2ce \u00e0 son PVC haut de gamme, le mod\u00e8le Malm\u00f6 <strong>ne craint<\/strong> en effet <strong>pas les intemp\u00e9ries ni les rayures<\/strong>, ce qui est la promesse d&#8217;une <strong>dur\u00e9e de vie extr\u00eamement longue<\/strong>. Quant \u00e0 son entretien, nous recommandons d&#8217;utiliser uniquement un chiffon humide et propre.<\/p>\n<h3>O\u00f9 monter ma bo\u00eete aux lettres Malm\u00f6\u00a0?<\/h3>\n<p>BURG-W\u00c4CHTER conseille en g\u00e9n\u00e9rale de placer les bo\u00eetes aux lettres \u00e0 un <strong>endroit prot\u00e9g\u00e9 des intemp\u00e9ries<\/strong> o\u00f9 elles sont expos\u00e9es aussi peu que possible aux <strong>caprices de la m\u00e9t\u00e9o<\/strong>. Nous recommandons de les placer \u00e0 une hauteur comprise entre 900 et 1300 mm afin de pouvoir assurer une livraison et un relev\u00e9 confortable du courrier.<br \/>\nSi vous le d\u00e9sirez, vous pouvez aussi placer la bo\u00eete aux lettres Malm\u00f6 \u00e0 un endroit particulier, et ce, en utilisant un pied adapt\u00e9, par ex. le mod\u00e8le Rondo.<br \/>\n<a href=\"https:\/\/test.burgwaechterservice.de\/fr\/c\/boites-aux-lettres\/boites-aux-lettres-en-batterie-individuelles-sur-pieds-et-poteaux\/\">Cliquez ici pour d\u00e9couvrir davantage de pieds pour bo\u00eetes aux lettres<\/a>.<\/p>\n<h3>Le mod\u00e8le Malm\u00f6 de BURG-W\u00c4CHTER en un coup d&#8217;\u0153il<\/h3>\n<ul>\n<li>Lignes simples et intemporelles<\/li>\n<li>Avec porte-journaux int\u00e9gr\u00e9<\/li>\n<li>Porte avec syst\u00e8me d&#8217;arr\u00eat<\/li>\n<li>R\u00e9pond \u00e0 la norme EN 13724<\/li>\n<li>Format de fente\u00a0: DIN C4<br \/>\n(L x H\u00a0: 330 x 32 mm)<\/li>\n<li>Dimensions L x l x H\u00a0: 330 x 420 x 170 mm<\/li>\n<li>Mat\u00e9riel de fixation compris dans la livraison<\/li>\n<\/ul>\n<table class=\"ausfuehrung\">\n<thead>\n<tr>\n<td>Article<\/td>\n<td>Couleurs<\/td>\n<td>H x L x P<\/td>\n<td>Fente<\/td>\n<\/tr>\n<tr>\n<td class=\"subdesc\"><\/td>\n<td><\/td>\n<td class=\"subdesc\">mm<\/td>\n<td class=\"subdesc\">L x H (mm)<\/td>\n<\/tr>\n<\/thead>\n<tbody>\n<tr>\n<td>889 W<\/td>\n<td>blanc<\/td>\n<td>330 x 420 x 170<\/td>\n<td>325 x 33<\/td>\n<\/tr>\n<\/tbody>\n<\/table>\n","protected":false},"excerpt":{"rendered":"<p>Malm\u00f6: La bo\u00eete aux lettres aux lignes douces La bo\u00eete aux lettres en PVC de qualit\u00e9 Malm\u00f6 s\u00e9duit par ses lignes simples et intemporelles ainsi que par ses courbes douces. Porte-journaux int\u00e9gr\u00e9 pratique Le mod\u00e8le Malm\u00f6 est non seulement tr\u00e8s &hellip; <a class=\"kt-excerpt-readmore\" href=\"https:\/\/test.burgwaechterservice.de\/fr\/p\/boites-aux-lettres\/malmoe\/\" aria-label=\"Malm\u00f6\">Lire la suite<\/a><\/p>\n","protected":false},"featured_media":32508,"comment_status":"closed","ping_status":"closed","template":"","meta":[],"product_cat":[23,28],"product_tag":[],"yoast_head":"<!-- This site is optimized with the Yoast SEO Premium plugin v18.4 (Yoast SEO v19.13) - https:\/\/yoast.com\/wordpress\/plugins\/seo\/ -->\n<title>Malm\u00f6<\/title>\n<meta name=\"description\" content=\"Malm\u00f6: La bo\u00eete aux lettres aux lignes douces La bo\u00eete aux lettres en PVC de qualit\u00e9 Malm\u00f6 s\u00e9duit par ses lignes simples et intemporelles ainsi que par\" \/>\n<meta name=\"robots\" content=\"index, follow, max-snippet:-1, max-image-preview:large, max-video-preview:-1\" \/>\n<link rel=\"canonical\" href=\"https:\/\/test.burgwaechterservice.de\/fr\/p\/boites-aux-lettres\/malmoe\/\" \/>\n<meta property=\"og:locale\" content=\"fr_FR\" \/>\n<meta property=\"og:type\" content=\"article\" \/>\n<meta property=\"og:title\" content=\"Malm\u00f6\" \/>\n<meta property=\"og:description\" content=\"Malm\u00f6: La bo\u00eete aux lettres aux lignes douces La bo\u00eete aux lettres en PVC de qualit\u00e9 Malm\u00f6 s\u00e9duit par ses lignes simples et intemporelles ainsi que par\" \/>\n<meta property=\"og:url\" content=\"https:\/\/test.burgwaechterservice.de\/fr\/p\/boites-aux-lettres\/malmoe\/\" \/>\n<meta property=\"og:site_name\" content=\"Burg-W\u00e4chter France\" \/>\n<meta property=\"article:modified_time\" content=\"2018-06-21T06:41:18+00:00\" \/>\n<meta property=\"og:image\" content=\"https:\/\/test.burgwaechterservice.de\/fr\/wp-content\/uploads\/sites\/4\/2016\/07\/Briefkasten_Malm\u00f6_889_W_183502-01.jpg\" \/>\n\t<meta property=\"og:image:width\" content=\"1000\" \/>\n\t<meta property=\"og:image:height\" content=\"1000\" \/>\n\t<meta property=\"og:image:type\" content=\"image\/jpeg\" \/>\n<meta name=\"twitter:card\" content=\"summary_large_image\" \/>\n<meta name=\"twitter:label1\" content=\"Dur\u00e9e de lecture estim\u00e9e\" \/>\n\t<meta name=\"twitter:data1\" content=\"2 minutes\" \/>\n<!-- \/ Yoast SEO Premium plugin. -->","yoast_head_json":{"title":"Malm\u00f6","description":"Malm\u00f6: La bo\u00eete aux lettres aux lignes douces La bo\u00eete aux lettres en PVC de qualit\u00e9 Malm\u00f6 s\u00e9duit par ses lignes simples et intemporelles ainsi que par","robots":{"index":"index","follow":"follow","max-snippet":"max-snippet:-1","max-image-preview":"max-image-preview:large","max-video-preview":"max-video-preview:-1"},"canonical":"https:\/\/test.burgwaechterservice.de\/fr\/p\/boites-aux-lettres\/malmoe\/","og_locale":"fr_FR","og_type":"article","og_title":"Malm\u00f6","og_description":"Malm\u00f6: La bo\u00eete aux lettres aux lignes douces La bo\u00eete aux lettres en PVC de qualit\u00e9 Malm\u00f6 s\u00e9duit par ses lignes simples et intemporelles ainsi que par","og_url":"https:\/\/test.burgwaechterservice.de\/fr\/p\/boites-aux-lettres\/malmoe\/","og_site_name":"Burg-W\u00e4chter France","article_modified_time":"2018-06-21T06:41:18+00:00","og_image":[{"width":1000,"height":1000,"url":"https:\/\/test.burgwaechterservice.de\/fr\/wp-content\/uploads\/sites\/4\/2016\/07\/Briefkasten_Malm\u00f6_889_W_183502-01.jpg","type":"image\/jpeg"}],"twitter_card":"summary_large_image","twitter_misc":{"Dur\u00e9e de lecture estim\u00e9e":"2 minutes"},"schema":{"@context":"https:\/\/schema.org","@graph":[{"@type":"WebPage","@id":"https:\/\/test.burgwaechterservice.de\/fr\/p\/boites-aux-lettres\/malmoe\/","url":"https:\/\/test.burgwaechterservice.de\/fr\/p\/boites-aux-lettres\/malmoe\/","name":"Malm\u00f6","isPartOf":{"@id":"https:\/\/test.burgwaechterservice.de\/fr\/#website"},"datePublished":"2016-07-21T07:54:02+00:00","dateModified":"2018-06-21T06:41:18+00:00","description":"Malm\u00f6: La bo\u00eete aux lettres aux lignes douces La bo\u00eete aux lettres en PVC de qualit\u00e9 Malm\u00f6 s\u00e9duit par ses lignes simples et intemporelles ainsi que par","breadcrumb":{"@id":"https:\/\/test.burgwaechterservice.de\/fr\/p\/boites-aux-lettres\/malmoe\/#breadcrumb"},"inLanguage":"fr-FR","potentialAction":[{"@type":"ReadAction","target":["https:\/\/test.burgwaechterservice.de\/fr\/p\/boites-aux-lettres\/malmoe\/"]}]},{"@type":"BreadcrumbList","@id":"https:\/\/test.burgwaechterservice.de\/fr\/p\/boites-aux-lettres\/malmoe\/#breadcrumb","itemListElement":[{"@type":"ListItem","position":1,"name":"Accueil","item":"https:\/\/test.burgwaechterservice.de\/fr\/"},{"@type":"ListItem","position":2,"name":"Produits","item":"https:\/\/test.burgwaechterservice.de\/fr\/p\/"},{"@type":"ListItem","position":3,"name":"Malm\u00f6"}]},{"@type":"WebSite","@id":"https:\/\/test.burgwaechterservice.de\/fr\/#website","url":"https:\/\/test.burgwaechterservice.de\/fr\/","name":"Burg-W\u00e4chter France","description":"Le choix le plus s\u00fbr!","potentialAction":[{"@type":"SearchAction","target":{"@type":"EntryPoint","urlTemplate":"https:\/\/test.burgwaechterservice.de\/fr\/?s={search_term_string}"},"query-input":"required name=search_term_string"}],"inLanguage":"fr-FR"}]}},"_links":{"self":[{"href":"https:\/\/test.burgwaechterservice.de\/fr\/wp-json\/wp\/v2\/product\/32308"}],"collection":[{"href":"https:\/\/test.burgwaechterservice.de\/fr\/wp-json\/wp\/v2\/product"}],"about":[{"href":"https:\/\/test.burgwaechterservice.de\/fr\/wp-json\/wp\/v2\/types\/product"}],"replies":[{"embeddable":true,"href":"https:\/\/test.burgwaechterservice.de\/fr\/wp-json\/wp\/v2\/comments?post=32308"}],"wp:featuredmedia":[{"embeddable":true,"href":"https:\/\/test.burgwaechterservice.de\/fr\/wp-json\/wp\/v2\/media\/32508"}],"wp:attachment":[{"href":"https:\/\/test.burgwaechterservice.de\/fr\/wp-json\/wp\/v2\/media?parent=32308"}],"wp:term":[{"taxonomy":"product_cat","embeddable":true,"href":"https:\/\/test.burgwaechterservice.de\/fr\/wp-json\/wp\/v2\/product_cat?post=32308"},{"taxonomy":"product_tag","embeddable":true,"href":"https:\/\/test.burgwaechterservice.de\/fr\/wp-json\/wp\/v2\/product_tag?post=32308"}],"curies":[{"name":"wp","href":"https:\/\/api.w.org\/{rel}","templated":true}]}}